{"id":2738,"date":"2026-01-22T12:17:54","date_gmt":"2026-01-22T11:17:54","guid":{"rendered":"https:\/\/agora.xtec.cat\/institutmiami\/?page_id=2738"},"modified":"2026-01-22T12:33:22","modified_gmt":"2026-01-22T11:33:22","slug":"departaments-didactics","status":"publish","type":"page","link":"https:\/\/agora.xtec.cat\/institutmiami\/inici\/qui-som\/departaments-didactics\/","title":{"rendered":"Departaments did\u00e0ctics"},"content":{"rendered":"\n<div class=\"wp-block-columns is-layout-flex wp-container-core-columns-is-layout-3 wp-block-columns-is-layout-flex\">\n<div class=\"wp-block-column is-layout-flow wp-block-column-is-layout-flow\">\n<div class=\"wp-block-columns is-layout-flex wp-container-core-columns-is-layout-1 wp-block-columns-is-layout-flex\">\n<div class=\"wp-block-column is-layout-flow wp-block-column-is-layout-flow\">\n<p class=\"has-text-align-center\">LING\u00dc\u00cdSTIC<\/p>\n\n\n\n<figure class=\"wp-block-image aligncenter size-full is-resized\"><a href=\"https:\/\/agora.xtec.cat\/institutmiami\/inici\/qui-som\/departaments-didactics\/linguistic\/\"><img loading=\"lazy\" decoding=\"async\" width=\"400\" height=\"400\" src=\"https:\/\/agora.xtec.cat\/institutmiami\/wp-content\/uploads\/usu1714\/2026\/01\/contes_log.jpg\" alt=\"\" class=\"wp-image-2743\" style=\"width:140px\" srcset=\"https:\/\/agora.xtec.cat\/institutmiami\/wp-content\/uploads\/usu1714\/2026\/01\/contes_log.jpg 400w, https:\/\/agora.xtec.cat\/institutmiami\/wp-content\/uploads\/usu1714\/2026\/01\/contes_log-300x300.jpg 300w, https:\/\/agora.xtec.cat\/institutmiami\/wp-content\/uploads\/usu1714\/2026\/01\/contes_log-150x150.jpg 150w\" sizes=\"auto, (max-width: 400px) 100vw, 400px\" \/><\/a><\/figure>\n<\/div>\n\n\n\n<div class=\"wp-block-column is-layout-flow wp-block-column-is-layout-flow\">\n<p class=\"has-text-align-center\">CIENT\u00cdFIC<\/p>\n\n\n\n<figure class=\"wp-block-image aligncenter size-large is-resized\"><a href=\"https:\/\/agora.xtec.cat\/institutmiami\/inici\/qui-som\/departaments-didactics\/cientific\/\"><img loading=\"lazy\" decoding=\"async\" width=\"1024\" height=\"662\" src=\"https:\/\/agora.xtec.cat\/institutmiami\/wp-content\/uploads\/usu1714\/2026\/01\/medical-lab-sensefons2-1024x662.png\" alt=\"\" class=\"wp-image-2740\" style=\"width:200px\" srcset=\"https:\/\/agora.xtec.cat\/institutmiami\/wp-content\/uploads\/usu1714\/2026\/01\/medical-lab-sensefons2-1024x662.png 1024w, https:\/\/agora.xtec.cat\/institutmiami\/wp-content\/uploads\/usu1714\/2026\/01\/medical-lab-sensefons2-300x194.png 300w, https:\/\/agora.xtec.cat\/institutmiami\/wp-content\/uploads\/usu1714\/2026\/01\/medical-lab-sensefons2-768x496.png 768w, https:\/\/agora.xtec.cat\/institutmiami\/wp-content\/uploads\/usu1714\/2026\/01\/medical-lab-sensefons2-1536x993.png 1536w, https:\/\/agora.xtec.cat\/institutmiami\/wp-content\/uploads\/usu1714\/2026\/01\/medical-lab-sensefons2-2048x1324.png 2048w\" sizes=\"auto, (max-width: 1024px) 100vw, 1024px\" \/><\/a><\/figure>\n<\/div>\n<\/div>\n<\/div>\n\n\n\n<div class=\"wp-block-column is-layout-flow wp-block-column-is-layout-flow\">\n<div class=\"wp-block-columns is-layout-flex wp-container-core-columns-is-layout-2 wp-block-columns-is-layout-flex\">\n<div class=\"wp-block-column is-layout-flow wp-block-column-is-layout-flow\">\n<p class=\"has-text-align-center\">SOCIAL I ART\u00cdSTIC<\/p>\n\n\n\n<figure class=\"wp-block-image aligncenter size-full is-resized\"><a href=\"https:\/\/agora.xtec.cat\/institutmiami\/inici\/qui-som\/departaments-didactics\/socials-i-artistic\/\"><img loading=\"lazy\" decoding=\"async\" width=\"497\" height=\"497\" src=\"https:\/\/agora.xtec.cat\/institutmiami\/wp-content\/uploads\/usu1714\/2026\/01\/bag_escola3.png\" alt=\"\" class=\"wp-image-2739\" style=\"width:140px\" srcset=\"https:\/\/agora.xtec.cat\/institutmiami\/wp-content\/uploads\/usu1714\/2026\/01\/bag_escola3.png 497w, https:\/\/agora.xtec.cat\/institutmiami\/wp-content\/uploads\/usu1714\/2026\/01\/bag_escola3-300x300.png 300w, https:\/\/agora.xtec.cat\/institutmiami\/wp-content\/uploads\/usu1714\/2026\/01\/bag_escola3-150x150.png 150w\" sizes=\"auto, (max-width: 497px) 100vw, 497px\" \/><\/a><\/figure>\n<\/div>\n\n\n\n<div class=\"wp-block-column is-layout-flow wp-block-column-is-layout-flow\">\n<p class=\"has-text-align-center\">ORIENTACI\u00d3<\/p>\n\n\n\n<figure class=\"wp-block-image aligncenter size-large is-resized\"><a href=\"https:\/\/agora.xtec.cat\/institutmiami\/inici\/qui-som\/departaments-didactics\/orientacio\/\"><img loading=\"lazy\" decoding=\"async\" width=\"1024\" height=\"682\" src=\"https:\/\/agora.xtec.cat\/institutmiami\/wp-content\/uploads\/usu1714\/2026\/01\/5EAA173B-93E4-4957-84C9-97C03FCE4F16-1-1024x682.png\" alt=\"\" class=\"wp-image-2742\" style=\"width:180px\" srcset=\"https:\/\/agora.xtec.cat\/institutmiami\/wp-content\/uploads\/usu1714\/2026\/01\/5EAA173B-93E4-4957-84C9-97C03FCE4F16-1-1024x682.png 1024w, https:\/\/agora.xtec.cat\/institutmiami\/wp-content\/uploads\/usu1714\/2026\/01\/5EAA173B-93E4-4957-84C9-97C03FCE4F16-1-300x200.png 300w, https:\/\/agora.xtec.cat\/institutmiami\/wp-content\/uploads\/usu1714\/2026\/01\/5EAA173B-93E4-4957-84C9-97C03FCE4F16-1-768x512.png 768w, https:\/\/agora.xtec.cat\/institutmiami\/wp-content\/uploads\/usu1714\/2026\/01\/5EAA173B-93E4-4957-84C9-97C03FCE4F16-1.png 1280w\" sizes=\"auto, (max-width: 1024px) 100vw, 1024px\" \/><\/a><\/figure>\n<\/div>\n<\/div>\n<\/div>\n<\/div>\n\n\n\n<p><\/p>\n","protected":false},"excerpt":{"rendered":"<p>LING\u00dc\u00cdSTIC CIENT\u00cdFIC SOCIAL I ART\u00cdSTIC ORIENTACI\u00d3<\/p>\n","protected":false},"author":3,"featured_media":0,"parent":2715,"menu_order":0,"comment_status":"closed","ping_status":"close","template":"","meta":{"_bbp_topic_count":0,"_bbp_reply_count":0,"_bbp_total_topic_count":0,"_bbp_total_reply_count":0,"_bbp_voice_count":0,"_bbp_anonymous_reply_count":0,"_bbp_topic_count_hidden":0,"_bbp_reply_count_hidden":0,"_bbp_forum_subforum_count":0,"site-sidebar-layout":"default","site-content-layout":"","ast-site-content-layout":"default","site-content-style":"default","site-sidebar-style":"default","ast-global-header-display":"","ast-banner-title-visibility":"","ast-main-header-display":"","ast-hfb-above-header-display":"","ast-hfb-below-header-display":"","ast-hfb-mobile-header-display":"","site-post-title":"","ast-breadcrumbs-content":"","ast-featured-img":"","footer-sml-layout":"","theme-transparent-header-meta":"","adv-header-id-meta":"","stick-header-meta":"","header-above-stick-meta":"","header-main-stick-meta":"","header-below-stick-meta":"","astra-migrate-meta-layouts":"set","ast-page-background-enabled":"default","ast-page-background-meta":{"desktop":{"background-color":"var(--ast-global-color-4)","background-image":"","background-repeat":"repeat","background-position":"center center","background-size":"auto","background-attachment":"scroll","background-type":"","background-media":"","overlay-type":"","overlay-color":"","overlay-opacity":"","overlay-gradient":""},"tablet":{"background-color":"","background-image":"","background-repeat":"repeat","background-position":"center center","background-size":"auto","background-attachment":"scroll","background-type":"","background-media":"","overlay-type":"","overlay-color":"","overlay-opacity":"","overlay-gradient":""},"mobile":{"background-color":"","background-image":"","background-repeat":"repeat","background-position":"center center","background-size":"auto","background-attachment":"scroll","background-type":"","background-media":"","overlay-type":"","overlay-color":"","overlay-opacity":"","overlay-gradient":""}},"ast-content-background-meta":{"desktop":{"background-color":"var(--ast-global-color-5)","background-image":"","background-repeat":"repeat","background-position":"center center","background-size":"auto","background-attachment":"scroll","background-type":"","background-media":"","overlay-type":"","overlay-color":"","overlay-opacity":"","overlay-gradient":""},"tablet":{"background-color":"var(--ast-global-color-5)","background-image":"","background-repeat":"repeat","background-position":"center center","background-size":"auto","background-attachment":"scroll","background-type":"","background-media":"","overlay-type":"","overlay-color":"","overlay-opacity":"","overlay-gradient":""},"mobile":{"background-color":"var(--ast-global-color-5)","background-image":"","background-repeat":"repeat","background-position":"center center","background-size":"auto","background-attachment":"scroll","background-type":"","background-media":"","overlay-type":"","overlay-color":"","overlay-opacity":"","overlay-gradient":""}},"footnotes":""},"class_list":["post-2738","page","type-page","status-publish","hentry"],"post_mailing_queue_ids":[],"_links":{"self":[{"href":"https:\/\/agora.xtec.cat\/institutmiami\/wp-json\/wp\/v2\/pages\/2738","targetHints":{"allow":["GET"]}}],"collection":[{"href":"https:\/\/agora.xtec.cat\/institutmiami\/wp-json\/wp\/v2\/pages"}],"about":[{"href":"https:\/\/agora.xtec.cat\/institutmiami\/wp-json\/wp\/v2\/types\/page"}],"author":[{"embeddable":true,"href":"https:\/\/agora.xtec.cat\/institutmiami\/wp-json\/wp\/v2\/users\/3"}],"replies":[{"embeddable":true,"href":"https:\/\/agora.xtec.cat\/institutmiami\/wp-json\/wp\/v2\/comments?post=2738"}],"version-history":[{"count":5,"href":"https:\/\/agora.xtec.cat\/institutmiami\/wp-json\/wp\/v2\/pages\/2738\/revisions"}],"predecessor-version":[{"id":2757,"href":"https:\/\/agora.xtec.cat\/institutmiami\/wp-json\/wp\/v2\/pages\/2738\/revisions\/2757"}],"up":[{"embeddable":true,"href":"https:\/\/agora.xtec.cat\/institutmiami\/wp-json\/wp\/v2\/pages\/2715"}],"wp:attachment":[{"href":"https:\/\/agora.xtec.cat\/institutmiami\/wp-json\/wp\/v2\/media?parent=2738"}],"curies":[{"name":"wp","href":"https:\/\/api.w.org\/{rel}","templated":true}]}}