{"id":2730,"date":"2026-01-22T11:35:23","date_gmt":"2026-01-22T10:35:23","guid":{"rendered":"https:\/\/agora.xtec.cat\/institutmiami\/?page_id=2730"},"modified":"2026-01-22T11:35:23","modified_gmt":"2026-01-22T10:35:23","slug":"coordinacions","status":"publish","type":"page","link":"https:\/\/agora.xtec.cat\/institutmiami\/inici\/qui-som\/coordinacions\/","title":{"rendered":"Coordinacions"},"content":{"rendered":"\n<figure class=\"wp-block-table\"><table class=\"has-fixed-layout\"><thead><tr><th>C\u00c0RREC<\/th><th>RESPONSABLE<\/th><\/tr><\/thead><tbody><tr><td>COORDINACI\u00d3 RISCOS LABORALS<\/td><td>JOAN PELLICER<\/td><\/tr><tr><td>COORDINADCI\u00d3 ESCOLA VERDA<\/td><td>SERGI PUENTE<\/td><\/tr><tr><td>COORDINACI\u00d3 INFORM\u00c0TICA<\/td><td>DANI GR\u00c0CIA<\/td><\/tr><tr><td>COORDINACI\u00d3 WEB<\/td><td>AMPARO GARCIA<\/td><\/tr><tr><td>COORDINACI\u00d3 DINANTIA<\/td><td>DANI DUR\u00c0<\/td><\/tr><tr><td>COORDINACI\u00d3 D&#8217;ACTIVITATS<\/td><td>JORDI JOVER<\/td><\/tr><tr><td>COORDINACI\u00d3 D&#8217;ESO I TUTORIES<\/td><td>CRISTINA MART\u00cdNEZ<\/td><\/tr><tr><td>COORDINACI\u00d3 COCOBE<\/td><td>M\u00cdRIAM DEL BARCO<\/td><\/tr><tr><td>COORDINACI\u00d3 LIC<\/td><td>MARIA EIXARCH<\/td><\/tr><tr><td>COORDINACI\u00d3 DE BIBLIOTECA<\/td><td>S\u00cdLVIA S\u00c0NCHEZ<\/td><\/tr><tr><td>COORDINACI\u00d3 PROA\/TED<\/td><td>MONTSE LLEBARIA<\/td><\/tr><tr><td>COORDINACI\u00d3 ERASMUS+<\/td><td>MARTA MOLINER<\/td><\/tr><tr><td>COORDINACI\u00d3 DE PATIS<\/td><td>RUB\u00c9N MASSOT<br>AURORA VI\u00d1UELA<br>\u00d3SCAR CRUZ<\/td><\/tr><\/tbody><\/table><\/figure>\n","protected":false},"excerpt":{"rendered":"<p>C\u00c0RREC RESPONSABLE COORDINACI\u00d3 RISCOS LABORALS JOAN PELLICER COORDINADCI\u00d3 ESCOLA VERDA SERGI PUENTE COORDINACI\u00d3 INFORM\u00c0TICA DANI GR\u00c0CIA COORDINACI\u00d3 WEB AMPARO GARCIA COORDINACI\u00d3 DINANTIA DANI DUR\u00c0 COORDINACI\u00d3 D&#8217;ACTIVITATS JORDI JOVER COORDINACI\u00d3 D&#8217;ESO I TUTORIES CRISTINA MART\u00cdNEZ COORDINACI\u00d3 COCOBE M\u00cdRIAM DEL BARCO COORDINACI\u00d3 LIC MARIA EIXARCH COORDINACI\u00d3 DE BIBLIOTECA S\u00cdLVIA S\u00c0NCHEZ COORDINACI\u00d3 PROA\/TED MONTSE LLEBARIA COORDINACI\u00d3 ERASMUS+ MARTA [&hellip;]<\/p>\n","protected":false},"author":3,"featured_media":0,"parent":2715,"menu_order":0,"comment_status":"closed","ping_status":"close","template":"","meta":{"_bbp_topic_count":0,"_bbp_reply_count":0,"_bbp_total_topic_count":0,"_bbp_total_reply_count":0,"_bbp_voice_count":0,"_bbp_anonymous_reply_count":0,"_bbp_topic_count_hidden":0,"_bbp_reply_count_hidden":0,"_bbp_forum_subforum_count":0,"site-sidebar-layout":"default","site-content-layout":"","ast-site-content-layout":"default","site-content-style":"default","site-sidebar-style":"default","ast-global-header-display":"","ast-banner-title-visibility":"","ast-main-header-display":"","ast-hfb-above-header-display":"","ast-hfb-below-header-display":"","ast-hfb-mobile-header-display":"","site-post-title":"","ast-breadcrumbs-content":"","ast-featured-img":"","footer-sml-layout":"","theme-transparent-header-meta":"","adv-header-id-meta":"","stick-header-meta":"","header-above-stick-meta":"","header-main-stick-meta":"","header-below-stick-meta":"","astra-migrate-meta-layouts":"set","ast-page-background-enabled":"default","ast-page-background-meta":{"desktop":{"background-color":"var(--ast-global-color-4)","background-image":"","background-repeat":"repeat","background-position":"center center","background-size":"auto","background-attachment":"scroll","background-type":"","background-media":"","overlay-type":"","overlay-color":"","overlay-opacity":"","overlay-gradient":""},"tablet":{"background-color":"","background-image":"","background-repeat":"repeat","background-position":"center center","background-size":"auto","background-attachment":"scroll","background-type":"","background-media":"","overlay-type":"","overlay-color":"","overlay-opacity":"","overlay-gradient":""},"mobile":{"background-color":"","background-image":"","background-repeat":"repeat","background-position":"center center","background-size":"auto","background-attachment":"scroll","background-type":"","background-media":"","overlay-type":"","overlay-color":"","overlay-opacity":"","overlay-gradient":""}},"ast-content-background-meta":{"desktop":{"background-color":"var(--ast-global-color-5)","background-image":"","background-repeat":"repeat","background-position":"center center","background-size":"auto","background-attachment":"scroll","background-type":"","background-media":"","overlay-type":"","overlay-color":"","overlay-opacity":"","overlay-gradient":""},"tablet":{"background-color":"var(--ast-global-color-5)","background-image":"","background-repeat":"repeat","background-position":"center center","background-size":"auto","background-attachment":"scroll","background-type":"","background-media":"","overlay-type":"","overlay-color":"","overlay-opacity":"","overlay-gradient":""},"mobile":{"background-color":"var(--ast-global-color-5)","background-image":"","background-repeat":"repeat","background-position":"center center","background-size":"auto","background-attachment":"scroll","background-type":"","background-media":"","overlay-type":"","overlay-color":"","overlay-opacity":"","overlay-gradient":""}},"footnotes":""},"class_list":["post-2730","page","type-page","status-publish","hentry"],"post_mailing_queue_ids":[],"_links":{"self":[{"href":"https:\/\/agora.xtec.cat\/institutmiami\/wp-json\/wp\/v2\/pages\/2730","targetHints":{"allow":["GET"]}}],"collection":[{"href":"https:\/\/agora.xtec.cat\/institutmiami\/wp-json\/wp\/v2\/pages"}],"about":[{"href":"https:\/\/agora.xtec.cat\/institutmiami\/wp-json\/wp\/v2\/types\/page"}],"author":[{"embeddable":true,"href":"https:\/\/agora.xtec.cat\/institutmiami\/wp-json\/wp\/v2\/users\/3"}],"replies":[{"embeddable":true,"href":"https:\/\/agora.xtec.cat\/institutmiami\/wp-json\/wp\/v2\/comments?post=2730"}],"version-history":[{"count":1,"href":"https:\/\/agora.xtec.cat\/institutmiami\/wp-json\/wp\/v2\/pages\/2730\/revisions"}],"predecessor-version":[{"id":2732,"href":"https:\/\/agora.xtec.cat\/institutmiami\/wp-json\/wp\/v2\/pages\/2730\/revisions\/2732"}],"up":[{"embeddable":true,"href":"https:\/\/agora.xtec.cat\/institutmiami\/wp-json\/wp\/v2\/pages\/2715"}],"wp:attachment":[{"href":"https:\/\/agora.xtec.cat\/institutmiami\/wp-json\/wp\/v2\/media?parent=2730"}],"curies":[{"name":"wp","href":"https:\/\/api.w.org\/{rel}","templated":true}]}}