{"id":1961,"date":"2023-01-30T18:50:56","date_gmt":"2023-01-30T17:50:56","guid":{"rendered":"https:\/\/agora.xtec.cat\/institutmiami\/?page_id=1961"},"modified":"2026-02-06T09:25:50","modified_gmt":"2026-02-06T08:25:50","slug":"afa","status":"publish","type":"page","link":"https:\/\/agora.xtec.cat\/institutmiami\/comunitat-educativa\/afa\/","title":{"rendered":"AFA"},"content":{"rendered":"\n<h1 class=\"wp-block-heading\">Associaci\u00f3 de Fam\u00edlies d\u2019Alumnes de l\u2019Institut Miami<\/h1>\n\n\n\n<p>Estimades fam\u00edlies!<\/p>\n\n\n\n<p>En aquest p\u00e0gina podeu trobar tota la informaci\u00f3 referent a l\u2019AFA del nostre centre.<\/p>\n\n\n\n<p>Podeu contactar amb nosaltres al correu afainstitutmiami@gmail.com i us atendrem el m\u00e9s aviat possible.<\/p>\n\n\n\n<p>&nbsp;<\/p>\n\n\n\n<p>Per contactar amb l\u2019AFA:<\/p>\n\n\n\n<p><strong>Correu electr\u00f2nic:<\/strong><br><a href=\"mailto:afainstitutmiami@gmail.com\" target=\"_blank\" rel=\"noopener noreferrer\">afainstitutmiami@gmail.com<\/a><\/p>\n","protected":false},"excerpt":{"rendered":"<p>Associaci\u00f3 de Fam\u00edlies d\u2019Alumnes de l\u2019Institut Miami Estimades fam\u00edlies! En aquest p\u00e0gina podeu trobar tota la informaci\u00f3 referent a l\u2019AFA del nostre centre. Podeu contactar amb nosaltres al correu afainstitutmiami@gmail.com i us atendrem el m\u00e9s aviat possible. &nbsp; Per contactar amb l\u2019AFA: Correu electr\u00f2nic:afainstitutmiami@gmail.com<\/p>\n","protected":false},"author":3,"featured_media":0,"parent":1947,"menu_order":0,"comment_status":"closed","ping_status":"closed","template":"","meta":{"_bbp_topic_count":0,"_bbp_reply_count":0,"_bbp_total_topic_count":0,"_bbp_total_reply_count":0,"_bbp_voice_count":0,"_bbp_anonymous_reply_count":0,"_bbp_topic_count_hidden":0,"_bbp_reply_count_hidden":0,"_bbp_forum_subforum_count":0,"site-sidebar-layout":"default","site-content-layout":"","ast-site-content-layout":"default","site-content-style":"default","site-sidebar-style":"default","ast-global-header-display":"","ast-banner-title-visibility":"","ast-main-header-display":"","ast-hfb-above-header-display":"","ast-hfb-below-header-display":"","ast-hfb-mobile-header-display":"","site-post-title":"","ast-breadcrumbs-content":"","ast-featured-img":"","footer-sml-layout":"","theme-transparent-header-meta":"","adv-header-id-meta":"","stick-header-meta":"","header-above-stick-meta":"","header-main-stick-meta":"","header-below-stick-meta":"","astra-migrate-meta-layouts":"set","ast-page-background-enabled":"default","ast-page-background-meta":{"desktop":{"background-color":"var(--ast-global-color-4)","background-image":"","background-repeat":"repeat","background-position":"center center","background-size":"auto","background-attachment":"scroll","background-type":"","background-media":"","overlay-type":"","overlay-color":"","overlay-opacity":"","overlay-gradient":""},"tablet":{"background-color":"","background-image":"","background-repeat":"repeat","background-position":"center center","background-size":"auto","background-attachment":"scroll","background-type":"","background-media":"","overlay-type":"","overlay-color":"","overlay-opacity":"","overlay-gradient":""},"mobile":{"background-color":"","background-image":"","background-repeat":"repeat","background-position":"center center","background-size":"auto","background-attachment":"scroll","background-type":"","background-media":"","overlay-type":"","overlay-color":"","overlay-opacity":"","overlay-gradient":""}},"ast-content-background-meta":{"desktop":{"background-color":"var(--ast-global-color-5)","background-image":"","background-repeat":"repeat","background-position":"center center","background-size":"auto","background-attachment":"scroll","background-type":"","background-media":"","overlay-type":"","overlay-color":"","overlay-opacity":"","overlay-gradient":""},"tablet":{"background-color":"var(--ast-global-color-5)","background-image":"","background-repeat":"repeat","background-position":"center center","background-size":"auto","background-attachment":"scroll","background-type":"","background-media":"","overlay-type":"","overlay-color":"","overlay-opacity":"","overlay-gradient":""},"mobile":{"background-color":"var(--ast-global-color-5)","background-image":"","background-repeat":"repeat","background-position":"center center","background-size":"auto","background-attachment":"scroll","background-type":"","background-media":"","overlay-type":"","overlay-color":"","overlay-opacity":"","overlay-gradient":""}},"footnotes":""},"class_list":["post-1961","page","type-page","status-publish","hentry"],"post_mailing_queue_ids":[],"_links":{"self":[{"href":"https:\/\/agora.xtec.cat\/institutmiami\/wp-json\/wp\/v2\/pages\/1961","targetHints":{"allow":["GET"]}}],"collection":[{"href":"https:\/\/agora.xtec.cat\/institutmiami\/wp-json\/wp\/v2\/pages"}],"about":[{"href":"https:\/\/agora.xtec.cat\/institutmiami\/wp-json\/wp\/v2\/types\/page"}],"author":[{"embeddable":true,"href":"https:\/\/agora.xtec.cat\/institutmiami\/wp-json\/wp\/v2\/users\/3"}],"replies":[{"embeddable":true,"href":"https:\/\/agora.xtec.cat\/institutmiami\/wp-json\/wp\/v2\/comments?post=1961"}],"version-history":[{"count":3,"href":"https:\/\/agora.xtec.cat\/institutmiami\/wp-json\/wp\/v2\/pages\/1961\/revisions"}],"predecessor-version":[{"id":2898,"href":"https:\/\/agora.xtec.cat\/institutmiami\/wp-json\/wp\/v2\/pages\/1961\/revisions\/2898"}],"up":[{"embeddable":true,"href":"https:\/\/agora.xtec.cat\/institutmiami\/wp-json\/wp\/v2\/pages\/1947"}],"wp:attachment":[{"href":"https:\/\/agora.xtec.cat\/institutmiami\/wp-json\/wp\/v2\/media?parent=1961"}],"curies":[{"name":"wp","href":"https:\/\/api.w.org\/{rel}","templated":true}]}}