{"id":195,"date":"2014-09-22T10:39:39","date_gmt":"2014-09-22T08:39:39","guid":{"rendered":"http:\/\/agora.xtec.cat\/institutmiami\/?page_id=195"},"modified":"2023-09-25T13:23:46","modified_gmt":"2023-09-25T11:23:46","slug":"estudis","status":"publish","type":"page","link":"https:\/\/agora.xtec.cat\/institutmiami\/estudis\/","title":{"rendered":"Estudis."},"content":{"rendered":"<div class=\"entry-content\" style=\"color: #444444;\">\n<p>El centre ofereix l&#8217;etapa d&#8217;ESO al complet. A la graella seg\u00fcent es pot veure una distribuci\u00f3 de l&#8217;alumnat del centre per el curs actual:<\/p>\n<\/div>\n<p><a href=\"https:\/\/agora.xtec.cat\/institutmiami\/wp-content\/uploads\/usu1714\/2023\/09\/Distribucio-de-lalumnat-23-24.png\"><img loading=\"lazy\" decoding=\"async\" class=\"alignnone size-full wp-image-2155\" src=\"https:\/\/agora.xtec.cat\/institutmiami\/wp-content\/uploads\/usu1714\/2023\/09\/Distribucio-de-lalumnat-23-24.png\" alt=\"\" width=\"405\" height=\"305\" srcset=\"https:\/\/agora.xtec.cat\/institutmiami\/wp-content\/uploads\/usu1714\/2023\/09\/Distribucio-de-lalumnat-23-24.png 405w, https:\/\/agora.xtec.cat\/institutmiami\/wp-content\/uploads\/usu1714\/2023\/09\/Distribucio-de-lalumnat-23-24-300x226.png 300w, https:\/\/agora.xtec.cat\/institutmiami\/wp-content\/uploads\/usu1714\/2023\/09\/Distribucio-de-lalumnat-23-24-200x150.png 200w\" sizes=\"auto, (max-width: 405px) 100vw, 405px\" \/><\/a><\/p>\n<p>Per a m\u00e9s informaci\u00f3 de cadascun dels diferents nivells podeu seguir els enlla\u00e7os seg\u00fcents:<\/p>\n<p><a href=\"https:\/\/agora.xtec.cat\/institutmiami\/?page_id=2157&amp;preview=true\">1r ESO<\/a><\/p>\n<p><a href=\"https:\/\/agora.xtec.cat\/institutmiami\/?page_id=2162&amp;preview=true\">2n ESO<\/a><\/p>\n<p><a href=\"https:\/\/agora.xtec.cat\/institutmiami\/?page_id=2165&amp;preview=true\">3r ESO<\/a><\/p>\n<p><a href=\"https:\/\/agora.xtec.cat\/institutmiami\/?page_id=2168&amp;preview=true\">4t ESO<\/a><\/p>\n<div class=\"entry-content\" style=\"color: #444444;\">\n<div class=\"entry-content\"><\/div>\n<\/div>\n","protected":false},"excerpt":{"rendered":"<p>El centre ofereix l&#8217;etapa d&#8217;ESO al complet. A la graella seg\u00fcent es pot veure una distribuci\u00f3 de l&#8217;alumnat del centre per el curs actual: Per a m\u00e9s informaci\u00f3 de cadascun dels diferents nivells podeu seguir els enlla\u00e7os seg\u00fcents: 1r ESO 2n ESO 3r ESO 4t ESO<\/p>\n","protected":false},"author":1,"featured_media":0,"parent":0,"menu_order":1,"comment_status":"closed","ping_status":"closed","template":"page-templates\/side-menu.php","meta":{"_bbp_topic_count":0,"_bbp_reply_count":0,"_bbp_total_topic_count":0,"_bbp_total_reply_count":0,"_bbp_voice_count":0,"_bbp_anonymous_reply_count":0,"_bbp_topic_count_hidden":0,"_bbp_reply_count_hidden":0,"_bbp_forum_subforum_count":0,"site-sidebar-layout":"default","site-content-layout":"","ast-site-content-layout":"","site-content-style":"default","site-sidebar-style":"default","ast-global-header-display":"","ast-banner-title-visibility":"","ast-main-header-display":"","ast-hfb-above-header-display":"","ast-hfb-below-header-display":"","ast-hfb-mobile-header-display":"","site-post-title":"","ast-breadcrumbs-content":"","ast-featured-img":"","footer-sml-layout":"","theme-transparent-header-meta":"","adv-header-id-meta":"","stick-header-meta":"","header-above-stick-meta":"","header-main-stick-meta":"","header-below-stick-meta":"","astra-migrate-meta-layouts":"default","ast-page-background-enabled":"default","ast-page-background-meta":{"desktop":{"background-color":"var(--ast-global-color-4)","background-image":"","background-repeat":"repeat","background-position":"center center","background-size":"auto","background-attachment":"scroll","background-type":"","background-media":"","overlay-type":"","overlay-color":"","overlay-opacity":"","overlay-gradient":""},"tablet":{"background-color":"","background-image":"","background-repeat":"repeat","background-position":"center center","background-size":"auto","background-attachment":"scroll","background-type":"","background-media":"","overlay-type":"","overlay-color":"","overlay-opacity":"","overlay-gradient":""},"mobile":{"background-color":"","background-image":"","background-repeat":"repeat","background-position":"center center","background-size":"auto","background-attachment":"scroll","background-type":"","background-media":"","overlay-type":"","overlay-color":"","overlay-opacity":"","overlay-gradient":""}},"ast-content-background-meta":{"desktop":{"background-color":"var(--ast-global-color-5)","background-image":"","background-repeat":"repeat","background-position":"center center","background-size":"auto","background-attachment":"scroll","background-type":"","background-media":"","overlay-type":"","overlay-color":"","overlay-opacity":"","overlay-gradient":""},"tablet":{"background-color":"var(--ast-global-color-5)","background-image":"","background-repeat":"repeat","background-position":"center center","background-size":"auto","background-attachment":"scroll","background-type":"","background-media":"","overlay-type":"","overlay-color":"","overlay-opacity":"","overlay-gradient":""},"mobile":{"background-color":"var(--ast-global-color-5)","background-image":"","background-repeat":"repeat","background-position":"center center","background-size":"auto","background-attachment":"scroll","background-type":"","background-media":"","overlay-type":"","overlay-color":"","overlay-opacity":"","overlay-gradient":""}},"footnotes":""},"class_list":["post-195","page","type-page","status-publish","hentry"],"post_mailing_queue_ids":[],"_links":{"self":[{"href":"https:\/\/agora.xtec.cat\/institutmiami\/wp-json\/wp\/v2\/pages\/195","targetHints":{"allow":["GET"]}}],"collection":[{"href":"https:\/\/agora.xtec.cat\/institutmiami\/wp-json\/wp\/v2\/pages"}],"about":[{"href":"https:\/\/agora.xtec.cat\/institutmiami\/wp-json\/wp\/v2\/types\/page"}],"author":[{"embeddable":true,"href":"https:\/\/agora.xtec.cat\/institutmiami\/wp-json\/wp\/v2\/users\/1"}],"replies":[{"embeddable":true,"href":"https:\/\/agora.xtec.cat\/institutmiami\/wp-json\/wp\/v2\/comments?post=195"}],"version-history":[{"count":4,"href":"https:\/\/agora.xtec.cat\/institutmiami\/wp-json\/wp\/v2\/pages\/195\/revisions"}],"predecessor-version":[{"id":2170,"href":"https:\/\/agora.xtec.cat\/institutmiami\/wp-json\/wp\/v2\/pages\/195\/revisions\/2170"}],"wp:attachment":[{"href":"https:\/\/agora.xtec.cat\/institutmiami\/wp-json\/wp\/v2\/media?parent=195"}],"curies":[{"name":"wp","href":"https:\/\/api.w.org\/{rel}","templated":true}]}}