{"id":1062,"date":"2019-03-11T10:25:13","date_gmt":"2019-03-11T09:25:13","guid":{"rendered":"http:\/\/agora.xtec.cat\/institutmiami\/?page_id=1062"},"modified":"2023-11-06T13:55:10","modified_gmt":"2023-11-06T12:55:10","slug":"documentacio-afa","status":"publish","type":"page","link":"https:\/\/agora.xtec.cat\/institutmiami\/ampa\/documentacio-afa\/","title":{"rendered":"Documentaci\u00f3 AFA."},"content":{"rendered":"<p>Aqu\u00ed trobareu tots els documents relatius a la nostra associaci\u00f3 i activitats:<\/p>\n<p>Informaci\u00f3 general (<a href=\"https:\/\/agora.xtec.cat\/institutmiami\/wp-content\/uploads\/usu1714\/2023\/11\/infoAFA2023-4.pdf\">enlla\u00e7)<\/a><\/p>\n<p>Junta directiva (<a href=\"https:\/\/agora.xtec.cat\/institutmiami\/wp-content\/uploads\/usu1714\/2020\/10\/JUNTA-DIRECTIVA-C\u00c0RRECS.pdf\" target=\"_blank\" rel=\"noopener noreferrer\"><strong>C\u00e0rrecs<\/strong><\/a>)<\/p>\n<p>Actes Reunions:<\/p>\n<p>&#8211; <a href=\"https:\/\/agora.xtec.cat\/institutmiami\/wp-content\/uploads\/usu1714\/2019\/03\/20190116-ACTA-ASAMBLEA-EXTRAORDINARIA-DE-SOCIOS.pdf\" target=\"_blank\" rel=\"noopener noreferrer\">Acta assemblea extraordin\u00e0ria\u00a0 <\/a><strong>&#8211; 16\/01\/2019<\/strong><\/p>\n<p>&#8211; <a href=\"https:\/\/agora.xtec.cat\/institutmiami\/wp-content\/uploads\/usu1714\/2019\/03\/20181114-ACTA-ASAMBLEA-ORDINARIA-SOCIOS.pdf\" target=\"_blank\" rel=\"noopener noreferrer\">Acta assemblea ordin\u00e0ria\u00a0 <\/a><strong>&#8211; 14\/11\/2018<\/strong><\/p>\n<p>&#8211; <a href=\"https:\/\/agora.xtec.cat\/institutmiami\/wp-content\/uploads\/usu1714\/2019\/03\/20170602-ACTA-FUNDACIONAL.pdf\" target=\"_blank\" rel=\"noopener noreferrer\">Acta fundacional<\/a><strong> &#8211; 12\/02\/2018<\/strong><\/p>\n<p>&nbsp;<\/p>\n","protected":false},"excerpt":{"rendered":"<p>Aqu\u00ed trobareu tots els documents relatius a la nostra associaci\u00f3 i activitats: Informaci\u00f3 general (enlla\u00e7) Junta directiva (C\u00e0rrecs) Actes Reunions: &#8211; Acta assemblea extraordin\u00e0ria\u00a0 &#8211; 16\/01\/2019 &#8211; Acta assemblea ordin\u00e0ria\u00a0 &#8211; 14\/11\/2018 &#8211; Acta fundacional &#8211; 12\/02\/2018 &nbsp;<\/p>\n","protected":false},"author":1,"featured_media":0,"parent":608,"menu_order":1,"comment_status":"closed","ping_status":"closed","template":"","meta":{"_bbp_topic_count":0,"_bbp_reply_count":0,"_bbp_total_topic_count":0,"_bbp_total_reply_count":0,"_bbp_voice_count":0,"_bbp_anonymous_reply_count":0,"_bbp_topic_count_hidden":0,"_bbp_reply_count_hidden":0,"_bbp_forum_subforum_count":0,"site-sidebar-layout":"default","site-content-layout":"","ast-site-content-layout":"","site-content-style":"default","site-sidebar-style":"default","ast-global-header-display":"","ast-banner-title-visibility":"","ast-main-header-display":"","ast-hfb-above-header-display":"","ast-hfb-below-header-display":"","ast-hfb-mobile-header-display":"","site-post-title":"","ast-breadcrumbs-content":"","ast-featured-img":"","footer-sml-layout":"","theme-transparent-header-meta":"","adv-header-id-meta":"","stick-header-meta":"","header-above-stick-meta":"","header-main-stick-meta":"","header-below-stick-meta":"","astra-migrate-meta-layouts":"default","ast-page-background-enabled":"default","ast-page-background-meta":{"desktop":{"background-color":"var(--ast-global-color-4)","background-image":"","background-repeat":"repeat","background-position":"center center","background-size":"auto","background-attachment":"scroll","background-type":"","background-media":"","overlay-type":"","overlay-color":"","overlay-opacity":"","overlay-gradient":""},"tablet":{"background-color":"","background-image":"","background-repeat":"repeat","background-position":"center center","background-size":"auto","background-attachment":"scroll","background-type":"","background-media":"","overlay-type":"","overlay-color":"","overlay-opacity":"","overlay-gradient":""},"mobile":{"background-color":"","background-image":"","background-repeat":"repeat","background-position":"center center","background-size":"auto","background-attachment":"scroll","background-type":"","background-media":"","overlay-type":"","overlay-color":"","overlay-opacity":"","overlay-gradient":""}},"ast-content-background-meta":{"desktop":{"background-color":"var(--ast-global-color-5)","background-image":"","background-repeat":"repeat","background-position":"center center","background-size":"auto","background-attachment":"scroll","background-type":"","background-media":"","overlay-type":"","overlay-color":"","overlay-opacity":"","overlay-gradient":""},"tablet":{"background-color":"var(--ast-global-color-5)","background-image":"","background-repeat":"repeat","background-position":"center center","background-size":"auto","background-attachment":"scroll","background-type":"","background-media":"","overlay-type":"","overlay-color":"","overlay-opacity":"","overlay-gradient":""},"mobile":{"background-color":"var(--ast-global-color-5)","background-image":"","background-repeat":"repeat","background-position":"center center","background-size":"auto","background-attachment":"scroll","background-type":"","background-media":"","overlay-type":"","overlay-color":"","overlay-opacity":"","overlay-gradient":""}},"footnotes":""},"class_list":["post-1062","page","type-page","status-publish","hentry"],"post_mailing_queue_ids":[],"_links":{"self":[{"href":"https:\/\/agora.xtec.cat\/institutmiami\/wp-json\/wp\/v2\/pages\/1062","targetHints":{"allow":["GET"]}}],"collection":[{"href":"https:\/\/agora.xtec.cat\/institutmiami\/wp-json\/wp\/v2\/pages"}],"about":[{"href":"https:\/\/agora.xtec.cat\/institutmiami\/wp-json\/wp\/v2\/types\/page"}],"author":[{"embeddable":true,"href":"https:\/\/agora.xtec.cat\/institutmiami\/wp-json\/wp\/v2\/users\/1"}],"replies":[{"embeddable":true,"href":"https:\/\/agora.xtec.cat\/institutmiami\/wp-json\/wp\/v2\/comments?post=1062"}],"version-history":[{"count":4,"href":"https:\/\/agora.xtec.cat\/institutmiami\/wp-json\/wp\/v2\/pages\/1062\/revisions"}],"predecessor-version":[{"id":2262,"href":"https:\/\/agora.xtec.cat\/institutmiami\/wp-json\/wp\/v2\/pages\/1062\/revisions\/2262"}],"up":[{"embeddable":true,"href":"https:\/\/agora.xtec.cat\/institutmiami\/wp-json\/wp\/v2\/pages\/608"}],"wp:attachment":[{"href":"https:\/\/agora.xtec.cat\/institutmiami\/wp-json\/wp\/v2\/media?parent=1062"}],"curies":[{"name":"wp","href":"https:\/\/api.w.org\/{rel}","templated":true}]}}