{"id":12174,"date":"2023-04-18T13:11:20","date_gmt":"2023-04-18T11:11:20","guid":{"rendered":"https:\/\/agora.xtec.cat\/institutmestres\/?page_id=12174"},"modified":"2023-06-21T10:09:29","modified_gmt":"2023-06-21T08:09:29","slug":"proces-de-preinscripcio-batxillerat","status":"publish","type":"page","link":"https:\/\/agora.xtec.cat\/institutmestres\/preinscripcio\/proces-de-preinscripcio-batxillerat\/","title":{"rendered":"Proc\u00e9s de preinscripci\u00f3 Batxillerat"},"content":{"rendered":"<p>La preinscripci\u00f3 dels estudiants als centres educatius de Batxillerat t\u00e9 dates i caracter\u00edstiques pr\u00f2pies. Si vols estar al cas de les diferents dates clau i dels terminis, has de tenir en compte alguns aspectes, per tant, has d&#8217;estar pendent de les dates i de les gestions espec\u00edfiques de cada moment del proc\u00e9s. <a href=\"https:\/\/preinscripcio.gencat.cat\/ca\/estudis\/batxillerat\/inici\/\">Pica en aquest enlla\u00e7 per a saber-ho tot sobre la preinscripci\u00f3.<\/a><\/p>\n<p>A continuaci\u00f3 teniu els estudiants assignats al centre amb indicaci\u00f3 de la primera petici\u00f3 i, m\u00e9s avall, la publicaci\u00f3 de la llista d&#8217;espera del centre:<\/p>\n<p>Batxillerat &#8211; 2023-2024<br \/>\nEstudiants assignats al centre amb indicaci\u00f3 de la primera petici\u00f3 a 21\/06\/2023:<\/p>\n<p><iframe loading=\"lazy\" src=\"https:\/\/agora.xtec.cat\/institutmestres\/wp-content\/uploads\/usu2085\/2023\/06\/INFORME_ASSIGNADES_INFORME_ASSIGNADES-BATXILLERAT.pdf\" width=\"640\" height=\"480\" frameborder=\"0\" scrolling=\"no\"><br \/>\n<\/iframe><\/p>\n<p>Publicaci\u00f3 de la llista d&#8217;espera del centre a 21\/06\/2023:<\/p>\n<p><a href=\"https:\/\/agora.xtec.cat\/institutmestres\/wp-content\/uploads\/usu2085\/2023\/06\/batx-espera.jpg\"><img loading=\"lazy\" decoding=\"async\" class=\"alignnone size-large wp-image-12325\" src=\"https:\/\/agora.xtec.cat\/institutmestres\/wp-content\/uploads\/usu2085\/2023\/06\/batx-espera-1024x427.jpg\" alt=\"\" width=\"1024\" height=\"427\" \/><\/a><\/p>\n","protected":false},"excerpt":{"rendered":"<p>La preinscripci\u00f3 dels estudiants als centres educatius de Batxillerat t\u00e9 dates i caracter\u00edstiques pr\u00f2pies. Si vols estar al cas de les diferents dates clau i dels terminis, has de tenir en compte alguns aspectes, per tant, has d&#8217;estar pendent de les dates i de les&hellip;  <a href=\"https:\/\/agora.xtec.cat\/institutmestres\/preinscripcio\/proces-de-preinscripcio-batxillerat\/\" title=\"Read Proc\u00e9s de preinscripci\u00f3 Batxillerat\">Llegeix m\u00e9s\u00bb<\/a><\/p>\n","protected":false},"author":1,"featured_media":0,"parent":11033,"menu_order":3,"comment_status":"closed","ping_status":"closed","template":"page-templates\/side-menu.php","meta":{"_bbp_topic_count":0,"_bbp_reply_count":0,"_bbp_total_topic_count":0,"_bbp_total_reply_count":0,"_bbp_voice_count":0,"_bbp_anonymous_reply_count":0,"_bbp_topic_count_hidden":0,"_bbp_reply_count_hidden":0,"_bbp_forum_subforum_count":0,"footnotes":""},"class_list":["post-12174","page","type-page","status-publish","hentry"],"post_mailing_queue_ids":[],"_links":{"self":[{"href":"https:\/\/agora.xtec.cat\/institutmestres\/wp-json\/wp\/v2\/pages\/12174","targetHints":{"allow":["GET"]}}],"collection":[{"href":"https:\/\/agora.xtec.cat\/institutmestres\/wp-json\/wp\/v2\/pages"}],"about":[{"href":"https:\/\/agora.xtec.cat\/institutmestres\/wp-json\/wp\/v2\/types\/page"}],"author":[{"embeddable":true,"href":"https:\/\/agora.xtec.cat\/institutmestres\/wp-json\/wp\/v2\/users\/1"}],"replies":[{"embeddable":true,"href":"https:\/\/agora.xtec.cat\/institutmestres\/wp-json\/wp\/v2\/comments?post=12174"}],"version-history":[{"count":3,"href":"https:\/\/agora.xtec.cat\/institutmestres\/wp-json\/wp\/v2\/pages\/12174\/revisions"}],"predecessor-version":[{"id":12327,"href":"https:\/\/agora.xtec.cat\/institutmestres\/wp-json\/wp\/v2\/pages\/12174\/revisions\/12327"}],"up":[{"embeddable":true,"href":"https:\/\/agora.xtec.cat\/institutmestres\/wp-json\/wp\/v2\/pages\/11033"}],"wp:attachment":[{"href":"https:\/\/agora.xtec.cat\/institutmestres\/wp-json\/wp\/v2\/media?parent=12174"}],"curies":[{"name":"wp","href":"https:\/\/api.w.org\/{rel}","templated":true}]}}