{"id":11812,"date":"2022-06-22T21:48:59","date_gmt":"2022-06-22T19:48:59","guid":{"rendered":"https:\/\/agora.xtec.cat\/institutmestres\/?page_id=11812"},"modified":"2024-02-20T14:29:03","modified_gmt":"2024-02-20T13:29:03","slug":"com-hi-podeu-collaborar","status":"publish","type":"page","link":"https:\/\/agora.xtec.cat\/institutmestres\/ampa\/com-hi-podeu-collaborar\/","title":{"rendered":"Com hi podeu col\u00b7laborar?"},"content":{"rendered":"<p align=\"justify\"><span style=\"color: #444444;\"><span style=\"font-size: medium;\">Caldr\u00e0 que ompliu el<\/span><\/span> <a href=\"https:\/\/forms.gle\/xfcf43pDPLoohU987\"><span style=\"color: #087eb6;\"><span style=\"font-size: medium;\"><u>formulari<\/u><\/span><\/span><\/a><span style=\"color: #444444;\"><span style=\"font-size: medium;\"> i fer el pagament en una \u00fanica quota de<\/span><\/span><b> <\/b><span style=\"font-size: medium;\"><b>20 \u20ac<\/b><\/span><span style=\"color: #444444;\"><span style=\"font-size: medium;\"> per fam\u00edlia (no per estudiant), mitjan\u00e7ant ingr\u00e9s o transfer\u00e8ncia al compte seg\u00fcent:<\/span><\/span><\/p>\n<p align=\"justify\"><span style=\"color: #444444;\"><span style=\"font-size: medium;\"><b>Banc Sabadell ES2100811825360001039514<\/b><\/span><\/span><\/p>\n<p align=\"justify\"><span style=\"color: #444444;\"><span style=\"font-size: medium;\">Tamb\u00e9 podeu fer el pagament en efectiu a l\u2019AMPA acordant pr\u00e8viament dia i hora per correu electr\u00f2nic.<\/span><\/span><\/p>\n<p align=\"justify\"><span style=\"color: #444444;\"><span style=\"font-size: medium;\">Aquest any com a novetat, les fam\u00edlies tamb\u00e9 us podeu fer s\u00f2cies mitjan\u00e7ant <\/span><\/span><\/p>\n<p align=\"justify\"><span style=\"color: #444444;\"><span style=\"font-size: medium;\">l\u2019empresa IDDINK. En aquest cas, tamb\u00e9 cal omplir el<\/span><\/span> <a href=\"https:\/\/forms.gle\/ZcBBZcC1qiTWssT8A\"><span style=\"color: #087eb6;\"><span style=\"font-size: medium;\"><u>formulari.<\/u><\/span><\/span><\/a><\/p>\n<p align=\"justify\"><span style=\"color: #444444;\"><span style=\"font-size: medium;\">Per qualsevol dubte, us podeu posar en contacte amb nosaltres:<\/span><\/span><\/p>\n<p align=\"justify\"><a href=\"mailto:ampa@institutmestres.com\"><span style=\"color: #087eb6;\"><span style=\"font-size: medium;\">ampa@institutmestres.com<\/span><\/span><\/a><\/p>\n<p align=\"left\"><span style=\"font-size: medium;\">Gr\u00e0cies per la vostra col\u00b7laboraci\u00f3.<\/span><\/p>\n<p align=\"left\"><span style=\"font-size: medium;\">LA JUNTA DE L\u2019AMPA<\/span><\/p>\n<p align=\"left\"><span style=\"font-size: small;\"><a href=\"mailto:ampa@institutmestres.com\">ampa@institutmestres.com<\/a> instagram: afamestresibusquets<\/span><\/p>\n","protected":false},"excerpt":{"rendered":"<p>Caldr\u00e0 que ompliu el <a href=\"https:\/\/forms.gle\/xfcf43pDPLoohU987\">formulari<\/a> i fer el pagament en una \u00fanica quota de 20 \u20ac per fam\u00edlia (no per estudiant), mitjan\u00e7ant ingr\u00e9s o transfer\u00e8ncia al compte seg\u00fcent:<br \/>\nBanc Sabadell ES2100811825360001039514<br \/>\nTamb\u00e9 podeu fer el pagament en efectiu a l\u2019AMPA acordant pr\u00e8viament dia i hora per&hellip;  <a href=\"https:\/\/agora.xtec.cat\/institutmestres\/ampa\/com-hi-podeu-collaborar\/\" title=\"Read Com hi podeu col\u00b7laborar?\">Llegeix m\u00e9s\u00bb<\/a><\/p>\n","protected":false},"author":1,"featured_media":0,"parent":11808,"menu_order":20,"comment_status":"closed","ping_status":"closed","template":"page-templates\/side-menu.php","meta":{"_bbp_topic_count":0,"_bbp_reply_count":0,"_bbp_total_topic_count":0,"_bbp_total_reply_count":0,"_bbp_voice_count":0,"_bbp_anonymous_reply_count":0,"_bbp_topic_count_hidden":0,"_bbp_reply_count_hidden":0,"_bbp_forum_subforum_count":0,"footnotes":""},"class_list":["post-11812","page","type-page","status-publish","hentry"],"post_mailing_queue_ids":[],"_links":{"self":[{"href":"https:\/\/agora.xtec.cat\/institutmestres\/wp-json\/wp\/v2\/pages\/11812","targetHints":{"allow":["GET"]}}],"collection":[{"href":"https:\/\/agora.xtec.cat\/institutmestres\/wp-json\/wp\/v2\/pages"}],"about":[{"href":"https:\/\/agora.xtec.cat\/institutmestres\/wp-json\/wp\/v2\/types\/page"}],"author":[{"embeddable":true,"href":"https:\/\/agora.xtec.cat\/institutmestres\/wp-json\/wp\/v2\/users\/1"}],"replies":[{"embeddable":true,"href":"https:\/\/agora.xtec.cat\/institutmestres\/wp-json\/wp\/v2\/comments?post=11812"}],"version-history":[{"count":5,"href":"https:\/\/agora.xtec.cat\/institutmestres\/wp-json\/wp\/v2\/pages\/11812\/revisions"}],"predecessor-version":[{"id":12639,"href":"https:\/\/agora.xtec.cat\/institutmestres\/wp-json\/wp\/v2\/pages\/11812\/revisions\/12639"}],"up":[{"embeddable":true,"href":"https:\/\/agora.xtec.cat\/institutmestres\/wp-json\/wp\/v2\/pages\/11808"}],"wp:attachment":[{"href":"https:\/\/agora.xtec.cat\/institutmestres\/wp-json\/wp\/v2\/media?parent=11812"}],"curies":[{"name":"wp","href":"https:\/\/api.w.org\/{rel}","templated":true}]}}