{"id":11254,"date":"2022-02-22T16:22:08","date_gmt":"2022-02-22T15:22:08","guid":{"rendered":"https:\/\/agora.xtec.cat\/institutmestres\/?page_id=11254"},"modified":"2022-02-22T20:17:28","modified_gmt":"2022-02-22T19:17:28","slug":"pla-de-lectura","status":"publish","type":"page","link":"https:\/\/agora.xtec.cat\/institutmestres\/programes-i-projectes\/pla-de-lectura\/","title":{"rendered":"Pla de lectura"},"content":{"rendered":"<p>A l\u2019Institut Josep Mestres i Busquets, el Pla de Lectura \u00e9s un projecte transversal de tots els cursos de l\u2019ESO que consisteix en el seg\u00fcent:<\/p>\n<ul>\n<li>Lectura lliure d&#8217;un llibre de qualsevol tem\u00e0tica i en qualsevol llengua durant 20 minuts diaris. Es fa de forma rotativa. Una setmana en l&#8217;horari de 8 a 9, una altra de 9 a 10, etc.<\/li>\n<\/ul>\n<p>Els estudiants poden portar el llibre de casa o el poden anar a buscar a la biblioteca de l&#8217;institut. Els professors tamb\u00e9 llegeixen durant l&#8217;estona de lectura.<\/p>\n<p><strong>Els objectius del Pla de Lectura marcats pel Departament d\u2019Ensenyament s\u00f3n:<\/strong><\/p>\n<p>1. Promoure la compet\u00e8ncia lectora\u00a0 (l\u2019aprenentatge de la lectura). Consisteix a continuar el treball de les estrat\u00e8gies lectores que es va comen\u00e7ar a fer a l\u2019Educaci\u00f3 Prim\u00e0ria.<\/p>\n<p>2. Treballar la compet\u00e8ncia informacional (l\u2019aprenentatge a trav\u00e9s de la lectura). Es tracta de fer servir la lectura com a eina d\u2019acc\u00e9s a la informaci\u00f3, descoberta i ampliaci\u00f3 dels\u00a0 coneixements.<\/p>\n<p>3. Fomentar el gust per llegir (desenvolupar l\u2019h\u00e0bit lector). Es tracta de fomentar la lectura sistem\u00e0tica en qualsevol suport, d\u2019aprendre a reflexionar sobre el que s\u2019ha llegit, sabent-ho explicar mitjan\u00e7ant evid\u00e8ncies orals o escrites i sabent-ho compartir amb els altres i, de fomentar l\u2019educaci\u00f3 liter\u00e0ria.<\/p>\n<p><strong>PRINCIPIS IMPRESCINDIBLES PER A CREAR BONS LECTORS<\/strong><\/p>\n<ol>\n<li style=\"list-style-type: none;\">\n<ol>\n<li><strong>Compartir<\/strong>. El plaer de la lectura es contagia llegint \u00a0junts.<\/li>\n<li><strong>Proposar, no imposar<\/strong>. \u00a0No hi ha lectures obligat\u00f2ries.<\/li>\n<li>Ser<strong> constants<\/strong>. Cada dia tenim un temps reservat per a llegir. Fem que aquest espai sigui relaxat, respectu\u00f3s i silenci\u00f3s.<\/li>\n<li><strong>Respectar<\/strong>. Com a lectors tenim dret a triar la llengua, el g\u00e8nere literari, i el suport de les nostres lectures.<\/li>\n<li><strong>Cuidar els llibres<\/strong>. Els llibres es poden observar, llegir o descartar, per\u00f2, sempre s\u2019han de deixar en bon estat i ordenats.<\/li>\n<\/ol>\n<\/li>\n<\/ol>\n","protected":false},"excerpt":{"rendered":"<p>A l\u2019Institut Josep Mestres i Busquets, el Pla de Lectura \u00e9s un projecte transversal de tots els cursos de l\u2019ESO que consisteix en el seg\u00fcent:<\/p>\n<ul>\n<li>Lectura lliure d&#8217;un llibre de qualsevol tem\u00e0tica i en qualsevol llengua durant 20 minuts diaris. Es fa de forma rotativa. Una&hellip;  <a href=\"https:\/\/agora.xtec.cat\/institutmestres\/programes-i-projectes\/pla-de-lectura\/\" title=\"Read Pla de lectura\">Llegeix m\u00e9s\u00bb<\/a><br \/>\n","protected":false},"author":1,"featured_media":0,"parent":10195,"menu_order":3,"comment_status":"closed","ping_status":"closed","template":"page-templates\/side-menu.php","meta":{"_bbp_topic_count":0,"_bbp_reply_count":0,"_bbp_total_topic_count":0,"_bbp_total_reply_count":0,"_bbp_voice_count":0,"_bbp_anonymous_reply_count":0,"_bbp_topic_count_hidden":0,"_bbp_reply_count_hidden":0,"_bbp_forum_subforum_count":0,"footnotes":""},"class_list":["post-11254","page","type-page","status-publish","hentry"],"post_mailing_queue_ids":[],"_links":{"self":[{"href":"https:\/\/agora.xtec.cat\/institutmestres\/wp-json\/wp\/v2\/pages\/11254","targetHints":{"allow":["GET"]}}],"collection":[{"href":"https:\/\/agora.xtec.cat\/institutmestres\/wp-json\/wp\/v2\/pages"}],"about":[{"href":"https:\/\/agora.xtec.cat\/institutmestres\/wp-json\/wp\/v2\/types\/page"}],"author":[{"embeddable":true,"href":"https:\/\/agora.xtec.cat\/institutmestres\/wp-json\/wp\/v2\/users\/1"}],"replies":[{"embeddable":true,"href":"https:\/\/agora.xtec.cat\/institutmestres\/wp-json\/wp\/v2\/comments?post=11254"}],"version-history":[{"count":1,"href":"https:\/\/agora.xtec.cat\/institutmestres\/wp-json\/wp\/v2\/pages\/11254\/revisions"}],"predecessor-version":[{"id":11255,"href":"https:\/\/agora.xtec.cat\/institutmestres\/wp-json\/wp\/v2\/pages\/11254\/revisions\/11255"}],"up":[{"embeddable":true,"href":"https:\/\/agora.xtec.cat\/institutmestres\/wp-json\/wp\/v2\/pages\/10195"}],"wp:attachment":[{"href":"https:\/\/agora.xtec.cat\/institutmestres\/wp-json\/wp\/v2\/media?parent=11254"}],"curies":[{"name":"wp","href":"https:\/\/api.w.org\/{rel}","templated":true}]}}