{"id":11105,"date":"2022-02-08T12:51:53","date_gmt":"2022-02-08T11:51:53","guid":{"rendered":"https:\/\/agora.xtec.cat\/institutmestres\/?page_id=11105"},"modified":"2022-02-08T13:16:27","modified_gmt":"2022-02-08T12:16:27","slug":"projecte-educatiu","status":"publish","type":"page","link":"https:\/\/agora.xtec.cat\/institutmestres\/linstitut\/projecte-educatiu\/","title":{"rendered":"Projecte educatiu"},"content":{"rendered":"<p><strong>Un centre p\u00fablic amb estudis d\u2019ESO i tres modalitats de batxillerat<\/strong><\/p>\n<p>L\u2019Institut Josep Mestres i Busquets \u00e9s un centre p\u00fablic en el qual l\u2019alumnat pot estudiar l\u2019educaci\u00f3 secund\u00e0ria obligat\u00f2ria (ESO) i batxillerat, aquest \u00faltim en tres modalitats: arts, ci\u00e8ncies i tecnologia, i humanitats i ci\u00e8ncies socials. Ofereix activitats extraescolars per als seus estudiants, servei d\u2019orientaci\u00f3 acad\u00e8mica i transport escolar gratu\u00eft per als estudiants de Sant Climent de Llobregat.<\/p>\n<p><span style=\"text-decoration: underline;\">Missi\u00f3<\/span><\/p>\n<p>A l\u2019Institut Josep Mestres i Busquets reconeixem la import\u00e0ncia que t\u00e9 l\u2019educaci\u00f3 en els joves perqu\u00e8 els ajuda en el:<\/p>\n<ul>\n<li>Benestar individual i col\u00b7lectiu;<\/li>\n<li>Creixement personal;<\/li>\n<li>Desenvolupament de les capacitats;<\/li>\n<li>Conformaci\u00f3 de la pr\u00f2pia identitat personal;<\/li>\n<li>Configuraci\u00f3 de llur comprensi\u00f3 de la realitat.<\/li>\n<\/ul>\n<p>Alhora, tamb\u00e9 reconeixem la import\u00e0ncia que t\u00e9 l\u2019educaci\u00f3 en la societat perqu\u00e8 \u00e9s un mitj\u00e0 de:<\/p>\n<ul>\n<li>Transmissi\u00f3 i renovaci\u00f3 de la cultura i del conjunt de coneixements i valors que la sostenen;<\/li>\n<li>Foment de la conviv\u00e8ncia democr\u00e0tica i del respecte a les difer\u00e8ncies individuals;<\/li>\n<li>Promoci\u00f3 de la solidaritat i del respecte a la diversitat;<\/li>\n<li>Cohesi\u00f3 social;<\/li>\n<li>Garantia de l\u2019exercici de la ciutadania democr\u00e0tica, responsable, lliure i cr\u00edtica.<\/li>\n<\/ul>\n<p>En aquest doble sentit, individual i social, atenem el repte de considerar l\u2019etapa secund\u00e0ria com una part integrant de l\u2019educaci\u00f3 b\u00e0sica, combinant qualitat i equitat en l\u2019oferta educativa perqu\u00e8 no s\u00f3n objectius contraposats; donem resposta a les necessitats canviants i a les demandes que ens plantegen les persones i els grups socials i, per tant, concebem l\u2019educaci\u00f3 com un instrument de millora de la condici\u00f3 humana i de la vida col\u00b7lectiva.<\/p>\n<p><span style=\"text-decoration: underline;\">Visi\u00f3<\/span><\/p>\n<p>L\u2019Institut Josep Mestres i Busquets vol esdevenir un referent en la formaci\u00f3 dels joves de l\u2019entorn de Viladecans, tenint en compte el desenvolupament integral dels estudiants i que mitjan\u00e7ant el PEC proporcioni als\u00a0 professors un entorn participatiu i motivador.<\/p>\n<p><span style=\"text-decoration: underline;\">Per tot aix\u00f2 volem:<\/span><\/p>\n<ul>\n<li>Aplicar les tecnologies de la informaci\u00f3 i de la comunicaci\u00f3 a l\u2019aula com una eina quotidiana;<\/li>\n<li>Consolidar els diferents projectes d\u2019innovaci\u00f3 educativa que tenim endegats i promoure\u2019n de nous;<\/li>\n<li>Implicar les fam\u00edlies en el projecte de centre;<\/li>\n<li>Potenciar relacions i convenis amb institucions i empreses de l\u2019entorn;<\/li>\n<li>Mantenir i millorar l\u2019entorn de treball i les relacions interpersonals;<\/li>\n<li>Potenciar l\u2019\u00fas del catal\u00e0 entre els membres de la comunitat educativa;<\/li>\n<li>Ser un centre d\u2019excel\u00b7l\u00e8ncia, referent en formaci\u00f3 reglada i cont\u00ednua per a assolir professionals eficients i actualitzats;<\/li>\n<li>Fomentar i facilitar la participaci\u00f3 dels professors en activitats de formaci\u00f3 permanent, prioritzant les activitats que reverteixin en benefici de tot el centre.<\/li>\n<\/ul>\n<p><span style=\"text-decoration: underline;\">Valors<\/span><\/p>\n<p>Les nostres actuacions es fonamenten en la transmissi\u00f3 i en la pr\u00e0ctica dels seg\u00fcents valors:<\/p>\n<ul>\n<li>Prevenci\u00f3 i resoluci\u00f3 de conflictes a trav\u00e9s de la mediaci\u00f3;<\/li>\n<li>Participaci\u00f3 per aconseguir una ciutadania democr\u00e0tica;<\/li>\n<li>Promoci\u00f3 de conductes saludables;<\/li>\n<li>Coeducaci\u00f3;<\/li>\n<li>Qualitat (esperit cr\u00edtic, autonomia i innovaci\u00f3);<\/li>\n<li>La cultura de l\u2019esfor\u00e7.<\/li>\n<\/ul>\n<p>Pel que fa als equipaments i instal\u00b7lacions s\u00f3n els adequats per poder dur a terme la doc\u00e8ncia. La diversitat dels estudiants fa que el centre s\u2019hagi de dotar de mesures organitzatives i curriculars que tinguin en compte aquesta diversitat.<\/p>\n<p>L\u2019Institut Josep Mestres i Busquets \u00e9s un centre docent arrelat al seu entorn i context cultural amb un projecte educatiu propi centrat en l\u2019estudiant i obert a la col\u00b7lectivitat que contempla diversos grups d\u2019inter\u00e8s donant resposta a les seves necessitats i expectatives.<\/p>\n<p style=\"text-align: center;\"><iframe loading=\"lazy\" title=\"YouTube video player\" src=\"\/\/www.youtube.com\/embed\/7nFQhNBmCxM\" width=\"560\" height=\"315\" frameborder=\"0\" allowfullscreen=\"allowfullscreen\"><\/iframe><\/p>\n<p>&nbsp;<\/p>\n<p><strong>Objectius de centre<\/strong><\/p>\n<p>Alineats amb el projecte de direcci\u00f3 de centre enunciem els objectius, les estrat\u00e8gies i els indicadors associats de l\u2019Institut Josep Mestres i Busquets.<\/p>\n<p><strong>1. Millorar els resultats educatius<\/strong><\/p>\n<ul>\n<li style=\"list-style-type: none;\">\n<ul>\n<li>Millora de l\u2019acci\u00f3 tutorial i seguiment de les fam\u00edlies<\/li>\n<li>Foment d\u2019un canvi metodol\u00f2gic a trav\u00e9s de les TIC-TAC<\/li>\n<li>Aprofundir en l\u2019\u00fas de les compet\u00e8ncies b\u00e0siques.<\/li>\n<\/ul>\n<\/li>\n<\/ul>\n<p><strong>2. Millorar la cohesi\u00f3 social<\/strong><\/p>\n<ul>\n<li style=\"list-style-type: none;\">\n<ul>\n<li style=\"list-style-type: none;\">\n<ul>\n<li>Cercar l\u2019excel\u00b7l\u00e8ncia i potenciar el talent dels nostres estudiants<\/li>\n<li>Millorar la imatge de centre<\/li>\n<li>Reduir l\u2019absentisme escolar del centre<\/li>\n<li>Fomentar l\u2019aprenentatge i formaci\u00f3 de l\u2019estudiant fora de l\u2019horari escolar<\/li>\n<\/ul>\n<\/li>\n<\/ul>\n<\/li>\n<\/ul>\n<p><strong>3. Consolidar un sistema de Gesti\u00f3 \u00fanica.<\/strong><\/p>\n<ul>\n<li style=\"list-style-type: none;\">\n<ul>\n<li>Cercar l\u2019excel\u00b7l\u00e8ncia del sistema de gesti\u00f3 de qualitat<\/li>\n<li>Fomentar l\u2019\u00fas de la plataforma de gesti\u00f3 de centre<\/li>\n<li>Relacionar dades, indicadors i millora.<\/li>\n<\/ul>\n<\/li>\n<\/ul>\n<p><span style=\"text-decoration: underline;\"><strong>Organigrama<\/strong><\/span><\/p>\n<ul>\n<li>Direcci\u00f3<\/li>\n<li>Coordinacions de cicle<\/li>\n<li>Departaments (experimentals, matem\u00e0tiques, tecnologia, lleng\u00fces, m\u00fasica, visual i pl\u00e0stica, educaci\u00f3 f\u00edsica, socials, orientaci\u00f3 acad\u00e8mica,&#8230;)<\/li>\n<li>Tutories<\/li>\n<li>Consell escolar<\/li>\n<li>PAS<\/li>\n<\/ul>\n","protected":false},"excerpt":{"rendered":"<p>Un centre p\u00fablic amb estudis d\u2019ESO i tres modalitats de batxillerat<br \/>\nL\u2019Institut Josep Mestres i Busquets \u00e9s un centre p\u00fablic en el qual l\u2019alumnat pot estudiar l\u2019educaci\u00f3 secund\u00e0ria obligat\u00f2ria (ESO) i batxillerat, aquest \u00faltim en tres modalitats: arts, ci\u00e8ncies i tecnologia, i humanitats i ci\u00e8ncies socials.&hellip;  <a href=\"https:\/\/agora.xtec.cat\/institutmestres\/linstitut\/projecte-educatiu\/\" title=\"Read Projecte educatiu\">Llegeix m\u00e9s\u00bb<\/a><\/p>\n","protected":false},"author":1,"featured_media":0,"parent":19,"menu_order":0,"comment_status":"closed","ping_status":"closed","template":"page-templates\/side-menu.php","meta":{"_bbp_topic_count":0,"_bbp_reply_count":0,"_bbp_total_topic_count":0,"_bbp_total_reply_count":0,"_bbp_voice_count":0,"_bbp_anonymous_reply_count":0,"_bbp_topic_count_hidden":0,"_bbp_reply_count_hidden":0,"_bbp_forum_subforum_count":0,"footnotes":""},"class_list":["post-11105","page","type-page","status-publish","hentry"],"post_mailing_queue_ids":[],"_links":{"self":[{"href":"https:\/\/agora.xtec.cat\/institutmestres\/wp-json\/wp\/v2\/pages\/11105","targetHints":{"allow":["GET"]}}],"collection":[{"href":"https:\/\/agora.xtec.cat\/institutmestres\/wp-json\/wp\/v2\/pages"}],"about":[{"href":"https:\/\/agora.xtec.cat\/institutmestres\/wp-json\/wp\/v2\/types\/page"}],"author":[{"embeddable":true,"href":"https:\/\/agora.xtec.cat\/institutmestres\/wp-json\/wp\/v2\/users\/1"}],"replies":[{"embeddable":true,"href":"https:\/\/agora.xtec.cat\/institutmestres\/wp-json\/wp\/v2\/comments?post=11105"}],"version-history":[{"count":4,"href":"https:\/\/agora.xtec.cat\/institutmestres\/wp-json\/wp\/v2\/pages\/11105\/revisions"}],"predecessor-version":[{"id":11118,"href":"https:\/\/agora.xtec.cat\/institutmestres\/wp-json\/wp\/v2\/pages\/11105\/revisions\/11118"}],"up":[{"embeddable":true,"href":"https:\/\/agora.xtec.cat\/institutmestres\/wp-json\/wp\/v2\/pages\/19"}],"wp:attachment":[{"href":"https:\/\/agora.xtec.cat\/institutmestres\/wp-json\/wp\/v2\/media?parent=11105"}],"curies":[{"name":"wp","href":"https:\/\/api.w.org\/{rel}","templated":true}]}}