{"id":11063,"date":"2022-02-02T10:56:34","date_gmt":"2022-02-02T09:56:34","guid":{"rendered":"https:\/\/agora.xtec.cat\/institutmestres\/?page_id=11063"},"modified":"2026-02-12T10:21:53","modified_gmt":"2026-02-12T09:21:53","slug":"accio-tutorial","status":"publish","type":"page","link":"https:\/\/agora.xtec.cat\/institutmestres\/batxillerat\/accio-tutorial\/","title":{"rendered":"Acci\u00f3 tutorial"},"content":{"rendered":"<p>En tots els grups de Batxillerat es dedica 1 hora lectiva setmanal a la tutoria.<\/p>\n<p>Els objectius i activitats que es duen a terme s\u00f3n:<\/p>\n<p><strong>PRIMER:<\/strong><\/p>\n<ul>\n<li>Donar informaci\u00f3 necess\u00e0ria per comen\u00e7ar el curs<\/li>\n<li>Con\u00e8ixer els alumnes del grup i els seus objectius<\/li>\n<li>Fomentar la participaci\u00f3 de l\u2019alumnat al centre<\/li>\n<li>Con\u00e8ixer i acceptar les normes de conviv\u00e8ncia<\/li>\n<li>Reflexionar sobre l\u2019administraci\u00f3 del temps d\u2019estudi<\/li>\n<li>Reflexionar sobre el desenvolupament del curs i buscar compromisos<\/li>\n<li>Assessorar sobre t\u00e8cniques d\u2019estudi per obtenir millor rendiment acad\u00e8mic<\/li>\n<li>Proporcionar eines per cercar informaci\u00f3 acad\u00e8mica<\/li>\n<li>Con\u00e8ixer qu\u00e8 \u00e9s el treball de recerca<\/li>\n<li>Revisar propostes i tria de temes<\/li>\n<li>Cada grup t\u00e9 un delegat i subdelegat. Aquests participen a la formaci\u00f3 per delegats<\/li>\n<li>Coaching educatiu<\/li>\n<li>Amic gran<\/li>\n<\/ul>\n<p><strong>SEGON:<\/strong><\/p>\n<ul>\n<li>Donar informaci\u00f3 necess\u00e0ria per comen\u00e7ar el curs<\/li>\n<li>Planificar el curs i prendre consci\u00e8ncia de l\u2019esfor\u00e7 necessari<\/li>\n<li>Fer seguiment de l\u2019elaboraci\u00f3 del Treball de Recerca i aclarir dubtes<\/li>\n<li>Preparar l\u2019exposici\u00f3 del Treball de Recerca<\/li>\n<li>Con\u00e8ixer els estudis impartits per diferents Universitats: Universitat Pompeu Fabra, Universitat Polit\u00e8cnica de Catalunya, Universitat Aut\u00f2noma de Barcelona, Universitat de Barcelona, Universitat de Vic,\u2026<\/li>\n<li>Informar i assessorar sobre la prematr\u00edcula i matr\u00edcula de les PAU i les PAP i sobre la preinscripci\u00f3 dels cicles formatius<\/li>\n<li>Con\u00e8ixer els cicles formatius de grau superior<\/li>\n<li>Con\u00e8ixer la web Gencat i la plataforma UNPORTAL<\/li>\n<li>Cada grup t\u00e9 un delegat i subdelegat. Aquests participen a la formaci\u00f3 per delegats<\/li>\n<li>Coaching educatiu<\/li>\n<li>Amic gran<\/li>\n<\/ul>\n","protected":false},"excerpt":{"rendered":"<p>En tots els grups de Batxillerat es dedica 1 hora lectiva setmanal a la tutoria.<br \/>\nEls objectius i activitats que es duen a terme s\u00f3n:<br \/>\nPRIMER:<\/p>\n<ul>\n<li>Donar informaci\u00f3 necess\u00e0ria per comen\u00e7ar el curs<\/li>\n<li>Con\u00e8ixer els alumnes del grup i els seus objectius<\/li>\n<li>Fomentar la participaci\u00f3 de l\u2019alumnat al centre<\/li>\n<li>Con\u00e8ixer i&hellip;  <a href=\"https:\/\/agora.xtec.cat\/institutmestres\/batxillerat\/accio-tutorial\/\" title=\"Read Acci\u00f3 tutorial\">Llegeix m\u00e9s\u00bb<\/a><br \/>\n","protected":false},"author":1,"featured_media":0,"parent":11040,"menu_order":0,"comment_status":"closed","ping_status":"closed","template":"page-templates\/side-menu.php","meta":{"_bbp_topic_count":0,"_bbp_reply_count":0,"_bbp_total_topic_count":0,"_bbp_total_reply_count":0,"_bbp_voice_count":0,"_bbp_anonymous_reply_count":0,"_bbp_topic_count_hidden":0,"_bbp_reply_count_hidden":0,"_bbp_forum_subforum_count":0,"footnotes":""},"class_list":["post-11063","page","type-page","status-publish","hentry"],"post_mailing_queue_ids":[],"_links":{"self":[{"href":"https:\/\/agora.xtec.cat\/institutmestres\/wp-json\/wp\/v2\/pages\/11063","targetHints":{"allow":["GET"]}}],"collection":[{"href":"https:\/\/agora.xtec.cat\/institutmestres\/wp-json\/wp\/v2\/pages"}],"about":[{"href":"https:\/\/agora.xtec.cat\/institutmestres\/wp-json\/wp\/v2\/types\/page"}],"author":[{"embeddable":true,"href":"https:\/\/agora.xtec.cat\/institutmestres\/wp-json\/wp\/v2\/users\/1"}],"replies":[{"embeddable":true,"href":"https:\/\/agora.xtec.cat\/institutmestres\/wp-json\/wp\/v2\/comments?post=11063"}],"version-history":[{"count":2,"href":"https:\/\/agora.xtec.cat\/institutmestres\/wp-json\/wp\/v2\/pages\/11063\/revisions"}],"predecessor-version":[{"id":13292,"href":"https:\/\/agora.xtec.cat\/institutmestres\/wp-json\/wp\/v2\/pages\/11063\/revisions\/13292"}],"up":[{"embeddable":true,"href":"https:\/\/agora.xtec.cat\/institutmestres\/wp-json\/wp\/v2\/pages\/11040"}],"wp:attachment":[{"href":"https:\/\/agora.xtec.cat\/institutmestres\/wp-json\/wp\/v2\/media?parent=11063"}],"curies":[{"name":"wp","href":"https:\/\/api.w.org\/{rel}","templated":true}]}}