{"id":11040,"date":"2022-01-28T00:10:46","date_gmt":"2022-01-27T23:10:46","guid":{"rendered":"https:\/\/agora.xtec.cat\/institutmestres\/?page_id=11040"},"modified":"2023-04-24T17:52:46","modified_gmt":"2023-04-24T15:52:46","slug":"batxillerat","status":"publish","type":"page","link":"https:\/\/agora.xtec.cat\/institutmestres\/batxillerat\/","title":{"rendered":"Batxillerat"},"content":{"rendered":"<p><strong>OBJECTIUS<\/strong><\/p>\n<p>Els principis que guien la nostra actuaci\u00f3 di\u00e0ria estan recollits en el document \u201cProjecte educatiu de centre\u201d que, pel que fa al batxillerat, es poden concretar de la seg\u00fcent manera:<\/p>\n<ul>\n<li>Afavorir la maduresa intel\u00b7lectual i humana de l\u2019estudiant tot desenvolupant una capacitat m\u00e9s gran per adquirir nous sabers i habilitats.<\/li>\n<li>Facilitar a l\u2019estudiant un contacte m\u00e9s profund amb alguns components fonamentals del desenvolupament actual de la civilitzaci\u00f3 i amb els aspectes m\u00e9s rellevants del patrimoni cultural de la nostra societat.<\/li>\n<li>Iniciar a l\u2019estudiant en la metodologia i problem\u00e0tica dels diferents \u00e0mbits del saber, per tal d\u2019afavorir la construcci\u00f3 de la seva visi\u00f3 del m\u00f3n des d\u2019una base ben afermada.<\/li>\n<li>Adquirir t\u00e8cniques i procediments cognitius que permetin a l\u2019alumne l\u2019inici d\u2019estudis posteriors.<\/li>\n<li>Facilitar recursos perqu\u00e8 l\u2019estudiant canalitzi les seves prefer\u00e8ncies i capacitats amb l\u2019adequada orientaci\u00f3.<\/li>\n<\/ul>\n<p><strong>ORGANITZACI\u00d3<\/strong><\/p>\n<p>El batxillerat es distribueix en dos cursos acad\u00e8mics. El nostre centre ofereix les modalitats m\u00e9s habituals:<\/p>\n<ul>\n<li>Batxillerat cient\u00edfic i tecnol\u00f2gic<\/li>\n<li>Batxillerat humanitats i ci\u00e8ncies socials<\/li>\n<li>Batxillerat art\u00edstic<\/li>\n<\/ul>\n<p>Els estudiants cursen unes mat\u00e8ries comunes, i unes altres pr\u00f2pies de cada modalitat. Al llarg de l\u2019etapa educativa els alumnes han d\u2019elaborar el Treball de Recerca.<\/p>\n<p>El curr\u00edculum de batxillerat s\u2019extreu del <a href=\"https:\/\/web.archive.org\/web\/20160423220637\/http:\/\/www20.gencat.cat\/portal\/site\/portaldogc\/menuitem.c973d2fc58aa0083e4492d92b0c0e1a0\/?vgnextoid=485946a6e5dfe210VgnVCM1000000b0c1e0aRCRD&amp;appInstanceName=default&amp;action=fitxa&amp;documentId=507489&amp;language=ca_ES&amp;newLang=ca_ES\" target=\"_blank\" rel=\"noopener\">decret 142\/2008, de 15 de juliol<\/a>, pel qual s\u2019estableix l\u2019ordenaci\u00f3 dels ensenyaments del batxillerat.<\/p>\n<p><strong>TREBALL DE RECERCA<\/strong><\/p>\n<p>El treball de recerca \u00e9s un dels trets m\u00e9s caracter\u00edstics del batxillerat. Est\u00e0 constitu\u00eft per un conjunt d\u2019activitats acomplertes per l\u2019estudiant, estructurades i orientades a la investigaci\u00f3 sobre un tema triat per ell mateix.<\/p>\n<p>Durant la realitzaci\u00f3 d\u2019aquest treball, l\u2019estudiant ha de posar en pr\u00e0ctica tots aquells coneixements, procediments i t\u00e8cniques apresos en el decurs dels dos anys de batxillerat i mostrar un cert grau d\u2019autonomia en el seu treball.<\/p>\n<p>&nbsp;<\/p>\n","protected":false},"excerpt":{"rendered":"<p>OBJECTIUS<br \/>\nEls principis que guien la nostra actuaci\u00f3 di\u00e0ria estan recollits en el document \u201cProjecte educatiu de centre\u201d que, pel que fa al batxillerat, es poden concretar de la seg\u00fcent manera:<\/p>\n<ul>\n<li>Afavorir la maduresa intel\u00b7lectual i humana de l\u2019estudiant tot desenvolupant una capacitat m\u00e9s gran per adquirir&hellip;  <a href=\"https:\/\/agora.xtec.cat\/institutmestres\/batxillerat\/\" title=\"Read Batxillerat\">Llegeix m\u00e9s\u00bb<\/a><br \/>\n","protected":false},"author":1,"featured_media":0,"parent":0,"menu_order":0,"comment_status":"closed","ping_status":"closed","template":"","meta":{"_bbp_topic_count":0,"_bbp_reply_count":0,"_bbp_total_topic_count":0,"_bbp_total_reply_count":0,"_bbp_voice_count":0,"_bbp_anonymous_reply_count":0,"_bbp_topic_count_hidden":0,"_bbp_reply_count_hidden":0,"_bbp_forum_subforum_count":0,"footnotes":""},"class_list":["post-11040","page","type-page","status-publish","hentry"],"post_mailing_queue_ids":[],"_links":{"self":[{"href":"https:\/\/agora.xtec.cat\/institutmestres\/wp-json\/wp\/v2\/pages\/11040","targetHints":{"allow":["GET"]}}],"collection":[{"href":"https:\/\/agora.xtec.cat\/institutmestres\/wp-json\/wp\/v2\/pages"}],"about":[{"href":"https:\/\/agora.xtec.cat\/institutmestres\/wp-json\/wp\/v2\/types\/page"}],"author":[{"embeddable":true,"href":"https:\/\/agora.xtec.cat\/institutmestres\/wp-json\/wp\/v2\/users\/1"}],"replies":[{"embeddable":true,"href":"https:\/\/agora.xtec.cat\/institutmestres\/wp-json\/wp\/v2\/comments?post=11040"}],"version-history":[{"count":4,"href":"https:\/\/agora.xtec.cat\/institutmestres\/wp-json\/wp\/v2\/pages\/11040\/revisions"}],"predecessor-version":[{"id":12196,"href":"https:\/\/agora.xtec.cat\/institutmestres\/wp-json\/wp\/v2\/pages\/11040\/revisions\/12196"}],"wp:attachment":[{"href":"https:\/\/agora.xtec.cat\/institutmestres\/wp-json\/wp\/v2\/media?parent=11040"}],"curies":[{"name":"wp","href":"https:\/\/api.w.org\/{rel}","templated":true}]}}