{"id":11001,"date":"2022-01-27T22:59:47","date_gmt":"2022-01-27T21:59:47","guid":{"rendered":"https:\/\/agora.xtec.cat\/institutmestres\/?page_id=11001"},"modified":"2024-01-31T08:38:33","modified_gmt":"2024-01-31T07:38:33","slug":"quisom","status":"publish","type":"page","link":"https:\/\/agora.xtec.cat\/institutmestres\/ampa\/quisom\/","title":{"rendered":"Qui som?"},"content":{"rendered":"<p>Voldr\u00edem donar la benvinguda a les noves fam\u00edlies i alumnes que han comen\u00e7at el curs al nostre institut, aix\u00ed com saludar cordialment a les fam\u00edlies que un any m\u00e9s estan aqu\u00ed. Una salutaci\u00f3 tamb\u00e9 als docents i personal no docent que participen en l\u2019educaci\u00f3 dels nostres fills.<\/p>\n<p>Aquest curs l\u2019AMPA ha renovat els seus membres i comen\u00e7a aquesta tasca amb il\u00b7lusi\u00f3 i entusiasme. La intenci\u00f3 d\u2019aquest escrit \u00e9s fer arribar informaci\u00f3 de l\u2019AMPA a les fam\u00edlies.<\/p>\n<p><strong>Qui som?<\/strong><\/p>\n<p>En primer lloc, volem agrair un cop m\u00e9s a les fam\u00edlies la seva col\u00b7laboraci\u00f3, tant pel que respecta a la seva voluntat de formar part de la nostra Associaci\u00f3, com per l\u2019ajut que molts de vosaltres ens feu en moments puntuals (festes, \u2026).<\/p>\n<p>Tots som conscients de la import\u00e0ncia de comptar amb una AMPA al centre on els nostres fills estudien. Aquesta import\u00e0ncia es veu incrementada quan comencen l\u2019Institut, tant per les novetats educatives amb qu\u00e8 s\u2019enfronten com pels \u201cpetits problemes\u201d associats amb aquesta edat que es poden trobar. Volem recordar-vos que, m\u00e9s enll\u00e0 d\u2019organitzar actes, l\u2019AMPA tamb\u00e9 est\u00e0 per atendre les necessitats de les fam\u00edlies i servir d\u2019interlocutor amb l\u2019equip directiu amb la seva pres\u00e8ncia al Consell Escolar.<\/p>\n<p>Dit aix\u00f2, nom\u00e9s ens queda recordar-vos que l<em>a feina a fer \u00e9s molta i animar les fam\u00edlies a participar d\u2019una manera activa i\/o econ\u00f2mica<\/em> per tal d\u2019assolir els objectius que ens proposem.<\/p>\n<p><strong>Per qu\u00e8 ho fem?<\/strong><\/p>\n<ul>\n<li>Perqu\u00e8 una AMPA activa i organitzada millora la qualitat del seu centre educatiu.<\/li>\n<li>Perqu\u00e8 \u00e9s una oportunitat per a participar en l\u2019educaci\u00f3 dels nostres fills.<\/li>\n<li>Perqu\u00e8 volem continuar creixent, treballant, apostant per activitats i accions que repercuteixin en positiu en els estudiants.<\/li>\n<\/ul>\n<p><strong>Qu\u00e8 fem?<\/strong><strong><br \/>\n<\/strong>Promovem la participaci\u00f3 de les fam\u00edlies i col\u00b7laborem amb les activitats que es porten a terme en l\u2019institut sent un punt de comunicaci\u00f3 entre les fam\u00edlies i la Direcci\u00f3 del centre.<\/p>\n<p>Col\u00b7laborem amb la direcci\u00f3 del centre en activitats culturals i premis per als estudiants.<\/p>\n<ul>\n<li style=\"list-style-type: none;\">\n<ul>\n<li><strong>HALLOWEEN (premi a la millor classe per nivell)<\/strong><\/li>\n<li><strong>PREMI AL NOU LOGO DE L\u2019AMPA<\/strong><\/li>\n<li><strong>RECOLLIDA SOLID\u00c0RIA DE NADAL<\/strong><\/li>\n<li><strong>L&#8217;ASSASS\u00cd DE LA PASTANAGA<\/strong><\/li>\n<li><strong>DIA DE LA DONA+<\/strong><\/li>\n<li><strong>PREMIS LITERARIS SANT JORDI<\/strong><\/li>\n<li><strong>GRADUACIONS<\/strong><\/li>\n<\/ul>\n<\/li>\n<\/ul>\n<p>&nbsp;<\/p>\n<ul>\n<li>Organitzem i financem la graduaci\u00f3 dels alumnes de 4t d\u2019ESO i 2n de Batxillerat.<\/li>\n<li>Participem en el Consell Escolar.<\/li>\n<li>Gestionem l\u2019autocar no obligatori de batxillerat.<\/li>\n<li>Elaborem Projectes per participar en les subvencions de l\u2019Ajuntament de Viladecans<\/li>\n<li>Subvencionem la compra de llibres de lectura com a premis de Sant Jordi.<\/li>\n<li>Subvencionem material per a la millora del centre, per aquest curs comprarem taules amb bancs de fusta pel rac\u00f3 del pati de lectura.<\/li>\n<li>Informem a les fam\u00edlies de formacions i\/o xerrades interessants per l\u2019educaci\u00f3 dels nostres fills i filles.<\/li>\n<li>Gestionem de l\u2019Instagram: afamestresibusquets<\/li>\n<li>Promovem la compra dels llibres de text i llic\u00e8ncies digitals amb l\u2019empresa IDDINK.<\/li>\n<li>Promovem les formacions de l\u2019aFFaC adre\u00e7ades a les fam\u00edlies s\u00f2cies.<\/li>\n<\/ul>\n<h3><strong>Junta directiva<\/strong><\/h3>\n<p><strong>Presidenta:<\/strong> Gl\u00f2ria Reina Montserrat<br \/>\n<strong>Secretaria:<\/strong> Montserrat Campoy Navarro<br \/>\n<strong>Tresorera:<\/strong> S\u00edlvia Gonz\u00e1lez Gonz\u00e1lez<br \/>\n<strong>Vocals: <\/strong>Gl\u00f2ria Priego Luque, Esther Vall\u00e8s Gutierrez, Montserrat Bonet Marc\u00e9, Anna Querol Claramunt, Sandra Baja\u00f1a Neira<\/p>\n<p>Com hi podeu col\u00b7laborar?<\/p>\n<p>Caldr\u00e0 que ompliu el <a href=\"https:\/\/forms.gle\/xfcf43pDPLoohU987\">formulari<\/a> i fer el pagament en una \u00fanica quota de <strong>20 \u20ac<\/strong> per fam\u00edlia (no per estudiant), mitjan\u00e7ant ingr\u00e9s o transfer\u00e8ncia al compte seg\u00fcent:<\/p>\n<p><strong>Banc Sabadell ES2100811825360001039514<\/strong><\/p>\n<p>Tamb\u00e9 podeu fer el pagament en efectiu a l\u2019AMPA acordant pr\u00e8viament dia i hora per correu electr\u00f2nic.<\/p>\n<p>Aquest any com a novetat, les fam\u00edlies tamb\u00e9 us podeu fer s\u00f2cies mitjan\u00e7ant l\u2019empresa IDDINK. En aquest cas, tamb\u00e9 cal omplir el <a href=\"https:\/\/forms.gle\/ZcBBZcC1qiTWssT8A\">formulari.<\/a><\/p>\n<p>Per qualsevol dubte, us podeu posar en contacte amb nosaltres:<\/p>\n<p>ampa@institutmestres.com<\/p>\n<p>Gr\u00e0cies per la vostra col\u00b7laboraci\u00f3.<\/p>\n<p>LA JUNTA DE L\u2019AMPA<\/p>\n<p><a href=\"mailto:ampa@institutmestres.com\">ampa@institutmestres.com<\/a><\/p>\n<p>Instagram: afamestresibusquets<\/p>\n<p>&nbsp;<\/p>\n","protected":false},"excerpt":{"rendered":"<p>Voldr\u00edem donar la benvinguda a les noves fam\u00edlies i alumnes que han comen\u00e7at el curs al nostre institut, aix\u00ed com saludar cordialment a les fam\u00edlies que un any m\u00e9s estan aqu\u00ed. Una salutaci\u00f3 tamb\u00e9 als docents i personal no docent que participen en l\u2019educaci\u00f3 dels&hellip;  <a href=\"https:\/\/agora.xtec.cat\/institutmestres\/ampa\/quisom\/\" title=\"Read Qui som?\">Llegeix m\u00e9s\u00bb<\/a><\/p>\n","protected":false},"author":1,"featured_media":0,"parent":11808,"menu_order":10,"comment_status":"closed","ping_status":"closed","template":"page-templates\/side-menu.php","meta":{"_bbp_topic_count":0,"_bbp_reply_count":0,"_bbp_total_topic_count":0,"_bbp_total_reply_count":0,"_bbp_voice_count":0,"_bbp_anonymous_reply_count":0,"_bbp_topic_count_hidden":0,"_bbp_reply_count_hidden":0,"_bbp_forum_subforum_count":0,"footnotes":""},"class_list":["post-11001","page","type-page","status-publish","hentry"],"post_mailing_queue_ids":[],"_links":{"self":[{"href":"https:\/\/agora.xtec.cat\/institutmestres\/wp-json\/wp\/v2\/pages\/11001","targetHints":{"allow":["GET"]}}],"collection":[{"href":"https:\/\/agora.xtec.cat\/institutmestres\/wp-json\/wp\/v2\/pages"}],"about":[{"href":"https:\/\/agora.xtec.cat\/institutmestres\/wp-json\/wp\/v2\/types\/page"}],"author":[{"embeddable":true,"href":"https:\/\/agora.xtec.cat\/institutmestres\/wp-json\/wp\/v2\/users\/1"}],"replies":[{"embeddable":true,"href":"https:\/\/agora.xtec.cat\/institutmestres\/wp-json\/wp\/v2\/comments?post=11001"}],"version-history":[{"count":7,"href":"https:\/\/agora.xtec.cat\/institutmestres\/wp-json\/wp\/v2\/pages\/11001\/revisions"}],"predecessor-version":[{"id":12591,"href":"https:\/\/agora.xtec.cat\/institutmestres\/wp-json\/wp\/v2\/pages\/11001\/revisions\/12591"}],"up":[{"embeddable":true,"href":"https:\/\/agora.xtec.cat\/institutmestres\/wp-json\/wp\/v2\/pages\/11808"}],"wp:attachment":[{"href":"https:\/\/agora.xtec.cat\/institutmestres\/wp-json\/wp\/v2\/media?parent=11001"}],"curies":[{"name":"wp","href":"https:\/\/api.w.org\/{rel}","templated":true}]}}