{"id":10602,"date":"2020-11-27T11:50:11","date_gmt":"2020-11-27T10:50:11","guid":{"rendered":"https:\/\/agora.xtec.cat\/institutmestres\/?page_id=10602"},"modified":"2022-02-22T20:16:09","modified_gmt":"2022-02-22T19:16:09","slug":"programa-si-programa-de-salut-integral","status":"publish","type":"page","link":"https:\/\/agora.xtec.cat\/institutmestres\/programes-i-projectes\/programa-si-programa-de-salut-integral\/","title":{"rendered":"Programa de Salut Integral (SI)"},"content":{"rendered":"<div class=\"cbp-container\">\n<div class=\"one whole double-padded\">\n<div id=\"rt-transition\">\n<div id=\"rt-mainbody-surround\">\n<div class=\"rt-container\">\n<div id=\"rt-main\" class=\"mb12\">\n<div class=\"rt-container\">\n<div class=\"rt-grid-12 \">\n<div class=\"rt-block\">\n<div id=\"rt-mainbody\">\n<div class=\"component-content\">\n<article class=\"item-page\">\n<p style=\"text-align: justify;\"><span style=\"color: #ff0000;\"><strong>Presentaci\u00f3<\/strong><\/span><\/p>\n<p style=\"text-align: justify;\">El nostre centre participa des del curs 2017-2018 al Programa SI! (de salut integral), promogut per la Fundaci\u00f3 SHE (Sciencem, Health and Education), presidida pel Dr. Valent\u00ed Fuster. \u00c9s un programa d&#8217;intervenci\u00f3 als centres educatius i a l&#8217;entorn familiar, amb la finalitat de millorar la salut cardiovascular gr\u00e0cies a l&#8217;adquisici\u00f3 i al manteniment de comportaments saludables.<a href=\"https:\/\/agora.xtec.cat\/institutmestres\/wp-content\/uploads\/usu2085\/2020\/11\/programa-salut-integral.jpg\"><img loading=\"lazy\" decoding=\"async\" class=\"size-full wp-image-10600 alignright\" src=\"https:\/\/agora.xtec.cat\/institutmestres\/wp-content\/uploads\/usu2085\/2020\/11\/programa-salut-integral.jpg\" alt=\"\" width=\"300\" height=\"146\" \/><\/a><\/p>\n<p style=\"text-align: justify;\">Els\u00a0<strong>objectius<\/strong> del programa s\u00f3n:<\/p>\n<ul style=\"text-align: justify;\">\n<li>Promoure l&#8217;alimentaci\u00f3 saludable.<\/li>\n<li>Promoure l&#8217;acceptaci\u00f3 del mateix cos.<\/li>\n<li>Augmentar els factors protectors enfront de les addiccions (tabac, alcohol i drogues).<\/li>\n<\/ul>\n<p style=\"text-align: justify;\"><span style=\"font-family: inherit; font-size: 1em;\">Es du a terme una intervenci\u00f3 a quatre nivells: aula, professors, ambient escolar i familiar.<\/span><\/p>\n<p>&nbsp;<\/p>\n<p style=\"text-align: justify;\"><span style=\"color: #ff0000;\"><strong>Intervenci\u00f3 a l\u2019aula<\/strong><\/span><\/p>\n<p style=\"text-align: justify;\">Els objectius de salut del programa es transformen en objectius did\u00e0ctics que es treballen a l\u2019aula de manera transversal i a diferents mat\u00e8ries: ci\u00e8ncies, educaci\u00f3 f\u00edsica i tutoria.<\/p>\n<p style=\"text-align: justify;\">Cada curs suposa al voltant de 12 o 14 hores de treball a l\u2019aula, que es desenvolupen al llarg de tres\u00a0<em>unitats did\u00e0ctiques<\/em>, amb metodologies actives i participatives. Aquest treball a l\u2019aula s\u2019acompanya d\u2019una\u00a0<em>ludificaci\u00f3<\/em> amb una plataforma virtual, dissenyada a fi que l\u2019alumnat pugui fer un seguiment de l\u2019activitat f\u00edsica que du a terme. A m\u00e9s, hi ha un sistema de recompenses que gestiona els professors, com a estrat\u00e8gia de refor\u00e7 i un llibre d\u2019aventures perqu\u00e8 els estudiants pugui consolidar el seu aprenentatge.<\/p>\n<p style=\"text-align: justify;\"><span style=\"color: #ff0000;\"><strong>Intervenci\u00f3 amb el professorat<\/strong><\/span><\/p>\n<p style=\"text-align: justify;\">Un professor es designa com el coordinador de salut, i \u00e9s \u00a0l&#8217;encarregat d\u2019impulsar la promoci\u00f3 de la salut cardiovascular al centre. Rep, junts amb altres professors encarregats d\u2019implementar el programa al centre, la \u00a0formaci\u00f3 adient per aplicar les activitats de l\u2019aula i\u00a0 la ludificaci\u00f3.<\/p>\n<p style=\"text-align: justify;\"><span style=\"color: #ff0000;\"><strong>Intervenci\u00f3 en l\u2019ambient escolar<\/strong><\/span><\/p>\n<p style=\"text-align: justify;\">Cada curs escolar, se celebra la <strong><em>Jornada\u00a0 de la salut<\/em><\/strong>, durant la qual el coordinador de salut i la resta de docents i directius treballen\u00a0 conjuntament en la programaci\u00f3 d\u2019activitats i tallers relacionats amb els quatre objectius de salut, tot afavorint la implicaci\u00f3 activa dels professors, dels estudiants i de les fam\u00edlies.<\/p>\n<p style=\"text-align: justify;\"><span style=\"color: #ff0000;\"><strong>Intervenci\u00f3 en l\u2019entorn familiar<\/strong><\/span><\/p>\n<p style=\"text-align: justify;\">Es facilita a les fam\u00edlies\u00a0<em>newsletter<\/em>\u00a0amb informaci\u00f3 sobre h\u00e0bits saludables.<\/p>\n<p style=\"text-align: justify;\"><span style=\"color: #ff0000;\"><strong>Avaluaci\u00f3 cient\u00edfica del programa de salut<\/strong><\/span><\/p>\n<p style=\"text-align: justify;\">Per tal de determinar l\u2019impacte de la intervenci\u00f3 del Programa SI! de secund\u00e0ria en els estudiants, el seu nucli familiar i en l\u2019ambient escolar, la Fundaci\u00f3 SHE, juntament amb el Centre Nacional d\u2019Investigacions Cardiovasculars (CNIC) i la Universitat de Barcelona (UB), ha dissenyat un estudi aleatoritzat per avaluar els efectes de la intervenci\u00f3 pel que fa a l\u2019adquisici\u00f3 de coneixements, modificaci\u00f3 d\u2019actituds o d\u2019h\u00e0bits i en indicadors de salut dels estudiants.<\/p>\n<p style=\"text-align: justify;\">El nostre centre \u00e9s un institut d\u2019intervenci\u00f3 llarga, des de 1r a 4t d\u2019ESO. Els participants seran avaluats al principi de l\u2019estudi (a 1r d\u2019ESO), als 2 anys (a final de 2n d\u2019ESO) i als 4 anys (a final de 4t d\u2019ESO).<\/p>\n<p style=\"text-align: justify;\">Tamb\u00e9 s\u2019ha plantejat un seguiment per quan els estudiants tinguin 20 anys per avaluar el manteniment dels par\u00e0metres de salut cardiovascular en l\u2019edat adulta.<\/p>\n<p style=\"text-align: justify;\">Els <strong>objectius<\/strong> de l\u2019avaluaci\u00f3 s\u00f3n:<\/p>\n<ul style=\"text-align: justify;\">\n<li>Estudiar si el Programa SI! millora els coneixements, actituds i h\u00e0bits dels estudiants amb relaci\u00f3 a la dieta, l\u2019activitat f\u00edsica i el consum de tabac.<\/li>\n<li>Estudiar si el Programa SI! millora els h\u00e0bits i coneixements de salut cardiovascular en les fam\u00edlies.<\/li>\n<li>Estudiar si el Programa SI! millora l\u2019ambient escolar en relaci\u00f3 amb els h\u00e0bits saludables.<\/li>\n<li>Avaluar si es produeixen canvis en indicadors de salut cardiovascular en els estudiants.<\/li>\n<\/ul>\n<p style=\"text-align: justify;\">Per fer possible aquesta avaluaci\u00f3 es recopilen \u00a0dades mitjan\u00e7ant uns q\u00fcestionaris dirigits a les fam\u00edlies participants, als centres d\u2019intervenci\u00f3 i de control, aix\u00ed com la realitzaci\u00f3 de q\u00fcestionaris i mesuraments d\u2019antropometria, pressi\u00f3 arterial i activitat f\u00edsica mitjan\u00e7ant acceler\u00f2metres i par\u00e0metres bioqu\u00edmics en els estudiants.<\/p>\n<p style=\"text-align: justify;\">A m\u00e9s, una submostra del 50 % dels participants tindr\u00e0 la possibilitat d\u2019obtenir dades sobre la distribuci\u00f3 de greix corporal mitjan\u00e7ant la prova DEXA. L\u2019acceptaci\u00f3 de participar en aquest estudi no obliga a fer aquesta prova, que ser\u00e0 de car\u00e0cter opcional.<\/p>\n<p style=\"text-align: justify;\">Tots els mesuraments es faran amb autoritzaci\u00f3 pr\u00e8via mitjan\u00e7ant un consentiment informat amb tota la informaci\u00f3 detallada. En el cas dels estudiants, tamb\u00e9 es requerir\u00e0 l\u2019autoritzaci\u00f3 de les seves fam\u00edlies.<\/p>\n<\/article>\n<\/div>\n<\/div>\n<\/div>\n<div class=\"rt-block\">\n<div id=\"rt-mainbody\">\n<div class=\"component-content\">\n<article class=\"item-page\"><span style=\"color: #ff0000;\"><strong>M\u00e9s informaci\u00f3<\/strong><\/span><\/article>\n<\/div>\n<\/div>\n<\/div>\n<p style=\"text-align: justify;\"><a href=\"https:\/\/agora.xtec.cat\/institutmestres\/wp-content\/uploads\/usu2085\/2020\/11\/Reunio_informativa_programaSI.pdf\">Reuni\u00f3 informativa Programa SI per a fam\u00edlies.<\/a><\/p>\n<\/div>\n<\/div>\n<\/div>\n<\/div>\n<p class=\"clear\" style=\"text-align: justify;\">Podeu visitar la\u00a0<a href=\"https:\/\/www.programasi.org\/\" target=\"_blank\" rel=\"noopener noreferrer\">p\u00e0gina web<\/a>\u00a0per a m\u00e9s informaci\u00f3.<\/p>\n<\/div>\n<\/div>\n<\/div>\n<\/div>\n<footer id=\"rt-footer-surround\">\n<div id=\"rt-footer\" style=\"text-align: justify;\"><\/div>\n<\/footer>\n","protected":false},"excerpt":{"rendered":"<p>Presentaci\u00f3<br \/>\nEl nostre centre participa des del curs 2017-2018 al Programa SI! (de salut integral), promogut per la Fundaci\u00f3 SHE (Sciencem, Health and Education), presidida pel Dr. Valent\u00ed Fuster. \u00c9s un programa d&#8217;intervenci\u00f3 als centres educatius i a l&#8217;entorn familiar, amb la finalitat de millorar la&hellip;  <a href=\"https:\/\/agora.xtec.cat\/institutmestres\/programes-i-projectes\/programa-si-programa-de-salut-integral\/\" title=\"Read Programa de Salut Integral (SI)\">Llegeix m\u00e9s\u00bb<\/a><\/p>\n","protected":false},"author":1,"featured_media":0,"parent":10195,"menu_order":5,"comment_status":"closed","ping_status":"closed","template":"page-templates\/side-menu.php","meta":{"_bbp_topic_count":0,"_bbp_reply_count":0,"_bbp_total_topic_count":0,"_bbp_total_reply_count":0,"_bbp_voice_count":0,"_bbp_anonymous_reply_count":0,"_bbp_topic_count_hidden":0,"_bbp_reply_count_hidden":0,"_bbp_forum_subforum_count":0,"footnotes":""},"class_list":["post-10602","page","type-page","status-publish","hentry"],"post_mailing_queue_ids":[],"_links":{"self":[{"href":"https:\/\/agora.xtec.cat\/institutmestres\/wp-json\/wp\/v2\/pages\/10602","targetHints":{"allow":["GET"]}}],"collection":[{"href":"https:\/\/agora.xtec.cat\/institutmestres\/wp-json\/wp\/v2\/pages"}],"about":[{"href":"https:\/\/agora.xtec.cat\/institutmestres\/wp-json\/wp\/v2\/types\/page"}],"author":[{"embeddable":true,"href":"https:\/\/agora.xtec.cat\/institutmestres\/wp-json\/wp\/v2\/users\/1"}],"replies":[{"embeddable":true,"href":"https:\/\/agora.xtec.cat\/institutmestres\/wp-json\/wp\/v2\/comments?post=10602"}],"version-history":[{"count":3,"href":"https:\/\/agora.xtec.cat\/institutmestres\/wp-json\/wp\/v2\/pages\/10602\/revisions"}],"predecessor-version":[{"id":11352,"href":"https:\/\/agora.xtec.cat\/institutmestres\/wp-json\/wp\/v2\/pages\/10602\/revisions\/11352"}],"up":[{"embeddable":true,"href":"https:\/\/agora.xtec.cat\/institutmestres\/wp-json\/wp\/v2\/pages\/10195"}],"wp:attachment":[{"href":"https:\/\/agora.xtec.cat\/institutmestres\/wp-json\/wp\/v2\/media?parent=10602"}],"curies":[{"name":"wp","href":"https:\/\/api.w.org\/{rel}","templated":true}]}}