{"id":10585,"date":"2020-11-27T11:11:22","date_gmt":"2020-11-27T10:11:22","guid":{"rendered":"https:\/\/agora.xtec.cat\/institutmestres\/?page_id=10585"},"modified":"2022-02-22T19:02:45","modified_gmt":"2022-02-22T18:02:45","slug":"cotutoritzacio-tr-2","status":"publish","type":"page","link":"https:\/\/agora.xtec.cat\/institutmestres\/batxillerat\/cotutoritzacio-tr-2\/","title":{"rendered":"Cotutoritzaci\u00f3 TR"},"content":{"rendered":"<p style=\"text-align: justify;\">Aquest projecte s\u2019emmarca en un acord de col\u00b7laboraci\u00f3 entre diferents empreses del nostre municipi, els centres de secund\u00e0ria de Viladecans i el mateix ajuntament de Viladecans, on es vol aconseguir una millor implicaci\u00f3 entre el m\u00f3n educatiu i el m\u00f3n empresarial, mitjan\u00e7ant la <strong>cotutoritzaci\u00f3 dels treballs<\/strong>\u00a0de recerca.<a href=\"https:\/\/agora.xtec.cat\/institutmestres\/wp-content\/uploads\/usu2085\/2020\/11\/cotutoritzaci\u00f3-TR.jpg\"><img loading=\"lazy\" decoding=\"async\" class=\"size-full wp-image-10559 alignright\" src=\"https:\/\/agora.xtec.cat\/institutmestres\/wp-content\/uploads\/usu2085\/2020\/11\/cotutoritzaci\u00f3-TR.jpg\" alt=\"\" width=\"235\" height=\"150\" \/><\/a><\/p>\n<p style=\"text-align: justify;\">El treball de recerca que es realitza durant els dos cursos de batxillerat \u00e9s un exercici que qualifica als estudiants en diferents aspectes, com ara: grau de maduresa pel que fa a la seva iniciativa, ordre, rigor, const\u00e0ncia en el desenvolupament d\u2019una tasca i capacitat per rec\u00f3rrer a les fonts d\u2019informaci\u00f3 m\u00e9s adients al treball que est\u00e0 realitzant.<\/p>\n<p style=\"text-align: justify;\">El projecte \u00e9s molt interessant i valu\u00f3s pels alumnes implicats en el projecte. Poder comptar amb l\u2019ajuda d\u2019un professional que et proporcioni eines diverses, propostes originals per tractar el tema a investigar i que t\u2019aporti els seus coneixements de la mat\u00e8ria, \u00e9s una gran ajuda.<\/p>\n<p style=\"text-align: justify;\">Aquests s\u00f3n els treballs de recerca impulsats pels estudiants del nostre centre amb el suport de les empreses en el <strong>curs 2014-15:<\/strong><\/p>\n<ul style=\"text-align: justify;\">\n<li>Organitzaci\u00f3 d\u2019una empresa esportiva. Institut Josep Mestres i Busquets \u2013 \u00c0ccura<\/li>\n<li>Identitat corporativa i arquitectura d\u2019un festival de m\u00fasica. Institut Josep Mestres i Busquets \u2013 La Pinza<\/li>\n<\/ul>\n<p style=\"text-align: justify;\"><strong>Curs 2015-16:<\/strong><\/p>\n<ul style=\"text-align: justify;\">\n<li>Economia (estalvi energ\u00e8tic i com invertir-lo en activitats p\u00fabliques, socials o mediambientals). Institut Josep Mestres i Busquets \u2013 Cl\u00faster d\u2019estalvi energ\u00e8tic<\/li>\n<li>Bomba de buit (empresa de refrigeraci\u00f3). Institut Josep Mestres i Busquets \u2013 CERC<\/li>\n<\/ul>\n<p style=\"text-align: justify;\"><strong>Curs 2016-17:<\/strong><\/p>\n<ul style=\"text-align: justify;\">\n<li>Producci\u00f3 d\u2019una animaci\u00f3 en ordinador.\u2013 La Pinza<\/li>\n<\/ul>\n<p style=\"text-align: justify;\"><strong>Curs 2017-18:<\/strong><\/p>\n<ul style=\"text-align: justify;\">\n<li>Bacteris i antibi\u00f2tics.- Hospital de Viladecans<\/li>\n<\/ul>\n<p style=\"text-align: justify;\">Per a m\u00e9s informaci\u00f3 podeu consultar el\u00a0<a href=\"http:\/\/www.viladecans.cat\/ca\/cotutoritzacio-dels-treballs-de-recerca\" target=\"_blank\" rel=\"noopener noreferrer\">seg\u00fcent enlla\u00e7<\/a>.<\/p>\n","protected":false},"excerpt":{"rendered":"<p>Aquest projecte s\u2019emmarca en un acord de col\u00b7laboraci\u00f3 entre diferents empreses del nostre municipi, els centres de secund\u00e0ria de Viladecans i el mateix ajuntament de Viladecans, on es vol aconseguir una millor implicaci\u00f3 entre el m\u00f3n educatiu i el m\u00f3n empresarial, mitjan\u00e7ant la cotutoritzaci\u00f3 dels&hellip;  <a href=\"https:\/\/agora.xtec.cat\/institutmestres\/batxillerat\/cotutoritzacio-tr-2\/\" title=\"Read Cotutoritzaci\u00f3 TR\">Llegeix m\u00e9s\u00bb<\/a><\/p>\n","protected":false},"author":1,"featured_media":0,"parent":11040,"menu_order":0,"comment_status":"closed","ping_status":"closed","template":"","meta":{"_bbp_topic_count":0,"_bbp_reply_count":0,"_bbp_total_topic_count":0,"_bbp_total_reply_count":0,"_bbp_voice_count":0,"_bbp_anonymous_reply_count":0,"_bbp_topic_count_hidden":0,"_bbp_reply_count_hidden":0,"_bbp_forum_subforum_count":0,"footnotes":""},"class_list":["post-10585","page","type-page","status-publish","hentry"],"post_mailing_queue_ids":[],"_links":{"self":[{"href":"https:\/\/agora.xtec.cat\/institutmestres\/wp-json\/wp\/v2\/pages\/10585","targetHints":{"allow":["GET"]}}],"collection":[{"href":"https:\/\/agora.xtec.cat\/institutmestres\/wp-json\/wp\/v2\/pages"}],"about":[{"href":"https:\/\/agora.xtec.cat\/institutmestres\/wp-json\/wp\/v2\/types\/page"}],"author":[{"embeddable":true,"href":"https:\/\/agora.xtec.cat\/institutmestres\/wp-json\/wp\/v2\/users\/1"}],"replies":[{"embeddable":true,"href":"https:\/\/agora.xtec.cat\/institutmestres\/wp-json\/wp\/v2\/comments?post=10585"}],"version-history":[{"count":2,"href":"https:\/\/agora.xtec.cat\/institutmestres\/wp-json\/wp\/v2\/pages\/10585\/revisions"}],"predecessor-version":[{"id":11334,"href":"https:\/\/agora.xtec.cat\/institutmestres\/wp-json\/wp\/v2\/pages\/10585\/revisions\/11334"}],"up":[{"embeddable":true,"href":"https:\/\/agora.xtec.cat\/institutmestres\/wp-json\/wp\/v2\/pages\/11040"}],"wp:attachment":[{"href":"https:\/\/agora.xtec.cat\/institutmestres\/wp-json\/wp\/v2\/media?parent=10585"}],"curies":[{"name":"wp","href":"https:\/\/api.w.org\/{rel}","templated":true}]}}