{"id":10568,"date":"2020-11-25T11:35:18","date_gmt":"2020-11-25T10:35:18","guid":{"rendered":"https:\/\/agora.xtec.cat\/institutmestres\/?page_id=10568"},"modified":"2022-02-22T19:46:35","modified_gmt":"2022-02-22T18:46:35","slug":"tutoria-entre-iguals-2","status":"publish","type":"page","link":"https:\/\/agora.xtec.cat\/institutmestres\/programes-i-projectes\/ambit-personal-i-social\/tutoria-entre-iguals-2\/","title":{"rendered":"Tutoria entre iguals"},"content":{"rendered":"<p style=\"text-align: justify;\"><span style=\"color: #ff0000;\"><strong>Presentaci\u00f3<a href=\"https:\/\/agora.xtec.cat\/institutmestres\/wp-content\/uploads\/usu2085\/2020\/11\/tutoria-entre-iguals.jpg\"><img loading=\"lazy\" decoding=\"async\" class=\" wp-image-10563 alignright\" src=\"https:\/\/agora.xtec.cat\/institutmestres\/wp-content\/uploads\/usu2085\/2020\/11\/tutoria-entre-iguals.jpg\" alt=\"\" width=\"271\" height=\"173\" \/><\/a><\/strong><\/span><\/p>\n<p style=\"text-align: justify;\">Aquest projecte, incl\u00f2s en el Projecte d&#8217;Acci\u00f3 Tutorial (PAT) del centre, forma part de l\u2019acolliment de l\u2019alumnat, ja que fa refer\u00e8ncia als criteris d\u2019integraci\u00f3 i socialitzaci\u00f3. Considerem una part de l\u2019acolliment la tutoria entre iguals, en aquest cas, l\u2019acompanyament d\u2019un noi o una noia de recent incorporaci\u00f3 al centre per un o una altra m\u00e9s gran.<\/p>\n<p style=\"text-align: justify;\">Optem per fer\u00a0 aquest projecte per dues raons:<\/p>\n<ol style=\"text-align: justify;\">\n<li>Hem observat que cada curs hi ha una part de l\u2019alumnat de primer amb dificultats\u00a0 d\u2019adaptaci\u00f3 a l\u2019Institut o de relaci\u00f3 amb els companys associades,\u00a0 en algun cas, a comportaments disruptius.<\/li>\n<li>Hem constatat que les tutories entre iguals han tingut resultats positius quan d\u2019una manera m\u00e9s informal i puntual des de la Comissi\u00f3 de Conviv\u00e8ncia hem assignat a alumnat que ha infringit alguna norma de conviv\u00e8ncia b\u00e0sica un company o companya tutors amb l\u2019objectiu d\u2019ajudar-lo a gestionar els seus problemes i modificar el seu comportament. Al mateix temps els i les alumnes que han fet aquest acompanyament han viscut l\u2019experi\u00e8ncia molt positivament.<\/li>\n<\/ol>\n<p style=\"text-align: justify;\">Tenim la convicci\u00f3 que si potenciem les <strong>compet\u00e8ncies Social i Ciutadana i la d\u2019Autonomia personal de l\u2019alumnat<\/strong> i gestionem convenientment els conflictes personals i els de din\u00e0mica grupal millorar\u00e0 el clima del centre i repercutir\u00e0 en l\u2019augment del rendiment escolar.<\/p>\n<p><span style=\"color: #ff0000;\"><strong>Tutoria entre iguals a l&#8217;Institut<\/strong><\/span><\/p>\n<ul>\n<li><a href=\"https:\/\/agora.xtec.cat\/institutmestres\/wp-content\/uploads\/usu2085\/2020\/11\/Tutoria-dacompanyament-en-ladaptacio\u0301-al-centre.docx\">Projecte de tutoria entre iguals. Acompanyament en l&#8217;adaptacio\u0301 al centre.<\/a><\/li>\n<li>Presentaci\u00f3 del projecte en power point.<\/li>\n<\/ul>\n<p style=\"text-align: justify;\"><iframe loading=\"lazy\" src=\"\/\/www.slideshare.net\/slideshow\/embed_code\/38939366\" width=\"612\" height=\"514\" frameborder=\"0\"><\/iframe><\/p>\n","protected":false},"excerpt":{"rendered":"<p>Presentaci\u00f3<a href=\"https:\/\/agora.xtec.cat\/institutmestres\/wp-content\/uploads\/usu2085\/2020\/11\/tutoria-entre-iguals.jpg\"><\/a><br \/>\nAquest projecte, incl\u00f2s en el Projecte d&#8217;Acci\u00f3 Tutorial (PAT) del centre, forma part de l\u2019acolliment de l\u2019alumnat, ja que fa refer\u00e8ncia als criteris d\u2019integraci\u00f3 i socialitzaci\u00f3. Considerem una part de l\u2019acolliment la tutoria entre iguals, en aquest cas, l\u2019acompanyament d\u2019un noi o una noia&hellip;  <a href=\"https:\/\/agora.xtec.cat\/institutmestres\/programes-i-projectes\/ambit-personal-i-social\/tutoria-entre-iguals-2\/\" title=\"Read Tutoria entre iguals\">Llegeix m\u00e9s\u00bb<\/a><\/p>\n","protected":false},"author":1,"featured_media":0,"parent":10339,"menu_order":0,"comment_status":"closed","ping_status":"closed","template":"page-templates\/side-menu.php","meta":{"_bbp_topic_count":0,"_bbp_reply_count":0,"_bbp_total_topic_count":0,"_bbp_total_reply_count":0,"_bbp_voice_count":0,"_bbp_anonymous_reply_count":0,"_bbp_topic_count_hidden":0,"_bbp_reply_count_hidden":0,"_bbp_forum_subforum_count":0,"footnotes":""},"class_list":["post-10568","page","type-page","status-publish","hentry"],"post_mailing_queue_ids":[],"_links":{"self":[{"href":"https:\/\/agora.xtec.cat\/institutmestres\/wp-json\/wp\/v2\/pages\/10568","targetHints":{"allow":["GET"]}}],"collection":[{"href":"https:\/\/agora.xtec.cat\/institutmestres\/wp-json\/wp\/v2\/pages"}],"about":[{"href":"https:\/\/agora.xtec.cat\/institutmestres\/wp-json\/wp\/v2\/types\/page"}],"author":[{"embeddable":true,"href":"https:\/\/agora.xtec.cat\/institutmestres\/wp-json\/wp\/v2\/users\/1"}],"replies":[{"embeddable":true,"href":"https:\/\/agora.xtec.cat\/institutmestres\/wp-json\/wp\/v2\/comments?post=10568"}],"version-history":[{"count":2,"href":"https:\/\/agora.xtec.cat\/institutmestres\/wp-json\/wp\/v2\/pages\/10568\/revisions"}],"predecessor-version":[{"id":10572,"href":"https:\/\/agora.xtec.cat\/institutmestres\/wp-json\/wp\/v2\/pages\/10568\/revisions\/10572"}],"up":[{"embeddable":true,"href":"https:\/\/agora.xtec.cat\/institutmestres\/wp-json\/wp\/v2\/pages\/10339"}],"wp:attachment":[{"href":"https:\/\/agora.xtec.cat\/institutmestres\/wp-json\/wp\/v2\/media?parent=10568"}],"curies":[{"name":"wp","href":"https:\/\/api.w.org\/{rel}","templated":true}]}}