{"id":10547,"date":"2020-11-25T10:27:27","date_gmt":"2020-11-25T09:27:27","guid":{"rendered":"https:\/\/agora.xtec.cat\/institutmestres\/?page_id=10547"},"modified":"2020-11-25T10:30:58","modified_gmt":"2020-11-25T09:30:58","slug":"ciutats-defensores-dels-drets-humans","status":"publish","type":"page","link":"https:\/\/agora.xtec.cat\/institutmestres\/programes-i-projectes\/ciutats-defensores-dels-drets-humans\/","title":{"rendered":"Ciutats defensores dels drets humans"},"content":{"rendered":"<p><a href=\"https:\/\/agora.xtec.cat\/institutmestres\/wp-content\/uploads\/usu2085\/2020\/11\/ciutats-defensores.png\"><img loading=\"lazy\" decoding=\"async\" class=\"wp-image-10543 alignright\" src=\"https:\/\/agora.xtec.cat\/institutmestres\/wp-content\/uploads\/usu2085\/2020\/11\/ciutats-defensores.png\" alt=\"\" width=\"311\" height=\"231\" srcset=\"https:\/\/agora.xtec.cat\/institutmestres\/wp-content\/uploads\/usu2085\/2020\/11\/ciutats-defensores.png 490w, https:\/\/agora.xtec.cat\/institutmestres\/wp-content\/uploads\/usu2085\/2020\/11\/ciutats-defensores-300x223.png 300w, https:\/\/agora.xtec.cat\/institutmestres\/wp-content\/uploads\/usu2085\/2020\/11\/ciutats-defensores-200x150.png 200w\" sizes=\"auto, (max-width: 311px) 100vw, 311px\" \/><\/a><\/p>\n<p style=\"text-align: justify;\">L\u2019institut Josep Mestres i Busquets participa en el projecte\u00a0<strong>Ciutats defensores dels drets humans<\/strong>\u00a0a trav\u00e9s del departament de\u00a0Ci\u00e8ncies Socials.<\/p>\n<p style=\"text-align: justify;\">Ciutats defensores dels drets humans \u00e9s un projecte conjunt entre el Fons Catal\u00e0 de Cooperaci\u00f3 al Desenvolupament, la Comissi\u00f3 Catalana d\u2019Ajuda al Refugiat, l\u2019Institut de Drets Humans de Catalunya i l\u2019Institut Catal\u00e0 Internacional per a la Pau, amb la participaci\u00f3 de municipis catalans i altres institucions.<\/p>\n<p style=\"text-align: justify;\">El projecte vol donar a con\u00e8ixer la feina de defensors i defensores dels drets humans d\u2019arreu del m\u00f3n al conjunt de la ciutadania dels municipis participants.<\/p>\n<p style=\"text-align: justify;\">Un dels principals objectius del projecte \u00e9s sensibilitzar les persones m\u00e9s joves a trav\u00e9s de visites de defensors i defensores al centre i amb el treball a l\u2019aula que es basa en una metodologia participativa i vivencial enfocada a l\u2019educaci\u00f3 dels drets humans.<\/p>\n<p>&nbsp;<\/p>\n<p><strong>M\u00e9s informaci\u00f3<\/strong><\/p>\n<ul>\n<li><a href=\"https:\/\/ciutatsdretshumans.cat\/\">Ciutats defensores dels drets humans.<\/a> P\u00e0gina oficial.<\/li>\n<\/ul>\n<p>&nbsp;<\/p>\n","protected":false},"excerpt":{"rendered":"<p><a href=\"https:\/\/agora.xtec.cat\/institutmestres\/wp-content\/uploads\/usu2085\/2020\/11\/ciutats-defensores.png\"><\/a><br \/>\nL\u2019institut Josep Mestres i Busquets participa en el projecte\u00a0Ciutats defensores dels drets humans\u00a0a trav\u00e9s del departament de\u00a0Ci\u00e8ncies Socials.<br \/>\nCiutats defensores dels drets humans \u00e9s un projecte conjunt entre el Fons Catal\u00e0 de Cooperaci\u00f3 al Desenvolupament, la Comissi\u00f3 Catalana d\u2019Ajuda al Refugiat, l\u2019Institut de Drets Humans&hellip;  <a href=\"https:\/\/agora.xtec.cat\/institutmestres\/programes-i-projectes\/ciutats-defensores-dels-drets-humans\/\" title=\"Read Ciutats defensores dels drets humans\">Llegeix m\u00e9s\u00bb<\/a><\/p>\n","protected":false},"author":1,"featured_media":0,"parent":10195,"menu_order":0,"comment_status":"closed","ping_status":"closed","template":"","meta":{"_bbp_topic_count":0,"_bbp_reply_count":0,"_bbp_total_topic_count":0,"_bbp_total_reply_count":0,"_bbp_voice_count":0,"_bbp_anonymous_reply_count":0,"_bbp_topic_count_hidden":0,"_bbp_reply_count_hidden":0,"_bbp_forum_subforum_count":0,"footnotes":""},"class_list":["post-10547","page","type-page","status-publish","hentry"],"post_mailing_queue_ids":[],"_links":{"self":[{"href":"https:\/\/agora.xtec.cat\/institutmestres\/wp-json\/wp\/v2\/pages\/10547","targetHints":{"allow":["GET"]}}],"collection":[{"href":"https:\/\/agora.xtec.cat\/institutmestres\/wp-json\/wp\/v2\/pages"}],"about":[{"href":"https:\/\/agora.xtec.cat\/institutmestres\/wp-json\/wp\/v2\/types\/page"}],"author":[{"embeddable":true,"href":"https:\/\/agora.xtec.cat\/institutmestres\/wp-json\/wp\/v2\/users\/1"}],"replies":[{"embeddable":true,"href":"https:\/\/agora.xtec.cat\/institutmestres\/wp-json\/wp\/v2\/comments?post=10547"}],"version-history":[{"count":3,"href":"https:\/\/agora.xtec.cat\/institutmestres\/wp-json\/wp\/v2\/pages\/10547\/revisions"}],"predecessor-version":[{"id":10551,"href":"https:\/\/agora.xtec.cat\/institutmestres\/wp-json\/wp\/v2\/pages\/10547\/revisions\/10551"}],"up":[{"embeddable":true,"href":"https:\/\/agora.xtec.cat\/institutmestres\/wp-json\/wp\/v2\/pages\/10195"}],"wp:attachment":[{"href":"https:\/\/agora.xtec.cat\/institutmestres\/wp-json\/wp\/v2\/media?parent=10547"}],"curies":[{"name":"wp","href":"https:\/\/api.w.org\/{rel}","templated":true}]}}