{"id":10451,"date":"2020-11-18T11:07:32","date_gmt":"2020-11-18T10:07:32","guid":{"rendered":"https:\/\/agora.xtec.cat\/institutmestres\/?page_id=10451"},"modified":"2024-02-27T13:23:05","modified_gmt":"2024-02-27T12:23:05","slug":"normativa-vagues","status":"publish","type":"page","link":"https:\/\/agora.xtec.cat\/institutmestres\/secretaria\/normativa-vagues\/","title":{"rendered":"Normativa vagues"},"content":{"rendered":"<p style=\"text-align: justify;\">Per tal que les fam\u00edlies puguin prendre la decisi\u00f3 d\u2019autoritzar el seu fill a participar en una jornada de vaga convocada per les organitzacions estudiantils us fem un recull de la legislaci\u00f3 que hi fa refer\u00e8ncia. En tots els casos es parla del dret a reuni\u00f3 i est\u00e0 vinculada al compliment d\u2019un procediment per part dels estudiants i, en darrer cas, est\u00e0 sotmesa a l\u2019autoritzaci\u00f3 de les fam\u00edlies. En aquest cas el centre autoritzar\u00e0 la no assist\u00e8ncia de l\u2019estudaint al centre. En casos extraordinaris que impedeixin que els estudaints puguin dur a terme el procediment que estableixen les NOFC del centre (manca de temps, situacions sobrevingudes no previstes&#8230;) se sotmetr\u00e0 a la decisi\u00f3 final de les fam\u00edlies que en s\u00f3n les responsables.<\/p>\n<p>&nbsp;<\/p>\n<h4 style=\"text-align: justify;\"><span style=\"color: #ff0000;\"><strong><u>1. LEGISLACI\u00d3 ESTATAL<\/u><\/strong><\/span><\/h4>\n<p style=\"text-align: justify;\">El dret constitucional a la vaga est\u00e0 reconegut per als treballadors (<a href=\"https:\/\/www.boe.es\/buscar\/act.php?id=BOE-A-1977-6061\" target=\"_blank\" rel=\"noopener noreferrer\">Reial Decret llei 17\/1977<\/a>),\u00a0<strong><u>per\u00f2 no per als estudiants de cap tipus d\u2019ensenyament<\/u>.<\/strong><\/p>\n<ul style=\"text-align: justify;\">\n<li><strong><a href=\"https:\/\/www.boe.es\/eli\/es\/lo\/1985\/07\/03\/8\/con\" target=\"_blank\" rel=\"noopener noreferrer\">Ley Org\u00e1nica 8\/1985, de 3 de julio, Reguladora del Derecho a la Educaci\u00f3n.<\/a><\/strong><\/li>\n<\/ul>\n<p style=\"padding-left: 40px; text-align: justify;\"><em><strong>T\u00edtulo preliminar. Art\u00edculo Octavo.<\/strong><\/em><br \/>\n<em>\u2026las decisiones colectivas que adopten los alumnos, a partir del tercer curso de la educaci\u00f3n secundaria obligatoria, con respecto a la asistencia a clase no tendr\u00e1n la consideraci\u00f3n de faltas de conducta ni ser\u00e1n objeto de sanci\u00f3n, cuando \u00e9stas hayan sido resultado del\u00a0<strong><u>ejercicio del derecho de reuni\u00f3n y sean comunicadas previamente a la direcci\u00f3n del centro<\/u><\/strong><strong>.<\/strong><\/em><\/p>\n<p>&nbsp;<\/p>\n<h4><span style=\"color: #ff0000;\"><strong><u>2.\u00a0<\/u><\/strong><strong><u>LEGISLACI\u00d3 SISTEMA EDUCATIU DE CATALUNYA<\/u><\/strong><\/span><\/h4>\n<ul style=\"text-align: justify;\">\n<li><a href=\"https:\/\/portaljuridic.gencat.cat\/ca\/pjur_ocults\/pjur_resultats_fitxa\/?documentId=403808&amp;action=fitxa\" target=\"_blank\" rel=\"noopener noreferrer\"><strong>El decret 279\/2006, de 4 de juliol<\/strong>, sobre\u00a0<strong>drets i deures de l\u2019alumnat\u00a0<\/strong>i regulaci\u00f3 de la conviv\u00e8ncia en els centres educatius no universitaris de Catalunya,<\/a><\/li>\n<\/ul>\n<p style=\"padding-left: 40px; text-align: justify;\"><em><strong>Article 32. Decisions sobre l\u2019assist\u00e8ncia a classe\u00a0<\/strong><\/em><br \/>\n<em>32.1 El consell escolar pot determinar que a partir del tercer curs de l\u2019educaci\u00f3 secund\u00e0ria obligat\u00f2ria, les decisions col\u00b7lectives adoptades per l\u2019alumnat, en relaci\u00f3 amb la seva assist\u00e8ncia a classe, no tinguin la consideraci\u00f3 de falta ni siguin objecte de sanci\u00f3 quan la decisi\u00f3 sigui resultat de <strong><u>l\u2019exercici\u00a0<\/u><\/strong><strong><u>del dret de reuni\u00f3<\/u><\/strong>, hagi estat pr\u00e8viament comunicada pel consell de delegats i delegades a la direcci\u00f3 del centre i es disposi de la corresponent autoritzaci\u00f3 dels seus pares.<\/em><\/p>\n<p style=\"padding-left: 40px; text-align: justify;\"><em>32.2 En els ensenyaments postobligatoris, els reglaments de r\u00e8gim interior han de regular les condicions en qu\u00e8 no s\u2019han de considerar falta ni ser objecte de sanci\u00f3 les decisions col\u00b7lectives de l\u2019alumnat sobre la seva assist\u00e8ncia a classe, quan siguin resultat de l\u2019exercici del dret de reuni\u00f3 i el consell de delegats i delegades ho hagi comunicat pr\u00e8viament a la direcci\u00f3 del centre.<\/em><\/p>\n<p style=\"padding-left: 40px; text-align: justify;\"><em>32.3 Els centres han de garantir el dret de l\u2019alumnat que no desitgi secundar les decisions sobre l\u2019assist\u00e8ncia a classe a romandre al centre degudament at\u00e8s.<\/em><\/p>\n<ul style=\"text-align: justify;\">\n<li><strong><a href=\"https:\/\/portaljuridic.gencat.cat\/ca\/pjur_ocults\/pjur_resultats_fitxa\/?documentId=545262&amp;action=fitxa\" target=\"_blank\" rel=\"noopener noreferrer\">El\u00a0decret 102\/2010, de 3 d\u2019agost, d\u2019autonomia dels centres educatius<\/a>\u00a0<\/strong>prescriu en l\u2019article 24.2:<\/li>\n<\/ul>\n<p style=\"padding-left: 40px; text-align: justify;\"><em style=\"font-family: inherit; font-size: 1em; text-align: justify;\">2. Les normes d\u2019organitzaci\u00f3 i funcionament del centre, a m\u00e9s del que preveu l\u2019apartat e) de l\u2019article 19.1, han de preveure mesures correctores referides a les faltes injustificades d\u2019assist\u00e8ncia a classe i de puntualitat. Aix\u00ed mateix,\u00a0<strong>poden determinar que, a partir del tercer curs de l\u2019educaci\u00f3 secund\u00e0ria obligat\u00f2ria, les decisions col\u00b7lectives adoptades per l\u2019alumnat en relaci\u00f3 amb la seva assist\u00e8ncia a classe, en <\/strong><strong><u>exercici del dret de reuni\u00f3<\/u><\/strong><\/em><strong style=\"font-family: inherit; font-size: 1em; text-align: justify;\"><em>\u00a0i pr\u00e8viament comunicades a la direcci\u00f3 del centre i es disposi de la corresponent autoritzaci\u00f3 dels pares, mares o tutors, no tinguin la consideraci\u00f3 de falta<\/em>.<\/strong><\/p>\n<ul>\n<li>Adjuntem document sobre la normativa de vaga.<\/li>\n<\/ul>\n<p><iframe loading=\"lazy\" src=\"https:\/\/agora.xtec.cat\/institutmestres\/wp-content\/uploads\/usu2085\/2021\/09\/Normativa-Vaga.pdf\" width=\"640\" height=\"480\" frameborder=\"0\" scrolling=\"no\"><span style=\"display: inline-block; width: 0px; overflow: hidden; line-height: 0;\" data-mce-type=\"bookmark\" class=\"mce_SELRES_start\">\ufeff<\/span><br \/>\n<\/iframe><\/p>\n","protected":false},"excerpt":{"rendered":"<p>Per tal que les fam\u00edlies puguin prendre la decisi\u00f3 d\u2019autoritzar el seu fill a participar en una jornada de vaga convocada per les organitzacions estudiantils us fem un recull de la legislaci\u00f3 que hi fa refer\u00e8ncia. En tots els casos es parla del dret a&hellip;  <a href=\"https:\/\/agora.xtec.cat\/institutmestres\/secretaria\/normativa-vagues\/\" title=\"Read Normativa vagues\">Llegeix m\u00e9s\u00bb<\/a><\/p>\n","protected":false},"author":1,"featured_media":0,"parent":81,"menu_order":2,"comment_status":"closed","ping_status":"closed","template":"","meta":{"_bbp_topic_count":0,"_bbp_reply_count":0,"_bbp_total_topic_count":0,"_bbp_total_reply_count":0,"_bbp_voice_count":0,"_bbp_anonymous_reply_count":0,"_bbp_topic_count_hidden":0,"_bbp_reply_count_hidden":0,"_bbp_forum_subforum_count":0,"footnotes":""},"class_list":["post-10451","page","type-page","status-publish","hentry"],"post_mailing_queue_ids":[],"_links":{"self":[{"href":"https:\/\/agora.xtec.cat\/institutmestres\/wp-json\/wp\/v2\/pages\/10451","targetHints":{"allow":["GET"]}}],"collection":[{"href":"https:\/\/agora.xtec.cat\/institutmestres\/wp-json\/wp\/v2\/pages"}],"about":[{"href":"https:\/\/agora.xtec.cat\/institutmestres\/wp-json\/wp\/v2\/types\/page"}],"author":[{"embeddable":true,"href":"https:\/\/agora.xtec.cat\/institutmestres\/wp-json\/wp\/v2\/users\/1"}],"replies":[{"embeddable":true,"href":"https:\/\/agora.xtec.cat\/institutmestres\/wp-json\/wp\/v2\/comments?post=10451"}],"version-history":[{"count":4,"href":"https:\/\/agora.xtec.cat\/institutmestres\/wp-json\/wp\/v2\/pages\/10451\/revisions"}],"predecessor-version":[{"id":12645,"href":"https:\/\/agora.xtec.cat\/institutmestres\/wp-json\/wp\/v2\/pages\/10451\/revisions\/12645"}],"up":[{"embeddable":true,"href":"https:\/\/agora.xtec.cat\/institutmestres\/wp-json\/wp\/v2\/pages\/81"}],"wp:attachment":[{"href":"https:\/\/agora.xtec.cat\/institutmestres\/wp-json\/wp\/v2\/media?parent=10451"}],"curies":[{"name":"wp","href":"https:\/\/api.w.org\/{rel}","templated":true}]}}