{"id":10382,"date":"2020-11-17T11:00:01","date_gmt":"2020-11-17T10:00:01","guid":{"rendered":"https:\/\/agora.xtec.cat\/institutmestres\/?page_id=10382"},"modified":"2022-02-01T13:11:01","modified_gmt":"2022-02-01T12:11:01","slug":"bon-us-de-les-xarxes-socials","status":"publish","type":"page","link":"https:\/\/agora.xtec.cat\/institutmestres\/bon-us-de-les-xarxes-socials\/","title":{"rendered":"Bon \u00fas de les xarxes socials"},"content":{"rendered":"<p style=\"text-align: left;\">Aquesta p\u00e0gina pret\u00e9n ser un espai per compartir recursos i eines per a fam\u00edlies i docents al voltant de l&#8217;\u00fas de les xarxes socials; la relaci\u00f3 que mantenen els adolescents amb les tecnologies i com afecta les seves vides.<\/p>\n<p>&nbsp;<\/p>\n<p><strong>DEPARTAMENT D&#8217;ENSENYAMENT:<a href=\"https:\/\/agora.xtec.cat\/institutmestres\/wp-content\/uploads\/usu2085\/2020\/11\/xarxessocials.jpg\"><img loading=\"lazy\" decoding=\"async\" class=\"wp-image-10385 alignright\" src=\"https:\/\/agora.xtec.cat\/institutmestres\/wp-content\/uploads\/usu2085\/2020\/11\/xarxessocials.jpg\" alt=\"\" width=\"279\" height=\"201\" srcset=\"https:\/\/agora.xtec.cat\/institutmestres\/wp-content\/uploads\/usu2085\/2020\/11\/xarxessocials.jpg 513w, https:\/\/agora.xtec.cat\/institutmestres\/wp-content\/uploads\/usu2085\/2020\/11\/xarxessocials-300x216.jpg 300w\" sizes=\"auto, (max-width: 279px) 100vw, 279px\" \/><\/a><\/strong><\/p>\n<ul>\n<li><strong>Fam\u00edlies<em>. <a href=\"http:\/\/ensenyament.gencat.cat\/ca\/arees-actuacio\/families\/us-tecnologies\/\">Fem un bon \u00fas de les tecnologies<\/a><\/em><\/strong>. Generalitat de Catalunya.<\/li>\n<\/ul>\n<h2><\/h2>\n<h4><strong>BONES PR\u00c0CTIQUES<\/strong><\/h4>\n<p><strong>GUIA PER A PARES I DOCENTS:<\/strong><\/p>\n<ul>\n<li><a href=\"https:\/\/www.vitoria-gasteiz.org\/wb021\/http\/contenidosEstaticos\/adjuntos\/es\/28\/95\/32895.pdf\"><strong><em>Educar a los menores en el uso sin riesgos de Internet<\/em><\/strong><\/a>. Guia per a mares i pares. Ajuntament de Vitoria-Gasteiz.<\/li>\n<li><strong><a href=\"http:\/\/www.vilaweb.cat\/noticia\/4237098\/20150323\/deu-consells-pares-grups-whatsapp-lescola.html\">Deu consells per als pares sobre els grups de WhatsApp de l&#8217;escola.<\/a>\u00a0<\/strong>Diari digital\u00a0Vilaweb.<\/li>\n<li><strong><a href=\"http:\/\/faros.hsjdbcn.org\/ca\/cuaderno-faro\/noves-tecnologies-nens-adolescents-guia-educar-saludablement-societat-digital\">Les noves tecnologies en nens i adolescents. Guia per a educar saludablement a una societat digital.<\/a><\/strong><\/li>\n<li><strong><a href=\"http:\/\/www.ceice.gva.es\/documents\/161862998\/163024947\/Bones_Pract_Tic.pdf\/aaab003e-9579-49c5-acd9-7beabb1f7479\">Bones pr\u00e0ctiques TIC.<\/a>\u00a0<\/strong>Conselleria d&#8217;Educaci\u00f3. Generalitat Valenciana.<\/li>\n<li><a href=\"https:\/\/www.is4k.es\/blog\"><strong>Internet Segura For Kids.<\/strong><\/a> Blog<\/li>\n<li><strong><a href=\"https:\/\/agora.xtec.cat\/escola-giroi\/wp-content\/uploads\/usu1526\/2020\/03\/Orientacions-u%CC%81s-pantalles.pdf\">Document per a l&#8217;\u00fas de dispositius<\/a>.<\/strong> Orientacions per a les TIC en confinament. Equip d&#8217;Assessorament i Orientaci\u00f3 Psicopedag\u00f2gica B-28 Vall\u00e8s Oriental Sector C. Vall del Tenes &#8211; Congost.<\/li>\n<li><strong><a href=\"https:\/\/criatures.ara.cat\/familia\/Bones-practiques-familia-digital_0_2416558322.html\">Bones pr\u00e0ctiques per a la fam\u00edlia digital.<\/a> <\/strong>Laura Pinyol. Diari Ara.cat.<\/li>\n<\/ul>\n<p>&nbsp;<\/p>\n<p><strong>DEC\u00c0LEGS:<\/strong><\/p>\n<ul>\n<li><a href=\"http:\/\/faros.hsjdbcn.org\/sites\/default\/files\/decaleg-bones-practiques-tecnologia-digital-menors-internet.pdf\"><strong>Dec\u00e0leg de bones pr\u00e0ctiques amb l&#8217;\u00fas de les tecnologies digitals.<\/strong><\/a><\/li>\n<\/ul>\n<p>&nbsp;<\/p>\n<p><strong>GUIA PER ALS PROFESSORS:<\/strong><\/p>\n<ul>\n<li><a href=\"https:\/\/www.bienestaryproteccioninfantil.es\/fuentes1.asp?sec=18&amp;subs=161&amp;cod=1499&amp;page=\"><strong>Ciberbullying y privacidad. Gu\u00eda para profesores. <\/strong><\/a><a href=\"https:\/\/www.bienestaryproteccioninfantil.es\/imagenes\/tablaContenidos03SubSec\/PROYECTO_DAPHNE_ES.pdf\">Enlla\u00e7 directe al document.<\/a><\/li>\n<\/ul>\n<p>&nbsp;<\/p>\n<p><strong>V\u00cdDEOS INTERESSANTS:<\/strong><\/p>\n<ul>\n<li><a href=\"http:\/\/www.ccma.cat\/catradio\/alacarta\/blog-de-pares\/blog-de-pares-adolescents-a-les-xarxes-socials-facebook-a-estones-i-whatsapp-a-totes-hores-\/audio\/736152\/\"><b>Blog de pares. Adolescents a les xarxes socials: Facebook a estones i WhatsApp a totes hores!<\/b><\/a><\/li>\n<li>Per a reflexionar&#8230;\u00a0<strong><a href=\"https:\/\/www.youtube.com\/watch?v=lB-sqbHSkpU\" target=\"_blank\" rel=\"noopener noreferrer\">Jigsaw: for 8-10 year olds<\/a><\/strong><\/li>\n<li><strong><a href=\"https:\/\/www.youtube.com\/watch?v=ugmShCOi3zM\">Los menores y j\u00f3venes en la red.<\/a>\u00a0<\/strong><span style=\"color: #4d4d4d;\">Spot del defensor del menor, Telef\u00f3nica i Obra Social Caja Madrid per fomentar la responsabilitat dels adolescentes a penjar imatges a la xarxa.<\/span><\/li>\n<\/ul>\n","protected":false},"excerpt":{"rendered":"<p>Aquesta p\u00e0gina pret\u00e9n ser un espai per compartir recursos i eines per a fam\u00edlies i docents al voltant de l&#8217;\u00fas de les xarxes socials; la relaci\u00f3 que mantenen els adolescents amb les tecnologies i com afecta les seves vides.<br \/>\n&nbsp;<br \/>\nDEPARTAMENT D&#8217;ENSENYAMENT:<a href=\"https:\/\/agora.xtec.cat\/institutmestres\/wp-content\/uploads\/usu2085\/2020\/11\/xarxessocials.jpg\"><\/a><\/p>\n<ul>\n<li>Fam\u00edlies. <a href=\"http:\/\/ensenyament.gencat.cat\/ca\/arees-actuacio\/families\/us-tecnologies\/\">Fem un bon&hellip;  <a href=\"https:\/\/agora.xtec.cat\/institutmestres\/bon-us-de-les-xarxes-socials\/\" title=\"Read Bon \u00fas de les xarxes socials\">Llegeix m\u00e9s\u00bb<\/a><br \/>\n","protected":false},"author":1,"featured_media":0,"parent":0,"menu_order":0,"comment_status":"closed","ping_status":"closed","template":"","meta":{"_bbp_topic_count":0,"_bbp_reply_count":0,"_bbp_total_topic_count":0,"_bbp_total_reply_count":0,"_bbp_voice_count":0,"_bbp_anonymous_reply_count":0,"_bbp_topic_count_hidden":0,"_bbp_reply_count_hidden":0,"_bbp_forum_subforum_count":0,"footnotes":""},"class_list":["post-10382","page","type-page","status-publish","hentry"],"post_mailing_queue_ids":[],"_links":{"self":[{"href":"https:\/\/agora.xtec.cat\/institutmestres\/wp-json\/wp\/v2\/pages\/10382","targetHints":{"allow":["GET"]}}],"collection":[{"href":"https:\/\/agora.xtec.cat\/institutmestres\/wp-json\/wp\/v2\/pages"}],"about":[{"href":"https:\/\/agora.xtec.cat\/institutmestres\/wp-json\/wp\/v2\/types\/page"}],"author":[{"embeddable":true,"href":"https:\/\/agora.xtec.cat\/institutmestres\/wp-json\/wp\/v2\/users\/1"}],"replies":[{"embeddable":true,"href":"https:\/\/agora.xtec.cat\/institutmestres\/wp-json\/wp\/v2\/comments?post=10382"}],"version-history":[{"count":3,"href":"https:\/\/agora.xtec.cat\/institutmestres\/wp-json\/wp\/v2\/pages\/10382\/revisions"}],"predecessor-version":[{"id":10682,"href":"https:\/\/agora.xtec.cat\/institutmestres\/wp-json\/wp\/v2\/pages\/10382\/revisions\/10682"}],"wp:attachment":[{"href":"https:\/\/agora.xtec.cat\/institutmestres\/wp-json\/wp\/v2\/media?parent=10382"}],"curies":[{"name":"wp","href":"https:\/\/api.w.org\/{rel}","templated":true}]}}