{"id":10324,"date":"2020-11-12T11:32:38","date_gmt":"2020-11-12T10:32:38","guid":{"rendered":"https:\/\/agora.xtec.cat\/institutmestres\/?page_id=10324"},"modified":"2023-06-12T11:53:40","modified_gmt":"2023-06-12T09:53:40","slug":"proces-preinscripcio","status":"publish","type":"page","link":"https:\/\/agora.xtec.cat\/institutmestres\/preinscripcio\/proces-preinscripcio\/","title":{"rendered":"Proc\u00e9s d&#8217;inscripci\u00f3 ESO"},"content":{"rendered":"<p>A continuaci\u00f3 publiquem informaci\u00f3 important relacionada amb la inscripci\u00f3 a l&#8217;ESO.<\/p>\n<p>Piqueu-hi a sobre perqu\u00e8 s&#8217;obrin els enlla\u00e7os:<\/p>\n<p>&#8211; <a href=\"https:\/\/agora.xtec.cat\/institutmestres\/wp-content\/uploads\/usu2085\/2023\/06\/INFORME_PREINSCRITES_OME_INFORME_PREINSCRITES_OME.pdf\">Alumnes preinscrits al centre 12\/06\/2023<\/a><\/p>\n<p>&#8211; <a href=\"https:\/\/agora.xtec.cat\/institutmestres\/wp-content\/uploads\/usu2085\/2023\/06\/ALUMNES-ESO-ASSIGNATS-AL-CENTRES.pdf\">Alumnes assignats al centre amb indicaci\u00f3 de la primera petici\u00f3 a 12\/06\/2023 ESO<\/a><\/p>\n<p>&#8211; <a href=\"https:\/\/agora.xtec.cat\/institutmestres\/wp-content\/uploads\/usu2085\/2023\/06\/LLISTA-DESPERA-ESO.pdf\">Publicaci\u00f3 de la llista d&#8217;espera del centre a 12\/06\/2023<\/a><\/p>\n<p>&nbsp;<\/p>\n","protected":false},"excerpt":{"rendered":"<p>A continuaci\u00f3 publiquem informaci\u00f3 important relacionada amb la inscripci\u00f3 a l&#8217;ESO.<br \/>\nPiqueu-hi a sobre perqu\u00e8 s&#8217;obrin els enlla\u00e7os:<br \/>\n&#8211; <a href=\"https:\/\/agora.xtec.cat\/institutmestres\/wp-content\/uploads\/usu2085\/2023\/06\/INFORME_PREINSCRITES_OME_INFORME_PREINSCRITES_OME.pdf\">Alumnes preinscrits al centre 12\/06\/2023<\/a><br \/>\n&#8211; <a href=\"https:\/\/agora.xtec.cat\/institutmestres\/wp-content\/uploads\/usu2085\/2023\/06\/ALUMNES-ESO-ASSIGNATS-AL-CENTRES.pdf\">Alumnes assignats al centre amb indicaci\u00f3 de la primera petici\u00f3 a 12\/06\/2023 ESO<\/a><br \/>\n&#8211; <a href=\"https:\/\/agora.xtec.cat\/institutmestres\/wp-content\/uploads\/usu2085\/2023\/06\/LLISTA-DESPERA-ESO.pdf\">Publicaci\u00f3 de la llista d&#8217;espera del centre&hellip;  <a href=\"https:\/\/agora.xtec.cat\/institutmestres\/preinscripcio\/proces-preinscripcio\/\" title=\"Read Proc\u00e9s d&#8217;inscripci\u00f3 ESO\">Llegeix m\u00e9s\u00bb<\/a><\/p>\n","protected":false},"author":1,"featured_media":0,"parent":11033,"menu_order":1,"comment_status":"closed","ping_status":"closed","template":"page-templates\/side-menu.php","meta":{"_bbp_topic_count":0,"_bbp_reply_count":0,"_bbp_total_topic_count":0,"_bbp_total_reply_count":0,"_bbp_voice_count":0,"_bbp_anonymous_reply_count":0,"_bbp_topic_count_hidden":0,"_bbp_reply_count_hidden":0,"_bbp_forum_subforum_count":0,"footnotes":""},"class_list":["post-10324","page","type-page","status-publish","hentry"],"post_mailing_queue_ids":[],"_links":{"self":[{"href":"https:\/\/agora.xtec.cat\/institutmestres\/wp-json\/wp\/v2\/pages\/10324","targetHints":{"allow":["GET"]}}],"collection":[{"href":"https:\/\/agora.xtec.cat\/institutmestres\/wp-json\/wp\/v2\/pages"}],"about":[{"href":"https:\/\/agora.xtec.cat\/institutmestres\/wp-json\/wp\/v2\/types\/page"}],"author":[{"embeddable":true,"href":"https:\/\/agora.xtec.cat\/institutmestres\/wp-json\/wp\/v2\/users\/1"}],"replies":[{"embeddable":true,"href":"https:\/\/agora.xtec.cat\/institutmestres\/wp-json\/wp\/v2\/comments?post=10324"}],"version-history":[{"count":3,"href":"https:\/\/agora.xtec.cat\/institutmestres\/wp-json\/wp\/v2\/pages\/10324\/revisions"}],"predecessor-version":[{"id":12279,"href":"https:\/\/agora.xtec.cat\/institutmestres\/wp-json\/wp\/v2\/pages\/10324\/revisions\/12279"}],"up":[{"embeddable":true,"href":"https:\/\/agora.xtec.cat\/institutmestres\/wp-json\/wp\/v2\/pages\/11033"}],"wp:attachment":[{"href":"https:\/\/agora.xtec.cat\/institutmestres\/wp-json\/wp\/v2\/media?parent=10324"}],"curies":[{"name":"wp","href":"https:\/\/api.w.org\/{rel}","templated":true}]}}