{"id":10218,"date":"2020-08-09T16:47:42","date_gmt":"2020-08-09T14:47:42","guid":{"rendered":"https:\/\/agora.xtec.cat\/institutmestres\/?page_id=10218"},"modified":"2022-02-22T20:18:08","modified_gmt":"2022-02-22T19:18:08","slug":"mediacio","status":"publish","type":"page","link":"https:\/\/agora.xtec.cat\/institutmestres\/programes-i-projectes\/mediacio\/","title":{"rendered":"Mediaci\u00f3"},"content":{"rendered":"<p>Al nostre centre quan alg\u00fa t\u00e9 una desavinen\u00e7a amb alg\u00fa altre, pot adre\u00e7ar-se al <strong>Servei de Mediaci\u00f3<\/strong> perqu\u00e8 l\u2019ajudin a parlar-ne amb la persona amb qui t\u00e9 el conflicte.<\/p>\n<p>L\u2019equip est\u00e0 integrat per companys formats pr\u00e8viament per entendre i ajudar que les dues persones enfrontades puguin escoltar l\u2019altra, comunicar qu\u00e8 senten per tal de gestionar el conflicte de manera satisfact\u00f2ria per a totes dues.<a href=\"https:\/\/agora.xtec.cat\/institutmestres\/wp-content\/uploads\/usu2085\/2020\/11\/mediacio.jpg\"><img loading=\"lazy\" decoding=\"async\" class=\"size-full wp-image-10332 alignright\" src=\"https:\/\/agora.xtec.cat\/institutmestres\/wp-content\/uploads\/usu2085\/2020\/11\/mediacio.jpg\" alt=\"\" width=\"300\" height=\"269\" \/><\/a><\/p>\n<p>Demanar la col\u00b7laboraci\u00f3 del servei \u00e9s f\u00e0cil; podeu fer la demanda directament a les coordinadores del servei, a qualsevol dels seus membres o deixar-la per escrit a la b\u00fastia del Servei.<\/p>\n<p>Qualsevol estudiant interessat en formar part del servei de mediaci\u00f3 pot realitzar la formaci\u00f3 de Gesti\u00f3 de Conflictes.<\/p>\n<p>&nbsp;<\/p>\n<p><strong style=\"font-family: inherit; font-size: 1em;\">TROBADA DE CENTRES MEDIADORS DEL BAIX LLOBREGAT<\/strong><\/p>\n<p>Com cada any el grup d\u2019estudiants de l\u2019equip de mediaci\u00f3 participem en la Trobada de centres mediadors del Baix Llobregat en la que fem activitats conjuntes relacionades amb el treball per a la millora de la conviv\u00e8ncia.<\/p>\n<p>El curs 2014, ens vam reunir 200 estudiants, intercanviant viv\u00e8ncies respecte al pensament i la figura de Nelson Mandela, vam compartir jocs cooperatius i vam fer una flashmob tots plegats.<\/p>\n","protected":false},"excerpt":{"rendered":"<p>Al nostre centre quan alg\u00fa t\u00e9 una desavinen\u00e7a amb alg\u00fa altre, pot adre\u00e7ar-se al Servei de Mediaci\u00f3 perqu\u00e8 l\u2019ajudin a parlar-ne amb la persona amb qui t\u00e9 el conflicte.<br \/>\nL\u2019equip est\u00e0 integrat per companys formats pr\u00e8viament per entendre i ajudar que les dues persones enfrontades puguin&hellip;  <a href=\"https:\/\/agora.xtec.cat\/institutmestres\/programes-i-projectes\/mediacio\/\" title=\"Read Mediaci\u00f3\">Llegeix m\u00e9s\u00bb<\/a><\/p>\n","protected":false},"author":1,"featured_media":0,"parent":10195,"menu_order":2,"comment_status":"closed","ping_status":"closed","template":"page-templates\/side-menu.php","meta":{"_bbp_topic_count":0,"_bbp_reply_count":0,"_bbp_total_topic_count":0,"_bbp_total_reply_count":0,"_bbp_voice_count":0,"_bbp_anonymous_reply_count":0,"_bbp_topic_count_hidden":0,"_bbp_reply_count_hidden":0,"_bbp_forum_subforum_count":0,"footnotes":""},"class_list":["post-10218","page","type-page","status-publish","hentry"],"post_mailing_queue_ids":[],"_links":{"self":[{"href":"https:\/\/agora.xtec.cat\/institutmestres\/wp-json\/wp\/v2\/pages\/10218","targetHints":{"allow":["GET"]}}],"collection":[{"href":"https:\/\/agora.xtec.cat\/institutmestres\/wp-json\/wp\/v2\/pages"}],"about":[{"href":"https:\/\/agora.xtec.cat\/institutmestres\/wp-json\/wp\/v2\/types\/page"}],"author":[{"embeddable":true,"href":"https:\/\/agora.xtec.cat\/institutmestres\/wp-json\/wp\/v2\/users\/1"}],"replies":[{"embeddable":true,"href":"https:\/\/agora.xtec.cat\/institutmestres\/wp-json\/wp\/v2\/comments?post=10218"}],"version-history":[{"count":3,"href":"https:\/\/agora.xtec.cat\/institutmestres\/wp-json\/wp\/v2\/pages\/10218\/revisions"}],"predecessor-version":[{"id":11335,"href":"https:\/\/agora.xtec.cat\/institutmestres\/wp-json\/wp\/v2\/pages\/10218\/revisions\/11335"}],"up":[{"embeddable":true,"href":"https:\/\/agora.xtec.cat\/institutmestres\/wp-json\/wp\/v2\/pages\/10195"}],"wp:attachment":[{"href":"https:\/\/agora.xtec.cat\/institutmestres\/wp-json\/wp\/v2\/media?parent=10218"}],"curies":[{"name":"wp","href":"https:\/\/api.w.org\/{rel}","templated":true}]}}