{"id":928,"date":"2016-12-14T13:31:27","date_gmt":"2016-12-14T12:31:27","guid":{"rendered":"http:\/\/agora.xtec.cat\/institutmartamata\/?page_id=928"},"modified":"2026-04-11T16:52:56","modified_gmt":"2026-04-11T14:52:56","slug":"salutacio","status":"publish","type":"page","link":"https:\/\/agora.xtec.cat\/institutmartamata\/linstitut\/salutacio\/","title":{"rendered":"Salutaci\u00f3"},"content":{"rendered":"\n<p><span lang=\"CA\" style=\"margin: 0px; color: #222222; font-family: 'Helvetica',sans-serif; font-size: 13.5pt;\">Benvinguts i benvingudes a la web del nostre centre<\/span><\/p>\n\n\n\n<p><span lang=\"CA\" style=\"margin: 0px; color: #222222; font-family: 'Helvetica',sans-serif; font-size: 13.5pt;\">L&#8217;Institut Marta Mata \u00e9s un centre p\u00fablic de secund\u00e0ria la titularitat del qual correspon al Departament d\u2019Ensenyament de la Generalitat de Catalunya. Acull uns 580 alumnes repartits en estudis d\u2019ESO, Batxillerat (Modalitats de ci\u00e8ncies i tecnologia i ci\u00e8ncies socials i humanitats), un cicle formatiu de grau mig (Guia en el medi natural i de temps de lleure)&nbsp; i un programa de formaci\u00f3 inicial (PFI) d&#8217;auxiliar d&#8217;activitats esportives.<\/span><span lang=\"CA\" style=\"margin: 0px; color: #222222; font-family: 'Helvetica',sans-serif; font-size: 13.5pt;\">&nbsp; &nbsp; &nbsp; &nbsp; &nbsp; &nbsp;<\/span><\/p>\n\n\n\n<p><span lang=\"CA\" style=\"margin: 0px; color: #222222; font-family: 'Helvetica',sans-serif; font-size: 13.5pt;\">L&#8217;equip directiu est\u00e0 integrat per :<\/span><\/p>\n\n\n\n<figure data-wp-context=\"{&quot;imageId&quot;:&quot;69fb7e65d4582&quot;}\" data-wp-interactive=\"core\/image\" class=\"wp-block-image alignleft wp-lightbox-container\"><img loading=\"lazy\" decoding=\"async\" width=\"263\" height=\"263\" data-wp-class--hide=\"state.isContentHidden\" data-wp-class--show=\"state.isContentVisible\" data-wp-init=\"callbacks.setButtonStyles\" data-wp-on-async--click=\"actions.showLightbox\" data-wp-on-async--load=\"callbacks.setButtonStyles\" data-wp-on-async-window--resize=\"callbacks.setButtonStyles\" src=\"http:\/\/agora.xtec.cat\/institutmartamata\/wp-content\/uploads\/usu281\/2016\/11\/foto-carme-moreno-1.jpg\" alt=\"foto-carme-moreno\" class=\"wp-image-833\" srcset=\"https:\/\/agora.xtec.cat\/institutmartamata\/wp-content\/uploads\/usu281\/2016\/11\/foto-carme-moreno-1.jpg 263w, https:\/\/agora.xtec.cat\/institutmartamata\/wp-content\/uploads\/usu281\/2016\/11\/foto-carme-moreno-1-150x150.jpg 150w\" sizes=\"auto, (max-width: 263px) 100vw, 263px\" \/><button\n\t\t\tclass=\"lightbox-trigger\"\n\t\t\ttype=\"button\"\n\t\t\taria-haspopup=\"dialog\"\n\t\t\taria-label=\"Amplia la imatge: foto-carme-moreno\"\n\t\t\tdata-wp-init=\"callbacks.initTriggerButton\"\n\t\t\tdata-wp-on-async--click=\"actions.showLightbox\"\n\t\t\tdata-wp-style--right=\"state.imageButtonRight\"\n\t\t\tdata-wp-style--top=\"state.imageButtonTop\"\n\t\t>\n\t\t\t<svg xmlns=\"http:\/\/www.w3.org\/2000\/svg\" width=\"12\" height=\"12\" fill=\"none\" viewBox=\"0 0 12 12\">\n\t\t\t\t<path fill=\"#fff\" d=\"M2 0a2 2 0 0 0-2 2v2h1.5V2a.5.5 0 0 1 .5-.5h2V0H2Zm2 10.5H2a.5.5 0 0 1-.5-.5V8H0v2a2 2 0 0 0 2 2h2v-1.5ZM8 12v-1.5h2a.5.5 0 0 0 .5-.5V8H12v2a2 2 0 0 1-2 2H8Zm2-12a2 2 0 0 1 2 2v2h-1.5V2a.5.5 0 0 0-.5-.5H8V0h2Z\" \/>\n\t\t\t<\/svg>\n\t\t<\/button><\/figure>\n\n\n\n<p><\/p>\n\n\n\n<p><span lang=\"CA\" style=\"margin: 0px; color: #222222; font-family: 'Helvetica',sans-serif; font-size: 13.5pt;\">&nbsp; &nbsp;DIRECTORA: <a href=\"https:\/\/drive.google.com\/file\/d\/144gGf4iA2pN5OM9rA2lmjnl9g2r_F_rP\/view?usp=sharing\" target=\"_blank\" rel=\"noopener\">M\u00aa del Carmen Moreno&nbsp; Ari\u00f1o<\/a><br><\/span><\/p>\n\n\n\n<p><span lang=\"CA\" style=\"margin: 0px; color: #222222; font-family: 'Helvetica',sans-serif; font-size: 13.5pt;\">&nbsp; &nbsp;CAP D&#8217;ESTUDIS: <a href=\"https:\/\/agora.xtec.cat\/institutmartamata\/wp-content\/uploads\/usu281\/2019\/12\/Perfl-Nuria.pdf\">N\u00faria Grau&nbsp; Quiroga.<\/a><\/span><span lang=\"CA\" style=\"margin: 0px; color: #222222; font-family: 'Helvetica',sans-serif; font-size: 13.5pt;\">&nbsp; &nbsp;<\/span><span lang=\"CA\" style=\"margin: 0px; color: #222222; font-family: 'Helvetica',sans-serif; font-size: 13.5pt;\">&nbsp; &nbsp; &nbsp; &nbsp; &nbsp; &nbsp; &nbsp; &nbsp;<\/span><\/p>\n\n\n\n<p><span lang=\"CA\" style=\"margin: 0px; color: #222222; font-family: 'Helvetica',sans-serif; font-size: 13.5pt;\">&nbsp; &nbsp;SECRETARI: <a href=\"https:\/\/agora.xtec.cat\/institutmartamata\/wp-content\/uploads\/usu281\/2019\/12\/Fitxa_Perfil-i-trajectoria-professional_SIGN-Jordi.pdf\">Jordi Ximeno Galeote<\/a>.<\/span><\/p>\n\n\n\n<p><span lang=\"CA\" style=\"margin: 0px; color: #222222; font-family: 'Helvetica',sans-serif; font-size: 13.5pt;\">&nbsp;<\/span><span style=\"font-family: Helvetica, sans-serif; font-size: 13.5pt;\">&nbsp;COORDINADORA PEDAG\u00d2GICA: <\/span><a style=\"font-family: Helvetica, sans-serif; font-size: 13.5pt;\" href=\"https:\/\/agora.xtec.cat\/institutmartamata\/wp-content\/uploads\/usu281\/2019\/12\/Perfil-Belen.pdf\">M\u00aa Belen Velasco Ataz.<\/a><\/p>\n\n\n\n<p><span lang=\"CA\" style=\"margin: 0px; color: #222222; font-family: 'Helvetica',sans-serif; font-size: 13.5pt;\">&nbsp;<\/span><\/p>\n\n\n\n<p><span lang=\"CA\" style=\"margin: 0px; color: #222222; font-family: 'Helvetica',sans-serif; font-size: 13.5pt;\">El nostre institut ent\u00e9n l\u2019educaci\u00f3&nbsp;com un proc\u00e9s&nbsp;integral&nbsp;(no exclusivament instructiu) que es desenvolupa tenint en compte la dimensi\u00f3 individual i social de l\u2019alumnat en \u00e0mbits diversos: intel\u00b7lectual, f\u00edsic, moral, hum\u00e0&#8230;a fi de formar persones competents acad\u00e8micament i social. Ben preparades per afrontar amb \u00e8xit estudis posteriors i la incorporaci\u00f3 al m\u00f3n laboral per\u00f2 tamb\u00e9 educades en valors com la pluralitat, la toler\u00e0ncia, la responsabilitat i l&#8217;esfor\u00e7, valors imprescindibles per viure en comunitat.<\/span><\/p>\n\n\n\n<p><span lang=\"CA\" style=\"margin: 0px; color: #222222; font-family: 'Helvetica',sans-serif; font-size: 13.5pt;\">Som conscients dels canvis que la societat experimenta dels quals el nostre institut no est\u00e0 al marge i volem un centre que ofereixi una educaci\u00f3 de qualitat adaptada a les necessitats actuals i que respecti els ritmes d&#8217;aprenentatge de cadasc\u00fa. La potenciaci\u00f3 de les lleng\u00fces estrangeres mitjan\u00e7ant la impartici\u00f3 d&#8217;una part d&#8217;algunes mat\u00e8ries en angl\u00e8s, l&#8217;estudi de l&#8217;alemany o el franc\u00e8s com a segona llengua estrangera, el foment de l&#8217;\u00fas de les noves tecnologies, el respecte al medi ambient (som escola verda) i el pla d&#8217;atenci\u00f3 a la diversitat en s\u00f3n una mostra.<\/span><\/p>\n\n\n\n<p><span lang=\"CA\" style=\"margin: 0px; color: #222222; font-family: 'Helvetica',sans-serif; font-size: 13.5pt;\">Per aconseguir aquests objectius necessitem la implicaci\u00f3 i la participaci\u00f3 de tots els membres de la comunitat educativa: alumnat, professorat, fam\u00edlies i entitats de l&#8217;entorn&nbsp;perqu\u00e8 sovint aprendre exigeix un esfor\u00e7 personal important i implica superar una s\u00e8rie de dificultats que formen part de la formaci\u00f3 integral que pretenem donar a tot el nostre alumnat&nbsp;.<\/span><\/p>\n\n\n\n<p><span lang=\"CA\" style=\"margin: 0px; color: #222222; font-family: 'Helvetica',sans-serif; font-size: 13.5pt;\">Aquesta web pret\u00e9n ser un canal de comunicaci\u00f3 que afavoreixi aquesta participaci\u00f3 i una finestra oberta que projecti a l&#8217;exterior la bona feina que es fa portes endins. En ella trobareu informaci\u00f3 sobre el centre, els nostres projectes i serveis, podreu visitar de manera virtual les seves instal\u00b7lacions, saber qui som veient les fotografies de la galeria o con\u00e8ixer les activitats que fem al llarg del curs llegint les not\u00edcies de la p\u00e0gina principal.<\/span><\/p>\n\n\n\n<p><span lang=\"CA\" style=\"margin: 0px; color: #222222; font-family: 'Helvetica',sans-serif; font-size: 13.5pt;\">Per \u00faltim, us animem a contactar amb nosaltres per si teniu alguna consulta o voleu fer-nos arribar algun suggeriment que ens ajudi en el nostre prop\u00f2sit de millora cont\u00ednua. Tenim present que tots fem equip perqu\u00e8&nbsp; com diu el proverbi afric\u00e0: <em>Per educar cal tota la tribu.<\/em><\/span><\/p>\n\n\n\n<p><span lang=\"CA\" style=\"margin: 0px; color: #222222; font-family: 'Helvetica',sans-serif; font-size: 13.5pt;\">Moltes gr\u00e0cies per &nbsp;la vostra visita que esperem sigui la primera de moltes altres.<\/span><\/p>\n\n\n\n<p><span lang=\"CA\" style=\"margin: 0px; color: #222222; font-family: 'Helvetica',sans-serif; font-size: 13.5pt;\">Cordialment<\/span><\/p>\n\n\n\n<h5 class=\"wp-block-heading\">M\u00aa Carmen Moreno i Ari\u00f1o<\/h5>\n\n\n\n<h5 class=\"wp-block-heading\">Directora de l&#8217;INS Marta Mata<\/h5>\n\n\n\n<h5 class=\"wp-block-heading\">&nbsp;<\/h5>\n","protected":false},"excerpt":{"rendered":"<p>Benvinguts i benvingudes a la web del nostre centre L&#8217;Institut Marta Mata \u00e9s un centre p\u00fablic de secund\u00e0ria la titularitat del qual correspon al Departament d\u2019Ensenyament de la Generalitat de Catalunya. Acull uns 580 alumnes repartits en estudis d\u2019ESO, Batxillerat (Modalitats de ci\u00e8ncies i tecnologia i ci\u00e8ncies socials i humanitats), un cicle formatiu de grau [&hellip;]<\/p>\n","protected":false},"author":1,"featured_media":0,"parent":19,"menu_order":0,"comment_status":"closed","ping_status":"closed","template":"","meta":{"_bbp_topic_count":0,"_bbp_reply_count":0,"_bbp_total_topic_count":0,"_bbp_total_reply_count":0,"_bbp_voice_count":0,"_bbp_anonymous_reply_count":0,"_bbp_topic_count_hidden":0,"_bbp_reply_count_hidden":0,"_bbp_forum_subforum_count":0,"site-sidebar-layout":"default","site-content-layout":"","ast-site-content-layout":"default","site-content-style":"default","site-sidebar-style":"default","ast-global-header-display":"","ast-banner-title-visibility":"","ast-main-header-display":"","ast-hfb-above-header-display":"","ast-hfb-below-header-display":"","ast-hfb-mobile-header-display":"","site-post-title":"","ast-breadcrumbs-content":"","ast-featured-img":"","footer-sml-layout":"","theme-transparent-header-meta":"","adv-header-id-meta":"","stick-header-meta":"","header-above-stick-meta":"","header-main-stick-meta":"","header-below-stick-meta":"","astra-migrate-meta-layouts":"set","ast-page-background-enabled":"default","ast-page-background-meta":{"desktop":{"background-color":"var(--ast-global-color-4)","background-image":"","background-repeat":"repeat","background-position":"center center","background-size":"auto","background-attachment":"scroll","background-type":"","background-media":"","overlay-type":"","overlay-color":"","overlay-opacity":"","overlay-gradient":""},"tablet":{"background-color":"","background-image":"","background-repeat":"repeat","background-position":"center center","background-size":"auto","background-attachment":"scroll","background-type":"","background-media":"","overlay-type":"","overlay-color":"","overlay-opacity":"","overlay-gradient":""},"mobile":{"background-color":"","background-image":"","background-repeat":"repeat","background-position":"center center","background-size":"auto","background-attachment":"scroll","background-type":"","background-media":"","overlay-type":"","overlay-color":"","overlay-opacity":"","overlay-gradient":""}},"ast-content-background-meta":{"desktop":{"background-color":"var(--ast-global-color-5)","background-image":"","background-repeat":"repeat","background-position":"center center","background-size":"auto","background-attachment":"scroll","background-type":"","background-media":"","overlay-type":"","overlay-color":"","overlay-opacity":"","overlay-gradient":""},"tablet":{"background-color":"var(--ast-global-color-5)","background-image":"","background-repeat":"repeat","background-position":"center center","background-size":"auto","background-attachment":"scroll","background-type":"","background-media":"","overlay-type":"","overlay-color":"","overlay-opacity":"","overlay-gradient":""},"mobile":{"background-color":"var(--ast-global-color-5)","background-image":"","background-repeat":"repeat","background-position":"center center","background-size":"auto","background-attachment":"scroll","background-type":"","background-media":"","overlay-type":"","overlay-color":"","overlay-opacity":"","overlay-gradient":""}},"footnotes":""},"class_list":["post-928","page","type-page","status-publish","hentry"],"post_mailing_queue_ids":[],"_links":{"self":[{"href":"https:\/\/agora.xtec.cat\/institutmartamata\/wp-json\/wp\/v2\/pages\/928","targetHints":{"allow":["GET"]}}],"collection":[{"href":"https:\/\/agora.xtec.cat\/institutmartamata\/wp-json\/wp\/v2\/pages"}],"about":[{"href":"https:\/\/agora.xtec.cat\/institutmartamata\/wp-json\/wp\/v2\/types\/page"}],"author":[{"embeddable":true,"href":"https:\/\/agora.xtec.cat\/institutmartamata\/wp-json\/wp\/v2\/users\/1"}],"replies":[{"embeddable":true,"href":"https:\/\/agora.xtec.cat\/institutmartamata\/wp-json\/wp\/v2\/comments?post=928"}],"version-history":[{"count":6,"href":"https:\/\/agora.xtec.cat\/institutmartamata\/wp-json\/wp\/v2\/pages\/928\/revisions"}],"predecessor-version":[{"id":20215,"href":"https:\/\/agora.xtec.cat\/institutmartamata\/wp-json\/wp\/v2\/pages\/928\/revisions\/20215"}],"up":[{"embeddable":true,"href":"https:\/\/agora.xtec.cat\/institutmartamata\/wp-json\/wp\/v2\/pages\/19"}],"wp:attachment":[{"href":"https:\/\/agora.xtec.cat\/institutmartamata\/wp-json\/wp\/v2\/media?parent=928"}],"curies":[{"name":"wp","href":"https:\/\/api.w.org\/{rel}","templated":true}]}}