{"id":9016,"date":"2019-03-19T18:29:29","date_gmt":"2019-03-19T17:29:29","guid":{"rendered":"http:\/\/agora.xtec.cat\/institutmartamata\/?page_id=9016"},"modified":"2022-07-05T00:57:00","modified_gmt":"2022-07-04T22:57:00","slug":"robotica","status":"publish","type":"page","link":"https:\/\/agora.xtec.cat\/institutmartamata\/projecte-educatiu\/robotica\/","title":{"rendered":"Rob\u00f2tica"},"content":{"rendered":"<p><strong>OBJECTIUS DEL PROJECTE:<\/strong><\/p>\n<ul>\n<li>Reestructurar els continguts i recursos que el segle XXI ens ofereix per desenvolupar nous reptes tecnol\u00f2gics.<\/li>\n<li>Incloure la rob\u00f2tica com a recurs d\u2019ensenyament i aprenentatge dins la materia de tecnolog\u00eda: cliqueu damunt la imatge pera veure la presentaci\u00f3:<\/li>\n<\/ul>\n<p><a href=\"https:\/\/drive.google.com\/file\/d\/12sVWjRpECOJ_1EyCdU21FSahq1CK3VPG\/view\" target=\"_blank\" rel=\"noopener\"><img loading=\"lazy\" decoding=\"async\" class=\"aligncenter wp-image-14040 size-medium\" src=\"https:\/\/agora.xtec.cat\/institutmartamata\/wp-content\/uploads\/usu281\/2022\/07\/Captura-de-pantalla-583-300x168.png\" alt=\"\" width=\"300\" height=\"168\" srcset=\"https:\/\/agora.xtec.cat\/institutmartamata\/wp-content\/uploads\/usu281\/2022\/07\/Captura-de-pantalla-583-300x168.png 300w, https:\/\/agora.xtec.cat\/institutmartamata\/wp-content\/uploads\/usu281\/2022\/07\/Captura-de-pantalla-583-1024x572.png 1024w, https:\/\/agora.xtec.cat\/institutmartamata\/wp-content\/uploads\/usu281\/2022\/07\/Captura-de-pantalla-583-768x429.png 768w, https:\/\/agora.xtec.cat\/institutmartamata\/wp-content\/uploads\/usu281\/2022\/07\/Captura-de-pantalla-583.png 1186w\" sizes=\"auto, (max-width: 300px) 100vw, 300px\" \/><\/a><\/p>\n<p style=\"text-align: center;\">\n<p style=\"text-align: center;\">Aquest projecte est\u00e0 subvencionat pel Fons Educatiu de Salou i compta amb la col\u00b7laboraci\u00f3 de l&#8217;AMPA de l&#8217;institut.<\/p>\n<p><b>PROGRAMACI\u00d3 PER CURSOS:<\/b><\/p>\n<p><b>1r ESO: <\/b><\/p>\n<ul>\n<li>Primers passos en el m\u00f3n de la programaci\u00f3. L\u2019entorn code.org.<\/li>\n<li>Aprenentatge de l\u2019entorn infantil de programaci\u00f3 Scratch.<\/li>\n<\/ul>\n<p><b>2n ESO: <\/b><\/p>\n<ul>\n<li>Ampliaci\u00f3 de l\u2019entorn de programaci\u00f3 Scratch.<\/li>\n<li>Introducci\u00f3 a l\u2019electr\u00f2nica i la rob\u00f2tica fent servir Lego Mindstorm EV3 a nivell b\u00e0sic<\/li>\n<\/ul>\n<p><b>3r ESO:<\/b><\/p>\n<ul>\n<li>Ampliaci\u00f3 de projectes i reptes fent servir Lego Mindstorm EV3.<\/li>\n<li>Comprensi\u00f3 de les estructures, m\u00e0quines i mecanismes mitjan\u00e7ant el funcionament f\u00edsic dels robots.<\/li>\n<\/ul>\n<p><b>4t ESO<\/b><\/p>\n<ul>\n<li>Programaci\u00f3 ardublock.<\/li>\n<li>Programaci\u00f3 de la placa Arduino. Projectes nivell intermedi.<\/li>\n<li>Introducci\u00f3 els llenguatges de programaci\u00f3 Python i Processing (Arduino).<\/li>\n<\/ul>\n<p>&nbsp;<\/p>\n<p><a href=\"https:\/\/agora.xtec.cat\/institutmartamata\/wp-content\/uploads\/usu281\/2019\/03\/Rob\u00f2tica-4t.jpg\"><img loading=\"lazy\" decoding=\"async\" class=\"alignnone size-large wp-image-9019\" src=\"https:\/\/agora.xtec.cat\/institutmartamata\/wp-content\/uploads\/usu281\/2019\/03\/Rob\u00f2tica-4t-1024x611.jpg\" alt=\"\" width=\"1024\" height=\"611\" srcset=\"https:\/\/agora.xtec.cat\/institutmartamata\/wp-content\/uploads\/usu281\/2019\/03\/Rob\u00f2tica-4t-1024x611.jpg 1024w, https:\/\/agora.xtec.cat\/institutmartamata\/wp-content\/uploads\/usu281\/2019\/03\/Rob\u00f2tica-4t-300x179.jpg 300w, https:\/\/agora.xtec.cat\/institutmartamata\/wp-content\/uploads\/usu281\/2019\/03\/Rob\u00f2tica-4t-768x458.jpg 768w, https:\/\/agora.xtec.cat\/institutmartamata\/wp-content\/uploads\/usu281\/2019\/03\/Rob\u00f2tica-4t.jpg 1031w\" sizes=\"auto, (max-width: 1024px) 100vw, 1024px\" \/><\/a><\/p>\n","protected":false},"excerpt":{"rendered":"<p>OBJECTIUS DEL PROJECTE: Reestructurar els continguts i recursos que el segle XXI ens ofereix per desenvolupar nous reptes tecnol\u00f2gics. Incloure la rob\u00f2tica com a recurs d\u2019ensenyament i aprenentatge dins la materia de tecnolog\u00eda: cliqueu damunt la imatge pera veure la presentaci\u00f3: Aquest projecte est\u00e0 subvencionat pel Fons Educatiu de Salou i compta amb la col\u00b7laboraci\u00f3 [&hellip;]<\/p>\n","protected":false},"author":4,"featured_media":0,"parent":57,"menu_order":8,"comment_status":"closed","ping_status":"closed","template":"page-templates\/side-menu.php","meta":{"_bbp_topic_count":0,"_bbp_reply_count":0,"_bbp_total_topic_count":0,"_bbp_total_reply_count":0,"_bbp_voice_count":0,"_bbp_anonymous_reply_count":0,"_bbp_topic_count_hidden":0,"_bbp_reply_count_hidden":0,"_bbp_forum_subforum_count":0,"site-sidebar-layout":"default","site-content-layout":"","ast-site-content-layout":"","site-content-style":"default","site-sidebar-style":"default","ast-global-header-display":"","ast-banner-title-visibility":"","ast-main-header-display":"","ast-hfb-above-header-display":"","ast-hfb-below-header-display":"","ast-hfb-mobile-header-display":"","site-post-title":"","ast-breadcrumbs-content":"","ast-featured-img":"","footer-sml-layout":"","theme-transparent-header-meta":"","adv-header-id-meta":"","stick-header-meta":"","header-above-stick-meta":"","header-main-stick-meta":"","header-below-stick-meta":"","astra-migrate-meta-layouts":"default","ast-page-background-enabled":"default","ast-page-background-meta":{"desktop":{"background-color":"var(--ast-global-color-4)","background-image":"","background-repeat":"repeat","background-position":"center center","background-size":"auto","background-attachment":"scroll","background-type":"","background-media":"","overlay-type":"","overlay-color":"","overlay-opacity":"","overlay-gradient":""},"tablet":{"background-color":"","background-image":"","background-repeat":"repeat","background-position":"center center","background-size":"auto","background-attachment":"scroll","background-type":"","background-media":"","overlay-type":"","overlay-color":"","overlay-opacity":"","overlay-gradient":""},"mobile":{"background-color":"","background-image":"","background-repeat":"repeat","background-position":"center center","background-size":"auto","background-attachment":"scroll","background-type":"","background-media":"","overlay-type":"","overlay-color":"","overlay-opacity":"","overlay-gradient":""}},"ast-content-background-meta":{"desktop":{"background-color":"var(--ast-global-color-5)","background-image":"","background-repeat":"repeat","background-position":"center center","background-size":"auto","background-attachment":"scroll","background-type":"","background-media":"","overlay-type":"","overlay-color":"","overlay-opacity":"","overlay-gradient":""},"tablet":{"background-color":"var(--ast-global-color-5)","background-image":"","background-repeat":"repeat","background-position":"center center","background-size":"auto","background-attachment":"scroll","background-type":"","background-media":"","overlay-type":"","overlay-color":"","overlay-opacity":"","overlay-gradient":""},"mobile":{"background-color":"var(--ast-global-color-5)","background-image":"","background-repeat":"repeat","background-position":"center center","background-size":"auto","background-attachment":"scroll","background-type":"","background-media":"","overlay-type":"","overlay-color":"","overlay-opacity":"","overlay-gradient":""}},"footnotes":""},"class_list":["post-9016","page","type-page","status-publish","hentry"],"post_mailing_queue_ids":[],"_links":{"self":[{"href":"https:\/\/agora.xtec.cat\/institutmartamata\/wp-json\/wp\/v2\/pages\/9016","targetHints":{"allow":["GET"]}}],"collection":[{"href":"https:\/\/agora.xtec.cat\/institutmartamata\/wp-json\/wp\/v2\/pages"}],"about":[{"href":"https:\/\/agora.xtec.cat\/institutmartamata\/wp-json\/wp\/v2\/types\/page"}],"author":[{"embeddable":true,"href":"https:\/\/agora.xtec.cat\/institutmartamata\/wp-json\/wp\/v2\/users\/4"}],"replies":[{"embeddable":true,"href":"https:\/\/agora.xtec.cat\/institutmartamata\/wp-json\/wp\/v2\/comments?post=9016"}],"version-history":[{"count":3,"href":"https:\/\/agora.xtec.cat\/institutmartamata\/wp-json\/wp\/v2\/pages\/9016\/revisions"}],"predecessor-version":[{"id":14041,"href":"https:\/\/agora.xtec.cat\/institutmartamata\/wp-json\/wp\/v2\/pages\/9016\/revisions\/14041"}],"up":[{"embeddable":true,"href":"https:\/\/agora.xtec.cat\/institutmartamata\/wp-json\/wp\/v2\/pages\/57"}],"wp:attachment":[{"href":"https:\/\/agora.xtec.cat\/institutmartamata\/wp-json\/wp\/v2\/media?parent=9016"}],"curies":[{"name":"wp","href":"https:\/\/api.w.org\/{rel}","templated":true}]}}