{"id":808,"date":"2016-11-20T11:24:57","date_gmt":"2016-11-20T10:24:57","guid":{"rendered":"http:\/\/agora.xtec.cat\/institutmartamata\/?page_id=808"},"modified":"2025-10-13T20:04:43","modified_gmt":"2025-10-13T18:04:43","slug":"albums-de-fotos","status":"publish","type":"page","link":"https:\/\/agora.xtec.cat\/institutmartamata\/albums-de-fotos\/","title":{"rendered":"8. \u00c0LBUMS DE FOTOS"},"content":{"rendered":"<p>Aqu\u00ed podreu trobar les galeries fotogr\u00e0fiques d\u2019activitats que hem fet al nostre centre.<\/p>\n<p>Nota sobre els <a href=\"http:\/\/agora.xtec.cat\/institutmartamata\/secretaria\/d-documents\/iv-dret-dimatge\/\" target=\"_blank\" rel=\"noopener noreferrer\"><span style=\"color: #ff0000;\"><strong>drets d\u2019imatge<\/strong><\/span>.<\/a><br \/>\nSi trobeu alguna foto que suposa algun inconvenient o penseu que pot ser incorrecta, us preguem que contacteu amb l&#8217;institut.<\/p>\n<p>Per accedir a les fotos necessiteu un compte de correu de l&#8217;institut(@institutmartamata.cat)<\/p>\n<p>CURSOS<\/p>\n<p>&nbsp;<\/p>\n<table style=\"height: 383px; width: 804px;\">\n<tbody>\n<tr>\n<td style=\"width: 154.667px; text-align: center;\">\n<h3><a href=\"https:\/\/drive.google.com\/drive\/folders\/1t1OHgVCPktfLA_hlXhjzjxVsfevUvzEK?usp=sharing\">2025-2026<\/a><\/h3>\n<\/td>\n<td style=\"width: 158px; text-align: center;\">\n<h3><\/h3>\n<\/td>\n<td style=\"width: 159.333px; text-align: center;\">\n<h3><\/h3>\n<\/td>\n<td style=\"width: 159.333px; vertical-align: middle; text-align: center;\">\n<h3><\/h3>\n<\/td>\n<td style=\"width: 159.333px; text-align: center;\">\n<h3><strong>\u00a0<\/strong><\/h3>\n<\/td>\n<\/tr>\n<tr>\n<td style=\"width: 154.667px; text-align: center;\">\n<h3><a href=\"https:\/\/drive.google.com\/drive\/folders\/1dLregwMHQoAAtyYRPWgyvipOEEP8hlhI?usp=sharing\" target=\"_blank\" rel=\"noopener\">2024-2025<\/a><\/h3>\n<\/td>\n<td style=\"width: 158px; text-align: center;\">\n<h3><a href=\"https:\/\/drive.google.com\/drive\/folders\/1nBJXt2cOP3OrZhvAItVVBOP0MhJ2dY54?usp=sharing\" target=\"_blank\" rel=\"noopener\">2023-2024<\/a><\/h3>\n<\/td>\n<td style=\"width: 159.333px; text-align: center;\">\n<h3><a href=\"https:\/\/drive.google.com\/drive\/folders\/1nm-rNsFGfMJh3TPsMHcZl9GPxGFd_egC?usp=sharing\" target=\"_blank\" rel=\"noopener\">2022-23<\/a><\/h3>\n<\/td>\n<td style=\"width: 159.333px; vertical-align: middle; text-align: center;\">\n<h3><a href=\"https:\/\/drive.google.com\/drive\/folders\/1HV17wNJno-_aGomOlq9PDw7gCJTiO74c?usp=sharing\" target=\"_blank\" rel=\"noopener\">2021-22<\/a><\/h3>\n<\/td>\n<td style=\"width: 159.333px; text-align: center;\">\n<h3><strong><a href=\"https:\/\/drive.google.com\/drive\/folders\/1QETOnk1nMZzV72fnkW7_ClFIqAnvWLxS?usp=sharing\" target=\"_blank\" rel=\"noopener noreferrer\">2020-21<\/a><\/strong><\/h3>\n<\/td>\n<\/tr>\n<tr>\n<td style=\"width: 154.667px; text-align: center;\">\n<h3><strong><a href=\"https:\/\/drive.google.com\/drive\/folders\/10vlybRM-CCoK4g7Y_mv7XDldZ6Dtm0M_?usp=sharing\" target=\"_blank\" rel=\"noopener noreferrer\">2019-20\u00a0<\/a><\/strong><\/h3>\n<\/td>\n<td style=\"width: 158px; text-align: center;\">\n<h3><strong><a href=\"https:\/\/plus.google.com\/u\/0\/113830242282044311804?set=a.2216121305326240&amp;type=1&amp;l=2310a83a26\" target=\"_blank\" rel=\"noopener noreferrer\">2018-19<\/a><\/strong><\/h3>\n<\/td>\n<td style=\"width: 159.333px; text-align: center;\">\n<h3><strong><a href=\"https:\/\/plus.google.com\/u\/0\/101973673462593541977\" target=\"_blank\" rel=\"noopener noreferrer\">2017-18<\/a><\/strong><\/h3>\n<\/td>\n<td style=\"width: 159.333px; vertical-align: middle; text-align: center;\">\n<h3><strong><a href=\"https:\/\/plus.google.com\/u\/0\/115996708651752884551\" target=\"_blank\" rel=\"noopener noreferrer\">2016-17<\/a><\/strong><\/h3>\n<\/td>\n<td style=\"width: 159.333px; text-align: center;\">\n<h3><strong><a href=\"https:\/\/plus.google.com\/102119903964347550967\" target=\"_blank\" rel=\"noopener noreferrer\">2015-16<\/a><\/strong><\/h3>\n<\/td>\n<\/tr>\n<tr>\n<td style=\"width: 154.667px; text-align: center;\">\n<h3><strong><a href=\"https:\/\/plus.google.com\/u\/0\/106805376567317580819\" target=\"_blank\" rel=\"noopener noreferrer\">2014-15<\/a><\/strong><\/h3>\n<\/td>\n<td style=\"width: 158px; text-align: center;\">\n<h3><strong><a href=\"https:\/\/plus.google.com\/u\/0\/114906419707056585434\" target=\"_blank\" rel=\"noopener noreferrer\">2013-14<\/a><\/strong><\/h3>\n<\/td>\n<td style=\"width: 159.333px; text-align: center;\">\n<h3><strong><a href=\"https:\/\/plus.google.com\/u\/0\/116879891803812838083\" target=\"_blank\" rel=\"noopener noreferrer\">2012-13<\/a><\/strong><\/h3>\n<\/td>\n<td style=\"width: 159.333px; vertical-align: middle; text-align: center;\">\n<h3><strong><a href=\"https:\/\/plus.google.com\/u\/0\/116498123317568726461\" target=\"_blank\" rel=\"noopener noreferrer\">2011-12<\/a><\/strong><\/h3>\n<\/td>\n<td style=\"width: 159.333px; text-align: center;\">\n<h3><strong><a href=\"https:\/\/plus.google.com\/u\/0\/113441029212061140380\" target=\"_blank\" rel=\"noopener noreferrer\">2010-11<\/a><\/strong><\/h3>\n<\/td>\n<\/tr>\n<\/tbody>\n<\/table>\n<p>&nbsp;<\/p>\n<p>&nbsp;<\/p>\n<p>&nbsp;<\/p>\n<h3 style=\"text-align: center;\"><\/h3>\n<p>&nbsp;<\/p>\n<p>&nbsp;<\/p>\n<div class=\"pcl_tooltip_box\" style=\"display: none;\">\n<p>Image already added<\/p>\n<div class=\"arrow border\"><\/div>\n<div class=\"arrow\"><\/div>\n<\/div>\n<div class=\"pcl_global_mask\" style=\"display: none;\"><\/div>\n","protected":false},"excerpt":{"rendered":"<p>Aqu\u00ed podreu trobar les galeries fotogr\u00e0fiques d\u2019activitats que hem fet al nostre centre. Nota sobre els drets d\u2019imatge. Si trobeu alguna foto que suposa algun inconvenient o penseu que pot ser incorrecta, us preguem que contacteu amb l&#8217;institut. Per accedir a les fotos necessiteu un compte de correu de l&#8217;institut(@institutmartamata.cat) CURSOS &nbsp; 2025-2026 \u00a0 2024-2025 [&hellip;]<\/p>\n","protected":false},"author":1,"featured_media":0,"parent":0,"menu_order":0,"comment_status":"closed","ping_status":"closed","template":"","meta":{"_bbp_topic_count":0,"_bbp_reply_count":0,"_bbp_total_topic_count":0,"_bbp_total_reply_count":0,"_bbp_voice_count":0,"_bbp_anonymous_reply_count":0,"_bbp_topic_count_hidden":0,"_bbp_reply_count_hidden":0,"_bbp_forum_subforum_count":0,"site-sidebar-layout":"default","site-content-layout":"","ast-site-content-layout":"","site-content-style":"default","site-sidebar-style":"default","ast-global-header-display":"","ast-banner-title-visibility":"","ast-main-header-display":"","ast-hfb-above-header-display":"","ast-hfb-below-header-display":"","ast-hfb-mobile-header-display":"","site-post-title":"","ast-breadcrumbs-content":"","ast-featured-img":"","footer-sml-layout":"","theme-transparent-header-meta":"","adv-header-id-meta":"","stick-header-meta":"","header-above-stick-meta":"","header-main-stick-meta":"","header-below-stick-meta":"","astra-migrate-meta-layouts":"default","ast-page-background-enabled":"default","ast-page-background-meta":{"desktop":{"background-color":"var(--ast-global-color-4)","background-image":"","background-repeat":"repeat","background-position":"center center","background-size":"auto","background-attachment":"scroll","background-type":"","background-media":"","overlay-type":"","overlay-color":"","overlay-opacity":"","overlay-gradient":""},"tablet":{"background-color":"","background-image":"","background-repeat":"repeat","background-position":"center center","background-size":"auto","background-attachment":"scroll","background-type":"","background-media":"","overlay-type":"","overlay-color":"","overlay-opacity":"","overlay-gradient":""},"mobile":{"background-color":"","background-image":"","background-repeat":"repeat","background-position":"center center","background-size":"auto","background-attachment":"scroll","background-type":"","background-media":"","overlay-type":"","overlay-color":"","overlay-opacity":"","overlay-gradient":""}},"ast-content-background-meta":{"desktop":{"background-color":"var(--ast-global-color-5)","background-image":"","background-repeat":"repeat","background-position":"center center","background-size":"auto","background-attachment":"scroll","background-type":"","background-media":"","overlay-type":"","overlay-color":"","overlay-opacity":"","overlay-gradient":""},"tablet":{"background-color":"var(--ast-global-color-5)","background-image":"","background-repeat":"repeat","background-position":"center center","background-size":"auto","background-attachment":"scroll","background-type":"","background-media":"","overlay-type":"","overlay-color":"","overlay-opacity":"","overlay-gradient":""},"mobile":{"background-color":"var(--ast-global-color-5)","background-image":"","background-repeat":"repeat","background-position":"center center","background-size":"auto","background-attachment":"scroll","background-type":"","background-media":"","overlay-type":"","overlay-color":"","overlay-opacity":"","overlay-gradient":""}},"footnotes":""},"class_list":["post-808","page","type-page","status-publish","hentry"],"post_mailing_queue_ids":[],"_links":{"self":[{"href":"https:\/\/agora.xtec.cat\/institutmartamata\/wp-json\/wp\/v2\/pages\/808","targetHints":{"allow":["GET"]}}],"collection":[{"href":"https:\/\/agora.xtec.cat\/institutmartamata\/wp-json\/wp\/v2\/pages"}],"about":[{"href":"https:\/\/agora.xtec.cat\/institutmartamata\/wp-json\/wp\/v2\/types\/page"}],"author":[{"embeddable":true,"href":"https:\/\/agora.xtec.cat\/institutmartamata\/wp-json\/wp\/v2\/users\/1"}],"replies":[{"embeddable":true,"href":"https:\/\/agora.xtec.cat\/institutmartamata\/wp-json\/wp\/v2\/comments?post=808"}],"version-history":[{"count":8,"href":"https:\/\/agora.xtec.cat\/institutmartamata\/wp-json\/wp\/v2\/pages\/808\/revisions"}],"predecessor-version":[{"id":19197,"href":"https:\/\/agora.xtec.cat\/institutmartamata\/wp-json\/wp\/v2\/pages\/808\/revisions\/19197"}],"wp:attachment":[{"href":"https:\/\/agora.xtec.cat\/institutmartamata\/wp-json\/wp\/v2\/media?parent=808"}],"curies":[{"name":"wp","href":"https:\/\/api.w.org\/{rel}","templated":true}]}}