{"id":684,"date":"2016-10-21T22:50:03","date_gmt":"2016-10-21T20:50:03","guid":{"rendered":"http:\/\/agora.xtec.cat\/institutmartamata\/?page_id=684"},"modified":"2024-02-27T23:28:05","modified_gmt":"2024-02-27T22:28:05","slug":"d-activitats-extraescolars","status":"publish","type":"page","link":"https:\/\/agora.xtec.cat\/institutmartamata\/7-altres\/d-activitats-extraescolars\/","title":{"rendered":"Activitats extraescolars"},"content":{"rendered":"<p style=\"text-align: left;\">ESTUDI ASSISTIT<\/p>\n<p style=\"text-align: left;\">Classes gratu\u00eftes de refor\u00e7 de matem\u00e0tiques i catal\u00e0\u00a0 organitzades dins del Pla educatiu d&#8217;entorn. Les classes es duen a terme d&#8217;octubre a juny dilluns i dimecres en horari de tarda.<\/p>\n<h5><\/h5>\n<p>SORTIDES PEDAG\u00d2GIQUES<\/p>\n<p>Durant el curs escolar els diferents nivells educatius i departaments did\u00e0ctics programen un seguit de sortides, dins i fora de la localitat, que complementen l&#8217;activitat educativa. Aquestes sortides tenen un car\u00e1cter pedag\u00f2gic i d&#8217;ampliaci\u00f3 i\/o aplicaci\u00f3 dels continguts que es treballen a l&#8217;aula: visita a museus, anada al teatre, activitats de natura&#8230;<\/p>\n<p><a href=\"http:\/\/agora.xtec.cat\/institutmartamata\/wp-content\/uploads\/usu281\/2017\/02\/Cosmocaixa.jpg\"><img loading=\"lazy\" decoding=\"async\" class=\" wp-image-1406 aligncenter\" src=\"http:\/\/agora.xtec.cat\/institutmartamata\/wp-content\/uploads\/usu281\/2017\/02\/Cosmocaixa.jpg\" alt=\"cosmocaixa\" width=\"640\" height=\"480\" srcset=\"https:\/\/agora.xtec.cat\/institutmartamata\/wp-content\/uploads\/usu281\/2017\/02\/Cosmocaixa.jpg 640w, https:\/\/agora.xtec.cat\/institutmartamata\/wp-content\/uploads\/usu281\/2017\/02\/Cosmocaixa-300x225.jpg 300w, https:\/\/agora.xtec.cat\/institutmartamata\/wp-content\/uploads\/usu281\/2017\/02\/Cosmocaixa-200x150.jpg 200w\" sizes=\"auto, (max-width: 640px) 100vw, 640px\" \/><\/a><\/p>\n<p>&nbsp;<\/p>\n","protected":false},"excerpt":{"rendered":"<p>ESTUDI ASSISTIT Classes gratu\u00eftes de refor\u00e7 de matem\u00e0tiques i catal\u00e0\u00a0 organitzades dins del Pla educatiu d&#8217;entorn. Les classes es duen a terme d&#8217;octubre a juny dilluns i dimecres en horari de tarda. SORTIDES PEDAG\u00d2GIQUES Durant el curs escolar els diferents nivells educatius i departaments did\u00e0ctics programen un seguit de sortides, dins i fora de la [&hellip;]<\/p>\n","protected":false},"author":1,"featured_media":0,"parent":582,"menu_order":30,"comment_status":"closed","ping_status":"closed","template":"page-templates\/side-menu.php","meta":{"_bbp_topic_count":0,"_bbp_reply_count":0,"_bbp_total_topic_count":0,"_bbp_total_reply_count":0,"_bbp_voice_count":0,"_bbp_anonymous_reply_count":0,"_bbp_topic_count_hidden":0,"_bbp_reply_count_hidden":0,"_bbp_forum_subforum_count":0,"site-sidebar-layout":"default","site-content-layout":"","ast-site-content-layout":"","site-content-style":"default","site-sidebar-style":"default","ast-global-header-display":"","ast-banner-title-visibility":"","ast-main-header-display":"","ast-hfb-above-header-display":"","ast-hfb-below-header-display":"","ast-hfb-mobile-header-display":"","site-post-title":"","ast-breadcrumbs-content":"","ast-featured-img":"","footer-sml-layout":"","theme-transparent-header-meta":"","adv-header-id-meta":"","stick-header-meta":"","header-above-stick-meta":"","header-main-stick-meta":"","header-below-stick-meta":"","astra-migrate-meta-layouts":"default","ast-page-background-enabled":"default","ast-page-background-meta":{"desktop":{"background-color":"var(--ast-global-color-4)","background-image":"","background-repeat":"repeat","background-position":"center center","background-size":"auto","background-attachment":"scroll","background-type":"","background-media":"","overlay-type":"","overlay-color":"","overlay-opacity":"","overlay-gradient":""},"tablet":{"background-color":"","background-image":"","background-repeat":"repeat","background-position":"center center","background-size":"auto","background-attachment":"scroll","background-type":"","background-media":"","overlay-type":"","overlay-color":"","overlay-opacity":"","overlay-gradient":""},"mobile":{"background-color":"","background-image":"","background-repeat":"repeat","background-position":"center center","background-size":"auto","background-attachment":"scroll","background-type":"","background-media":"","overlay-type":"","overlay-color":"","overlay-opacity":"","overlay-gradient":""}},"ast-content-background-meta":{"desktop":{"background-color":"var(--ast-global-color-5)","background-image":"","background-repeat":"repeat","background-position":"center center","background-size":"auto","background-attachment":"scroll","background-type":"","background-media":"","overlay-type":"","overlay-color":"","overlay-opacity":"","overlay-gradient":""},"tablet":{"background-color":"var(--ast-global-color-5)","background-image":"","background-repeat":"repeat","background-position":"center center","background-size":"auto","background-attachment":"scroll","background-type":"","background-media":"","overlay-type":"","overlay-color":"","overlay-opacity":"","overlay-gradient":""},"mobile":{"background-color":"var(--ast-global-color-5)","background-image":"","background-repeat":"repeat","background-position":"center center","background-size":"auto","background-attachment":"scroll","background-type":"","background-media":"","overlay-type":"","overlay-color":"","overlay-opacity":"","overlay-gradient":""}},"footnotes":""},"class_list":["post-684","page","type-page","status-publish","hentry"],"post_mailing_queue_ids":[],"_links":{"self":[{"href":"https:\/\/agora.xtec.cat\/institutmartamata\/wp-json\/wp\/v2\/pages\/684","targetHints":{"allow":["GET"]}}],"collection":[{"href":"https:\/\/agora.xtec.cat\/institutmartamata\/wp-json\/wp\/v2\/pages"}],"about":[{"href":"https:\/\/agora.xtec.cat\/institutmartamata\/wp-json\/wp\/v2\/types\/page"}],"author":[{"embeddable":true,"href":"https:\/\/agora.xtec.cat\/institutmartamata\/wp-json\/wp\/v2\/users\/1"}],"replies":[{"embeddable":true,"href":"https:\/\/agora.xtec.cat\/institutmartamata\/wp-json\/wp\/v2\/comments?post=684"}],"version-history":[{"count":5,"href":"https:\/\/agora.xtec.cat\/institutmartamata\/wp-json\/wp\/v2\/pages\/684\/revisions"}],"predecessor-version":[{"id":16356,"href":"https:\/\/agora.xtec.cat\/institutmartamata\/wp-json\/wp\/v2\/pages\/684\/revisions\/16356"}],"up":[{"embeddable":true,"href":"https:\/\/agora.xtec.cat\/institutmartamata\/wp-json\/wp\/v2\/pages\/582"}],"wp:attachment":[{"href":"https:\/\/agora.xtec.cat\/institutmartamata\/wp-json\/wp\/v2\/media?parent=684"}],"curies":[{"name":"wp","href":"https:\/\/api.w.org\/{rel}","templated":true}]}}