{"id":680,"date":"2016-10-21T22:49:07","date_gmt":"2016-10-21T20:49:07","guid":{"rendered":"http:\/\/agora.xtec.cat\/institutmartamata\/?page_id=680"},"modified":"2025-11-12T17:08:49","modified_gmt":"2025-11-12T16:08:49","slug":"b-riscos-laborals","status":"publish","type":"page","link":"https:\/\/agora.xtec.cat\/institutmartamata\/7-altres\/b-riscos-laborals\/","title":{"rendered":"Riscos laborals"},"content":{"rendered":"<h3 style=\"text-align: left;\"><\/h3>\n<table style=\"border-collapse: collapse; width: 100%; height: 445px;\">\n<tbody>\n<tr style=\"height: 66px;\">\n<td style=\"width: 40.545%; height: 445px;\" rowspan=\"5\">\n<h3><a href=\"http:\/\/agora.xtec.cat\/institutmartamata\/wp-content\/uploads\/usu281\/2016\/10\/PREVENCIO-RISC-LABORAL2.jpg\"><img loading=\"lazy\" decoding=\"async\" class=\"size-full wp-image-773 aligncenter\" src=\"http:\/\/agora.xtec.cat\/institutmartamata\/wp-content\/uploads\/usu281\/2016\/10\/PREVENCIO-RISC-LABORAL2.jpg\" alt=\"prevencio-risc-laboral2\" width=\"400\" height=\"295\" srcset=\"https:\/\/agora.xtec.cat\/institutmartamata\/wp-content\/uploads\/usu281\/2016\/10\/PREVENCIO-RISC-LABORAL2.jpg 400w, https:\/\/agora.xtec.cat\/institutmartamata\/wp-content\/uploads\/usu281\/2016\/10\/PREVENCIO-RISC-LABORAL2-300x221.jpg 300w\" sizes=\"auto, (max-width: 400px) 100vw, 400px\" \/><\/a><\/h3>\n<h3><\/h3>\n<\/td>\n<td style=\"width: 59.455%; text-align: center; height: 66px;\">\n<h3><span style=\"text-decoration: underline;\"><a href=\"https:\/\/agora.xtec.cat\/institutmartamata\/categoria\/pla-demergencia\/\" target=\"_blank\" rel=\"noopener\">Pla d&#8217;emerg\u00e8ncia<\/a><\/span><\/h3>\n<\/td>\n<\/tr>\n<tr style=\"height: 66px;\">\n<td style=\"width: 59.455%; text-align: center; height: 66px;\">\n<h3><span style=\"text-decoration: underline;\"><a href=\"https:\/\/agora.xtec.cat\/institutmartamata\/categoria\/accidents-laborals\/\" target=\"_blank\" rel=\"noopener\">Accidents laborals<\/a><\/span><\/h3>\n<\/td>\n<\/tr>\n<tr style=\"height: 66px;\">\n<td style=\"width: 59.455%; text-align: center; height: 66px;\">\n<h3><a href=\"https:\/\/agora.xtec.cat\/institutmartamata\/categoria\/malalties-professinal-i-vigilancia-de-la-salut\/\" target=\"_blank\" rel=\"noopener\"><span style=\"text-decoration: underline;\">Malalties professionals i vigil\u00e0ncia de la salut<\/span><\/a><\/h3>\n<\/td>\n<\/tr>\n<tr style=\"height: 66px;\">\n<td style=\"width: 59.455%; text-align: center; height: 66px;\">\n<h3><a href=\"https:\/\/agora.xtec.cat\/institutmartamata\/categoria\/coordinacio-activitats-empresarials\/\" target=\"_blank\" rel=\"noopener\"><span style=\"text-decoration: underline;\">Coordinaci\u00f3 d&#8217;activitats empresarials<\/span><\/a><\/h3>\n<\/td>\n<\/tr>\n<tr style=\"height: 115px;\">\n<td style=\"width: 59.455%; height: 115px;\">\n<h3 style=\"text-align: center;\"><span style=\"text-decoration: underline;\"><a href=\"https:\/\/xtec.gencat.cat\/ca\/comunitat\/salutescola\/suport-vital-als-centres-educatius\/\" target=\"_blank\" rel=\"noopener noreferrer\">Programa Suport vital als Centres Educatius de Catalunya<\/a><\/span><\/h3>\n<div><\/div>\n<\/td>\n<\/tr>\n<\/tbody>\n<\/table>\n<div><\/div>\n","protected":false},"excerpt":{"rendered":"<p>Pla d&#8217;emerg\u00e8ncia Accidents laborals Malalties professionals i vigil\u00e0ncia de la salut Coordinaci\u00f3 d&#8217;activitats empresarials Programa Suport vital als Centres Educatius de Catalunya<\/p>\n","protected":false},"author":1,"featured_media":0,"parent":582,"menu_order":10,"comment_status":"closed","ping_status":"closed","template":"page-templates\/side-menu.php","meta":{"_bbp_topic_count":0,"_bbp_reply_count":0,"_bbp_total_topic_count":0,"_bbp_total_reply_count":0,"_bbp_voice_count":0,"_bbp_anonymous_reply_count":0,"_bbp_topic_count_hidden":0,"_bbp_reply_count_hidden":0,"_bbp_forum_subforum_count":0,"site-sidebar-layout":"default","site-content-layout":"","ast-site-content-layout":"","site-content-style":"default","site-sidebar-style":"default","ast-global-header-display":"","ast-banner-title-visibility":"","ast-main-header-display":"","ast-hfb-above-header-display":"","ast-hfb-below-header-display":"","ast-hfb-mobile-header-display":"","site-post-title":"","ast-breadcrumbs-content":"","ast-featured-img":"","footer-sml-layout":"","theme-transparent-header-meta":"","adv-header-id-meta":"","stick-header-meta":"","header-above-stick-meta":"","header-main-stick-meta":"","header-below-stick-meta":"","astra-migrate-meta-layouts":"default","ast-page-background-enabled":"default","ast-page-background-meta":{"desktop":{"background-color":"var(--ast-global-color-4)","background-image":"","background-repeat":"repeat","background-position":"center center","background-size":"auto","background-attachment":"scroll","background-type":"","background-media":"","overlay-type":"","overlay-color":"","overlay-opacity":"","overlay-gradient":""},"tablet":{"background-color":"","background-image":"","background-repeat":"repeat","background-position":"center center","background-size":"auto","background-attachment":"scroll","background-type":"","background-media":"","overlay-type":"","overlay-color":"","overlay-opacity":"","overlay-gradient":""},"mobile":{"background-color":"","background-image":"","background-repeat":"repeat","background-position":"center center","background-size":"auto","background-attachment":"scroll","background-type":"","background-media":"","overlay-type":"","overlay-color":"","overlay-opacity":"","overlay-gradient":""}},"ast-content-background-meta":{"desktop":{"background-color":"var(--ast-global-color-5)","background-image":"","background-repeat":"repeat","background-position":"center center","background-size":"auto","background-attachment":"scroll","background-type":"","background-media":"","overlay-type":"","overlay-color":"","overlay-opacity":"","overlay-gradient":""},"tablet":{"background-color":"var(--ast-global-color-5)","background-image":"","background-repeat":"repeat","background-position":"center center","background-size":"auto","background-attachment":"scroll","background-type":"","background-media":"","overlay-type":"","overlay-color":"","overlay-opacity":"","overlay-gradient":""},"mobile":{"background-color":"var(--ast-global-color-5)","background-image":"","background-repeat":"repeat","background-position":"center center","background-size":"auto","background-attachment":"scroll","background-type":"","background-media":"","overlay-type":"","overlay-color":"","overlay-opacity":"","overlay-gradient":""}},"footnotes":""},"class_list":["post-680","page","type-page","status-publish","hentry"],"post_mailing_queue_ids":[],"_links":{"self":[{"href":"https:\/\/agora.xtec.cat\/institutmartamata\/wp-json\/wp\/v2\/pages\/680","targetHints":{"allow":["GET"]}}],"collection":[{"href":"https:\/\/agora.xtec.cat\/institutmartamata\/wp-json\/wp\/v2\/pages"}],"about":[{"href":"https:\/\/agora.xtec.cat\/institutmartamata\/wp-json\/wp\/v2\/types\/page"}],"author":[{"embeddable":true,"href":"https:\/\/agora.xtec.cat\/institutmartamata\/wp-json\/wp\/v2\/users\/1"}],"replies":[{"embeddable":true,"href":"https:\/\/agora.xtec.cat\/institutmartamata\/wp-json\/wp\/v2\/comments?post=680"}],"version-history":[{"count":7,"href":"https:\/\/agora.xtec.cat\/institutmartamata\/wp-json\/wp\/v2\/pages\/680\/revisions"}],"predecessor-version":[{"id":19359,"href":"https:\/\/agora.xtec.cat\/institutmartamata\/wp-json\/wp\/v2\/pages\/680\/revisions\/19359"}],"up":[{"embeddable":true,"href":"https:\/\/agora.xtec.cat\/institutmartamata\/wp-json\/wp\/v2\/pages\/582"}],"wp:attachment":[{"href":"https:\/\/agora.xtec.cat\/institutmartamata\/wp-json\/wp\/v2\/media?parent=680"}],"curies":[{"name":"wp","href":"https:\/\/api.w.org\/{rel}","templated":true}]}}