{"id":678,"date":"2016-10-21T22:48:46","date_gmt":"2016-10-21T20:48:46","guid":{"rendered":"http:\/\/agora.xtec.cat\/institutmartamata\/?page_id=678"},"modified":"2020-04-06T19:39:06","modified_gmt":"2020-04-06T17:39:06","slug":"a-perfil-del-contractant","status":"publish","type":"page","link":"https:\/\/agora.xtec.cat\/institutmartamata\/7-altres\/a-perfil-del-contractant\/","title":{"rendered":"Perfil del contractant"},"content":{"rendered":"<blockquote>\n<p style=\"text-align: center;\"><a href=\"http:\/\/agora.xtec.cat\/institutmartamata\/wp-content\/uploads\/usu281\/2015\/03\/download_logo1.jpg\"><img loading=\"lazy\" decoding=\"async\" class=\"wp-image-370 alignleft\" src=\"http:\/\/agora.xtec.cat\/institutmartamata\/wp-content\/uploads\/usu281\/2015\/03\/download_logo1.jpg\" alt=\"download_logo\" width=\"103\" height=\"71\" \/><\/a><\/p>\n<p>Feu clic els seg\u00fcents enlla\u00e7os per obtenir el document<\/p><\/blockquote>\n<table style=\"height: 203px;\" width=\"405\">\n<tbody>\n<tr>\n<td><a href=\"https:\/\/agora.xtec.cat\/institutmartamata\/wp-content\/uploads\/usu281\/2020\/04\/resolucio_suspensio_contractes_general_def_signed-1.pdf\">resolucio_suspensio_contractes_general_def_signed mar\u00e7 2020<\/a><\/td>\n<\/tr>\n<tr>\n<td><a href=\"http:\/\/agora.xtec.cat\/institutmartamata\/wp-content\/uploads\/usu281\/2016\/10\/Plec_Prescripcions_t\u00e8cniques_servei_neteja_2017.pdf\">plec_prescripcions_tecniques_servei_neteja_2017<\/a><\/td>\n<\/tr>\n<tr>\n<td><a href=\"http:\/\/agora.xtec.cat\/institutmartamata\/wp-content\/uploads\/usu281\/2016\/10\/Plec_de_cl\u00e0usules_administratives_contracte_neteja_2017.pdf\">plec_de_clausules_administratives_contracte_neteja_2017<\/a><\/td>\n<\/tr>\n<tr>\n<td><a href=\"http:\/\/agora.xtec.cat\/institutmartamata\/wp-content\/uploads\/usu281\/2016\/10\/Contingut_anunci_de_licitaci\u00f3_al_perfil_contractant_2017.pdf\">contingut_anunci_de_licitacio_al_perfil_contractant_2017<\/a><\/td>\n<\/tr>\n<tr>\n<td><a href=\"http:\/\/agora.xtec.cat\/institutmartamata\/wp-content\/uploads\/usu281\/2016\/10\/Comunicaci\u00f3_data_i_hora_obertura_sobre_C.pdf\">comunicacio_data_i_hora_obertura_sobre_c<\/a><\/td>\n<\/tr>\n<tr>\n<td><a href=\"http:\/\/agora.xtec.cat\/institutmartamata\/wp-content\/uploads\/usu281\/2016\/10\/Contracte_administratiu.pdf\">contracte_administratiu<\/a><\/td>\n<\/tr>\n<tr>\n<td><a href=\"http:\/\/agora.xtec.cat\/institutmartamata\/wp-content\/uploads\/usu281\/2016\/10\/RESOLUCI\u00d3_ADJUDICACI\u00d3_CONTRACTE.pdf\">resolucio_adjudicacio_contracte<\/a><\/td>\n<\/tr>\n<\/tbody>\n<\/table>\n","protected":false},"excerpt":{"rendered":"<p>Feu clic els seg\u00fcents enlla\u00e7os per obtenir el document resolucio_suspensio_contractes_general_def_signed mar\u00e7 2020 plec_prescripcions_tecniques_servei_neteja_2017 plec_de_clausules_administratives_contracte_neteja_2017 contingut_anunci_de_licitacio_al_perfil_contractant_2017 comunicacio_data_i_hora_obertura_sobre_c contracte_administratiu resolucio_adjudicacio_contracte<\/p>\n","protected":false},"author":1,"featured_media":0,"parent":582,"menu_order":0,"comment_status":"closed","ping_status":"closed","template":"page-templates\/side-menu.php","meta":{"_bbp_topic_count":0,"_bbp_reply_count":0,"_bbp_total_topic_count":0,"_bbp_total_reply_count":0,"_bbp_voice_count":0,"_bbp_anonymous_reply_count":0,"_bbp_topic_count_hidden":0,"_bbp_reply_count_hidden":0,"_bbp_forum_subforum_count":0,"site-sidebar-layout":"default","site-content-layout":"","ast-site-content-layout":"","site-content-style":"default","site-sidebar-style":"default","ast-global-header-display":"","ast-banner-title-visibility":"","ast-main-header-display":"","ast-hfb-above-header-display":"","ast-hfb-below-header-display":"","ast-hfb-mobile-header-display":"","site-post-title":"","ast-breadcrumbs-content":"","ast-featured-img":"","footer-sml-layout":"","theme-transparent-header-meta":"","adv-header-id-meta":"","stick-header-meta":"","header-above-stick-meta":"","header-main-stick-meta":"","header-below-stick-meta":"","astra-migrate-meta-layouts":"default","ast-page-background-enabled":"default","ast-page-background-meta":{"desktop":{"background-color":"var(--ast-global-color-4)","background-image":"","background-repeat":"repeat","background-position":"center center","background-size":"auto","background-attachment":"scroll","background-type":"","background-media":"","overlay-type":"","overlay-color":"","overlay-opacity":"","overlay-gradient":""},"tablet":{"background-color":"","background-image":"","background-repeat":"repeat","background-position":"center center","background-size":"auto","background-attachment":"scroll","background-type":"","background-media":"","overlay-type":"","overlay-color":"","overlay-opacity":"","overlay-gradient":""},"mobile":{"background-color":"","background-image":"","background-repeat":"repeat","background-position":"center center","background-size":"auto","background-attachment":"scroll","background-type":"","background-media":"","overlay-type":"","overlay-color":"","overlay-opacity":"","overlay-gradient":""}},"ast-content-background-meta":{"desktop":{"background-color":"var(--ast-global-color-5)","background-image":"","background-repeat":"repeat","background-position":"center center","background-size":"auto","background-attachment":"scroll","background-type":"","background-media":"","overlay-type":"","overlay-color":"","overlay-opacity":"","overlay-gradient":""},"tablet":{"background-color":"var(--ast-global-color-5)","background-image":"","background-repeat":"repeat","background-position":"center center","background-size":"auto","background-attachment":"scroll","background-type":"","background-media":"","overlay-type":"","overlay-color":"","overlay-opacity":"","overlay-gradient":""},"mobile":{"background-color":"var(--ast-global-color-5)","background-image":"","background-repeat":"repeat","background-position":"center center","background-size":"auto","background-attachment":"scroll","background-type":"","background-media":"","overlay-type":"","overlay-color":"","overlay-opacity":"","overlay-gradient":""}},"footnotes":""},"class_list":["post-678","page","type-page","status-publish","hentry"],"post_mailing_queue_ids":[],"_links":{"self":[{"href":"https:\/\/agora.xtec.cat\/institutmartamata\/wp-json\/wp\/v2\/pages\/678","targetHints":{"allow":["GET"]}}],"collection":[{"href":"https:\/\/agora.xtec.cat\/institutmartamata\/wp-json\/wp\/v2\/pages"}],"about":[{"href":"https:\/\/agora.xtec.cat\/institutmartamata\/wp-json\/wp\/v2\/types\/page"}],"author":[{"embeddable":true,"href":"https:\/\/agora.xtec.cat\/institutmartamata\/wp-json\/wp\/v2\/users\/1"}],"replies":[{"embeddable":true,"href":"https:\/\/agora.xtec.cat\/institutmartamata\/wp-json\/wp\/v2\/comments?post=678"}],"version-history":[{"count":3,"href":"https:\/\/agora.xtec.cat\/institutmartamata\/wp-json\/wp\/v2\/pages\/678\/revisions"}],"predecessor-version":[{"id":10265,"href":"https:\/\/agora.xtec.cat\/institutmartamata\/wp-json\/wp\/v2\/pages\/678\/revisions\/10265"}],"up":[{"embeddable":true,"href":"https:\/\/agora.xtec.cat\/institutmartamata\/wp-json\/wp\/v2\/pages\/582"}],"wp:attachment":[{"href":"https:\/\/agora.xtec.cat\/institutmartamata\/wp-json\/wp\/v2\/media?parent=678"}],"curies":[{"name":"wp","href":"https:\/\/api.w.org\/{rel}","templated":true}]}}