{"id":665,"date":"2016-10-21T22:44:33","date_gmt":"2016-10-21T20:44:33","guid":{"rendered":"http:\/\/agora.xtec.cat\/institutmartamata\/?page_id=665"},"modified":"2026-03-04T11:36:42","modified_gmt":"2026-03-04T10:36:42","slug":"c-serveis","status":"publish","type":"page","link":"https:\/\/agora.xtec.cat\/institutmartamata\/6-ampa\/c-serveis\/","title":{"rendered":"Serveis"},"content":{"rendered":"<ul>\n<li><span style=\"font-family: Comic Sans MS,serif;\"><span style=\"font-size: medium;\"><u>Quota anual: 15 \u20ac.<\/u><\/span><\/span><\/li>\n<li><span style=\"font-family: Comic Sans MS,serif;\"><span style=\"font-size: medium;\"><u>Gesti\u00f3 de compra-venda de llibres<\/u><\/span><\/span><span style=\"font-family: Comic Sans MS,serif;\"><span style=\"font-size: medium;\">:<\/span><\/span>\n<ul>\n<li><span style=\"font-family: Comic Sans MS,serif;\"><span style=\"font-size: medium;\">Mitjan\u00e7ant la plataforma Iddink.<\/span><\/span><\/li>\n<\/ul>\n<\/li>\n<\/ul>\n<p><span style=\"font-family: Comic Sans MS,serif;\"><span style=\"font-size: medium;\"><u><b>ALTRES ACTIVITATS<\/b><\/u><\/span><\/span><\/p>\n<ul>\n<li><span style=\"font-family: Comic Sans MS,serif;\"><span style=\"font-size: medium;\">Concurs de fotografia: <span style=\"text-decoration: underline;\"><a href=\"https:\/\/drive.google.com\/file\/d\/1S_4gzBI6bEA7WsZO59C5UxIEZEloEDww\/view?usp=drive_link\" target=\"_blank\" rel=\"noopener\">Acc\u00e9s a les bases del Concurs Fotografia 2025<\/a><\/span>. Anima&#8217;t a participar-hi!!!<\/span><\/span><\/li>\n<li><span style=\"font-family: Comic Sans MS,serif;\"><span style=\"font-size: medium;\">Col\u00b7laboraci\u00f3 amb les activitats del centre.<\/span><\/span><\/li>\n<li><span style=\"font-family: Comic Sans MS,serif;\"><span style=\"font-size: medium;\">Aportaci\u00f3 de llibres i\/o material segons necessitats del centre.<\/span><\/span><\/li>\n<li>Organitzaci\u00f3 d&#8217;una Jornada de conviv\u00e8ncia per a la comunitat educativa.<\/li>\n<\/ul>\n<p style=\"text-align: center;\"><strong>II JORNADA DE CONVIV\u00c8NCIA CURS 2024-2025<\/strong><\/p>\n<h4 style=\"text-align: center;\"><a href=\"https:\/\/agora.xtec.cat\/institutmartamata\/wp-content\/uploads\/usu281\/2025\/06\/Captura-de-pantalla-2025-06-04-211254.png\"><img loading=\"lazy\" decoding=\"async\" class=\" wp-image-18647 aligncenter\" src=\"https:\/\/agora.xtec.cat\/institutmartamata\/wp-content\/uploads\/usu281\/2025\/06\/Captura-de-pantalla-2025-06-04-211254-654x1024.png\" alt=\"\" width=\"755\" height=\"1182\" srcset=\"https:\/\/agora.xtec.cat\/institutmartamata\/wp-content\/uploads\/usu281\/2025\/06\/Captura-de-pantalla-2025-06-04-211254-654x1024.png 654w, https:\/\/agora.xtec.cat\/institutmartamata\/wp-content\/uploads\/usu281\/2025\/06\/Captura-de-pantalla-2025-06-04-211254-192x300.png 192w, https:\/\/agora.xtec.cat\/institutmartamata\/wp-content\/uploads\/usu281\/2025\/06\/Captura-de-pantalla-2025-06-04-211254-768x1202.png 768w, https:\/\/agora.xtec.cat\/institutmartamata\/wp-content\/uploads\/usu281\/2025\/06\/Captura-de-pantalla-2025-06-04-211254.png 906w\" sizes=\"auto, (max-width: 755px) 100vw, 755px\" \/><span style=\"color: #0000ff;\">Moltes gr\u00e0cies a l&#8217;Ajuntament, que ha fet possible aquesta trobada de conviv\u00e8ncia<\/span><\/a><\/h4>\n<p><a href=\"https:\/\/agora.xtec.cat\/institutmartamata\/wp-content\/uploads\/usu281\/2026\/03\/logo-Salou.png\"><img loading=\"lazy\" decoding=\"async\" class=\"size-full wp-image-19881 aligncenter\" src=\"https:\/\/agora.xtec.cat\/institutmartamata\/wp-content\/uploads\/usu281\/2026\/03\/logo-Salou.png\" alt=\"\" width=\"314\" height=\"160\" srcset=\"https:\/\/agora.xtec.cat\/institutmartamata\/wp-content\/uploads\/usu281\/2026\/03\/logo-Salou.png 314w, https:\/\/agora.xtec.cat\/institutmartamata\/wp-content\/uploads\/usu281\/2026\/03\/logo-Salou-300x153.png 300w\" sizes=\"auto, (max-width: 314px) 100vw, 314px\" \/><\/a><\/p>\n<hr \/>\n<p style=\"text-align: center;\"><strong>I JORNADA DE CONVIV\u00c8NCIA CURS 2023-2024<\/strong><\/p>\n<table style=\"border-collapse: collapse; width: 100%;\">\n<tbody>\n<tr>\n<td style=\"width: 33.3333%;\"><a href=\"https:\/\/agora.xtec.cat\/institutmartamata\/wp-content\/uploads\/usu281\/2024\/05\/441549692_978433700952547_8825559976292671639_n.jpg\"><img loading=\"lazy\" decoding=\"async\" class=\"alignnone size-large wp-image-16793\" src=\"https:\/\/agora.xtec.cat\/institutmartamata\/wp-content\/uploads\/usu281\/2024\/05\/441549692_978433700952547_8825559976292671639_n-768x1024.jpg\" alt=\"\" width=\"768\" height=\"1024\" srcset=\"https:\/\/agora.xtec.cat\/institutmartamata\/wp-content\/uploads\/usu281\/2024\/05\/441549692_978433700952547_8825559976292671639_n-768x1024.jpg 768w, https:\/\/agora.xtec.cat\/institutmartamata\/wp-content\/uploads\/usu281\/2024\/05\/441549692_978433700952547_8825559976292671639_n-225x300.jpg 225w, https:\/\/agora.xtec.cat\/institutmartamata\/wp-content\/uploads\/usu281\/2024\/05\/441549692_978433700952547_8825559976292671639_n.jpg 960w\" sizes=\"auto, (max-width: 768px) 100vw, 768px\" \/><\/a><\/td>\n<td style=\"width: 33.3333%;\"><a href=\"https:\/\/agora.xtec.cat\/institutmartamata\/wp-content\/uploads\/usu281\/2024\/05\/440778038_975306507931933_2288488618238943570_n.jpg\"><img loading=\"lazy\" decoding=\"async\" class=\" wp-image-16758 aligncenter\" src=\"https:\/\/agora.xtec.cat\/institutmartamata\/wp-content\/uploads\/usu281\/2024\/05\/440778038_975306507931933_2288488618238943570_n-724x1024.jpg\" alt=\"\" width=\"246\" height=\"348\" srcset=\"https:\/\/agora.xtec.cat\/institutmartamata\/wp-content\/uploads\/usu281\/2024\/05\/440778038_975306507931933_2288488618238943570_n-724x1024.jpg 724w, https:\/\/agora.xtec.cat\/institutmartamata\/wp-content\/uploads\/usu281\/2024\/05\/440778038_975306507931933_2288488618238943570_n-212x300.jpg 212w, https:\/\/agora.xtec.cat\/institutmartamata\/wp-content\/uploads\/usu281\/2024\/05\/440778038_975306507931933_2288488618238943570_n-768x1087.jpg 768w, https:\/\/agora.xtec.cat\/institutmartamata\/wp-content\/uploads\/usu281\/2024\/05\/440778038_975306507931933_2288488618238943570_n.jpg 1080w\" sizes=\"auto, (max-width: 246px) 100vw, 246px\" \/><\/a><\/td>\n<td style=\"width: 33.3333%;\"><a href=\"https:\/\/agora.xtec.cat\/institutmartamata\/wp-content\/uploads\/usu281\/2024\/05\/108088a0-cb48-4280-a702-2ba9864a8fbb.jpg\"><img loading=\"lazy\" decoding=\"async\" class=\"alignnone size-large wp-image-16802\" src=\"https:\/\/agora.xtec.cat\/institutmartamata\/wp-content\/uploads\/usu281\/2024\/05\/108088a0-cb48-4280-a702-2ba9864a8fbb-768x1024.jpg\" alt=\"\" width=\"768\" height=\"1024\" srcset=\"https:\/\/agora.xtec.cat\/institutmartamata\/wp-content\/uploads\/usu281\/2024\/05\/108088a0-cb48-4280-a702-2ba9864a8fbb-768x1024.jpg 768w, https:\/\/agora.xtec.cat\/institutmartamata\/wp-content\/uploads\/usu281\/2024\/05\/108088a0-cb48-4280-a702-2ba9864a8fbb-225x300.jpg 225w, https:\/\/agora.xtec.cat\/institutmartamata\/wp-content\/uploads\/usu281\/2024\/05\/108088a0-cb48-4280-a702-2ba9864a8fbb.jpg 1050w\" sizes=\"auto, (max-width: 768px) 100vw, 768px\" \/><\/a><\/td>\n<\/tr>\n<tr>\n<td style=\"width: 33.3333%;\"><a href=\"https:\/\/agora.xtec.cat\/institutmartamata\/wp-content\/uploads\/usu281\/2024\/05\/441171437_978433787619205_6418148854621715153_n.jpg\"><img loading=\"lazy\" decoding=\"async\" class=\"alignnone size-large wp-image-16791\" src=\"https:\/\/agora.xtec.cat\/institutmartamata\/wp-content\/uploads\/usu281\/2024\/05\/441171437_978433787619205_6418148854621715153_n-1024x576.jpg\" alt=\"\" width=\"1024\" height=\"576\" srcset=\"https:\/\/agora.xtec.cat\/institutmartamata\/wp-content\/uploads\/usu281\/2024\/05\/441171437_978433787619205_6418148854621715153_n-1024x576.jpg 1024w, https:\/\/agora.xtec.cat\/institutmartamata\/wp-content\/uploads\/usu281\/2024\/05\/441171437_978433787619205_6418148854621715153_n-300x169.jpg 300w, https:\/\/agora.xtec.cat\/institutmartamata\/wp-content\/uploads\/usu281\/2024\/05\/441171437_978433787619205_6418148854621715153_n-768x432.jpg 768w, https:\/\/agora.xtec.cat\/institutmartamata\/wp-content\/uploads\/usu281\/2024\/05\/441171437_978433787619205_6418148854621715153_n.jpg 1280w\" sizes=\"auto, (max-width: 1024px) 100vw, 1024px\" \/><\/a><\/td>\n<td style=\"width: 33.3333%;\"><a href=\"https:\/\/agora.xtec.cat\/institutmartamata\/wp-content\/uploads\/usu281\/2024\/05\/IMG20240516184859-1.jpg\"><img loading=\"lazy\" decoding=\"async\" class=\"alignnone size-large wp-image-16801\" src=\"https:\/\/agora.xtec.cat\/institutmartamata\/wp-content\/uploads\/usu281\/2024\/05\/IMG20240516184859-1-1024x578.jpg\" alt=\"\" width=\"1024\" height=\"578\" srcset=\"https:\/\/agora.xtec.cat\/institutmartamata\/wp-content\/uploads\/usu281\/2024\/05\/IMG20240516184859-1-1024x578.jpg 1024w, https:\/\/agora.xtec.cat\/institutmartamata\/wp-content\/uploads\/usu281\/2024\/05\/IMG20240516184859-1-300x169.jpg 300w, https:\/\/agora.xtec.cat\/institutmartamata\/wp-content\/uploads\/usu281\/2024\/05\/IMG20240516184859-1-768x433.jpg 768w, https:\/\/agora.xtec.cat\/institutmartamata\/wp-content\/uploads\/usu281\/2024\/05\/IMG20240516184859-1-1536x866.jpg 1536w, https:\/\/agora.xtec.cat\/institutmartamata\/wp-content\/uploads\/usu281\/2024\/05\/IMG20240516184859-1.jpg 2000w\" sizes=\"auto, (max-width: 1024px) 100vw, 1024px\" \/><\/a><\/td>\n<td style=\"width: 33.3333%;\"><a href=\"https:\/\/agora.xtec.cat\/institutmartamata\/wp-content\/uploads\/usu281\/2024\/05\/445107214_978433730952544_1390189270163623002_n.jpg\"><img loading=\"lazy\" decoding=\"async\" class=\"alignnone size-large wp-image-16797\" src=\"https:\/\/agora.xtec.cat\/institutmartamata\/wp-content\/uploads\/usu281\/2024\/05\/445107214_978433730952544_1390189270163623002_n-1024x576.jpg\" alt=\"\" width=\"1024\" height=\"576\" srcset=\"https:\/\/agora.xtec.cat\/institutmartamata\/wp-content\/uploads\/usu281\/2024\/05\/445107214_978433730952544_1390189270163623002_n-1024x576.jpg 1024w, https:\/\/agora.xtec.cat\/institutmartamata\/wp-content\/uploads\/usu281\/2024\/05\/445107214_978433730952544_1390189270163623002_n-300x169.jpg 300w, https:\/\/agora.xtec.cat\/institutmartamata\/wp-content\/uploads\/usu281\/2024\/05\/445107214_978433730952544_1390189270163623002_n-768x432.jpg 768w, https:\/\/agora.xtec.cat\/institutmartamata\/wp-content\/uploads\/usu281\/2024\/05\/445107214_978433730952544_1390189270163623002_n.jpg 1280w\" sizes=\"auto, (max-width: 1024px) 100vw, 1024px\" \/><\/a><\/td>\n<\/tr>\n<tr>\n<td style=\"width: 33.3333%;\"><a href=\"https:\/\/agora.xtec.cat\/institutmartamata\/wp-content\/uploads\/usu281\/2024\/05\/66c9952c-926d-4de5-86f1-c59434bbb9d9-1.jpg\"><img loading=\"lazy\" decoding=\"async\" class=\"wp-image-16799 aligncenter\" src=\"https:\/\/agora.xtec.cat\/institutmartamata\/wp-content\/uploads\/usu281\/2024\/05\/66c9952c-926d-4de5-86f1-c59434bbb9d9-1.jpg\" alt=\"\" width=\"227\" height=\"170\" srcset=\"https:\/\/agora.xtec.cat\/institutmartamata\/wp-content\/uploads\/usu281\/2024\/05\/66c9952c-926d-4de5-86f1-c59434bbb9d9-1.jpg 1000w, https:\/\/agora.xtec.cat\/institutmartamata\/wp-content\/uploads\/usu281\/2024\/05\/66c9952c-926d-4de5-86f1-c59434bbb9d9-1-300x225.jpg 300w, https:\/\/agora.xtec.cat\/institutmartamata\/wp-content\/uploads\/usu281\/2024\/05\/66c9952c-926d-4de5-86f1-c59434bbb9d9-1-768x576.jpg 768w, https:\/\/agora.xtec.cat\/institutmartamata\/wp-content\/uploads\/usu281\/2024\/05\/66c9952c-926d-4de5-86f1-c59434bbb9d9-1-200x150.jpg 200w\" sizes=\"auto, (max-width: 227px) 100vw, 227px\" \/><\/a><\/td>\n<td style=\"width: 33.3333%;\"><a href=\"https:\/\/agora.xtec.cat\/institutmartamata\/wp-content\/uploads\/usu281\/2024\/05\/IMG20240516200252-1.jpg\"><img loading=\"lazy\" decoding=\"async\" class=\"alignnone size-large wp-image-16794\" src=\"https:\/\/agora.xtec.cat\/institutmartamata\/wp-content\/uploads\/usu281\/2024\/05\/IMG20240516200252-1-1024x578.jpg\" alt=\"\" width=\"1024\" height=\"578\" srcset=\"https:\/\/agora.xtec.cat\/institutmartamata\/wp-content\/uploads\/usu281\/2024\/05\/IMG20240516200252-1-1024x578.jpg 1024w, https:\/\/agora.xtec.cat\/institutmartamata\/wp-content\/uploads\/usu281\/2024\/05\/IMG20240516200252-1-300x169.jpg 300w, https:\/\/agora.xtec.cat\/institutmartamata\/wp-content\/uploads\/usu281\/2024\/05\/IMG20240516200252-1-768x433.jpg 768w, https:\/\/agora.xtec.cat\/institutmartamata\/wp-content\/uploads\/usu281\/2024\/05\/IMG20240516200252-1-1536x866.jpg 1536w, https:\/\/agora.xtec.cat\/institutmartamata\/wp-content\/uploads\/usu281\/2024\/05\/IMG20240516200252-1.jpg 2000w\" sizes=\"auto, (max-width: 1024px) 100vw, 1024px\" \/><\/a><\/td>\n<td style=\"width: 33.3333%;\"><a href=\"https:\/\/agora.xtec.cat\/institutmartamata\/wp-content\/uploads\/usu281\/2024\/05\/IMG-20240517-WA0011.jpg\"><img loading=\"lazy\" decoding=\"async\" class=\"wp-image-16803 aligncenter\" src=\"https:\/\/agora.xtec.cat\/institutmartamata\/wp-content\/uploads\/usu281\/2024\/05\/IMG-20240517-WA0011-1024x768.jpg\" alt=\"\" width=\"225\" height=\"169\" srcset=\"https:\/\/agora.xtec.cat\/institutmartamata\/wp-content\/uploads\/usu281\/2024\/05\/IMG-20240517-WA0011-1024x768.jpg 1024w, https:\/\/agora.xtec.cat\/institutmartamata\/wp-content\/uploads\/usu281\/2024\/05\/IMG-20240517-WA0011-300x225.jpg 300w, https:\/\/agora.xtec.cat\/institutmartamata\/wp-content\/uploads\/usu281\/2024\/05\/IMG-20240517-WA0011-768x576.jpg 768w, https:\/\/agora.xtec.cat\/institutmartamata\/wp-content\/uploads\/usu281\/2024\/05\/IMG-20240517-WA0011-200x150.jpg 200w, https:\/\/agora.xtec.cat\/institutmartamata\/wp-content\/uploads\/usu281\/2024\/05\/IMG-20240517-WA0011.jpg 1120w\" sizes=\"auto, (max-width: 225px) 100vw, 225px\" \/><\/a><\/td>\n<\/tr>\n<\/tbody>\n<\/table>\n","protected":false},"excerpt":{"rendered":"<p>Quota anual: 15 \u20ac. Gesti\u00f3 de compra-venda de llibres: Mitjan\u00e7ant la plataforma Iddink. ALTRES ACTIVITATS Concurs de fotografia: Acc\u00e9s a les bases del Concurs Fotografia 2025. Anima&#8217;t a participar-hi!!! Col\u00b7laboraci\u00f3 amb les activitats del centre. Aportaci\u00f3 de llibres i\/o material segons necessitats del centre. Organitzaci\u00f3 d&#8217;una Jornada de conviv\u00e8ncia per a la comunitat educativa. II [&hellip;]<\/p>\n","protected":false},"author":1,"featured_media":0,"parent":580,"menu_order":20,"comment_status":"closed","ping_status":"closed","template":"page-templates\/side-menu.php","meta":{"_bbp_topic_count":0,"_bbp_reply_count":0,"_bbp_total_topic_count":0,"_bbp_total_reply_count":0,"_bbp_voice_count":0,"_bbp_anonymous_reply_count":0,"_bbp_topic_count_hidden":0,"_bbp_reply_count_hidden":0,"_bbp_forum_subforum_count":0,"site-sidebar-layout":"default","site-content-layout":"","ast-site-content-layout":"","site-content-style":"default","site-sidebar-style":"default","ast-global-header-display":"","ast-banner-title-visibility":"","ast-main-header-display":"","ast-hfb-above-header-display":"","ast-hfb-below-header-display":"","ast-hfb-mobile-header-display":"","site-post-title":"","ast-breadcrumbs-content":"","ast-featured-img":"","footer-sml-layout":"","theme-transparent-header-meta":"","adv-header-id-meta":"","stick-header-meta":"","header-above-stick-meta":"","header-main-stick-meta":"","header-below-stick-meta":"","astra-migrate-meta-layouts":"default","ast-page-background-enabled":"default","ast-page-background-meta":{"desktop":{"background-color":"var(--ast-global-color-4)","background-image":"","background-repeat":"repeat","background-position":"center center","background-size":"auto","background-attachment":"scroll","background-type":"","background-media":"","overlay-type":"","overlay-color":"","overlay-opacity":"","overlay-gradient":""},"tablet":{"background-color":"","background-image":"","background-repeat":"repeat","background-position":"center center","background-size":"auto","background-attachment":"scroll","background-type":"","background-media":"","overlay-type":"","overlay-color":"","overlay-opacity":"","overlay-gradient":""},"mobile":{"background-color":"","background-image":"","background-repeat":"repeat","background-position":"center center","background-size":"auto","background-attachment":"scroll","background-type":"","background-media":"","overlay-type":"","overlay-color":"","overlay-opacity":"","overlay-gradient":""}},"ast-content-background-meta":{"desktop":{"background-color":"var(--ast-global-color-5)","background-image":"","background-repeat":"repeat","background-position":"center center","background-size":"auto","background-attachment":"scroll","background-type":"","background-media":"","overlay-type":"","overlay-color":"","overlay-opacity":"","overlay-gradient":""},"tablet":{"background-color":"var(--ast-global-color-5)","background-image":"","background-repeat":"repeat","background-position":"center center","background-size":"auto","background-attachment":"scroll","background-type":"","background-media":"","overlay-type":"","overlay-color":"","overlay-opacity":"","overlay-gradient":""},"mobile":{"background-color":"var(--ast-global-color-5)","background-image":"","background-repeat":"repeat","background-position":"center center","background-size":"auto","background-attachment":"scroll","background-type":"","background-media":"","overlay-type":"","overlay-color":"","overlay-opacity":"","overlay-gradient":""}},"footnotes":""},"class_list":["post-665","page","type-page","status-publish","hentry"],"post_mailing_queue_ids":[],"_links":{"self":[{"href":"https:\/\/agora.xtec.cat\/institutmartamata\/wp-json\/wp\/v2\/pages\/665","targetHints":{"allow":["GET"]}}],"collection":[{"href":"https:\/\/agora.xtec.cat\/institutmartamata\/wp-json\/wp\/v2\/pages"}],"about":[{"href":"https:\/\/agora.xtec.cat\/institutmartamata\/wp-json\/wp\/v2\/types\/page"}],"author":[{"embeddable":true,"href":"https:\/\/agora.xtec.cat\/institutmartamata\/wp-json\/wp\/v2\/users\/1"}],"replies":[{"embeddable":true,"href":"https:\/\/agora.xtec.cat\/institutmartamata\/wp-json\/wp\/v2\/comments?post=665"}],"version-history":[{"count":6,"href":"https:\/\/agora.xtec.cat\/institutmartamata\/wp-json\/wp\/v2\/pages\/665\/revisions"}],"predecessor-version":[{"id":19884,"href":"https:\/\/agora.xtec.cat\/institutmartamata\/wp-json\/wp\/v2\/pages\/665\/revisions\/19884"}],"up":[{"embeddable":true,"href":"https:\/\/agora.xtec.cat\/institutmartamata\/wp-json\/wp\/v2\/pages\/580"}],"wp:attachment":[{"href":"https:\/\/agora.xtec.cat\/institutmartamata\/wp-json\/wp\/v2\/media?parent=665"}],"curies":[{"name":"wp","href":"https:\/\/api.w.org\/{rel}","templated":true}]}}