{"id":654,"date":"2016-10-21T22:41:48","date_gmt":"2016-10-21T20:41:48","guid":{"rendered":"http:\/\/agora.xtec.cat\/institutmartamata\/?page_id=654"},"modified":"2026-03-28T14:06:54","modified_gmt":"2026-03-28T13:06:54","slug":"d-documents","status":"publish","type":"page","link":"https:\/\/agora.xtec.cat\/institutmartamata\/secretaria\/d-documents\/","title":{"rendered":"Cat\u00e0leg de documents"},"content":{"rendered":"<h5><\/h5>\n<h5>Podeu descarregar els seg\u00fcents documents:\u00a0<img loading=\"lazy\" decoding=\"async\" class=\"size-large alignright\" src=\"https:\/\/agora.xtec.cat\/ceip-lesferreries-palafolls\/wp-content\/uploads\/usu670\/2017\/07\/documents.png\" width=\"320\" height=\"260\" \/><\/h5>\n<h5><\/h5>\n<table style=\"width: 90.3918%; height: 1434px;\">\n<tbody>\n<tr style=\"height: 52px;\">\n<td style=\"width: 100%; height: 52px;\"><strong>GENERALS<\/strong><\/td>\n<\/tr>\n<tr style=\"height: 52px;\">\n<td style=\"width: 100%; height: 52px;\"><a href=\"https:\/\/agora.xtec.cat\/institutmartamata\/wp-content\/uploads\/usu281\/2020\/06\/Inst\u00e0ncia-gen\u00e8rica.pdf\" target=\"_blank\" rel=\"noopener\">Model d&#8217;inst\u00e0ncia gen\u00e8rica<\/a><\/td>\n<\/tr>\n<tr style=\"height: 52px;\">\n<td style=\"width: 100%; height: 52px;\"><a href=\"https:\/\/agora.xtec.cat\/institutmartamata\/wp-content\/uploads\/usu281\/2021\/05\/autoritzaci\u00f3-sortida-CENTRE.pdf\" target=\"_blank\" rel=\"noopener noreferrer\">Autoritzaci\u00f3 sortida del centre en horari escolar<\/a><\/td>\n<\/tr>\n<tr style=\"height: 52px;\">\n<td style=\"width: 100%; height: 52px;\"><a href=\"https:\/\/agora.xtec.cat\/institutmartamata\/wp-content\/uploads\/usu281\/2022\/05\/autoritzacio.pdf\" target=\"_blank\" rel=\"noopener\">Autoritzacio per a realitzar tr\u00e0mits administratius<\/a><\/td>\n<\/tr>\n<tr style=\"height: 52px;\">\n<td style=\"width: 100%; height: 52px;\"><a href=\"http:\/\/agora.xtec.cat\/institutmartamata\/wp-content\/uploads\/usu281\/2016\/10\/Justificaci\u00f3-de-faltes-dassist\u00e8ncia.pdf\" target=\"_blank\" rel=\"noopener\">Justificaci\u00f3 de faltes d&#8217;assist\u00e8ncia<\/a><\/td>\n<\/tr>\n<tr style=\"height: 52px;\">\n<td style=\"width: 100%; height: 52px;\"><a href=\"https:\/\/agora.xtec.cat\/institutmartamata\/wp-content\/uploads\/usu281\/2020\/11\/Sol\u00b7licitud-baixa-de-centre.pdf\" target=\"_blank\" rel=\"noopener\">Sol\u00b7licitud de baixa del centre<\/a><\/td>\n<\/tr>\n<tr style=\"height: 52px;\">\n<td style=\"width: 100%; height: 52px;\"><a href=\"https:\/\/agora.xtec.cat\/institutmartamata\/wp-content\/uploads\/usu281\/2020\/10\/A816.pdf\" target=\"_blank\" rel=\"noopener noreferrer\">Sol\u00b7licitud de reconeixement nivell de catal\u00e0 B2\/C1<\/a><\/td>\n<\/tr>\n<tr style=\"height: 52px;\">\n<td style=\"width: 100%; height: 52px;\"><a href=\"https:\/\/agora.xtec.cat\/institutmartamata\/wp-content\/uploads\/usu281\/2020\/06\/Sol\u00b7licitud-reclamaci\u00f3-de-qualificacions.pdf\" target=\"_blank\" rel=\"noopener\">Sol\u00b7licitud de reclamaci\u00f3 de qualificacions<\/a><\/td>\n<\/tr>\n<tr style=\"height: 52px;\">\n<td style=\"width: 100%; height: 52px;\"><a href=\"https:\/\/drive.google.com\/file\/d\/1Y-lfLvS92R0dTJW3owwDw0KrnMFwzWN9\/view?usp=sharing\" target=\"_blank\" rel=\"noopener\">Sol\u00b7licitud per portar m\u00f2bil al centre<\/a><\/td>\n<\/tr>\n<tr style=\"height: 52px;\">\n<td style=\"width: 100%; height: 52px;\"><a href=\"https:\/\/agora.xtec.cat\/institutmartamata\/wp-content\/uploads\/usu281\/2022\/03\/Sollicitud-queixa-prestacions-de-serveis.pdf\" target=\"_blank\" rel=\"noopener\">Sol\u00b7licitud de queixa sobre prestacions de serveis<\/a><\/td>\n<\/tr>\n<tr style=\"height: 52px;\">\n<td style=\"width: 100%; height: 52px;\"><strong>ESO<\/strong><\/td>\n<\/tr>\n<tr style=\"height: 52px;\">\n<td style=\"width: 100%; height: 52px;\"><a href=\"http:\/\/agora.xtec.cat\/institutmartamata\/wp-content\/uploads\/usu281\/2016\/10\/Sol\u00b7licitud-de-reducci\u00f3-de-mat\u00e8ries-ESO-per-estudis-de-m\u00fasica-.pdf\" target=\"_blank\" rel=\"noopener\">Sol\u00b7licitud de reducci\u00f3 de mat\u00e8ries ESO per estudis de m\u00fasica<\/a><\/td>\n<\/tr>\n<tr style=\"height: 52px;\">\n<td style=\"width: 100%; height: 52px;\"><a href=\"https:\/\/documents.espai.educacio.gencat.cat\/FormularisModels\/CentresGestioAdministrativa\/SimultaneitatMusicaDansa\/A504.pdf\" target=\"_blank\" rel=\"noopener noreferrer\">Sol\u00b7licitud de reducci\u00f3 de mat\u00e8ries ESO per estudis de dansa<\/a><\/td>\n<\/tr>\n<tr style=\"height: 52px;\">\n<td style=\"width: 100%; height: 52px;\"><a href=\"https:\/\/documents.espai.educacio.gencat.cat\/FormularisModels\/CentresDocumentacioAcademica\/APU545.pdf\" target=\"_blank\" rel=\"noopener noreferrer\">Sol\u00b7licitud de reconeixement de la mat\u00e8ria d&#8217;educaci\u00f3 f\u00edsica per pr\u00e0ctica intensiva de l&#8217;esport<\/a><\/td>\n<\/tr>\n<tr style=\"height: 52px;\">\n<td style=\"width: 100%; height: 52px;\"><a href=\"http:\/\/agora.xtec.cat\/institutmartamata\/wp-content\/uploads\/usu281\/2016\/10\/Sol\u00b7licitud-canvi-optattiva-ESO.pdf\" target=\"_blank\" rel=\"noopener\">Sol\u00b7licitud de canvi optativa ESO<\/a><\/td>\n<\/tr>\n<tr style=\"height: 52px;\">\n<td style=\"width: 100%; height: 52px;\"><a href=\"http:\/\/agora.xtec.cat\/institutmartamata\/wp-content\/uploads\/usu281\/2016\/10\/Sol\u00b7licitud-proves-GESO.pdf\" target=\"_blank\" rel=\"noopener\">Sol\u00b7licitud d&#8217;inscripci\u00f3 a les proves GESO<\/a><\/td>\n<\/tr>\n<tr style=\"height: 52px;\">\n<td style=\"width: 100%; height: 52px;\"><strong>BATXILLERAT<\/strong><\/td>\n<\/tr>\n<tr style=\"height: 52px;\">\n<td style=\"width: 100%; height: 52px;\"><a href=\"https:\/\/agora.xtec.cat\/institutmartamata\/wp-content\/uploads\/usu281\/2021\/03\/Sol\u00b7licitud-anul\u00b7laci\u00f3-de-matr\u00edcula.pdf\" target=\"_blank\" rel=\"noopener\">Sol\u00b7licitud d&#8217;anul\u00b7laci\u00f3 de matr\u00edcula<\/a><\/td>\n<\/tr>\n<tr style=\"height: 52px;\">\n<td style=\"width: 100%; height: 52px;\"><a href=\"https:\/\/agora.xtec.cat\/institutmartamata\/wp-content\/uploads\/usu281\/2022\/05\/autoritzacio-sortidesBAT.pdf\" target=\"_blank\" rel=\"noopener noreferrer\">Autoritzaci\u00f3 sortides a l&#8217;hora del pati BAT<\/a><\/td>\n<\/tr>\n<tr style=\"height: 52px;\">\n<td style=\"width: 100%; height: 52px;\"><a href=\"http:\/\/agora.xtec.cat\/institutmartamata\/wp-content\/uploads\/usu281\/2016\/10\/Sol\u00b7licitud-de-canvi-de-modalitat-1.pdf\" target=\"_blank\" rel=\"noopener\">Sol\u00b7licitud de canvi de modalitat Batxillerat<\/a><\/td>\n<\/tr>\n<tr style=\"height: 52px;\">\n<td style=\"width: 100%; height: 52px;\">\u00a0<a href=\"http:\/\/agora.xtec.cat\/institutmartamata\/wp-content\/uploads\/usu281\/2017\/09\/Sol\u00b7licitud-modif-matricula-BAT-sense-canviar-modalitat.pdf\" target=\"_blank\" rel=\"noopener\">Sol\u00b7licitud modificaci\u00f3 de matricula BAT sense canviar modalitat<\/a><\/td>\n<\/tr>\n<tr style=\"height: 52px;\">\n<td style=\"width: 100%; height: 52px;\"><a href=\"https:\/\/documents.espai.educacio.gencat.cat\/FormularisModels\/CentresGestioAdministrativa\/SimultaneitatMusicaDansa\/APU138.pdf\" target=\"_blank\" rel=\"noopener noreferrer\">Sol\u00b7licitud de reducci\u00f3 de mat\u00e8ries per estudis de m\u00fasica en un conservatori<\/a><\/td>\n<\/tr>\n<tr style=\"height: 52px;\">\n<td style=\"width: 100%; height: 52px;\"><a href=\"https:\/\/documents.espai.educacio.gencat.cat\/FormularisModels\/CentresGestioAdministrativa\/SimultaneitatMusicaDansa\/APU140.pdf\" target=\"_blank\" rel=\"noopener noreferrer\">Sol\u00b7licitud de reducci\u00f3 de mat\u00e8ries per estudis de m\u00fasica en una escola autoritzada<\/a><\/td>\n<\/tr>\n<tr style=\"height: 52px;\">\n<td style=\"width: 100%; height: 52px;\"><a href=\"https:\/\/documents.espai.educacio.gencat.cat\/FormularisModels\/CentresGestioAdministrativa\/SimultaneitatMusicaDansa\/APU145.pdf\" target=\"_blank\" rel=\"noopener noreferrer\">Sol\u00b7licitud de reducci\u00f3 de mat\u00e8ries per estudis de dansa en un conservatori o centre professional<\/a><\/td>\n<\/tr>\n<tr style=\"height: 52px;\">\n<td style=\"width: 100%; height: 52px;\"><a href=\"https:\/\/documents.espai.educacio.gencat.cat\/FormularisModels\/CentresGestioAdministrativa\/SimultaneitatMusicaDansa\/APU147.pdf\" target=\"_blank\" rel=\"noopener noreferrer\">Sol\u00b7licitud de reducci\u00f3 de mat\u00e8ries per estudis de dansa en una escola autoritzada<\/a><\/td>\n<\/tr>\n<tr style=\"height: 52px;\">\n<td style=\"width: 100%; height: 52px;\"><a href=\"https:\/\/drive.google.com\/file\/d\/1UzkprOOHvdjicEgdrF75gMN51QiYFKn_\/view?usp=sharing\" target=\"_blank\" rel=\"noopener\">Sol\u00b7licitud d&#8217;exempci\u00f3 catal\u00e0<\/a><\/td>\n<\/tr>\n<tr style=\"height: 52px;\">\n<td style=\"width: 100%; height: 52px;\"><a href=\"https:\/\/agora.xtec.cat\/institutmartamata\/wp-content\/uploads\/usu281\/2020\/06\/Sol\u00b7licitud-de-t\u00edtol-batxillerat.pdf\" target=\"_blank\" rel=\"noopener\">Sol\u00b7licitud de t\u00edtol de batxillerat<\/a><\/td>\n<\/tr>\n<\/tbody>\n<\/table>\n<p>&nbsp;<\/p>\n","protected":false},"excerpt":{"rendered":"<p>Podeu descarregar els seg\u00fcents documents:\u00a0 GENERALS Model d&#8217;inst\u00e0ncia gen\u00e8rica Autoritzaci\u00f3 sortida del centre en horari escolar Autoritzacio per a realitzar tr\u00e0mits administratius Justificaci\u00f3 de faltes d&#8217;assist\u00e8ncia Sol\u00b7licitud de baixa del centre Sol\u00b7licitud de reconeixement nivell de catal\u00e0 B2\/C1 Sol\u00b7licitud de reclamaci\u00f3 de qualificacions Sol\u00b7licitud per portar m\u00f2bil al centre Sol\u00b7licitud de queixa sobre prestacions de [&hellip;]<\/p>\n","protected":false},"author":1,"featured_media":0,"parent":81,"menu_order":30,"comment_status":"closed","ping_status":"closed","template":"","meta":{"_bbp_topic_count":0,"_bbp_reply_count":0,"_bbp_total_topic_count":0,"_bbp_total_reply_count":0,"_bbp_voice_count":0,"_bbp_anonymous_reply_count":0,"_bbp_topic_count_hidden":0,"_bbp_reply_count_hidden":0,"_bbp_forum_subforum_count":0,"site-sidebar-layout":"default","site-content-layout":"","ast-site-content-layout":"default","site-content-style":"default","site-sidebar-style":"default","ast-global-header-display":"","ast-banner-title-visibility":"","ast-main-header-display":"","ast-hfb-above-header-display":"","ast-hfb-below-header-display":"","ast-hfb-mobile-header-display":"","site-post-title":"","ast-breadcrumbs-content":"","ast-featured-img":"","footer-sml-layout":"","theme-transparent-header-meta":"default","adv-header-id-meta":"","stick-header-meta":"","header-above-stick-meta":"","header-main-stick-meta":"","header-below-stick-meta":"","astra-migrate-meta-layouts":"set","ast-page-background-enabled":"default","ast-page-background-meta":{"desktop":{"background-color":"var(--ast-global-color-4)","background-image":"","background-repeat":"repeat","background-position":"center center","background-size":"auto","background-attachment":"scroll","background-type":"","background-media":"","overlay-type":"","overlay-color":"","overlay-opacity":"","overlay-gradient":""},"tablet":{"background-color":"","background-image":"","background-repeat":"repeat","background-position":"center center","background-size":"auto","background-attachment":"scroll","background-type":"","background-media":"","overlay-type":"","overlay-color":"","overlay-opacity":"","overlay-gradient":""},"mobile":{"background-color":"","background-image":"","background-repeat":"repeat","background-position":"center center","background-size":"auto","background-attachment":"scroll","background-type":"","background-media":"","overlay-type":"","overlay-color":"","overlay-opacity":"","overlay-gradient":""}},"ast-content-background-meta":{"desktop":{"background-color":"var(--ast-global-color-5)","background-image":"","background-repeat":"repeat","background-position":"center center","background-size":"auto","background-attachment":"scroll","background-type":"","background-media":"","overlay-type":"","overlay-color":"","overlay-opacity":"","overlay-gradient":""},"tablet":{"background-color":"var(--ast-global-color-5)","background-image":"","background-repeat":"repeat","background-position":"center center","background-size":"auto","background-attachment":"scroll","background-type":"","background-media":"","overlay-type":"","overlay-color":"","overlay-opacity":"","overlay-gradient":""},"mobile":{"background-color":"var(--ast-global-color-5)","background-image":"","background-repeat":"repeat","background-position":"center center","background-size":"auto","background-attachment":"scroll","background-type":"","background-media":"","overlay-type":"","overlay-color":"","overlay-opacity":"","overlay-gradient":""}},"footnotes":""},"class_list":["post-654","page","type-page","status-publish","hentry"],"post_mailing_queue_ids":[],"_links":{"self":[{"href":"https:\/\/agora.xtec.cat\/institutmartamata\/wp-json\/wp\/v2\/pages\/654","targetHints":{"allow":["GET"]}}],"collection":[{"href":"https:\/\/agora.xtec.cat\/institutmartamata\/wp-json\/wp\/v2\/pages"}],"about":[{"href":"https:\/\/agora.xtec.cat\/institutmartamata\/wp-json\/wp\/v2\/types\/page"}],"author":[{"embeddable":true,"href":"https:\/\/agora.xtec.cat\/institutmartamata\/wp-json\/wp\/v2\/users\/1"}],"replies":[{"embeddable":true,"href":"https:\/\/agora.xtec.cat\/institutmartamata\/wp-json\/wp\/v2\/comments?post=654"}],"version-history":[{"count":7,"href":"https:\/\/agora.xtec.cat\/institutmartamata\/wp-json\/wp\/v2\/pages\/654\/revisions"}],"predecessor-version":[{"id":20078,"href":"https:\/\/agora.xtec.cat\/institutmartamata\/wp-json\/wp\/v2\/pages\/654\/revisions\/20078"}],"up":[{"embeddable":true,"href":"https:\/\/agora.xtec.cat\/institutmartamata\/wp-json\/wp\/v2\/pages\/81"}],"wp:attachment":[{"href":"https:\/\/agora.xtec.cat\/institutmartamata\/wp-json\/wp\/v2\/media?parent=654"}],"curies":[{"name":"wp","href":"https:\/\/api.w.org\/{rel}","templated":true}]}}