{"id":574,"date":"2016-10-21T22:07:57","date_gmt":"2016-10-21T20:07:57","guid":{"rendered":"http:\/\/agora.xtec.cat\/institutmartamata\/?page_id=574"},"modified":"2025-02-07T13:41:18","modified_gmt":"2025-02-07T12:41:18","slug":"h-aprenentatge-i-servei","status":"publish","type":"page","link":"https:\/\/agora.xtec.cat\/institutmartamata\/projecte-educatiu\/h-aprenentatge-i-servei\/","title":{"rendered":"Aprenentatge i servei"},"content":{"rendered":"<p>L&#8217;aprenentatge servei \u00e9s una proposta educativa que combina processos d&#8217;aprenentatge i de servei a la comunitat en un sol projecte ben articulat en el qual els participants es formen tot treballant sobre necessitats reals de l&#8217;entorn amb l&#8217;objectiu de millorar-lo. \u00c9s una metodologia que encaixa de ple amb els objectius del Pla educatiu d&#8217;entorn, i que permet promoure la participaci\u00f3 de l&#8217;alumnat &#8211; com a agent de la comunitat &#8211; en la detacci\u00f3 de necessitats i en el comprom\u00ed\u00ads per donar-hi resposta.<\/p>\n<p>A 3r d&#8217;ESO el nostre institut duu a terme diversos projectes de serveis a la comunitat:<\/p>\n<p><strong>&#8220;Som solidaris&#8221;<\/strong> , projecte de col\u00b7laboraci\u00f3 amb Caritas Salou amb l&#8217;objectiu de conscienciar els joves de la necessitat de participar en el teixit associatiu de Salou i ajudar en les necessitats del nostre entorn. L&#8217;alumnat col\u00b7labora en activitats com el recapte d&#8217;aliments, la distribuci\u00f3 de roba i la preparaci\u00f3 de lots de Nadal.<\/p>\n<p style=\"text-align: center;\">Aqu\u00ed teniu un exemple del curs 2024-2025.<\/p>\n<p><a href=\"https:\/\/agora.xtec.cat\/institutmartamata\/wp-content\/uploads\/usu281\/2024\/11\/gran-recapte-e1732312674734.jpg\"><img loading=\"lazy\" decoding=\"async\" class=\"wp-image-17600 aligncenter\" src=\"https:\/\/agora.xtec.cat\/institutmartamata\/wp-content\/uploads\/usu281\/2024\/11\/gran-recapte-e1732312674734-1024x872.jpg\" alt=\"\" width=\"561\" height=\"478\" srcset=\"https:\/\/agora.xtec.cat\/institutmartamata\/wp-content\/uploads\/usu281\/2024\/11\/gran-recapte-e1732312674734-1024x872.jpg 1024w, https:\/\/agora.xtec.cat\/institutmartamata\/wp-content\/uploads\/usu281\/2024\/11\/gran-recapte-e1732312674734-300x255.jpg 300w, https:\/\/agora.xtec.cat\/institutmartamata\/wp-content\/uploads\/usu281\/2024\/11\/gran-recapte-e1732312674734-768x654.jpg 768w, https:\/\/agora.xtec.cat\/institutmartamata\/wp-content\/uploads\/usu281\/2024\/11\/gran-recapte-e1732312674734.jpg 1536w\" sizes=\"auto, (max-width: 561px) 100vw, 561px\" \/><\/a><\/p>\n<p><strong>&#8220;Padrins a les escoles&#8221;,<\/strong> projecte de col\u00b7laboraci\u00f3 amb les escoles p\u00fabliques de Salou. Consisteix a donar suport i fer monitoratge d&#8217;alumnes en activitats de lectura, ci\u00e8ncies, arts, inform\u00e0tica i esport programades per les escoles. Vegeu el seg\u00fcent enlla\u00e7\u00a0<a href=\"http:\/\/agora.xtec.cat\/escsantamaria\/general\/ens-han-visitat-alumnes-de-linstitut-marta-mata\/\">http:\/\/agora.xtec.cat\/escsantamaria\/general\/ens-han-visitat-alumnes-de-linstitut-marta-mata\/<\/a><\/p>\n<p>&nbsp;<\/p>\n<p><b>&#8220;Tots podem ser joves&#8221;,<\/b> projecte de col\u00b7laboraci\u00f3 amb la residencia STS Salou. Consisteix a donar suport a les activitats d&#8217;animaci\u00f3 de la residencia destinades a la gent gran: actuacions musicals, jocs de bingo, manualitats, lectura&#8230;<\/p>\n<p><a href=\"https:\/\/agora.xtec.cat\/institutmartamata\/wp-content\/uploads\/usu281\/2024\/12\/470176723_1147134180749164_1431396848693019941_n.jpg\"><img loading=\"lazy\" decoding=\"async\" class=\"wp-image-17749 aligncenter\" src=\"https:\/\/agora.xtec.cat\/institutmartamata\/wp-content\/uploads\/usu281\/2024\/12\/470176723_1147134180749164_1431396848693019941_n-1024x768.jpg\" alt=\"\" width=\"539\" height=\"404\" srcset=\"https:\/\/agora.xtec.cat\/institutmartamata\/wp-content\/uploads\/usu281\/2024\/12\/470176723_1147134180749164_1431396848693019941_n-1024x768.jpg 1024w, https:\/\/agora.xtec.cat\/institutmartamata\/wp-content\/uploads\/usu281\/2024\/12\/470176723_1147134180749164_1431396848693019941_n-300x225.jpg 300w, https:\/\/agora.xtec.cat\/institutmartamata\/wp-content\/uploads\/usu281\/2024\/12\/470176723_1147134180749164_1431396848693019941_n-768x576.jpg 768w, https:\/\/agora.xtec.cat\/institutmartamata\/wp-content\/uploads\/usu281\/2024\/12\/470176723_1147134180749164_1431396848693019941_n-1536x1152.jpg 1536w, https:\/\/agora.xtec.cat\/institutmartamata\/wp-content\/uploads\/usu281\/2024\/12\/470176723_1147134180749164_1431396848693019941_n-200x150.jpg 200w, https:\/\/agora.xtec.cat\/institutmartamata\/wp-content\/uploads\/usu281\/2024\/12\/470176723_1147134180749164_1431396848693019941_n.jpg 2048w\" sizes=\"auto, (max-width: 539px) 100vw, 539px\" \/><\/a><\/p>\n<p>&nbsp;<\/p>\n<p><strong>&#8220;Recollida de joguines&#8221;<\/strong>, projecte de col\u00b7laboraci\u00f3 amb Creu Roja Salou. Consisteix a donar suport a la campanya de recollida de joguines de l&#8217;entitat.<\/p>\n<p>&nbsp;<\/p>\n<p>&nbsp;<\/p>\n<p><strong>&#8220;Internet de tu a tu&#8221;,\u00a0<\/strong>projecte de col\u00b7laboraci\u00f3 amb Mossos d&#8217;esquadra. Consisteix a formar grups d&#8217;alumnes sobre els perills de la xarxa perqu\u00e8 despr\u00e9s\u00a0 ells transmetin aquesta informaci\u00f3 als alumnes m\u00e9s joves.<\/p>\n<p>&nbsp;<\/p>\n<p>&nbsp;<\/p>\n<p><strong>&#8220;Guaites&#8221;,\u00a0<\/strong>projecte relacionat amb el programa #aquiproubullying. Consisteix a formar grups d&#8217;alumnes observadors que durant el temps de l&#8217;esbarjo ajuden a la bona conviv\u00e8ncia.<\/p>\n<p>&nbsp;<\/p>\n<p>&nbsp;<\/p>\n<p style=\"text-align: left;\"><strong>&#8220;Anima&#8217;l&#8221;,\u00a0<\/strong>projecte de col\u00b7laboraci\u00f3 amb SOS GAT Salou. Consisteix a ajudar en la difusi\u00f3 de les activitats de l&#8217;entitat i a la confecci\u00f3 de cases refugi i d&#8217;altres materials per a la cura dels gats de carrer.<\/p>\n<p>&nbsp;<\/p>\n<p><a href=\"https:\/\/agora.xtec.cat\/institutmartamata\/wp-content\/uploads\/usu281\/2019\/03\/bestial-3.jpg\"><img loading=\"lazy\" decoding=\"async\" class=\"wp-image-9007 aligncenter\" src=\"https:\/\/agora.xtec.cat\/institutmartamata\/wp-content\/uploads\/usu281\/2019\/03\/bestial-3-1024x768.jpg\" alt=\"\" width=\"551\" height=\"413\" srcset=\"https:\/\/agora.xtec.cat\/institutmartamata\/wp-content\/uploads\/usu281\/2019\/03\/bestial-3-1024x768.jpg 1024w, https:\/\/agora.xtec.cat\/institutmartamata\/wp-content\/uploads\/usu281\/2019\/03\/bestial-3-300x225.jpg 300w, https:\/\/agora.xtec.cat\/institutmartamata\/wp-content\/uploads\/usu281\/2019\/03\/bestial-3-768x576.jpg 768w, https:\/\/agora.xtec.cat\/institutmartamata\/wp-content\/uploads\/usu281\/2019\/03\/bestial-3-200x150.jpg 200w, https:\/\/agora.xtec.cat\/institutmartamata\/wp-content\/uploads\/usu281\/2019\/03\/bestial-3.jpg 1600w\" sizes=\"auto, (max-width: 551px) 100vw, 551px\" \/><\/a><\/p>\n<p>&nbsp;<\/p>\n<p><strong>&#8220;Colors contra el c\u00e0ncer&#8221;, <\/strong>projecte de col\u00b7laboraci\u00f3 amb l&#8217;Associaci\u00f3 oncol\u00f2gica Amadeu Pelegr\u00ed. Consisteix a donar suport a l&#8217;entitat en els events que s&#8217;organitzen per a recaptar fons per a la investigaci\u00f3 contra aquesta malaltia.<\/p>\n<p>&nbsp;<\/p>\n<p style=\"text-align: center;\"><a href=\"https:\/\/agora.xtec.cat\/institutmartamata\/wp-content\/uploads\/usu281\/2019\/05\/IMG-20190508-WA0020.jpg\"><img loading=\"lazy\" decoding=\"async\" class=\"alignnone wp-image-9187\" src=\"https:\/\/agora.xtec.cat\/institutmartamata\/wp-content\/uploads\/usu281\/2019\/05\/IMG-20190508-WA0020-1024x768.jpg\" alt=\"\" width=\"658\" height=\"494\" srcset=\"https:\/\/agora.xtec.cat\/institutmartamata\/wp-content\/uploads\/usu281\/2019\/05\/IMG-20190508-WA0020-1024x768.jpg 1024w, https:\/\/agora.xtec.cat\/institutmartamata\/wp-content\/uploads\/usu281\/2019\/05\/IMG-20190508-WA0020-300x225.jpg 300w, https:\/\/agora.xtec.cat\/institutmartamata\/wp-content\/uploads\/usu281\/2019\/05\/IMG-20190508-WA0020-768x576.jpg 768w, https:\/\/agora.xtec.cat\/institutmartamata\/wp-content\/uploads\/usu281\/2019\/05\/IMG-20190508-WA0020-200x150.jpg 200w, https:\/\/agora.xtec.cat\/institutmartamata\/wp-content\/uploads\/usu281\/2019\/05\/IMG-20190508-WA0020.jpg 1600w\" sizes=\"auto, (max-width: 658px) 100vw, 658px\" \/><\/a><\/p>\n<p style=\"text-align: center;\"><a href=\"https:\/\/agora.xtec.cat\/institutmartamata\/wp-content\/uploads\/usu281\/2019\/05\/IMG-20190508-WA0020.jpg\">Holy party colors contra el c\u00e0ncer 2019<\/a><\/p>\n<p>&nbsp;<\/p>\n<p><strong>&#8220;Scholas Ciutadania&#8221;,\u00a0<\/strong><span style=\"display: inline !important; float: none; background-color: #ffffff; color: #222222; cursor: text; direction: ltr; font-family: 'Helvetica Neue','Helvetica',Helvetica,Arial,sans-serif; font-size: 16px; font-style: normal; font-variant: normal; font-weight: 400; letter-spacing: normal; orphans: 2; text-align: left; text-decoration: none; text-indent: 0px; text-transform: none; -webkit-text-stroke-width: 0px; white-space: normal; word-spacing: 0px;\">f\u00f3rum de debat en el qual s&#8217;estudia una problem\u00e0tica que afecta als joves i s&#8217;aporten solucions que despr\u00e9s s\u00f3n presentades a les autoritats. M\u00e9s informaci\u00f3\u00a0 sobre el programa a <\/span><a href=\"http:\/\/agora.xtec.cat\/institutmartamata\/general\/scholas-ciutadania\/\">http:\/\/agora.xtec.cat\/institutmartamata\/general\/scholas-ciutadania\/<\/a><\/p>\n<p>&nbsp;<\/p>\n<p>A m\u00e9s, col\u00b7laborem amb entitats de l&#8217;entorn en accions solid\u00e0ries:<\/p>\n<p>Caritas : recollida d&#8217;aliments i joguines.<br \/>\nCooperativa Roba-Amiga:\u00a0 recollida de roba.<br \/>\nMarat\u00f3: construcci\u00f3 d&#8217;oregamis.Banc de sang: campanya per incentivar les donacions.<\/p>\n<p><a href=\"https:\/\/agora.xtec.cat\/institutmartamata\/wp-content\/uploads\/usu281\/2022\/12\/d2410e2a-4284-4850-b89b-6f7d36e403c1.jpg\"><img loading=\"lazy\" decoding=\"async\" class=\"alignnone size-full wp-image-14623\" src=\"https:\/\/agora.xtec.cat\/institutmartamata\/wp-content\/uploads\/usu281\/2022\/12\/d2410e2a-4284-4850-b89b-6f7d36e403c1.jpg\" alt=\"\" width=\"1024\" height=\"576\" srcset=\"https:\/\/agora.xtec.cat\/institutmartamata\/wp-content\/uploads\/usu281\/2022\/12\/d2410e2a-4284-4850-b89b-6f7d36e403c1.jpg 1024w, https:\/\/agora.xtec.cat\/institutmartamata\/wp-content\/uploads\/usu281\/2022\/12\/d2410e2a-4284-4850-b89b-6f7d36e403c1-300x169.jpg 300w, https:\/\/agora.xtec.cat\/institutmartamata\/wp-content\/uploads\/usu281\/2022\/12\/d2410e2a-4284-4850-b89b-6f7d36e403c1-768x432.jpg 768w\" sizes=\"auto, (max-width: 1024px) 100vw, 1024px\" \/><\/a><\/p>\n<p style=\"text-align: center;\"><strong>L&#8217;INSTITUT MARTA MATA COMPROM\u00c8S AMB EL NOSTRE ENTORN<\/strong><\/p>\n<p>&nbsp;<\/p>\n<p>&nbsp;<\/p>\n<p>&nbsp;<\/p>\n","protected":false},"excerpt":{"rendered":"<p>L&#8217;aprenentatge servei \u00e9s una proposta educativa que combina processos d&#8217;aprenentatge i de servei a la comunitat en un sol projecte ben articulat en el qual els participants es formen tot treballant sobre necessitats reals de l&#8217;entorn amb l&#8217;objectiu de millorar-lo. \u00c9s una metodologia que encaixa de ple amb els objectius del Pla educatiu d&#8217;entorn, i [&hellip;]<\/p>\n","protected":false},"author":1,"featured_media":0,"parent":57,"menu_order":70,"comment_status":"closed","ping_status":"closed","template":"page-templates\/side-menu.php","meta":{"_bbp_topic_count":0,"_bbp_reply_count":0,"_bbp_total_topic_count":0,"_bbp_total_reply_count":0,"_bbp_voice_count":0,"_bbp_anonymous_reply_count":0,"_bbp_topic_count_hidden":0,"_bbp_reply_count_hidden":0,"_bbp_forum_subforum_count":0,"site-sidebar-layout":"default","site-content-layout":"","ast-site-content-layout":"","site-content-style":"default","site-sidebar-style":"default","ast-global-header-display":"","ast-banner-title-visibility":"","ast-main-header-display":"","ast-hfb-above-header-display":"","ast-hfb-below-header-display":"","ast-hfb-mobile-header-display":"","site-post-title":"","ast-breadcrumbs-content":"","ast-featured-img":"","footer-sml-layout":"","theme-transparent-header-meta":"","adv-header-id-meta":"","stick-header-meta":"","header-above-stick-meta":"","header-main-stick-meta":"","header-below-stick-meta":"","astra-migrate-meta-layouts":"default","ast-page-background-enabled":"default","ast-page-background-meta":{"desktop":{"background-color":"var(--ast-global-color-4)","background-image":"","background-repeat":"repeat","background-position":"center center","background-size":"auto","background-attachment":"scroll","background-type":"","background-media":"","overlay-type":"","overlay-color":"","overlay-opacity":"","overlay-gradient":""},"tablet":{"background-color":"","background-image":"","background-repeat":"repeat","background-position":"center center","background-size":"auto","background-attachment":"scroll","background-type":"","background-media":"","overlay-type":"","overlay-color":"","overlay-opacity":"","overlay-gradient":""},"mobile":{"background-color":"","background-image":"","background-repeat":"repeat","background-position":"center center","background-size":"auto","background-attachment":"scroll","background-type":"","background-media":"","overlay-type":"","overlay-color":"","overlay-opacity":"","overlay-gradient":""}},"ast-content-background-meta":{"desktop":{"background-color":"var(--ast-global-color-5)","background-image":"","background-repeat":"repeat","background-position":"center center","background-size":"auto","background-attachment":"scroll","background-type":"","background-media":"","overlay-type":"","overlay-color":"","overlay-opacity":"","overlay-gradient":""},"tablet":{"background-color":"var(--ast-global-color-5)","background-image":"","background-repeat":"repeat","background-position":"center center","background-size":"auto","background-attachment":"scroll","background-type":"","background-media":"","overlay-type":"","overlay-color":"","overlay-opacity":"","overlay-gradient":""},"mobile":{"background-color":"var(--ast-global-color-5)","background-image":"","background-repeat":"repeat","background-position":"center center","background-size":"auto","background-attachment":"scroll","background-type":"","background-media":"","overlay-type":"","overlay-color":"","overlay-opacity":"","overlay-gradient":""}},"footnotes":""},"class_list":["post-574","page","type-page","status-publish","hentry"],"post_mailing_queue_ids":[],"_links":{"self":[{"href":"https:\/\/agora.xtec.cat\/institutmartamata\/wp-json\/wp\/v2\/pages\/574","targetHints":{"allow":["GET"]}}],"collection":[{"href":"https:\/\/agora.xtec.cat\/institutmartamata\/wp-json\/wp\/v2\/pages"}],"about":[{"href":"https:\/\/agora.xtec.cat\/institutmartamata\/wp-json\/wp\/v2\/types\/page"}],"author":[{"embeddable":true,"href":"https:\/\/agora.xtec.cat\/institutmartamata\/wp-json\/wp\/v2\/users\/1"}],"replies":[{"embeddable":true,"href":"https:\/\/agora.xtec.cat\/institutmartamata\/wp-json\/wp\/v2\/comments?post=574"}],"version-history":[{"count":5,"href":"https:\/\/agora.xtec.cat\/institutmartamata\/wp-json\/wp\/v2\/pages\/574\/revisions"}],"predecessor-version":[{"id":17880,"href":"https:\/\/agora.xtec.cat\/institutmartamata\/wp-json\/wp\/v2\/pages\/574\/revisions\/17880"}],"up":[{"embeddable":true,"href":"https:\/\/agora.xtec.cat\/institutmartamata\/wp-json\/wp\/v2\/pages\/57"}],"wp:attachment":[{"href":"https:\/\/agora.xtec.cat\/institutmartamata\/wp-json\/wp\/v2\/media?parent=574"}],"curies":[{"name":"wp","href":"https:\/\/api.w.org\/{rel}","templated":true}]}}