{"id":554,"date":"2016-10-21T21:50:57","date_gmt":"2016-10-21T19:50:57","guid":{"rendered":"http:\/\/agora.xtec.cat\/institutmartamata\/?page_id=554"},"modified":"2025-07-02T19:52:51","modified_gmt":"2025-07-02T17:52:51","slug":"e-llistat-de-llibres","status":"publish","type":"page","link":"https:\/\/agora.xtec.cat\/institutmartamata\/estudis\/e-llistat-de-llibres\/","title":{"rendered":"Material i  llibres"},"content":{"rendered":"<p>&nbsp;<\/p>\n<p><strong>L&#8217;alumnat d&#8217;ESO necessitar\u00e0 un ordinador port\u00e0til<\/strong>, tipus Chromebook, ja que algunes mat\u00e8ries no utilitzen llibre.<\/p>\n<h2><span style=\"color: #ff9900;\"><strong><em>Llistat de llibres i material curs 2025-2026:<br \/>\n<\/em><\/strong><\/span><\/h2>\n<p>&nbsp;<\/p>\n<table style=\"border-collapse: collapse; width: 83.4248%;\">\n<tbody>\n<tr>\n<td style=\"width: 45.2%;\" rowspan=\"7\"><a href=\"https:\/\/agora.xtec.cat\/institutmartamata\/wp-content\/uploads\/usu281\/2020\/07\/unnamed.jpg\"><img loading=\"lazy\" decoding=\"async\" class=\"size-full wp-image-10832 aligncenter\" src=\"https:\/\/agora.xtec.cat\/institutmartamata\/wp-content\/uploads\/usu281\/2020\/07\/unnamed.jpg\" alt=\"\" width=\"300\" height=\"200\" \/><\/a><\/td>\n<td style=\"width: 37.4927%; text-align: center;\">\n<h4><a href=\"https:\/\/drive.google.com\/file\/d\/1MBaQ9YvTVbIvWBSkBrOvmRN6muQPzh72\/view?usp=sharing\" target=\"_blank\" rel=\"noopener\"><span style=\"text-decoration: underline;\"><strong>1r ESO<\/strong><\/span><\/a><\/h4>\n<\/td>\n<\/tr>\n<tr>\n<td style=\"width: 37.4927%; text-align: center;\">\n<h4><a href=\"https:\/\/drive.google.com\/file\/d\/1tP0_eFAfvoNBo1QOCIiIDYo6hkz7C_t1\/view?usp=sharing\" target=\"_blank\" rel=\"noopener\"><span style=\"text-decoration: underline;\"><strong>2n ESO<\/strong><\/span><\/a><\/h4>\n<\/td>\n<\/tr>\n<tr>\n<td style=\"width: 37.4927%; text-align: center;\">\n<h4><a href=\"https:\/\/drive.google.com\/file\/d\/1GDNKSOKE6pfv64ouSsFW8QQ4Kszm56az\/view?usp=sharing\" target=\"_blank\" rel=\"noopener\"><strong><span style=\"text-decoration: underline;\">3r ESO<\/span><\/strong><\/a><\/h4>\n<\/td>\n<\/tr>\n<tr>\n<td style=\"width: 37.4927%; text-align: center;\">\n<h4><a href=\"https:\/\/drive.google.com\/file\/d\/1mOh0hFqutEe9QpB2RKedyRVL1HrKIF0U\/view?usp=sharing\" target=\"_blank\" rel=\"noopener\"><span style=\"text-decoration: underline;\"><strong>4t ESO<\/strong><\/span><\/a><\/h4>\n<\/td>\n<\/tr>\n<tr>\n<td style=\"width: 37.4927%; text-align: center;\">\n<h4><a href=\"https:\/\/drive.google.com\/file\/d\/17l3BW05C3s9Bb8tqdjdMfKKXrPZ6E2UR\/view?usp=sharing\" target=\"_blank\" rel=\"noopener\"><strong><span style=\"text-decoration: underline;\">1r BAT<\/span><\/strong><\/a><\/h4>\n<\/td>\n<\/tr>\n<tr>\n<td style=\"width: 37.4927%; text-align: center;\">\n<h4><a href=\"https:\/\/drive.google.com\/file\/d\/1ueCkF2xg903SFeV2_PFzdWPKP1ux1rW5\/view?usp=sharing\" target=\"_blank\" rel=\"noopener\"><span style=\"text-decoration: underline;\"><strong>2n BAT<\/strong><\/span><\/a><\/h4>\n<\/td>\n<\/tr>\n<tr>\n<td style=\"width: 37.4927%; text-align: center;\">\n<h4><a href=\"https:\/\/drive.google.com\/file\/d\/198Rs-5Ak7yB-MfPwN58njfoN3nSXnFcp\/view?usp=sharing\" target=\"_blank\" rel=\"noopener\"><span style=\"text-decoration: underline;\"><strong>1r CFGM GUIA EN EL MEDI NATURAL<\/strong><\/span><\/a><\/h4>\n<\/td>\n<\/tr>\n<\/tbody>\n<\/table>\n<h2><\/h2>\n<h4><span style=\"color: #008000;\">AFAMM:<\/span>\u00a0<a href=\"https:\/\/agora.xtec.cat\/institutmartamata\/6-ampa\/d-prestec-de-llibres\/\" target=\"_blank\" rel=\"noopener\"><span style=\"text-decoration: underline;\"> Informaci\u00f3 sobre la compra i venda de llibres i material escolar<\/span><\/a><\/h4>\n<p>&nbsp;<\/p>\n<p>&nbsp;<\/p>\n<h2><\/h2>\n<h2><\/h2>\n<h3><\/h3>\n<p>&nbsp;<\/p>\n","protected":false},"excerpt":{"rendered":"<p>&nbsp; L&#8217;alumnat d&#8217;ESO necessitar\u00e0 un ordinador port\u00e0til, tipus Chromebook, ja que algunes mat\u00e8ries no utilitzen llibre. Llistat de llibres i material curs 2025-2026: &nbsp; 1r ESO 2n ESO 3r ESO 4t ESO 1r BAT 2n BAT 1r CFGM GUIA EN EL MEDI NATURAL AFAMM:\u00a0 Informaci\u00f3 sobre la compra i venda de llibres i material escolar [&hellip;]<\/p>\n","protected":false},"author":1,"featured_media":0,"parent":195,"menu_order":50,"comment_status":"closed","ping_status":"closed","template":"page-templates\/side-menu.php","meta":{"_bbp_topic_count":0,"_bbp_reply_count":0,"_bbp_total_topic_count":0,"_bbp_total_reply_count":0,"_bbp_voice_count":0,"_bbp_anonymous_reply_count":0,"_bbp_topic_count_hidden":0,"_bbp_reply_count_hidden":0,"_bbp_forum_subforum_count":0,"site-sidebar-layout":"default","site-content-layout":"","ast-site-content-layout":"","site-content-style":"default","site-sidebar-style":"default","ast-global-header-display":"","ast-banner-title-visibility":"","ast-main-header-display":"","ast-hfb-above-header-display":"","ast-hfb-below-header-display":"","ast-hfb-mobile-header-display":"","site-post-title":"","ast-breadcrumbs-content":"","ast-featured-img":"","footer-sml-layout":"","theme-transparent-header-meta":"","adv-header-id-meta":"","stick-header-meta":"","header-above-stick-meta":"","header-main-stick-meta":"","header-below-stick-meta":"","astra-migrate-meta-layouts":"default","ast-page-background-enabled":"default","ast-page-background-meta":{"desktop":{"background-color":"var(--ast-global-color-4)","background-image":"","background-repeat":"repeat","background-position":"center center","background-size":"auto","background-attachment":"scroll","background-type":"","background-media":"","overlay-type":"","overlay-color":"","overlay-opacity":"","overlay-gradient":""},"tablet":{"background-color":"","background-image":"","background-repeat":"repeat","background-position":"center center","background-size":"auto","background-attachment":"scroll","background-type":"","background-media":"","overlay-type":"","overlay-color":"","overlay-opacity":"","overlay-gradient":""},"mobile":{"background-color":"","background-image":"","background-repeat":"repeat","background-position":"center center","background-size":"auto","background-attachment":"scroll","background-type":"","background-media":"","overlay-type":"","overlay-color":"","overlay-opacity":"","overlay-gradient":""}},"ast-content-background-meta":{"desktop":{"background-color":"var(--ast-global-color-5)","background-image":"","background-repeat":"repeat","background-position":"center center","background-size":"auto","background-attachment":"scroll","background-type":"","background-media":"","overlay-type":"","overlay-color":"","overlay-opacity":"","overlay-gradient":""},"tablet":{"background-color":"var(--ast-global-color-5)","background-image":"","background-repeat":"repeat","background-position":"center center","background-size":"auto","background-attachment":"scroll","background-type":"","background-media":"","overlay-type":"","overlay-color":"","overlay-opacity":"","overlay-gradient":""},"mobile":{"background-color":"var(--ast-global-color-5)","background-image":"","background-repeat":"repeat","background-position":"center center","background-size":"auto","background-attachment":"scroll","background-type":"","background-media":"","overlay-type":"","overlay-color":"","overlay-opacity":"","overlay-gradient":""}},"footnotes":""},"class_list":["post-554","page","type-page","status-publish","hentry"],"post_mailing_queue_ids":[],"_links":{"self":[{"href":"https:\/\/agora.xtec.cat\/institutmartamata\/wp-json\/wp\/v2\/pages\/554","targetHints":{"allow":["GET"]}}],"collection":[{"href":"https:\/\/agora.xtec.cat\/institutmartamata\/wp-json\/wp\/v2\/pages"}],"about":[{"href":"https:\/\/agora.xtec.cat\/institutmartamata\/wp-json\/wp\/v2\/types\/page"}],"author":[{"embeddable":true,"href":"https:\/\/agora.xtec.cat\/institutmartamata\/wp-json\/wp\/v2\/users\/1"}],"replies":[{"embeddable":true,"href":"https:\/\/agora.xtec.cat\/institutmartamata\/wp-json\/wp\/v2\/comments?post=554"}],"version-history":[{"count":6,"href":"https:\/\/agora.xtec.cat\/institutmartamata\/wp-json\/wp\/v2\/pages\/554\/revisions"}],"predecessor-version":[{"id":18885,"href":"https:\/\/agora.xtec.cat\/institutmartamata\/wp-json\/wp\/v2\/pages\/554\/revisions\/18885"}],"up":[{"embeddable":true,"href":"https:\/\/agora.xtec.cat\/institutmartamata\/wp-json\/wp\/v2\/pages\/195"}],"wp:attachment":[{"href":"https:\/\/agora.xtec.cat\/institutmartamata\/wp-json\/wp\/v2\/media?parent=554"}],"curies":[{"name":"wp","href":"https:\/\/api.w.org\/{rel}","templated":true}]}}