{"id":549,"date":"2016-10-21T21:48:47","date_gmt":"2016-10-21T19:48:47","guid":{"rendered":"http:\/\/agora.xtec.cat\/institutmartamata\/?page_id=549"},"modified":"2026-03-23T15:04:17","modified_gmt":"2026-03-23T14:04:17","slug":"c-pfi","status":"publish","type":"page","link":"https:\/\/agora.xtec.cat\/institutmartamata\/estudis\/c-pfi\/","title":{"rendered":"PFI"},"content":{"rendered":"<p>&nbsp;<\/p>\n<h3 style=\"text-align: center;\"><strong><span lang=\"CA\" style=\"margin: 0px; line-height: 107%; font-family: 'Arial',sans-serif; font-size: 12pt; font-weight: normal;\"><span style=\"color: #000000;\"><a href=\"https:\/\/agora.xtec.cat\/institutmartamata\/wp-content\/uploads\/usu281\/2020\/05\/logo-pfi.png\"><img loading=\"lazy\" decoding=\"async\" class=\"wp-image-10480 alignleft\" src=\"https:\/\/agora.xtec.cat\/institutmartamata\/wp-content\/uploads\/usu281\/2020\/05\/logo-pfi.png\" alt=\"\" width=\"259\" height=\"263\" \/><\/a><span style=\"color: #008000;\"><strong>AUXILIAR D&#8217;ACTIVITATS ESPORTIVES<\/strong><\/span><\/span><\/span><\/strong><\/h3>\n<p><span lang=\"CA\" style=\"margin: 0px; line-height: 107%; font-family: 'Arial',sans-serif; font-size: 12pt; font-weight: normal;\"><span style=\"color: #000000;\">M\u00f2dul de formaci\u00f3 professional adre\u00e7at a joves d&#8217;entre 16 i 21 anys que no tenen el graduat en ESO. I<\/span><\/span><span lang=\"CA\" style=\"margin: 0px; line-height: 107%; font-family: 'Arial',sans-serif; font-size: 12pt;\"><span style=\"color: #000000;\">nicia en les\u00a0 tasques corresponents a un primer nivell de qualificaci\u00f3 en la professi\u00f3 i inclou pr\u00e0ctiques en empreses<\/span><\/span>. Horari de mat\u00ed.<\/p>\n<h4><span style=\"text-decoration: underline;\"><a href=\"https:\/\/drive.google.com\/file\/d\/1gV5pknRY0HUfUygiUVN3BlJO5PLc8Wvp\/view?usp=sharing\" target=\"_blank\" rel=\"noopener\">Cartell\u00a0 PFI Auxiliar d&#8217;activitats esportives<\/a><\/span><\/h4>\n<h3 style=\"text-align: left;\"><span style=\"text-decoration: underline;\"><a href=\"https:\/\/drive.google.com\/file\/d\/1mnfYNS040kH0EhU4ipw2_QZ3xgF4rsAq\/view?usp=sharing\" target=\"_blank\" rel=\"noopener\">Tr\u00edptic informatiu PFI<\/a>\u00a0<\/span><\/h3>\n<h4 style=\"text-align: left;\"><span style=\"text-decoration: underline;\"><a href=\"https:\/\/drive.google.com\/file\/d\/1bi_ZQxc5vdKtelqvaiyw4NEvYCzExi-8\/view?usp=sharing\" target=\"_blank\" rel=\"noopener noreferrer\">Pla d&#8217;estudis PFI Auxiliar d&#8217;activitats esportives<\/a><\/span><\/h4>\n<p>&nbsp;<\/p>\n<p><strong>COM \u00c9S EL PFI D&#8217;ACTIVITATS ESPORTIVES AL MARTA MATA?<\/strong> Mira el video seg\u00fcent:<\/p>\n<p style=\"text-align: center;\"><iframe loading=\"lazy\" title=\"YouTube video player\" src=\"\/\/www.youtube.com\/embed\/vDntyIZgEqQ?si=Hal_bCP-j84xWwa9\" width=\"560\" height=\"315\" frameborder=\"0\" allowfullscreen=\"allowfullscreen\"><\/iframe><\/p>\n<p style=\"text-align: left;\"><strong><span style=\"color: #000000;\">QU\u00c8 \u00c9S UN PFI?<\/span><\/strong>\u00a0 Tota la informaci\u00f3 als links \u00a0<span style=\"text-decoration: underline;\">\u00a0<a href=\"https:\/\/drive.google.com\/file\/d\/1MEfAtW75DR_x1-4umCkABIYM_ZQHUah7\/view?usp=sharing\">Cartell_PFI <\/a><\/span>\u00a0\u00a0 i <span style=\"text-decoration: underline;\"><a href=\"https:\/\/drive.google.com\/file\/d\/1hzBMwv564bo6AM-r4hPgmQL9djpk7uRM\/view?usp=sharing\" target=\"_blank\" rel=\"noopener\">Presentacio-PFI<\/a><\/span><\/p>\n<p style=\"text-align: center;\"><iframe loading=\"lazy\" title=\"YouTube video player\" src=\"\/\/www.youtube.com\/embed\/UoTYt5EY-jQ\" width=\"560\" height=\"315\" frameborder=\"0\" allowfullscreen=\"allowfullscreen\"><\/iframe><\/p>\n<p>Si vols saber m\u00e9s sobre els\u00a0 diferents PFI que es poden estudiar consulta l&#8217;enlla\u00e7\u00a0 <strong><a href=\"http:\/\/queestudiar.gencat.cat\/ca\/estudis\/pfi\/\" target=\"_blank\" rel=\"noopener noreferrer\">Qu\u00e8 estudiar a Catalunya.<\/a><\/strong><\/p>\n<p>&nbsp;<\/p>\n<h3 style=\"text-align: center;\">\u00a0<strong>CONTACTE I CONSULTES<\/strong><\/h3>\n<h4 style=\"text-align: center;\">Centre de Formaci\u00f3 Permanent Atenea, Avinguda Pau Casals 14, Salou<\/h4>\n<h3 style=\"text-align: center;\">977352985 ext.3<\/h3>\n<h3 style=\"text-align: center;\"><strong><a href=\"mailto:pfipttsalou@institutmartamata.cat\" target=\"_blank\" rel=\"noopener\">pfipttsalou@institutmartamata.<wbr \/>cat<\/a><\/strong><\/h3>\n<div><\/div>\n<div><\/div>\n<div><\/div>\n<p style=\"text-align: center;\"><span style=\"text-decoration: underline;\"><strong><a href=\"https:\/\/agora.xtec.cat\/institutmartamata\/secretaria\/b-preinscripcio-i-matricula\/preinscripcio-i-matricula-pfi\/\" target=\"_blank\" rel=\"noopener noreferrer\">Cliqueu aqu\u00ed per accedir als tr\u00e0mits i a tota la informaci\u00f3 de la preinscripci\u00f3 per al curs 2026-2027<\/a><\/strong><\/span><\/p>\n<p>&nbsp;<\/p>\n","protected":false},"excerpt":{"rendered":"<p>&nbsp; AUXILIAR D&#8217;ACTIVITATS ESPORTIVES M\u00f2dul de formaci\u00f3 professional adre\u00e7at a joves d&#8217;entre 16 i 21 anys que no tenen el graduat en ESO. Inicia en les\u00a0 tasques corresponents a un primer nivell de qualificaci\u00f3 en la professi\u00f3 i inclou pr\u00e0ctiques en empreses. Horari de mat\u00ed. Cartell\u00a0 PFI Auxiliar d&#8217;activitats esportives Tr\u00edptic informatiu PFI\u00a0 Pla d&#8217;estudis [&hellip;]<\/p>\n","protected":false},"author":1,"featured_media":0,"parent":195,"menu_order":20,"comment_status":"closed","ping_status":"closed","template":"page-templates\/side-menu.php","meta":{"_bbp_topic_count":0,"_bbp_reply_count":0,"_bbp_total_topic_count":0,"_bbp_total_reply_count":0,"_bbp_voice_count":0,"_bbp_anonymous_reply_count":0,"_bbp_topic_count_hidden":0,"_bbp_reply_count_hidden":0,"_bbp_forum_subforum_count":0,"site-sidebar-layout":"default","site-content-layout":"","ast-site-content-layout":"","site-content-style":"default","site-sidebar-style":"default","ast-global-header-display":"","ast-banner-title-visibility":"","ast-main-header-display":"","ast-hfb-above-header-display":"","ast-hfb-below-header-display":"","ast-hfb-mobile-header-display":"","site-post-title":"","ast-breadcrumbs-content":"","ast-featured-img":"","footer-sml-layout":"","theme-transparent-header-meta":"","adv-header-id-meta":"","stick-header-meta":"","header-above-stick-meta":"","header-main-stick-meta":"","header-below-stick-meta":"","astra-migrate-meta-layouts":"default","ast-page-background-enabled":"default","ast-page-background-meta":{"desktop":{"background-color":"var(--ast-global-color-4)","background-image":"","background-repeat":"repeat","background-position":"center center","background-size":"auto","background-attachment":"scroll","background-type":"","background-media":"","overlay-type":"","overlay-color":"","overlay-opacity":"","overlay-gradient":""},"tablet":{"background-color":"","background-image":"","background-repeat":"repeat","background-position":"center center","background-size":"auto","background-attachment":"scroll","background-type":"","background-media":"","overlay-type":"","overlay-color":"","overlay-opacity":"","overlay-gradient":""},"mobile":{"background-color":"","background-image":"","background-repeat":"repeat","background-position":"center center","background-size":"auto","background-attachment":"scroll","background-type":"","background-media":"","overlay-type":"","overlay-color":"","overlay-opacity":"","overlay-gradient":""}},"ast-content-background-meta":{"desktop":{"background-color":"var(--ast-global-color-5)","background-image":"","background-repeat":"repeat","background-position":"center center","background-size":"auto","background-attachment":"scroll","background-type":"","background-media":"","overlay-type":"","overlay-color":"","overlay-opacity":"","overlay-gradient":""},"tablet":{"background-color":"var(--ast-global-color-5)","background-image":"","background-repeat":"repeat","background-position":"center center","background-size":"auto","background-attachment":"scroll","background-type":"","background-media":"","overlay-type":"","overlay-color":"","overlay-opacity":"","overlay-gradient":""},"mobile":{"background-color":"var(--ast-global-color-5)","background-image":"","background-repeat":"repeat","background-position":"center center","background-size":"auto","background-attachment":"scroll","background-type":"","background-media":"","overlay-type":"","overlay-color":"","overlay-opacity":"","overlay-gradient":""}},"footnotes":""},"class_list":["post-549","page","type-page","status-publish","hentry"],"post_mailing_queue_ids":[],"_links":{"self":[{"href":"https:\/\/agora.xtec.cat\/institutmartamata\/wp-json\/wp\/v2\/pages\/549","targetHints":{"allow":["GET"]}}],"collection":[{"href":"https:\/\/agora.xtec.cat\/institutmartamata\/wp-json\/wp\/v2\/pages"}],"about":[{"href":"https:\/\/agora.xtec.cat\/institutmartamata\/wp-json\/wp\/v2\/types\/page"}],"author":[{"embeddable":true,"href":"https:\/\/agora.xtec.cat\/institutmartamata\/wp-json\/wp\/v2\/users\/1"}],"replies":[{"embeddable":true,"href":"https:\/\/agora.xtec.cat\/institutmartamata\/wp-json\/wp\/v2\/comments?post=549"}],"version-history":[{"count":7,"href":"https:\/\/agora.xtec.cat\/institutmartamata\/wp-json\/wp\/v2\/pages\/549\/revisions"}],"predecessor-version":[{"id":19985,"href":"https:\/\/agora.xtec.cat\/institutmartamata\/wp-json\/wp\/v2\/pages\/549\/revisions\/19985"}],"up":[{"embeddable":true,"href":"https:\/\/agora.xtec.cat\/institutmartamata\/wp-json\/wp\/v2\/pages\/195"}],"wp:attachment":[{"href":"https:\/\/agora.xtec.cat\/institutmartamata\/wp-json\/wp\/v2\/media?parent=549"}],"curies":[{"name":"wp","href":"https:\/\/api.w.org\/{rel}","templated":true}]}}