{"id":52,"date":"2014-09-17T16:58:07","date_gmt":"2014-09-17T14:58:07","guid":{"rendered":"http:\/\/agora.xtec.cat\/institutmartamata\/\/?page_id=52"},"modified":"2025-10-19T12:15:33","modified_gmt":"2025-10-19T10:15:33","slug":"calendari-del-curs","status":"publish","type":"page","link":"https:\/\/agora.xtec.cat\/institutmartamata\/linstitut\/calendari-del-curs\/","title":{"rendered":"Calendari"},"content":{"rendered":"<p>Horari de classes de 8,30 a 15 hores, amb dos descansos a les 10\u201930 (25 min) i a les 12&#8217;50 (15 min).<\/p>\n<h4><u><span lang=\"CA\">CURS 2025\/2026:<\/span><\/u><\/h4>\n<p><b>Inici de curs: <\/b><span style=\"font-weight: 400;\">Dilluns 8 de setembre ESO i 12 de setembre BAT,CFGM i PFI.\u00a0\u00a0\u00a0<\/span><\/p>\n<p><b>Darrer dia del curs: <\/b><span style=\"font-weight: 400;\">Divendres 19 de juny.<\/span><\/p>\n<p><b>Per\u00edodes de Vacances:<\/b><\/p>\n<ul>\n<li style=\"font-weight: 400;\" aria-level=\"1\"><span style=\"font-weight: 400;\">Nadal : del 20 de desembre\u00a0 al 7 de gener, ambd\u00f3s inclosos.<\/span><\/li>\n<li style=\"font-weight: 400;\" aria-level=\"1\"><span style=\"font-weight: 400;\">Setmana Santa: del 28 de mar\u00e7 al 6 d\u2019abril, ambd\u00f3s inclosos.<\/span><\/li>\n<li style=\"font-weight: 400;\" aria-level=\"1\"><span style=\"font-weight: 400;\">Centre tancat per vacances a l\u2019estiu:\u00a0 de l\u20191 al 31 d\u2019agost de 2026, ambd\u00f3s inclosos.<\/span><\/li>\n<\/ul>\n<p><b>Festes Locals : <\/b><span style=\"font-weight: 400;\">30 d\u2019octubre i 6 de febrer.<\/span><\/p>\n<p><b>Festes de Lliure elecci\u00f3 :<\/b><span style=\"font-weight: 400;\"> 31 d\u2019octubre, 9 de febrer, 4 i 25 de maig.<\/span><\/p>\n<p><b>1r Trimestre:\u00a0 <\/b><span style=\"font-weight: 400;\">\u00a0\u00a0\u00a08 de setembre al 28 de novembre.<\/span><\/p>\n<p><b>2n Trimestre:\u00a0 \u00a0 1<\/b><span style=\"font-weight: 400;\"> de desembre al 6 de mar\u00e7.<\/span><\/p>\n<p><b>3r Trimestre : \u00a0 <\/b><span style=\"font-weight: 400;\">9 de mar\u00e7 al 19 de juny per a ESO<\/span><\/p>\n<p><span style=\"font-weight: 400;\">\u00a0\u00a0\u00a0\u00a0\u00a0\u00a0\u00a0\u00a0\u00a0\u00a0\u00a0\u00a0\u00a0\u00a0\u00a0\u00a0\u00a0\u00a0\u00a0\u00a0\u00a0\u00a0\u00a0\u00a0\u00a0\u00a09 de mar\u00e7 a l\u201911 de juny per a 1r Bat<\/span><\/p>\n<p><span style=\"font-weight: 400;\">\u00a0\u00a0\u00a0\u00a0\u00a0\u00a0\u00a0\u00a0\u00a0\u00a0\u00a0\u00a0\u00a0\u00a0\u00a0\u00a0\u00a0\u00a0\u00a0\u00a0\u00a0\u00a0\u00a0\u00a0\u00a0\u00a09 de mar\u00e7 al 4 de juny per a Cicles.<\/span><\/p>\n<p><span style=\"font-weight: 400;\">\u00a0 9 de\u00a0 mar\u00e7 fins 20 de maig per alumnes 2n Batxillerat<\/span><\/p>\n<p><b>Proves extraordin\u00e0ries:\u00a0 <\/b><span style=\"font-weight: 400;\">del 3 al 8 de juny (2n de BAT), del 15 al 18 de juny (1r de BAT), del 8 al 12 de juny CFGM.<\/span><\/p>\n<p><b>Dies d\u2019activitats al centre<\/b><span style=\"font-weight: 400;\">:<\/span><\/p>\n<ul>\n<li style=\"font-weight: 400;\" aria-level=\"1\"><span style=\"font-weight: 400;\">25 de novembre: Dia de la prevenci\u00f3 de la viol\u00e8ncia de g\u00e8nere.<\/span><\/li>\n<li style=\"font-weight: 400;\" aria-level=\"1\"><span style=\"font-weight: 400;\">19 de desembre: Activitats de Nadal.<\/span><\/li>\n<li style=\"font-weight: 400;\" aria-level=\"1\"><span style=\"font-weight: 400;\">20 de febrer: Dia de la llengua materna.<\/span><\/li>\n<li style=\"font-weight: 400;\" aria-level=\"1\"><span style=\"font-weight: 400;\">23 d\u2019abril: Jornada Cultural de Sant Jordi.<\/span><\/li>\n<li style=\"font-weight: 400;\" aria-level=\"1\"><span style=\"font-weight: 400;\">15 de maig: Graduaci\u00f3 2n de BAT.<\/span><\/li>\n<li style=\"font-weight: 400;\" aria-level=\"1\"><span style=\"font-weight: 400;\">16 de juny: Graduaci\u00f3 4t d\u2019ESO.<\/span><\/li>\n<li style=\"font-weight: 400;\" aria-level=\"1\"><span style=\"font-weight: 400;\">19 de juny: Fi de curs.<\/span><\/li>\n<\/ul>\n<p style=\"text-align: center;\">\n<p><a href=\"https:\/\/agora.xtec.cat\/institutmartamata\/wp-content\/uploads\/usu281\/2025\/10\/Calendari-25-26-jp.jpg\"><img loading=\"lazy\" decoding=\"async\" class=\"size-large wp-image-19232 aligncenter\" src=\"https:\/\/agora.xtec.cat\/institutmartamata\/wp-content\/uploads\/usu281\/2025\/10\/Calendari-25-26-jp-724x1024.jpg\" alt=\"\" width=\"724\" height=\"1024\" srcset=\"https:\/\/agora.xtec.cat\/institutmartamata\/wp-content\/uploads\/usu281\/2025\/10\/Calendari-25-26-jp-724x1024.jpg 724w, https:\/\/agora.xtec.cat\/institutmartamata\/wp-content\/uploads\/usu281\/2025\/10\/Calendari-25-26-jp-212x300.jpg 212w, https:\/\/agora.xtec.cat\/institutmartamata\/wp-content\/uploads\/usu281\/2025\/10\/Calendari-25-26-jp-768x1086.jpg 768w, https:\/\/agora.xtec.cat\/institutmartamata\/wp-content\/uploads\/usu281\/2025\/10\/Calendari-25-26-jp-1086x1536.jpg 1086w, https:\/\/agora.xtec.cat\/institutmartamata\/wp-content\/uploads\/usu281\/2025\/10\/Calendari-25-26-jp.jpg 1414w\" sizes=\"auto, (max-width: 724px) 100vw, 724px\" \/><\/a><\/p>\n","protected":false},"excerpt":{"rendered":"<p>Horari de classes de 8,30 a 15 hores, amb dos descansos a les 10\u201930 (25 min) i a les 12&#8217;50 (15 min). CURS 2025\/2026: Inici de curs: Dilluns 8 de setembre ESO i 12 de setembre BAT,CFGM i PFI.\u00a0\u00a0\u00a0 Darrer dia del curs: Divendres 19 de juny. Per\u00edodes de Vacances: Nadal : del 20 de [&hellip;]<\/p>\n","protected":false},"author":1,"featured_media":0,"parent":19,"menu_order":70,"comment_status":"closed","ping_status":"closed","template":"page-templates\/side-menu.php","meta":{"_bbp_topic_count":0,"_bbp_reply_count":0,"_bbp_total_topic_count":0,"_bbp_total_reply_count":0,"_bbp_voice_count":0,"_bbp_anonymous_reply_count":0,"_bbp_topic_count_hidden":0,"_bbp_reply_count_hidden":0,"_bbp_forum_subforum_count":0,"site-sidebar-layout":"default","site-content-layout":"","ast-site-content-layout":"","site-content-style":"default","site-sidebar-style":"default","ast-global-header-display":"","ast-banner-title-visibility":"","ast-main-header-display":"","ast-hfb-above-header-display":"","ast-hfb-below-header-display":"","ast-hfb-mobile-header-display":"","site-post-title":"","ast-breadcrumbs-content":"","ast-featured-img":"","footer-sml-layout":"","theme-transparent-header-meta":"","adv-header-id-meta":"","stick-header-meta":"","header-above-stick-meta":"","header-main-stick-meta":"","header-below-stick-meta":"","astra-migrate-meta-layouts":"default","ast-page-background-enabled":"default","ast-page-background-meta":{"desktop":{"background-color":"var(--ast-global-color-4)","background-image":"","background-repeat":"repeat","background-position":"center center","background-size":"auto","background-attachment":"scroll","background-type":"","background-media":"","overlay-type":"","overlay-color":"","overlay-opacity":"","overlay-gradient":""},"tablet":{"background-color":"","background-image":"","background-repeat":"repeat","background-position":"center center","background-size":"auto","background-attachment":"scroll","background-type":"","background-media":"","overlay-type":"","overlay-color":"","overlay-opacity":"","overlay-gradient":""},"mobile":{"background-color":"","background-image":"","background-repeat":"repeat","background-position":"center center","background-size":"auto","background-attachment":"scroll","background-type":"","background-media":"","overlay-type":"","overlay-color":"","overlay-opacity":"","overlay-gradient":""}},"ast-content-background-meta":{"desktop":{"background-color":"var(--ast-global-color-5)","background-image":"","background-repeat":"repeat","background-position":"center center","background-size":"auto","background-attachment":"scroll","background-type":"","background-media":"","overlay-type":"","overlay-color":"","overlay-opacity":"","overlay-gradient":""},"tablet":{"background-color":"var(--ast-global-color-5)","background-image":"","background-repeat":"repeat","background-position":"center center","background-size":"auto","background-attachment":"scroll","background-type":"","background-media":"","overlay-type":"","overlay-color":"","overlay-opacity":"","overlay-gradient":""},"mobile":{"background-color":"var(--ast-global-color-5)","background-image":"","background-repeat":"repeat","background-position":"center center","background-size":"auto","background-attachment":"scroll","background-type":"","background-media":"","overlay-type":"","overlay-color":"","overlay-opacity":"","overlay-gradient":""}},"footnotes":""},"class_list":["post-52","page","type-page","status-publish","hentry"],"post_mailing_queue_ids":[],"_links":{"self":[{"href":"https:\/\/agora.xtec.cat\/institutmartamata\/wp-json\/wp\/v2\/pages\/52","targetHints":{"allow":["GET"]}}],"collection":[{"href":"https:\/\/agora.xtec.cat\/institutmartamata\/wp-json\/wp\/v2\/pages"}],"about":[{"href":"https:\/\/agora.xtec.cat\/institutmartamata\/wp-json\/wp\/v2\/types\/page"}],"author":[{"embeddable":true,"href":"https:\/\/agora.xtec.cat\/institutmartamata\/wp-json\/wp\/v2\/users\/1"}],"replies":[{"embeddable":true,"href":"https:\/\/agora.xtec.cat\/institutmartamata\/wp-json\/wp\/v2\/comments?post=52"}],"version-history":[{"count":6,"href":"https:\/\/agora.xtec.cat\/institutmartamata\/wp-json\/wp\/v2\/pages\/52\/revisions"}],"predecessor-version":[{"id":19233,"href":"https:\/\/agora.xtec.cat\/institutmartamata\/wp-json\/wp\/v2\/pages\/52\/revisions\/19233"}],"up":[{"embeddable":true,"href":"https:\/\/agora.xtec.cat\/institutmartamata\/wp-json\/wp\/v2\/pages\/19"}],"wp:attachment":[{"href":"https:\/\/agora.xtec.cat\/institutmartamata\/wp-json\/wp\/v2\/media?parent=52"}],"curies":[{"name":"wp","href":"https:\/\/api.w.org\/{rel}","templated":true}]}}