{"id":517,"date":"2016-10-21T19:59:55","date_gmt":"2016-10-21T17:59:55","guid":{"rendered":"http:\/\/agora.xtec.cat\/institutmartamata\/?page_id=517"},"modified":"2026-04-09T22:22:18","modified_gmt":"2026-04-09T20:22:18","slug":"c-projecte-educatiu","status":"publish","type":"page","link":"https:\/\/agora.xtec.cat\/institutmartamata\/linstitut\/c-projecte-educatiu\/","title":{"rendered":"Projecte educatiu"},"content":{"rendered":"\n<h6 class=\"wp-block-heading\"><\/h6>\n\n\n\n<p>L&#8217;Institut Marta Mata t\u00e9 com a missi\u00f3 formar persones que adquireixin els coneixements i les habilitats necess\u00e0ries per desenvolupar el seu projecte de vida personal, professional i social a partir de les seves potencialitats.<\/p>\n\n\n\n<figure class=\"wp-block-image alignright\"><a href=\"https:\/\/agora.xtec.cat\/institutmartamata\/wp-content\/uploads\/usu281\/2024\/02\/PE3.jpg\"><img loading=\"lazy\" decoding=\"async\" width=\"496\" height=\"367\" src=\"https:\/\/agora.xtec.cat\/institutmartamata\/wp-content\/uploads\/usu281\/2024\/02\/PE3.jpg\" alt=\"\" class=\"wp-image-16260\" srcset=\"https:\/\/agora.xtec.cat\/institutmartamata\/wp-content\/uploads\/usu281\/2024\/02\/PE3.jpg 496w, https:\/\/agora.xtec.cat\/institutmartamata\/wp-content\/uploads\/usu281\/2024\/02\/PE3-300x222.jpg 300w\" sizes=\"auto, (max-width: 496px) 100vw, 496px\" \/><\/a><\/figure>\n\n\n\n<p><\/p>\n\n\n\n<p>Som conscients dels canvis que la societat experimenta dels quals el nostre institut no est\u00e0 al marge i volem un centre que ofereixi una educaci\u00f3 de qualitat adaptada a les necessitats actuals i que respecti els ritmes d&#8217;aprenentatge de cadasc\u00fa.<\/p>\n\n\n\n<p>La potenciaci\u00f3 de les lleng\u00fces estrangeres mitjan\u00e7ant la impartici\u00f3 d&#8217;una part d&#8217;algunes mat\u00e8ries en angl\u00e8s, l&#8217;estudi de l&#8217;alemany i el franc\u00e8s com a segona llengua estrangera, l&#8217;\u00fas de les noves tecnologies, el respecte al medi ambient (som escola verda) i l&#8217;atenci\u00f3 a la diversitat en s\u00f3n una mostra. Orientem i acompanyem el nostre alumnat, amb la implicaci\u00f3 de la comunitat educativa, en les diferents etapes educatives que ofereix el centre.<\/p>\n\n\n\n<p>Trobareu m\u00e9s informaci\u00f3 sobre el nostre projecte educatiu als seg\u00fcents documents:<\/p>\n\n\n\n<figure class=\"wp-block-table\"><table><tbody><tr><td><a href=\"https:\/\/drive.google.com\/file\/d\/1UgBTMFas78Wt8J8Z78kPZkokNtJKZSfP\/view?usp=sharing\" target=\"_blank\" rel=\"noopener noreferrer\">PEC\u00a0<\/a><\/td><td><strong>El Projecte Educatiu de Centre (PEC)<\/strong> \u00e9s el document b\u00e0sic de gesti\u00f3 on s\u2019estableixen les l\u00ednies d\u2019actuaci\u00f3 per a tots els membres de la comunitat educativa de l\u2019institut. Recull els trets d\u2019identitat del nostre centre alhora que constitueix un comprom\u00eds envers la societat que ens envolta.<\/td><\/tr><tr><td><a href=\"https:\/\/drive.google.com\/file\/d\/1zk2eS5eRu7lft24Q4HBRVPEq2fOKltre\/view?usp=share_link\" target=\"_blank\" rel=\"noopener\">PLC<\/a><\/td><td><strong>Projecte ling\u00fc\u00edstic de centre:<\/strong> concreta el tractament i \u00fas de les lleng\u00fces al centre.<\/td><\/tr><tr><td><a href=\"https:\/\/agora.xtec.cat\/institutmartamata\/wp-content\/uploads\/usu281\/2022\/01\/Pla-de-convivencia-Marta-Mata.pdf\">PCONV<\/a><\/td><td><strong>Pla de conviv\u00e8ncia:<\/strong> reflecteix les accions que el nostre centre desenvolupa per capacitar la comunitat escolar per a la conviv\u00e8ncia i la gesti\u00f3 positiva dels conflictes.<\/td><\/tr><tr><td><a href=\"https:\/\/agora.xtec.cat\/institutmartamata\/wp-content\/uploads\/usu281\/2021\/05\/Pla-datenci\u00f3-diversitat-2021.pdf\">PADIV<\/a><\/td><td><strong>Pla d&#8217;atenci\u00f3 a la diversitat:<\/strong> recull les mesures del centre per personalitzar l&#8217;aprenentatge i concreta procediments i recursos per adaptar l&#8217;ensenyament a les particularitas de l&#8217;alumnat.<\/td><\/tr><tr><td><a href=\"https:\/\/drive.google.com\/file\/d\/1GamC9mPsmmMLSBIrn-Ii1L0NpzevsT8Q\/view?usp=sharing\" target=\"_blank\" rel=\"noopener noreferrer\">NOFC<\/a><\/td><td><strong>Normes d&#8217;organitzaci\u00f3 i funcionament del centre:<\/strong> recull les regles que \u00a0guien la vida interna del centre.<\/td><\/tr><tr><td><a href=\"https:\/\/drive.google.com\/file\/d\/1HTZuhIhELHoqre1l9WPLSY4lGIBzkD3Z\/view?usp=sharing\" target=\"_blank\" rel=\"noopener\">POEAT ESO<\/a><\/td><td><strong>Pla d&#8217;orientaci\u00f3 educativa i tutorial a l&#8217;ESO:<\/strong> actuacions educatives que contribueixen al desenvolupament personal i social de l&#8217;alumnat i l&#8217;orientaci\u00f3 escolar, acad\u00e8mica i profesional.<\/td><\/tr><tr><td><a href=\"https:\/\/drive.google.com\/file\/d\/1bnqFP1ceBDSCjMlJdb1GJiydrVRO2n3N\/view?usp=sharing\" target=\"_blank\" rel=\"noopener\">POEAT BAT<\/a><\/td><td><strong>Pla d&#8217;orientaci\u00f3 educativa i tutorial al Batxillerat: <\/strong>actuacions educatives que contribueixen al desenvolupament personal i social de l&#8217;alumnat i l&#8217;orientaci\u00f3 escolar, acad\u00e8mica i profesional.<\/td><\/tr><tr><td><a href=\"https:\/\/agora.xtec.cat\/institutmartamata\/wp-content\/uploads\/usu281\/2020\/10\/PES-2019-2020_Marta_Mata-1.pdf\">PES\u00a0<\/a><\/td><td><strong>Pla d&#8217;educaci\u00f3 per a la sostenibilitat:<\/strong> recull els principis i les accions en mat\u00e8ria de medi ambient i sostenibilitat que realitza el centre.<\/td><\/tr><tr><td><a href=\"https:\/\/docs.google.com\/document\/d\/1bUo6BgssaftVCwLcaWZUvTcdpkC_LnJSUMyUWMiX9DE\/edit?usp=sharing\" target=\"_blank\" rel=\"noopener noreferrer\">PLA COM<\/a><\/td><td><strong>Pla de comunicaci\u00f3:<\/strong> recull l&#8217;organitzaci\u00f3 de les comunicacions al centre, la difusi\u00f3 de les seves activitats i l&#8217;estrat\u00e8gia per afavorir la internacionalitzaci\u00f3 de l&#8217;institut<strong>.<\/strong><\/td><\/tr><tr><td><a href=\"https:\/\/drive.google.com\/file\/d\/1hxLUyLpozDB7mvSXPsAD81dAX5HQBI69\/view?usp=sharing\" target=\"_blank\" rel=\"noopener noreferrer\">Carta<\/a><\/td><td><strong>Carta de comprom\u00eds educatiu<\/strong> del centre i les fam\u00edlies per treballar de manera conjunta en l&#8217;educaci\u00f3 dels infants i joves.<\/td><\/tr><tr><td><a href=\"https:\/\/sites.google.com\/xtec.cat\/edc-ins-marta-mata\/inici\" target=\"_blank\" rel=\"noopener\">EDC<\/a><\/td><td><strong>Estrat\u00e8gia Digital de centre:<\/strong> recull totes les accions per aconseguir la m\u00e0xima compet\u00e8ncia digital de l\u2019alumnat, del professorat i del centre educatiu.<\/td><\/tr><tr><td><a href=\"https:\/\/drive.google.com\/file\/d\/1DCfsHXFFNVp_ohk3QjWx0vi2RN9JssHX\/view?usp=sharing\" target=\"_blank\" rel=\"noopener\">POCAT<\/a><\/td><td><strong>Pla d&#8217;organitzaci\u00f3 de centre per a altes temperatures:<\/strong> recull les mesures d&#8217;organitzaci\u00f3 i actuacions a realitzar al centre en cas d&#8217;episodi d&#8217;alerta per calor.<\/td><\/tr><\/tbody><\/table><\/figure>\n","protected":false},"excerpt":{"rendered":"<p>L&#8217;Institut Marta Mata t\u00e9 com a missi\u00f3 formar persones que adquireixin els coneixements i les habilitats necess\u00e0ries per desenvolupar el seu projecte de vida personal, professional i social a partir de les seves potencialitats. Som conscients dels canvis que la societat experimenta dels quals el nostre institut no est\u00e0 al marge i volem un centre [&hellip;]<\/p>\n","protected":false},"author":1,"featured_media":0,"parent":19,"menu_order":0,"comment_status":"closed","ping_status":"closed","template":"","meta":{"_bbp_topic_count":0,"_bbp_reply_count":0,"_bbp_total_topic_count":0,"_bbp_total_reply_count":0,"_bbp_voice_count":0,"_bbp_anonymous_reply_count":0,"_bbp_topic_count_hidden":0,"_bbp_reply_count_hidden":0,"_bbp_forum_subforum_count":0,"site-sidebar-layout":"default","site-content-layout":"","ast-site-content-layout":"default","site-content-style":"default","site-sidebar-style":"default","ast-global-header-display":"","ast-banner-title-visibility":"","ast-main-header-display":"","ast-hfb-above-header-display":"","ast-hfb-below-header-display":"","ast-hfb-mobile-header-display":"","site-post-title":"","ast-breadcrumbs-content":"","ast-featured-img":"","footer-sml-layout":"","theme-transparent-header-meta":"default","adv-header-id-meta":"","stick-header-meta":"","header-above-stick-meta":"","header-main-stick-meta":"","header-below-stick-meta":"","astra-migrate-meta-layouts":"set","ast-page-background-enabled":"default","ast-page-background-meta":{"desktop":{"background-color":"var(--ast-global-color-4)","background-image":"","background-repeat":"repeat","background-position":"center center","background-size":"auto","background-attachment":"scroll","background-type":"","background-media":"","overlay-type":"","overlay-color":"","overlay-opacity":"","overlay-gradient":""},"tablet":{"background-color":"","background-image":"","background-repeat":"repeat","background-position":"center center","background-size":"auto","background-attachment":"scroll","background-type":"","background-media":"","overlay-type":"","overlay-color":"","overlay-opacity":"","overlay-gradient":""},"mobile":{"background-color":"","background-image":"","background-repeat":"repeat","background-position":"center center","background-size":"auto","background-attachment":"scroll","background-type":"","background-media":"","overlay-type":"","overlay-color":"","overlay-opacity":"","overlay-gradient":""}},"ast-content-background-meta":{"desktop":{"background-color":"var(--ast-global-color-5)","background-image":"","background-repeat":"repeat","background-position":"center center","background-size":"auto","background-attachment":"scroll","background-type":"","background-media":"","overlay-type":"","overlay-color":"","overlay-opacity":"","overlay-gradient":""},"tablet":{"background-color":"var(--ast-global-color-5)","background-image":"","background-repeat":"repeat","background-position":"center center","background-size":"auto","background-attachment":"scroll","background-type":"","background-media":"","overlay-type":"","overlay-color":"","overlay-opacity":"","overlay-gradient":""},"mobile":{"background-color":"var(--ast-global-color-5)","background-image":"","background-repeat":"repeat","background-position":"center center","background-size":"auto","background-attachment":"scroll","background-type":"","background-media":"","overlay-type":"","overlay-color":"","overlay-opacity":"","overlay-gradient":""}},"footnotes":""},"class_list":["post-517","page","type-page","status-publish","hentry"],"post_mailing_queue_ids":[],"_links":{"self":[{"href":"https:\/\/agora.xtec.cat\/institutmartamata\/wp-json\/wp\/v2\/pages\/517","targetHints":{"allow":["GET"]}}],"collection":[{"href":"https:\/\/agora.xtec.cat\/institutmartamata\/wp-json\/wp\/v2\/pages"}],"about":[{"href":"https:\/\/agora.xtec.cat\/institutmartamata\/wp-json\/wp\/v2\/types\/page"}],"author":[{"embeddable":true,"href":"https:\/\/agora.xtec.cat\/institutmartamata\/wp-json\/wp\/v2\/users\/1"}],"replies":[{"embeddable":true,"href":"https:\/\/agora.xtec.cat\/institutmartamata\/wp-json\/wp\/v2\/comments?post=517"}],"version-history":[{"count":5,"href":"https:\/\/agora.xtec.cat\/institutmartamata\/wp-json\/wp\/v2\/pages\/517\/revisions"}],"predecessor-version":[{"id":20205,"href":"https:\/\/agora.xtec.cat\/institutmartamata\/wp-json\/wp\/v2\/pages\/517\/revisions\/20205"}],"up":[{"embeddable":true,"href":"https:\/\/agora.xtec.cat\/institutmartamata\/wp-json\/wp\/v2\/pages\/19"}],"wp:attachment":[{"href":"https:\/\/agora.xtec.cat\/institutmartamata\/wp-json\/wp\/v2\/media?parent=517"}],"curies":[{"name":"wp","href":"https:\/\/api.w.org\/{rel}","templated":true}]}}