{"id":43,"date":"2014-09-17T16:45:07","date_gmt":"2014-09-17T14:45:07","guid":{"rendered":"http:\/\/agora.xtec.cat\/institutmartamata\/\/?page_id=43"},"modified":"2026-04-11T17:51:48","modified_gmt":"2026-04-11T15:51:48","slug":"consell-escolar","status":"publish","type":"page","link":"https:\/\/agora.xtec.cat\/institutmartamata\/linstitut\/consell-escolar\/","title":{"rendered":"Consell escolar"},"content":{"rendered":"\n<figure class=\"wp-block-image aligncenter\"><img loading=\"lazy\" decoding=\"async\" width=\"182\" height=\"125\" src=\"http:\/\/agora.xtec.cat\/institutmartamata\/wp-content\/uploads\/usu281\/2015\/03\/download_logo1.jpg\" alt=\"download_logo\" class=\"wp-image-370\"\/><\/figure>\n\n\n\n<p><a href=\"http:\/\/agora.xtec.cat\/institutmartamata\/wp-content\/uploads\/usu281\/2015\/03\/download_logo1.jpg\">, <\/a><\/p>\n\n\n\n<h3 class=\"wp-block-heading\"><strong>&nbsp;<\/strong><\/h3>\n\n\n\n<figure class=\"wp-block-table aligncenter is-style-stripes\"><table class=\"has-fixed-layout\"><tbody><tr><td>Presidenta<\/td><td>M\u00aa Carmen Moreno Ari\u00f1o<\/td><\/tr><tr><td>Cap d\u2019estudis<\/td><td>N\u00faria Grau Quiroga<\/td><\/tr><tr><td>Secretari<\/td><td>Jordi Ximeno Galeote<\/td><\/tr><tr><td>Representants del professorat<\/td><td>\u00a0<span style=\"font-size: revert; font-family: inherit; font-weight: inherit; background-color: initial;\">Silvia Infante Garrido<\/span><br><p>L\u00eddia Granel<\/p><br><p>Joel Santamar\u00eda Matas<\/p><br><p>Julio V\u00e1zquez Santamari\u00f1a<\/p><br><p>Bel\u00e9n Velasco Ataz<\/p><\/td><\/tr><tr><td>Representants de l\u2019alumnat<\/td><td>Brenda Chac\u00f3n Navarro<br><p>Rayan\u00a0 El Missi<\/p><\/td><\/tr><tr><td>Representants de pares i mares<\/td><td>Alba Carbonell Rodr\u00edguez<br><p>Roxana Russo<\/p><\/td><\/tr><tr><td>Representant de l\u2019AMPA<\/td><td>Maria Dolores Soria Gonzalez<\/td><\/tr><tr><td>Representant del PAS<\/td><td>Alejandro L\u00f3pez Moreno<\/td><\/tr><tr><td>Representant de l\u2019Ajuntament<\/td><td>Xavier Montal\u00e0 Arribas<\/td><\/tr><\/tbody><\/table><\/figure>\n\n\n\n<p><\/p>\n\n\n\n<h3 class=\"wp-block-heading\">ACORDS DEL CONSELL ESCOLAR<\/h3>\n\n\n\n<figure class=\"wp-block-table alignleft is-style-stripes\"><table class=\"has-fixed-layout\"><tbody><tr><td><strong>Curs<\/strong><br><p><strong>2025-2026<\/strong><\/p><\/td><td><a href=\"https:\/\/drive.google.com\/file\/d\/19kQCUp-vMnlZ6wsYbFhLXtxl2wjs_LKm\/view?usp=sharing\" target=\"_blank\" rel=\"noopener\">CE 2\/09\/25<\/a><\/td><td><a href=\"https:\/\/drive.google.com\/file\/d\/1zQh0DW98WNS3PJlexjXEvf9bo8mhmIiM\/view?usp=sharing\" target=\"_blank\" rel=\"noopener\">CE 1\/10\/25<\/a><\/td><td><a href=\"https:\/\/drive.google.com\/file\/d\/1fppB59nnxnJf-hixfcYgMlhEDT6wjJki\/view?usp=sharing\" target=\"_blank\" rel=\"noopener\">CE 29\/10\/25<\/a><\/td><td>&nbsp;<\/td><td>&nbsp;<\/td><td>&nbsp;<\/td><\/tr><tr><td><strong>Curs<\/strong><br><p><strong>2024-2025<\/strong><\/p><\/td><td><a href=\"https:\/\/drive.google.com\/file\/d\/1GalvHHEwS_bmGqGHRvHjbw5BWFmND6oX\/view?usp=sharing\" target=\"_blank\" rel=\"noopener\">CE 3\/9\/24<\/a><\/td><td><a href=\"https:\/\/drive.google.com\/file\/d\/1kH1QSLX0GpBULZlmpfIh33WsHSQql3hC\/view?usp=sharing\" target=\"_blank\" rel=\"noopener\">CE 2\/10\/24<\/a><\/td><td><a href=\"https:\/\/drive.google.com\/file\/d\/1QkwRtOOug9PaJMVsBeyHlwM9lhFA-ugE\/view?usp=sharing\" target=\"_blank\" rel=\"noopener\">CE 29\/1\/25<\/a><\/td><td><a href=\"https:\/\/drive.google.com\/file\/d\/1EMuo54HWT_VTua9eitb2w6drzZ8bgwnG\/view?usp=sharing\" target=\"_blank\" rel=\"noopener\">CE 28\/5\/25<\/a><\/td><td><a href=\"https:\/\/drive.google.com\/file\/d\/16H6S4U2yM5DVqcQYbZ5qznSFfm9jmWSl\/view?usp=sharing\" target=\"_blank\" rel=\"noopener\">CE 30\/6\/25<\/a><\/td><td>&nbsp;<\/td><\/tr><tr><td><strong>Curs<\/strong><br><p><strong>2023-2024<\/strong><\/p><\/td><td><a href=\"https:\/\/drive.google.com\/file\/d\/1rqZk6lGtDD2OMlVPGbf3PDu69KEU4T59\/view?usp=sharing\" target=\"_blank\" rel=\"noopener\">CE 4\/9\/23<\/a><\/td><td><a href=\"https:\/\/drive.google.com\/file\/d\/1uxWgzqUHM3AF2ImUHgoHlUzm3MdeENqU\/view?usp=sharing\" target=\"_blank\" rel=\"noopener\">CE 4\/10\/23<\/a><\/td><td><a href=\"https:\/\/drive.google.com\/file\/d\/1GjnfUQS_8LuQ9aguC6mAnlSoRC9Cgy9Y\/view?usp=sharing\" target=\"_blank\" rel=\"noopener\">CE 4\/12\/23<\/a><\/td><td><a href=\"https:\/\/drive.google.com\/file\/d\/1XzdRy18f0dX7THQZF49Vbrh0sXWTJlG0\/view?usp=sharing\" target=\"_blank\" rel=\"noopener\">CE 31\/1\/24<\/a><\/td><td><a href=\"https:\/\/drive.google.com\/file\/d\/13Fx1ouSiddDByxMkiPJnHkbX_6sYahcL\/view?usp=sharing\" target=\"_blank\" rel=\"noopener\">CE 29\/5\/24<\/a><\/td><td>&nbsp;<\/td><\/tr><tr><td><strong>Curs<\/strong><br><p><strong>2022-2023<\/strong><\/p><\/td><td><a href=\"https:\/\/drive.google.com\/file\/d\/1EI3M2KT_pmlAZs8YjY4v8Cy-aKzBRtut\/view?usp=sharing\" target=\"_blank\" rel=\"noopener\">CE 2\/9\/22<\/a><\/td><td><a href=\"https:\/\/drive.google.com\/file\/d\/1_-FvOLSg3QRGjw3Tu8Tw2DlobgiqOkEE\/view?usp=share_link\" target=\"_blank\" rel=\"noopener\">CE 30\/1\/23<\/a><\/td><td><a href=\"https:\/\/drive.google.com\/file\/d\/1W8PJbSf6V2KkYwSGHTr0gW_y2sWJ5GXQ\/view?usp=sharing\" target=\"_blank\" rel=\"noopener\">CE 29\/3\/23<\/a><\/td><td><a href=\"https:\/\/drive.google.com\/file\/d\/1JIM7LcnRKjIZtz2FRJhw_FOKkx46hUpU\/view?usp=sharing\" target=\"_blank\" rel=\"noopener\">CE 26\/4\/23<\/a><\/td><td><a href=\"https:\/\/drive.google.com\/file\/d\/1vi0QZ6jflZlTaxXME3ugEWhu067ENpr6\/view?usp=sharing\" target=\"_blank\" rel=\"noopener\">CE 31\/5\/23<\/a><\/td><td><a href=\"https:\/\/drive.google.com\/file\/d\/1CAP6HS70bUd8RD7whu5qu4LM01NgSv_b\/view?usp=sharing\" target=\"_blank\" rel=\"noopener\">CE 30\/6\/23<\/a><\/td><\/tr><tr><td><strong>Curs<\/strong><br><p><strong>2021-2022<\/strong><\/p><\/td><td><a href=\"https:\/\/drive.google.com\/file\/d\/1NaSi_xDW_10uvlssj6X-huJLKPpMFR9P\/view?usp=sharing\" target=\"_blank\" rel=\"noopener\">CE 29\/9\/21<\/a><\/td><td><a href=\"https:\/\/drive.google.com\/file\/d\/1qjVjQl9fBtKY8STsoK3AGiidlri4fzcJ\/view?usp=sharing\" target=\"_blank\" rel=\"noopener\">CE 1\/12\/21<\/a><\/td><td><a href=\"https:\/\/drive.google.com\/file\/d\/19ie0ekMm4gIOw_HVH8j7EbIjXq6Jdpr2\/view?usp=sharing\" target=\"_blank\" rel=\"noopener\">CE 26\/1\/22<\/a><\/td><td><a href=\"https:\/\/drive.google.com\/file\/d\/1oPDUrh9q76OeRIla4b9nNKoX5hIHTgfj\/view?usp=sharing\" target=\"_blank\" rel=\"noopener\">CE 30\/06\/22<\/a><\/td><td>&nbsp;<\/td><td>&nbsp;<\/td><\/tr><tr><td><strong>Curs<\/strong><br><p><strong>2020-2021<\/strong><\/p><\/td><td><a href=\"https:\/\/agora.xtec.cat\/institutmartamata\/wp-content\/uploads\/usu281\/2020\/10\/Certificat-acords-CE-02-09-2020-1.pdf\">CE 2\/9\/20<\/a><\/td><td><a href=\"https:\/\/agora.xtec.cat\/institutmartamata\/wp-content\/uploads\/usu281\/2020\/10\/Certificat-acords-CE-30-09-2020-1.pdf\">CE 30\/9\/20<\/a><\/td><td><a href=\"https:\/\/drive.google.com\/file\/d\/1zG3zjU6WtEdx7QTug8nYHTSGRn_tW7R0\/view?usp=sharing\" target=\"_blank\" rel=\"noopener noreferrer\">CE 4\/11\/20<\/a><\/td><td><a href=\"https:\/\/drive.google.com\/file\/d\/1LyVeLvSu8toVCFb0j18GPLvpAYS5517Z\/view?usp=sharing\" target=\"_blank\" rel=\"noopener noreferrer\">CE 9\/12\/20<\/a><\/td><td><a href=\"https:\/\/drive.google.com\/file\/d\/1Ld0xpu3-LbBdDOfRKi5clIBkHzHuPYwP\/view?usp=sharing\" target=\"_blank\" rel=\"noopener noreferrer\">CE 12\/5\/21<\/a><\/td><td><a href=\"https:\/\/drive.google.com\/file\/d\/1wTFjXrFMV6sr2gPSoqDqwIAgaWIdWPOv\/view?usp=sharing\" target=\"_blank\" rel=\"noopener noreferrer\">CE 30\/6\/21<\/a><\/td><\/tr><\/tbody><\/table><\/figure>\n\n\n\n<h3 class=\"wp-block-heading\"><span style=\"text-decoration: underline;\"><a href=\"https:\/\/educacio.gencat.cat\/ca\/arees-actuacio\/centres-serveis-educatius\/centres\/consells-escolars-centres\/centres-publics\/\" target=\"_blank\" rel=\"noopener\">Informaci\u00f3 sobre els Consells Escolars (funcions,normativa)<\/a><\/span><\/h3>\n\n\n\n<h3 class=\"wp-block-heading\"><a href=\"https:\/\/drive.google.com\/file\/d\/1CAVQ9VP2iVRv8oRX5VIZM3NyaChl5yPU\/view?usp=sharing\" target=\"_blank\" rel=\"noopener\"><span style=\"text-decoration: underline;\">Resum de les darreres eleccions al Consell Escolar<\/span><\/a><strong>&nbsp; &nbsp;<\/strong><\/h3>\n\n\n\n<h3 class=\"wp-block-heading\">&nbsp;<\/h3>\n","protected":false},"excerpt":{"rendered":"<p>, &nbsp; Presidenta M\u00aa Carmen Moreno Ari\u00f1o Cap d\u2019estudis N\u00faria Grau Quiroga Secretari Jordi Ximeno Galeote Representants del professorat \u00a0Silvia Infante Garrido L\u00eddia Granel Joel Santamar\u00eda Matas Julio V\u00e1zquez Santamari\u00f1a Bel\u00e9n Velasco Ataz Representants de l\u2019alumnat Brenda Chac\u00f3n Navarro Rayan\u00a0 El Missi Representants de pares i mares Alba Carbonell Rodr\u00edguez Roxana Russo Representant de l\u2019AMPA [&hellip;]<\/p>\n","protected":false},"author":1,"featured_media":0,"parent":19,"menu_order":40,"comment_status":"closed","ping_status":"closed","template":"","meta":{"_bbp_topic_count":0,"_bbp_reply_count":0,"_bbp_total_topic_count":0,"_bbp_total_reply_count":0,"_bbp_voice_count":0,"_bbp_anonymous_reply_count":0,"_bbp_topic_count_hidden":0,"_bbp_reply_count_hidden":0,"_bbp_forum_subforum_count":0,"site-sidebar-layout":"default","site-content-layout":"","ast-site-content-layout":"default","site-content-style":"default","site-sidebar-style":"default","ast-global-header-display":"","ast-banner-title-visibility":"","ast-main-header-display":"","ast-hfb-above-header-display":"","ast-hfb-below-header-display":"","ast-hfb-mobile-header-display":"","site-post-title":"","ast-breadcrumbs-content":"","ast-featured-img":"","footer-sml-layout":"","theme-transparent-header-meta":"default","adv-header-id-meta":"","stick-header-meta":"","header-above-stick-meta":"","header-main-stick-meta":"","header-below-stick-meta":"","astra-migrate-meta-layouts":"set","ast-page-background-enabled":"default","ast-page-background-meta":{"desktop":{"background-color":"var(--ast-global-color-4)","background-image":"","background-repeat":"repeat","background-position":"center center","background-size":"auto","background-attachment":"scroll","background-type":"","background-media":"","overlay-type":"","overlay-color":"","overlay-opacity":"","overlay-gradient":""},"tablet":{"background-color":"","background-image":"","background-repeat":"repeat","background-position":"center center","background-size":"auto","background-attachment":"scroll","background-type":"","background-media":"","overlay-type":"","overlay-color":"","overlay-opacity":"","overlay-gradient":""},"mobile":{"background-color":"","background-image":"","background-repeat":"repeat","background-position":"center center","background-size":"auto","background-attachment":"scroll","background-type":"","background-media":"","overlay-type":"","overlay-color":"","overlay-opacity":"","overlay-gradient":""}},"ast-content-background-meta":{"desktop":{"background-color":"var(--ast-global-color-5)","background-image":"","background-repeat":"repeat","background-position":"center center","background-size":"auto","background-attachment":"scroll","background-type":"","background-media":"","overlay-type":"","overlay-color":"","overlay-opacity":"","overlay-gradient":""},"tablet":{"background-color":"var(--ast-global-color-5)","background-image":"","background-repeat":"repeat","background-position":"center center","background-size":"auto","background-attachment":"scroll","background-type":"","background-media":"","overlay-type":"","overlay-color":"","overlay-opacity":"","overlay-gradient":""},"mobile":{"background-color":"var(--ast-global-color-5)","background-image":"","background-repeat":"repeat","background-position":"center center","background-size":"auto","background-attachment":"scroll","background-type":"","background-media":"","overlay-type":"","overlay-color":"","overlay-opacity":"","overlay-gradient":""}},"footnotes":""},"class_list":["post-43","page","type-page","status-publish","hentry"],"post_mailing_queue_ids":[],"_links":{"self":[{"href":"https:\/\/agora.xtec.cat\/institutmartamata\/wp-json\/wp\/v2\/pages\/43","targetHints":{"allow":["GET"]}}],"collection":[{"href":"https:\/\/agora.xtec.cat\/institutmartamata\/wp-json\/wp\/v2\/pages"}],"about":[{"href":"https:\/\/agora.xtec.cat\/institutmartamata\/wp-json\/wp\/v2\/types\/page"}],"author":[{"embeddable":true,"href":"https:\/\/agora.xtec.cat\/institutmartamata\/wp-json\/wp\/v2\/users\/1"}],"replies":[{"embeddable":true,"href":"https:\/\/agora.xtec.cat\/institutmartamata\/wp-json\/wp\/v2\/comments?post=43"}],"version-history":[{"count":7,"href":"https:\/\/agora.xtec.cat\/institutmartamata\/wp-json\/wp\/v2\/pages\/43\/revisions"}],"predecessor-version":[{"id":20235,"href":"https:\/\/agora.xtec.cat\/institutmartamata\/wp-json\/wp\/v2\/pages\/43\/revisions\/20235"}],"up":[{"embeddable":true,"href":"https:\/\/agora.xtec.cat\/institutmartamata\/wp-json\/wp\/v2\/pages\/19"}],"wp:attachment":[{"href":"https:\/\/agora.xtec.cat\/institutmartamata\/wp-json\/wp\/v2\/media?parent=43"}],"curies":[{"name":"wp","href":"https:\/\/api.w.org\/{rel}","templated":true}]}}