{"id":343,"date":"2015-03-12T18:24:36","date_gmt":"2015-03-12T17:24:36","guid":{"rendered":"http:\/\/agora.xtec.cat\/institutmartamata\/?page_id=343"},"modified":"2026-04-22T16:03:52","modified_gmt":"2026-04-22T14:03:52","slug":"batxillerat","status":"publish","type":"page","link":"https:\/\/agora.xtec.cat\/institutmartamata\/estudis\/batxillerat\/","title":{"rendered":"BATXILLERAT"},"content":{"rendered":"\n<p>El batxillerat forma part de l&#8217;educaci\u00f3 secund\u00e0ria postobligat\u00f2ria i es distribueix en dos cursos acad\u00e8mics. Es desenvolupa en diverses modalitats, s&#8217;organitza de manera flexible i, si cal, en vies diferents dins de cada modalitat, de manera que pot oferir una preparaci\u00f3 especialitzada als alumnes d&#8217;acord amb les seves perspectives i interessos de formaci\u00f3.<\/p>\n\n\n\n<h4 class=\"wp-block-heading\">&nbsp;Modalitats al nostre institut:<\/h4>\n\n\n\n<div class=\"wp-block-media-text has-media-on-the-right is-stacked-on-mobile\" style=\"grid-template-columns:auto 55%\"><div class=\"wp-block-media-text__content\">\n<ul class=\"wp-block-list\">\n<li>Ci\u00e8ncies i Tecnologia.<\/li>\n\n\n\n<li>Humanitats i Ci\u00e8ncies Socials<\/li>\n<\/ul>\n<\/div><figure class=\"wp-block-media-text__media\"><img loading=\"lazy\" decoding=\"async\" width=\"1024\" height=\"681\" src=\"https:\/\/agora.xtec.cat\/institutmartamata\/wp-content\/uploads\/usu281\/2023\/05\/Graduacio-A-1024x681.jpg\" alt=\"\" class=\"wp-image-15261 size-full\" srcset=\"https:\/\/agora.xtec.cat\/institutmartamata\/wp-content\/uploads\/usu281\/2023\/05\/Graduacio-A-1024x681.jpg 1024w, https:\/\/agora.xtec.cat\/institutmartamata\/wp-content\/uploads\/usu281\/2023\/05\/Graduacio-A-300x199.jpg 300w, https:\/\/agora.xtec.cat\/institutmartamata\/wp-content\/uploads\/usu281\/2023\/05\/Graduacio-A-768x511.jpg 768w, https:\/\/agora.xtec.cat\/institutmartamata\/wp-content\/uploads\/usu281\/2023\/05\/Graduacio-A-1536x1021.jpg 1536w, https:\/\/agora.xtec.cat\/institutmartamata\/wp-content\/uploads\/usu281\/2023\/05\/Graduacio-A-2048x1362.jpg 2048w\" sizes=\"auto, (max-width: 1024px) 100vw, 1024px\" \/><\/figure><\/div>\n\n\n\n<p><\/p>\n\n\n\n<p>Cliqueu els seg\u00fcents enlla\u00e7os per obtenir informaci\u00f3 sobre el nostre projecte educatiu de batxillerat:<\/p>\n\n\n\n<p><a href=\"https:\/\/docs.google.com\/presentation\/d\/1pXA0GUtbCSogHmXA-7Mo1KJHKUfODQB1C1_smre5V4I\/edit?usp=sharing\" target=\"_blank\" rel=\"noreferrer noopener\"><span style=\"text-decoration: underline;\">El Batxillerat\u00a0 26-28 al Marta Mata.<\/span><\/a> (Presentaci\u00f3 de l&#8217;oferta curricular del centre per al curs vinent)<\/p>\n\n\n\n<p>&nbsp;<a href=\"http:\/\/agora.xtec.cat\/institutmartamata\/secretaria\/convalidacions\/\" target=\"_blank\" rel=\"noopener noreferrer\">Informaci\u00f3 sobre convalidacions: aqu\u00ed.<\/a><\/p>\n\n\n\n<hr class=\"wp-block-separator has-alpha-channel-opacity\"\/>\n\n\n\n<h4 class=\"wp-block-heading\">&nbsp;DISTRIBUCI\u00d3 DE LES MAT\u00c8RIES CURS 25-26<\/h4>\n\n\n\n<p class=\"has-text-align-left\">Cliqueu damunt de les mat\u00e8ries per accedir a les seves guies i criteris d&#8217;avaluaci\u00f3.<\/p>\n\n\n\n<div class=\"wp-block-getwid-tabs has-layout-horizontal-center\" data-active-tab=\"0\"><ul class=\"wp-block-getwid-tabs__nav-links\"><\/ul>\n<div class=\"wp-block-getwid-tabs__nav-link\"><span class=\"wp-block-getwid-tabs__title-wrapper\"><a href=\"#\"><span class=\"wp-block-getwid-tabs__title\">1r BATXILLERAT<\/span><\/a><\/span><\/div><div class=\"wp-block-getwid-tabs__tab-content-wrapper\"><div class=\"wp-block-getwid-tabs__tab-content\">\n<div class=\"wp-block-getwid-table\"><table><thead><tr><th>Mat\u00e8ries comunes a 1r Batxillerat<\/th><th><\/th><\/tr><\/thead><tbody><tr><td><span style=\"text-decoration: underline;\"><a href=\"https:\/\/docs.google.com\/document\/d\/1gbbzXS3GYIwmbDb4ETUTnYlHmeS5_usEEqfnkAt8w5A\/edit?usp=drive_link\" target=\"_blank\" rel=\"noopener\">Llengua Catalana i Literatura<\/a><\/span><\/td><td>2h<\/td><\/tr><tr><td><span style=\"text-decoration: underline;\"><a href=\"https:\/\/docs.google.com\/document\/d\/1VPG_hLMogkW778lJHmh-vU9dbEdF9NiDEA6lO-FZM2c\/edit?usp=sharing\" target=\"_blank\" rel=\"noopener\">Llengua Castellana i Literatura<\/a><\/span><\/td><td>2h<\/td><\/tr><tr><td><span style=\"text-decoration: underline;\"><a href=\"https:\/\/drive.google.com\/file\/d\/1mLCu6rQXxm75Mwg0jSwRMvQ-klXFB4wX\/view?usp=sharing\" target=\"_blank\" rel=\"noopener\">Angl\u00e8s<\/a><\/span><\/td><td>3h<\/td><\/tr><tr><td><span style=\"text-decoration: underline;\"><a href=\"https:\/\/drive.google.com\/file\/d\/1WuzvBuN3cwZsNdf9svY0DYS3tQZOCuNF\/view?usp=sharing\" target=\"_blank\" rel=\"noopener\">Educaci\u00f3 f\u00edsica<\/a><\/span><\/td><td>2h<\/td><\/tr><tr><td><a href=\"https:\/\/drive.google.com\/file\/d\/1ah5MOlc5Rq08phrPFime2g7Flxw2UXXG\/view?usp=sharing\" target=\"_blank\" rel=\"noreferrer noopener\">Filosofia<\/a><\/td><td>2h<\/td><\/tr><tr><td>Tutoria<\/td><td>1h<\/td><\/tr><\/tbody><\/table><\/div>\n\n\n\n<div class=\"wp-block-getwid-table\"><table><thead><tr><th><strong>Mat\u00e8ria obligat\u00f2ria de modalitat:<\/strong><\/th><th><\/th><\/tr><\/thead><tbody><tr><td><a href=\"https:\/\/drive.google.com\/file\/d\/1sFHk0LDBjyRJ3kwq2NwvNUTM1MENKi_K\/view?usp=sharing\" target=\"_blank\" rel=\"noreferrer noopener\">Matem\u00e0tiques I<\/a><\/td><td rowspan=\"3\">3h<\/td><\/tr><tr><td><a href=\"https:\/\/drive.google.com\/file\/d\/1WnhlY7CNXHUOj6RPtabQeIvOzdu8Ih4O\/view?usp=sharing\" target=\"_blank\" rel=\"noreferrer noopener\">Matem\u00e0tiques CS I<\/a><\/td><\/tr><tr><td><a href=\"https:\/\/drive.google.com\/file\/d\/10U6zkA4vp1m4PZKn8rcBYIhT0gKwrzpC\/view?usp=sharing\" target=\"_blank\" rel=\"noreferrer noopener\">Llengua i Cultura Llatines l<\/a><\/td><\/tr><\/tbody><\/table><\/div>\n\n\n\n<div class=\"wp-block-getwid-table\"><table><thead><tr><th><strong>Mat\u00e8ria de modalitat 1<\/strong><\/th><th><\/th><\/tr><\/thead><tbody><tr><td><a href=\"https:\/\/drive.google.com\/file\/d\/1DWpib2B22G91ieRFtoInwDjd1MfO6zwo\/view?usp=sharing\" target=\"_blank\" rel=\"noreferrer noopener\">F\u00edsica I<\/a><\/td><td rowspan=\"4\">3h<\/td><\/tr><tr><td><a href=\"https:\/\/drive.google.com\/file\/d\/1ZJCPzfM8xpnQzFmWJOtmAVD_Yesk0oUw\/view?usp=sharing\" target=\"_blank\" rel=\"noreferrer noopener\">Geologia i CC Ambientals I<\/a><\/td><\/tr><tr><td><a href=\"https:\/\/drive.google.com\/file\/d\/1LfopBcYLEj2oemZ4g7cJG9EF5R-9nhf1\/view?usp=sharing\" target=\"_blank\" rel=\"noreferrer noopener\">Literatura Universal<\/a><\/td><\/tr><tr><td><a href=\"https:\/\/drive.google.com\/file\/d\/1Wf2nwtKC6x3aJjQBXmq8Pctyl1hDMSKX\/view?usp=drive_link\" target=\"_blank\" rel=\"noreferrer noopener\">Economia<\/a><\/td><\/tr><\/tbody><\/table><\/div>\n\n\n\n<div class=\"wp-block-getwid-table\"><table><thead><tr><th><strong>Mat\u00e8ria de modalitat 2<\/strong><\/th><th><\/th><\/tr><\/thead><tbody><tr><td><a href=\"https:\/\/drive.google.com\/file\/d\/1-ReaRdWqcovFcBbEHAS4jqffCMIqtrW5\/view?usp=sharing\" target=\"_blank\" rel=\"noreferrer noopener\">Biologia I<\/a><\/td><td><\/td><\/tr><tr><td><a href=\"https:\/\/drive.google.com\/file\/d\/1DR3Coj2N6uXGrI8AVOMmLUIbPooLNgvo\/view?usp=sharing\" target=\"_blank\" rel=\"noreferrer noopener\">Tecnologia i Enginyeria I<\/a><\/td><td>3h<\/td><\/tr><tr><td><a href=\"https:\/\/drive.google.com\/file\/d\/1wFMPa60BKOVPUbUXH76C9bj42rEncEVj\/view?usp=sharing\" target=\"_blank\" rel=\"noreferrer noopener\">Hist\u00f2ria del M\u00f3n<\/a><\/td><td><\/td><\/tr><\/tbody><\/table><\/div>\n\n\n\n<div class=\"wp-block-getwid-table\"><table><thead><tr><th><strong>Optativa anual (franja 1)<\/strong><\/th><th><\/th><\/tr><\/thead><tbody><tr><td><a href=\"https:\/\/drive.google.com\/file\/d\/12ITOa457nokcariQh3rOiJzCbxzMLK9W\/view?usp=sharing\" target=\"_blank\" rel=\"noreferrer noopener\">Qu\u00edmica I (modalitat)<\/a><\/td><td><\/td><\/tr><tr><td><a href=\"https:\/\/drive.google.com\/file\/d\/1Jjg9VxrZreHzBAEiflpOYIG_ihakRIic\/view?usp=sharing\" target=\"_blank\" rel=\"noreferrer noopener\">Dibuix T\u00e8cnic I (modalitat)<\/a><\/td><td><\/td><\/tr><tr><td><a href=\"https:\/\/drive.google.com\/file\/d\/1qF3bRsXRA6FjGbh3hG3EbjBQIFwRbwD4\/view?usp=drive_link\" target=\"_blank\" rel=\"noreferrer noopener\">Funcionament de l\u2019Empresa<\/a><\/td><td>3h<\/td><\/tr><tr><td><a href=\"https:\/\/drive.google.com\/file\/d\/1Zmm-OQsBGkmQDjwGZVEiGFOMXJJ8NlOG\/view?usp=sharing\" target=\"_blank\" rel=\"noreferrer noopener\">Alemany I<\/a><\/td><td><\/td><\/tr><tr><td><a href=\"https:\/\/drive.google.com\/file\/d\/1zG8UOMACdP1HnL-JdJIepS-WwA5C06Uy\/view?usp=sharing\" target=\"_blank\" rel=\"noreferrer noopener\">Franc\u00e8s I<\/a><\/td><td><\/td><\/tr><tr><td>M\u00f3n Cl\u00e0ssic<\/td><td><\/td><\/tr><tr><td><a href=\"https:\/\/drive.google.com\/file\/d\/1CL2NvKWqGFwJIikdN0ovoTUqr9BZ-bzZ\/view?usp=sharing\" target=\"_blank\" rel=\"noreferrer noopener\">Psicologia<\/a><\/td><td><\/td><\/tr><\/tbody><\/table><\/div>\n<\/div><\/div>\n\n\n\n<div class=\"wp-block-getwid-tabs__nav-link\"><span class=\"wp-block-getwid-tabs__title-wrapper\"><a href=\"#\"><span class=\"wp-block-getwid-tabs__title\">2nBATXILLERAT<\/span><\/a><\/span><\/div><div class=\"wp-block-getwid-tabs__tab-content-wrapper\"><div class=\"wp-block-getwid-tabs__tab-content\">\n<div class=\"wp-block-getwid-table alignwide\"><table><thead><tr><th>Mat\u00e8ries comunes a 2n Batxillerat<\/th><th><\/th><\/tr><\/thead><tbody><tr><td><a href=\"https:\/\/drive.google.com\/file\/d\/18Vz1tD441TXkTs-2v8YfK-JbepZe-UVg\/view?usp=sharing\" target=\"_blank\" rel=\"noreferrer noopener\">Llengua Catalana i Literatura<\/a><\/td><td>2h<\/td><\/tr><tr><td><a href=\"https:\/\/docs.google.com\/document\/d\/1jsSYQ6V8WLVg_bJUgIQZX-jacM_dU5nR4gfcuXsIEJo\/edit?usp=sharing\" target=\"_blank\" rel=\"noreferrer noopener\">Llengua Castellana i Literatura<\/a><\/td><td>2h<\/td><\/tr><tr><td><a href=\"https:\/\/drive.google.com\/file\/d\/1MaaNuZA2H3uLJC6icZuT_Qqmo3LcQ2Fa\/view?usp=sharing\" target=\"_blank\" rel=\"noreferrer noopener\">Angl\u00e8s<\/a><\/td><td>3h<\/td><\/tr><tr><td><a href=\"https:\/\/drive.google.com\/file\/d\/1kD7ecaE31vZrf6_G-XSqc-16XKn97bMl\/view?usp=sharing\" target=\"_blank\" rel=\"noreferrer noopener\">Hist\u00f2ria de la Filosofia<\/a><\/td><td>3h<\/td><\/tr><tr><td><a href=\"https:\/\/drive.google.com\/file\/d\/1SvrJYD2blmJKdoM12qek1GIW9EobCJDz\/view?usp=sharing\" target=\"_blank\" rel=\"noreferrer noopener\">Hist\u00f2ria<\/a><\/td><td>3h<\/td><\/tr><tr><td>Tutoria<\/td><td>1h<\/td><\/tr><tr><td><a href=\"https:\/\/drive.google.com\/file\/d\/16IdeQfEe9v1KAQX4f4GPC0OYI-6hd9R7\/view?usp=sharing\" target=\"_blank\" rel=\"noreferrer noopener\">Treball de recerca<\/a><\/td><td><\/td><\/tr><\/tbody><\/table><\/div>\n\n\n\n<div class=\"wp-block-getwid-table alignwide\"><table><thead><tr><th><strong>Mat\u00e8ria obligat\u00f2ria de modalitat:<\/strong><\/th><th><\/th><\/tr><\/thead><tbody><tr><td><a href=\"https:\/\/drive.google.com\/file\/d\/1wIhF-n4JMkisjp7LKJ8hCtMHBlYeyZ3-\/view?usp=sharing\" target=\"_blank\" rel=\"noreferrer noopener\">Matem\u00e0tiques II<\/a><\/td><td rowspan=\"3\">4h<\/td><\/tr><tr><td><a href=\"https:\/\/drive.google.com\/file\/d\/1eoQi1wot4vW9f4BGf9ZnJootYhqDChvf\/view?usp=sharing\" target=\"_blank\" rel=\"noreferrer noopener\">Matem\u00e0tiques CS II<\/a><\/td><\/tr><tr><td><a href=\"https:\/\/drive.google.com\/file\/d\/1L7jZX_Y3N5gcYVvQVTHGqGmbwPfImVO9\/view?usp=sharing\" target=\"_blank\" rel=\"noreferrer noopener\">Llengua i Cultura Llatines lI<\/a><\/td><\/tr><\/tbody><\/table><\/div>\n\n\n\n<div class=\"wp-block-getwid-table alignwide\"><table><thead><tr><th><strong>Mat\u00e8ria de modalitat 1<\/strong><\/th><th><\/th><\/tr><\/thead><tbody><tr><td><a href=\"https:\/\/drive.google.com\/file\/d\/1DWpib2B22G91ieRFtoInwDjd1MfO6zwo\/view?usp=sharing\" target=\"_blank\" rel=\"noreferrer noopener\"><a href=\"https:\/\/docs.google.com\/document\/d\/1N8i76jL39EoaHH_2JxcIWFFBX001PTvv\/edit?usp=sharing&amp;ouid=102203350718328543709&amp;rtpof=true&amp;sd=true\" target=\"_blank\" rel=\"noreferrer noopener\">F\u00edsica II<\/a><\/a><\/td><td rowspan=\"4\">4h<\/td><\/tr><tr><td><a href=\"https:\/\/drive.google.com\/file\/d\/1DWpib2B22G91ieRFtoInwDjd1MfO6zwo\/view?usp=sharing\" target=\"_blank\" rel=\"noreferrer noopener\"><\/a><a href=\"https:\/\/drive.google.com\/file\/d\/1nV3YNklUIP3zsB8Rs5h_VYEmwAPQt-lV\/view?usp=sharing\" target=\"_blank\" rel=\"noreferrer noopener\">Geografia<\/a><\/td><\/tr><tr><td><a href=\"https:\/\/drive.google.com\/file\/d\/1DWpib2B22G91ieRFtoInwDjd1MfO6zwo\/view?usp=sharing\" target=\"_blank\" rel=\"noreferrer noopener\"><\/a><a href=\"https:\/\/drive.google.com\/file\/d\/130TbKwWPg6Y9TieW5gPuxd8-PTwKCaRC\/view?usp=sharing\" target=\"_blank\" rel=\"noreferrer noopener\">Literatura Catalana<\/a><\/td><\/tr><tr><td><a href=\"https:\/\/drive.google.com\/file\/d\/1L8_62FDst7oOGeHq8_2eUvhJ6VntcH7P\/view?usp=sharing\" target=\"_blank\" rel=\"noreferrer noopener\">Geologia i CC Ambientals II<\/a><\/td><\/tr><\/tbody><\/table><\/div>\n\n\n\n<div class=\"wp-block-getwid-table alignwide\"><table><thead><tr><th><strong>Mat\u00e8ria de modalitat 2<\/strong><\/th><th><\/th><\/tr><\/thead><tbody><tr><td><a href=\"https:\/\/docs.google.com\/document\/d\/1N8vney-jj5QtDiYHYTCRGoXqnVMk7u4N\/edit?usp=sharing&amp;ouid=102203350718328543709&amp;rtpof=true&amp;sd=true\" target=\"_blank\" rel=\"noreferrer noopener\">Biologia II<\/a><\/td><td><\/td><\/tr><tr><td><a href=\"https:\/\/docs.google.com\/document\/d\/1iaXlZVIrPhrjrm6UAwUWpu2s9LXTNUN3mnqm9sYEW68\/edit?usp=sharing\" target=\"_blank\" rel=\"noreferrer noopener\">Literatura Castellana<\/a><\/td><td>4h<\/td><\/tr><tr><td><a href=\"https:\/\/drive.google.com\/file\/d\/1ssnaCH194eBAxtcbS4qGilOdwLQn4ncv\/view?usp=sharing\" target=\"_blank\" rel=\"noreferrer noopener\">Tecnologia i Enginyeria II<\/a><\/td><td><\/td><\/tr><tr><td><a href=\"https:\/\/drive.google.com\/file\/d\/1hePKob3C7sBIs7ezKig_rmBvHGVyrG36\/view?usp=drive_link\" target=\"_blank\" rel=\"noreferrer noopener\">Empresa i Negocis<\/a><\/td><td><\/td><\/tr><\/tbody><\/table><\/div>\n\n\n\n<div class=\"wp-block-getwid-table alignwide\"><table><thead><tr><th><strong><strong>Optatives trimestrals ODS\/ o optativa anual<\/strong><\/strong><\/th><th><\/th><\/tr><\/thead><tbody><tr><td><a href=\"https:\/\/drive.google.com\/file\/d\/1MeiV-XHDuGipGnlvunCXsAjN2-xwUwH6\/view?usp=sharing\" target=\"_blank\" rel=\"noreferrer noopener\">Qu\u00edmica II (modalitat )<\/a><\/td><td><\/td><\/tr><tr><td><a href=\"https:\/\/drive.google.com\/file\/d\/1D_5XSDh9aMgatP7iHAkrTZug7XOSylT-\/view?usp=sharing\" target=\"_blank\" rel=\"noreferrer noopener\">Dibuix t\u00e8cnic II (modalitat)<\/a><\/td><td><\/td><\/tr><tr><td><a href=\"https:\/\/drive.google.com\/file\/d\/1ZRM1_C34VFyb6hf88QcNbR1ZmOADdXXk\/view?usp=sharing\" target=\"_blank\" rel=\"noreferrer noopener\">Hist\u00f2ria de l\u2019Art (modalitat)<\/a><\/td><td>4h<\/td><\/tr><tr><td><a href=\"https:\/\/drive.google.com\/file\/d\/1ayE-3O9MrHuMlasxgNchB9QLTS_FVWLi\/view?usp=sharing\" target=\"_blank\" rel=\"noreferrer noopener\">ODS<\/a><\/td><td><\/td><\/tr><tr><td><a href=\"https:\/\/drive.google.com\/file\/d\/1E1Rs0uJFHadKc-M4KZBk53z-1dG2pIAD\/view?usp=sharing\" target=\"_blank\" rel=\"noreferrer noopener\">Alemany II<\/a><\/td><td><\/td><\/tr><\/tbody><\/table><\/div>\n<\/div><\/div>\n<\/div>\n","protected":false},"excerpt":{"rendered":"<p>El batxillerat forma part de l&#8217;educaci\u00f3 secund\u00e0ria postobligat\u00f2ria i es distribueix en dos cursos acad\u00e8mics. Es desenvolupa en diverses modalitats, s&#8217;organitza de manera flexible i, si cal, en vies diferents dins de cada modalitat, de manera que pot oferir una preparaci\u00f3 especialitzada als alumnes d&#8217;acord amb les seves perspectives i interessos de formaci\u00f3. &nbsp;Modalitats al [&hellip;]<\/p>\n","protected":false},"author":1,"featured_media":0,"parent":195,"menu_order":20,"comment_status":"closed","ping_status":"closed","template":"","meta":{"_bbp_topic_count":0,"_bbp_reply_count":0,"_bbp_total_topic_count":0,"_bbp_total_reply_count":0,"_bbp_voice_count":0,"_bbp_anonymous_reply_count":0,"_bbp_topic_count_hidden":0,"_bbp_reply_count_hidden":0,"_bbp_forum_subforum_count":0,"site-sidebar-layout":"default","site-content-layout":"","ast-site-content-layout":"default","site-content-style":"default","site-sidebar-style":"default","ast-global-header-display":"","ast-banner-title-visibility":"","ast-main-header-display":"","ast-hfb-above-header-display":"","ast-hfb-below-header-display":"","ast-hfb-mobile-header-display":"","site-post-title":"","ast-breadcrumbs-content":"","ast-featured-img":"","footer-sml-layout":"","theme-transparent-header-meta":"default","adv-header-id-meta":"","stick-header-meta":"","header-above-stick-meta":"","header-main-stick-meta":"","header-below-stick-meta":"","astra-migrate-meta-layouts":"set","ast-page-background-enabled":"default","ast-page-background-meta":{"desktop":{"background-color":"var(--ast-global-color-4)","background-image":"","background-repeat":"repeat","background-position":"center center","background-size":"auto","background-attachment":"scroll","background-type":"","background-media":"","overlay-type":"","overlay-color":"","overlay-opacity":"","overlay-gradient":""},"tablet":{"background-color":"","background-image":"","background-repeat":"repeat","background-position":"center center","background-size":"auto","background-attachment":"scroll","background-type":"","background-media":"","overlay-type":"","overlay-color":"","overlay-opacity":"","overlay-gradient":""},"mobile":{"background-color":"","background-image":"","background-repeat":"repeat","background-position":"center center","background-size":"auto","background-attachment":"scroll","background-type":"","background-media":"","overlay-type":"","overlay-color":"","overlay-opacity":"","overlay-gradient":""}},"ast-content-background-meta":{"desktop":{"background-color":"var(--ast-global-color-5)","background-image":"","background-repeat":"repeat","background-position":"center center","background-size":"auto","background-attachment":"scroll","background-type":"","background-media":"","overlay-type":"","overlay-color":"","overlay-opacity":"","overlay-gradient":""},"tablet":{"background-color":"var(--ast-global-color-5)","background-image":"","background-repeat":"repeat","background-position":"center center","background-size":"auto","background-attachment":"scroll","background-type":"","background-media":"","overlay-type":"","overlay-color":"","overlay-opacity":"","overlay-gradient":""},"mobile":{"background-color":"var(--ast-global-color-5)","background-image":"","background-repeat":"repeat","background-position":"center center","background-size":"auto","background-attachment":"scroll","background-type":"","background-media":"","overlay-type":"","overlay-color":"","overlay-opacity":"","overlay-gradient":""}},"footnotes":""},"class_list":["post-343","page","type-page","status-publish","hentry"],"post_mailing_queue_ids":[],"_links":{"self":[{"href":"https:\/\/agora.xtec.cat\/institutmartamata\/wp-json\/wp\/v2\/pages\/343","targetHints":{"allow":["GET"]}}],"collection":[{"href":"https:\/\/agora.xtec.cat\/institutmartamata\/wp-json\/wp\/v2\/pages"}],"about":[{"href":"https:\/\/agora.xtec.cat\/institutmartamata\/wp-json\/wp\/v2\/types\/page"}],"author":[{"embeddable":true,"href":"https:\/\/agora.xtec.cat\/institutmartamata\/wp-json\/wp\/v2\/users\/1"}],"replies":[{"embeddable":true,"href":"https:\/\/agora.xtec.cat\/institutmartamata\/wp-json\/wp\/v2\/comments?post=343"}],"version-history":[{"count":6,"href":"https:\/\/agora.xtec.cat\/institutmartamata\/wp-json\/wp\/v2\/pages\/343\/revisions"}],"predecessor-version":[{"id":20345,"href":"https:\/\/agora.xtec.cat\/institutmartamata\/wp-json\/wp\/v2\/pages\/343\/revisions\/20345"}],"up":[{"embeddable":true,"href":"https:\/\/agora.xtec.cat\/institutmartamata\/wp-json\/wp\/v2\/pages\/195"}],"wp:attachment":[{"href":"https:\/\/agora.xtec.cat\/institutmartamata\/wp-json\/wp\/v2\/media?parent=343"}],"curies":[{"name":"wp","href":"https:\/\/api.w.org\/{rel}","templated":true}]}}