{"id":341,"date":"2015-03-12T18:24:16","date_gmt":"2015-03-12T17:24:16","guid":{"rendered":"http:\/\/agora.xtec.cat\/institutmartamata\/?page_id=341"},"modified":"2026-04-11T20:57:14","modified_gmt":"2026-04-11T18:57:14","slug":"eso","status":"publish","type":"page","link":"https:\/\/agora.xtec.cat\/institutmartamata\/estudis\/eso\/","title":{"rendered":"ESO"},"content":{"rendered":"\n<h1 class=\"wp-block-heading has-text-align-center\">Distribuci\u00f3 de mat\u00e8ries<\/h1>\n\n\n\n<p class=\"has-text-align-center\">Cliqueu damunt del curs i la mat\u00e8ria per accedir a la seva guia i consultar els criteris d&#8217;avaluaci\u00f3\/qualificaci\u00f3.<\/p>\n\n\n\n<div class=\"wp-block-getwid-tabs\" data-active-tab=\"0\"><ul class=\"wp-block-getwid-tabs__nav-links\"><\/ul>\n<div class=\"wp-block-getwid-tabs__nav-link\"><span class=\"wp-block-getwid-tabs__title-wrapper\"><a href=\"#\"><span class=\"wp-block-getwid-tabs__title\">1r ESO<\/span><\/a><\/span><\/div><div class=\"wp-block-getwid-tabs__tab-content-wrapper\"><div class=\"wp-block-getwid-tabs__tab-content\">\n<h4 class=\"wp-block-heading\">MAT\u00c8RIES COMUNES DE 1r ESO<\/h4>\n\n\n\n<figure class=\"wp-block-table\"><table class=\"has-fixed-layout\"><tbody><tr><td><a href=\"https:\/\/docs.google.com\/document\/d\/1wR5EEzhtChC80hU7tU0O50F5tVhOEfgQV3egCiIg3tM\/edit?usp=sharing\" target=\"_blank\" rel=\"noreferrer noopener\">Catal\u00e0<\/a><\/td><td>3h<\/td><td><a href=\"https:\/\/drive.google.com\/file\/d\/1PMGixO0AhoOoi0oXi-wl0wlu-BUIJYPf\/view?usp=sharing\" target=\"_blank\" rel=\"noreferrer noopener\">Educaci\u00f3 f\u00edsica<\/a><\/td><td>2h<\/td><\/tr><tr><td><a href=\"https:\/\/docs.google.com\/document\/d\/1IfhfcgMFPVZmjCnNCOq2iHJNKHF-gBM9qwYEtIHCwDU\/edit?usp=sharing\" target=\"_blank\" rel=\"noreferrer noopener\">Castell\u00e0<\/a><\/td><td>3h<\/td><td><a href=\"https:\/\/drive.google.com\/file\/d\/1AIkuevL1DShtaGmH9XkC8HwLSTex6dwc\/view?usp=sharing\" target=\"_blank\" rel=\"noreferrer noopener\">M\u00fasica<\/a><\/td><td>2h<\/td><\/tr><tr><td><a href=\"https:\/\/drive.google.com\/file\/d\/12zykdFHizPxxDzv8f10VWJqrNxi0Xpl0\/view?usp=sharing\" target=\"_blank\" rel=\"noreferrer noopener\">Angl\u00e8s<\/a><\/td><td>3h<\/td><td><a href=\"https:\/\/drive.google.com\/file\/d\/1qViXEzipnqrdINSQVgY6IkGRdYjRJty_\/view?usp=sharing\" target=\"_blank\" rel=\"noreferrer noopener\">Visual i pl\u00e0stica<\/a><\/td><td>2h<\/td><\/tr><tr><td><a href=\"https:\/\/drive.google.com\/file\/d\/1q-vE9RuBgNVhp_PyN0qE0hiq0q9d_8pE\/view?usp=sharing\" target=\"_blank\" rel=\"noreferrer noopener\">Matem\u00e0tiques<\/a><\/td><td>3h<\/td><td><a href=\"https:\/\/drive.google.com\/file\/d\/1jryGjD6Bnzvypfl0xof60VIBX9dgwQ-L\/view?usp=sharing\" target=\"_blank\" rel=\"noreferrer noopener\">Projectes + tecnologia<\/a><\/td><td>4h<\/td><\/tr><tr><td><a href=\"https:\/\/docs.google.com\/document\/d\/1lcAf2XPgjU8dfN7QR6dnn2j9fXdiDE08oBbUWMDKecE\/edit?usp=drive_link\" target=\"_blank\" rel=\"noreferrer noopener\">Ci\u00e8ncies Socials<\/a><\/td><td>2h<\/td><td>Optativa<\/td><td>2h<\/td><\/tr><tr><td><a href=\"https:\/\/drive.google.com\/file\/d\/1qUxHZq8fZikCqi9UbDgrUt7pkx7820yh\/view?usp=sharing\" target=\"_blank\" rel=\"noreferrer noopener\">Biologia i geologia<\/a><\/td><td>2h<\/td><td><a href=\"https:\/\/drive.google.com\/file\/d\/1T6g1Fb6SF1KaLy9Yg8xbVZhGjmzd5TT6\/view?usp=drive_link\" target=\"_blank\" rel=\"noreferrer noopener\">Religi\u00f3<\/a> \/ Alternativa (Coral)<\/td><td>1h<\/td><\/tr><tr><td>Tutoria<\/td><td>1h<\/td><td><\/td><td><\/td><\/tr><\/tbody><\/table><\/figure>\n\n\n\n<h4 class=\"wp-block-heading\">OPTATIVES 1r d&#8217;ESO:<\/h4>\n\n\n\n<p>L&#8217;alumnat de 1r curs pot cursar una mat\u00e8ria optativa anual (<em><a href=\"https:\/\/drive.google.com\/file\/d\/1FZvnluYf8wQr5oOMUZTelDrq8GsY-k8c\/view?usp=sharing\" target=\"_blank\" rel=\"noreferrer noopener\">Alemany I<\/a> o <a href=\"https:\/\/drive.google.com\/file\/d\/19cT9I8juNxBB-N9MiAvlMl40I6Siohk_\/view?usp=sharing\" target=\"_blank\" rel=\"noreferrer noopener\">Franc\u00e8s I<\/a><\/em>) o b\u00e9 dues mat\u00e8ries quatrimestrals (<em><a href=\"https:\/\/drive.google.com\/file\/d\/1Is-lpmfXgJ-TC0ReNrSiZEDlAE7Bh0Gf\/view?usp=sharing\" target=\"_blank\" rel=\"noreferrer noopener\">T\u00e8cniques d&#8217;estudi<\/a> i <a href=\"https:\/\/docs.google.com\/document\/d\/1iDFVoJT1Z2VurYG8ng2Q6py4vnOwAlvX\/edit?usp=drive_link&amp;ouid=102203350718328543709&amp;rtpof=true&amp;sd=true\" target=\"_blank\" rel=\"noreferrer noopener\">activitats medioambientals<\/a>)\u00a0<\/em><\/p>\n<\/div><\/div>\n\n\n\n<div class=\"wp-block-getwid-tabs__nav-link\"><span class=\"wp-block-getwid-tabs__title-wrapper\"><a href=\"#\"><span class=\"wp-block-getwid-tabs__title\">2n ESO<\/span><\/a><\/span><\/div><div class=\"wp-block-getwid-tabs__tab-content-wrapper\"><div class=\"wp-block-getwid-tabs__tab-content\">\n<h4 class=\"wp-block-heading\">MAT\u00c8RIES COMUNES DE  2n ESO<\/h4>\n\n\n\n<figure class=\"wp-block-table\"><table class=\"has-fixed-layout\"><tbody><tr><td><a href=\"https:\/\/docs.google.com\/document\/d\/1mKeuatk7_VJM0HIQHv_3_PjAmzpikn6l6ilUJgMwYg0\/edit?usp=sharing\" target=\"_blank\" rel=\"noreferrer noopener\">Catal\u00e0<\/a><\/td><td>3h<\/td><td><a href=\"https:\/\/drive.google.com\/file\/d\/1wKsowOh1tSxRZBTRx2AzeM19iW-GfrDV\/view?usp=sharing\" target=\"_blank\" rel=\"noreferrer noopener\">Tecnologia<\/a><\/td><td>2h<\/td><\/tr><tr><td><a href=\"https:\/\/docs.google.com\/document\/d\/1xnYGihHFucGke57bEsJCT6c_Ezrg3H7_Cle0Me33GGk\/edit?usp=sharing\" target=\"_blank\" rel=\"noreferrer noopener\">Castell\u00e0<\/a><\/td><td>3h<\/td><td><a href=\"https:\/\/drive.google.com\/file\/d\/1Uex9V3_qj3VHU3mjGosHYs_q4wIJAG8W\/view?usp=drive_link\" target=\"_blank\" rel=\"noreferrer noopener\">Educaci\u00f3 f\u00edsica<\/a><\/td><td>2h<\/td><\/tr><tr><td><a href=\"https:\/\/drive.google.com\/file\/d\/1R5j5Ok3OsKfz24rgLAdKVdUhcmNMnK42\/view?usp=sharing\" target=\"_blank\" rel=\"noreferrer noopener\">Angl\u00e8s<\/a><\/td><td>3h<\/td><td><a href=\"https:\/\/drive.google.com\/file\/d\/1Uq6vS23i4QRDP-eKmYPmZTKbCu9CumNY\/view?usp=sharing\" target=\"_blank\" rel=\"noreferrer noopener\">Educaci\u00f3\u00a0 visual i pl\u00e0stica<\/a><\/td><td>2h<\/td><\/tr><tr><td><a href=\"https:\/\/drive.google.com\/file\/d\/1hfVjwOAcqlDSX_A4yk1K6UXdJjwDcDJi\/view?usp=sharing\" target=\"_blank\" rel=\"noreferrer noopener\">Matem\u00e0tiques<\/a><\/td><td>3h<\/td><td><a href=\"https:\/\/drive.google.com\/file\/d\/1nKNB-Z0BSG5w9KHBICML3iPc6ra4bLwD\/view?usp=sharing\" target=\"_blank\" rel=\"noreferrer noopener\">Projectes<\/a><\/td><td>3h<\/td><\/tr><tr><td><a href=\"https:\/\/docs.google.com\/document\/d\/13xdWjO7xtnugdtnOkcf06WVr1n4kRcYBxoxqTzVDfPI\/edit?usp=drive_link\" target=\"_blank\" rel=\"noreferrer noopener\">Ciencies Socials<\/a><\/td><td>3h<\/td><td><a href=\"https:\/\/drive.google.com\/file\/d\/1WTRAKQ7mlCgJOpd3y0jE7d89yTjWzGX8\/view?usp=drive_link\" target=\"_blank\" rel=\"noreferrer noopener\">Religi\u00f3<\/a>\/ Alternativa (lectura)<\/td><td>1h<\/td><\/tr><tr><td><a href=\"https:\/\/drive.google.com\/file\/d\/1qNz8ttf1S_3PIuc0hP6FAJkssMbibp97\/view?usp=sharing\" target=\"_blank\" rel=\"noreferrer noopener\">F\u00edsica i qu\u00edmica<\/a><\/td><td>2h<\/td><td>Optativa<\/td><td>2h<\/td><\/tr><tr><td>Tutoria<\/td><td>1h<\/td><td><\/td><td><\/td><\/tr><\/tbody><\/table><\/figure>\n\n\n\n<h4 class=\"wp-block-heading\">OPTATIVES 2n d&#8217;ESO:<\/h4>\n\n\n\n<p>L&#8217;alumnat de 2n curs pot cursar dues mat\u00e8ries quadrimestrals, <a href=\"https:\/\/drive.google.com\/file\/d\/1-y0HD-BD8L1Q2xzQFWnziOLikv16KFan\/view?usp=sharing\" target=\"_blank\" rel=\"noreferrer noopener\"><em>Emocions<\/em><\/a>, <em><a href=\"https:\/\/drive.google.com\/file\/d\/1jWmXA71KKHixO9JEHuFODWPsNQwp8q2l\/view?usp=sharing\" target=\"_blank\" rel=\"noreferrer noopener\">M\u00fasica<\/a> \u00a0<\/em>o b\u00e9 una anual, <em><a href=\"https:\/\/drive.google.com\/file\/d\/1i64b_sOBlVJ5-o8nkrC7KwDr6CTePa5e\/view?usp=sharing\" target=\"_blank\" rel=\"noreferrer noopener\">Cultura cl\u00e0ssica<\/a>, <\/em><a href=\"https:\/\/drive.google.com\/file\/d\/14_DksZelIenCm-53XoulAqeCsEN5ottI\/view?usp=sharing\" target=\"_blank\" rel=\"noreferrer noopener\">Alemany II<\/a> o <a href=\"https:\/\/drive.google.com\/file\/d\/13SBpWJWGDbbiiFA0J-5sL0jrnSHZsG5N\/view?usp=sharing\" target=\"_blank\" rel=\"noreferrer noopener\">Franc\u00e8s II<\/a>.<\/p>\n<\/div><\/div>\n\n\n\n<div class=\"wp-block-getwid-tabs__nav-link\"><span class=\"wp-block-getwid-tabs__title-wrapper\"><a href=\"#\"><span class=\"wp-block-getwid-tabs__title\">3r ESO<\/span><\/a><\/span><\/div><div class=\"wp-block-getwid-tabs__tab-content-wrapper\"><div class=\"wp-block-getwid-tabs__tab-content\">\n<h4 class=\"wp-block-heading\">MAT\u00c8RIES COMUNES DE  3r ESO<\/h4>\n\n\n\n<figure class=\"wp-block-table\"><table class=\"has-fixed-layout\"><tbody><tr><td><a href=\"https:\/\/docs.google.com\/document\/d\/1a4em5eqqJN3_4hIceMSwSHgOsBDfj1cCh9zHZzgZ2cw\/edit?usp=sharing\" target=\"_blank\" rel=\"noreferrer noopener\">Catal\u00e0<\/a><\/td><td>3h<\/td><td><a href=\"https:\/\/drive.google.com\/file\/d\/1IY9-pKBKzkfF-EjaRHIpPoBTQ92D8jyv\/view?usp=sharing\" target=\"_blank\" rel=\"noreferrer noopener\">Educaci\u00f3 f\u00edsica<\/a><\/td><td>2h<\/td><\/tr><tr><td><a href=\"https:\/\/docs.google.com\/document\/d\/1SLYAITKsJ9axnt9l0NBCeqzk3I2crEl91129109o-V0\/edit?usp=sharing\" target=\"_blank\" rel=\"noreferrer noopener\">Castell\u00e0<\/a><\/td><td>3h<\/td><td><a href=\"https:\/\/drive.google.com\/file\/d\/1WRyMuDpJ8Xsu-OLp8gTj11E_wKuHfjr_\/view?usp=sharing\" target=\"_blank\" rel=\"noreferrer noopener\">M\u00fasica<\/a><\/td><td>2h<\/td><\/tr><tr><td><a href=\"https:\/\/drive.google.com\/file\/d\/1X_PIYqeOEuGVj1tUX-9BoUp6BE5BgZJr\/view?usp=sharing\" target=\"_blank\" rel=\"noreferrer noopener\">Angl\u00e8s<\/a><\/td><td>2h<\/td><td><a href=\"https:\/\/drive.google.com\/file\/d\/144_VpvPCy4sl08pxjBr3zt8Lxjb5sSoj\/view?usp=sharing\" target=\"_blank\" rel=\"noreferrer noopener\">Tecnologia<\/a><\/td><td>2h<\/td><\/tr><tr><td><a href=\"https:\/\/drive.google.com\/file\/d\/1Phpt1kJEYOAYU6b7V7IhytJZJHDy9UJd\/view?usp=sharing\" target=\"_blank\" rel=\"noreferrer noopener\">Matem\u00e0tiques<\/a><\/td><td>3h<\/td><td>Projectes<\/td><td>2h<\/td><\/tr><tr><td><a href=\"https:\/\/docs.google.com\/document\/d\/1EFICkmJHcZS7lMhd6oQEpVNNPz4-n-h5ynSVnsLSuPo\/edit?usp=drive_link\" target=\"_blank\" rel=\"noreferrer noopener\">Ci\u00e8ncies Socials<\/a><\/td><td>3h<\/td><td>Optativa<\/td><td>1h<\/td><\/tr><tr><td><a href=\"https:\/\/drive.google.com\/file\/d\/15CqNiEdG8aLU-uc0bg025IinUPaDbqxG\/view?usp=sharing\" target=\"_blank\" rel=\"noreferrer noopener\">Biologia i geologia<\/a><\/td><td>2h<\/td><td>Religi\u00f3\/Alternativa (lectura)<\/td><td>1h<\/td><\/tr><tr><td><a href=\"https:\/\/drive.google.com\/file\/d\/1kRByDuuwZoVU5yKleFjMxVe4FTVCAQFI\/view?usp=sharing\" target=\"_blank\" rel=\"noreferrer noopener\">F\u00edsica i qu\u00edmica<\/a><\/td><td>2h<\/td><td>Tutoria<\/td><td><\/td><\/tr><\/tbody><\/table><\/figure>\n\n\n\n<h4 class=\"wp-block-heading\">OPTATIVES 3r d&#8217;ESO:<\/h4>\n\n\n\n<p>L&#8217;alumnat de 3r pot cursar una optativa anual entre les seg\u00fcents:<em>\u00a0<a href=\"https:\/\/drive.google.com\/file\/d\/1hftKVaYrCZdljk3h6rkkSZquZBM6J73a\/view?usp=sharing\" target=\"_blank\" rel=\"noreferrer noopener\">Alemany III,<\/a>\u00a0<a href=\"https:\/\/drive.google.com\/file\/d\/1JWr24KWi5maVwY21fBV8AiipCR0eIC1d\/view?usp=sharing\" target=\"_blank\" rel=\"noreferrer noopener\">Franc\u00e8s III, <\/a><a href=\"https:\/\/drive.google.com\/file\/d\/1CgQS0jMbcBtRWR2v_6SWQYDHtwybuKT9\/view?usp=sharing\" target=\"_blank\" rel=\"noreferrer noopener\">Emprenedoria<\/a>, <a href=\"https:\/\/drive.google.com\/file\/d\/1IdDq-aykR72Yqm51pk3gkW78fYM1OoIv\/view?usp=drive_link\" target=\"_blank\" rel=\"noreferrer noopener\">Rob\u00f2tica <\/a>i <a href=\"https:\/\/drive.google.com\/file\/d\/1MsGCZjsgAbwleHU5LDLGqyTq2MrNGxC4\/view?usp=sharing\" target=\"_blank\" rel=\"noreferrer noopener\">Salut i esport<\/a>,<\/em><\/p>\n<\/div><\/div>\n\n\n\n<div class=\"wp-block-getwid-tabs__nav-link\"><span class=\"wp-block-getwid-tabs__title-wrapper\"><a href=\"#\"><span class=\"wp-block-getwid-tabs__title\">4t ESO<\/span><\/a><\/span><\/div><div class=\"wp-block-getwid-tabs__tab-content-wrapper\"><div class=\"wp-block-getwid-tabs__tab-content\">\n<h4 class=\"wp-block-heading\">MAT\u00c8RIES COMUNES DE  4t ESO<\/h4>\n\n\n\n<figure class=\"wp-block-table\"><table class=\"has-fixed-layout\"><tbody><tr><td><a href=\"https:\/\/docs.google.com\/document\/d\/1vaeHH3mcf2F87kxMgR8o5s9M-gmVhxc_68KBsBfb02w\/edit?usp=sharing\" target=\"_blank\" rel=\"noreferrer noopener\">Catal\u00e0<\/a><\/td><td>3h<\/td><td>Projecte<\/td><td>1h<\/td><\/tr><tr><td><a href=\"https:\/\/docs.google.com\/document\/d\/1VToZKi-XXTqclbEoXoZD3dylqE6tHPzn8q3M5mnfgaM\/edit?usp=sharing\" target=\"_blank\" rel=\"noreferrer noopener\">Castell\u00e0<\/a><\/td><td>3h<\/td><td>Optativa 1<\/td><td>3h<\/td><\/tr><tr><td><a href=\"https:\/\/drive.google.com\/file\/d\/1hiJBa0ZWrOcrkD9R1W06DvEa2bRhZwZQ\/view?usp=sharing\" target=\"_blank\" rel=\"noreferrer noopener\">Angl\u00e8s<\/a><\/td><td>3h<\/td><td>Optativa\u00a0 2<\/td><td>3h<\/td><\/tr><tr><td><a href=\"https:\/\/drive.google.com\/file\/d\/1cKtDwUoxG385t8U1aKF9YFj9jBdC0BaB\/view?usp=sharing\" target=\"_blank\" rel=\"noreferrer noopener\">Matem\u00e0tiques<\/a><\/td><td>4h<\/td><td>Optativa 3<\/td><td>3h<\/td><\/tr><tr><td><a href=\"https:\/\/drive.google.com\/file\/d\/164A2TtHUBekaPkyX7UNExTiel0s1wO9e\/view?usp=sharing\" target=\"_blank\" rel=\"noreferrer noopener\">Ci\u00e8ncies Socials<\/a><\/td><td>2h<\/td><td>Religi\u00f3\/Alternativa (lectura)<\/td><td>1h<\/td><\/tr><tr><td><a href=\"https:\/\/drive.google.com\/file\/d\/12TUFQaDbQc8jTt4TwDlXWlMfSbc8gaJz\/view?usp=sharing\" target=\"_blank\" rel=\"noreferrer noopener\">Valors \u00e8tics<\/a><\/td><td>1h<\/td><td>Tutoria<\/td><td>1h<\/td><\/tr><tr><td><a href=\"https:\/\/drive.google.com\/file\/d\/1yZPtvQHIfvXyJVijKExmQRHqCbxT4Kgv\/view?usp=sharing\" target=\"_blank\" rel=\"noreferrer noopener\">Educaci\u00f3 f\u00edsica<\/a><\/td><td>2h<\/td><td><\/td><td><\/td><\/tr><\/tbody><\/table><\/figure>\n\n\n\n<h4 class=\"wp-block-heading\">OPTATIVES 4t d&#8217;ESO:<\/h4>\n\n\n\n<p>Les mat\u00e8ries optatives de 4t s&#8217;organitzen en itineraris. L&#8217;alumnat de 4t\u00a0 tria un itinerari en funci\u00f3 dels seus interessos.<\/p>\n\n\n\n<figure class=\"wp-block-table\"><table class=\"has-white-background-color has-background has-fixed-layout\"><tbody><tr><td class=\"has-text-align-center\" data-align=\"center\"><em><strong>\u00c0mbit human\u00edstic-social<\/strong><\/em><\/td><td class=\"has-text-align-center\" data-align=\"center\"><em><strong>\u00c0mbit cient\u00edfic-tecnol\u00f2gic<\/strong><\/em><\/td><td class=\"has-text-align-center\" data-align=\"center\"><em><strong>\u00c0mbit art\u00edstic<\/strong><\/em><\/td><\/tr><tr><td class=\"has-text-align-center\" data-align=\"center\"><a href=\"https:\/\/drive.google.com\/file\/d\/1qsPhor1OQBRHfC1hrAKwJnyLXayRXu5y\/view?usp=sharing\" target=\"_blank\" rel=\"noreferrer noopener\">Llat\u00ed<\/a><\/td><td class=\"has-text-align-center\" data-align=\"center\"><a href=\"https:\/\/docs.google.com\/document\/d\/12nemkELYBHJ2Qzqk526AKBNmrtFGY0FI\/edit?usp=drive_link&amp;ouid=102203350718328543709&amp;rtpof=true&amp;sd=true\" target=\"_blank\" rel=\"noreferrer noopener\">F\u00edsica i qu\u00edmica<\/a><\/td><td class=\"has-text-align-center\" data-align=\"center\"><a href=\"https:\/\/drive.google.com\/file\/d\/16ACPCVCzxGseQzdYgdumrnxhZZU2fvTk\/view?usp=sharing\" target=\"_blank\" rel=\"noreferrer noopener\">Expressi\u00f3 art\u00edstica<\/a><\/td><\/tr><tr><td class=\"has-text-align-center\" data-align=\"center\"><a href=\"https:\/\/drive.google.com\/file\/d\/1LNl6VuVZE3-BZg5FiY03zMGmDsz3e3UC\/view?usp=sharing\" target=\"_blank\" rel=\"noreferrer noopener\">Economia b\u00e0sica<\/a><\/td><td class=\"has-text-align-center\" data-align=\"center\"><a href=\"https:\/\/docs.google.com\/document\/d\/1IjKc5-7fRN-XRjcv2mMO81SYJpPxE_P6\/edit?usp=drive_link&amp;ouid=102203350718328543709&amp;rtpof=true&amp;sd=true\" target=\"_blank\" rel=\"noreferrer noopener\">Biologia i geologia<\/a><\/td><td class=\"has-text-align-center\" data-align=\"center\"><a href=\"https:\/\/drive.google.com\/file\/d\/1XmHrgsH7rQG98yPKekprF5CPavmYgLfD\/view?usp=sharing\" target=\"_blank\" rel=\"noreferrer noopener\">M\u00fasica<\/a><\/td><\/tr><tr><td class=\"has-text-align-center\" data-align=\"center\"><a href=\"https:\/\/docs.google.com\/document\/d\/1tRNKYn4YaMXe6LSDn5B4gRiY_A4V3XIpptNkZCQSwGk\/edit?usp=drive_link\" target=\"_blank\" rel=\"noreferrer noopener\">Filosofia<\/a><\/td><td class=\"has-text-align-center\" data-align=\"center\"><a href=\"https:\/\/drive.google.com\/file\/d\/1MVRqntwKKALBy9usN3jmg54vpLwi6fJs\/view?usp=sharing\" target=\"_blank\" rel=\"noreferrer noopener\">Tecnologia<\/a><\/td><td class=\"has-text-align-center\" data-align=\"center\"><\/td><\/tr><tr><td class=\"has-text-align-center\" data-align=\"center\"><a href=\"https:\/\/drive.google.com\/file\/d\/1Yu0uyJen9WxpDP0ADuv__xQJZEiqzbSg\/view?usp=sharing\" target=\"_blank\" rel=\"noreferrer noopener\">Alemany IV<\/a><\/td><td class=\"has-text-align-center\" data-align=\"center\"><a href=\"https:\/\/drive.google.com\/file\/d\/1MAClMrKrhpsANxB1LfzrUBMe96gUGeWs\/view?usp=sharing\" target=\"_blank\" rel=\"noreferrer noopener\">Digitalitzaci\u00f3<\/a><\/td><td class=\"has-text-align-center\" data-align=\"center\"><\/td><\/tr><tr><td class=\"has-text-align-center\" data-align=\"center\"><a href=\"https:\/\/drive.google.com\/file\/d\/1HBRyKMxdvI942l75dkuvAfm4ZgtC4Mx8\/view?usp=sharing\" target=\"_blank\" rel=\"noreferrer noopener\">Franc\u00e8s<\/a><\/td><td class=\"has-text-align-center\" data-align=\"center\"><a href=\"https:\/\/docs.google.com\/document\/d\/1gRxEsZv-9NSVcWaRDRTxnUC6kff384-m\/edit?usp=drive_link&amp;ouid=102203350718328543709&amp;rtpof=true&amp;sd=true\" target=\"_blank\" rel=\"noreferrer noopener\">Cultura cient\u00edfica<\/a><\/td><td class=\"has-text-align-center\" data-align=\"center\"><\/td><\/tr><\/tbody><\/table><\/figure>\n\n\n\n<p>Podeu consultar els itineraris del curs \u00a0<strong>clicant la imatge seg\u00fcent<\/strong>:<\/p>\n\n\n\n<figure class=\"wp-block-image aligncenter is-resized\"><a href=\"https:\/\/agora.xtec.cat\/institutmartamata\/wp-content\/uploads\/usu281\/2025\/04\/OFERTA-DOPTATIVES-4t-ESO-2025_2026-.ppt.pdf\"><img loading=\"lazy\" decoding=\"async\" width=\"1024\" height=\"790\" src=\"https:\/\/agora.xtec.cat\/institutmartamata\/wp-content\/uploads\/usu281\/2025\/04\/imatge-scaled-e1744219100721-1024x790.jpg\" alt=\"\" class=\"wp-image-18310\" style=\"width:710px;height:auto\" srcset=\"https:\/\/agora.xtec.cat\/institutmartamata\/wp-content\/uploads\/usu281\/2025\/04\/imatge-scaled-e1744219100721-1024x790.jpg 1024w, https:\/\/agora.xtec.cat\/institutmartamata\/wp-content\/uploads\/usu281\/2025\/04\/imatge-scaled-e1744219100721-300x232.jpg 300w, https:\/\/agora.xtec.cat\/institutmartamata\/wp-content\/uploads\/usu281\/2025\/04\/imatge-scaled-e1744219100721-768x593.jpg 768w, https:\/\/agora.xtec.cat\/institutmartamata\/wp-content\/uploads\/usu281\/2025\/04\/imatge-scaled-e1744219100721.jpg 1122w\" sizes=\"auto, (max-width: 1024px) 100vw, 1024px\" \/><\/a><\/figure>\n<\/div><\/div>\n<\/div>\n\n\n\n<p><\/p>\n\n\n\n<h4 class=\"wp-block-heading\"><strong>Avaluaci\u00f3 de les compet\u00e8ncies transversals: en construcci\u00f3<\/strong> <\/h4>\n\n\n\n<h4 class=\"wp-block-heading\"><strong>Convalidacions i reconeixements de mat\u00e8ries:<\/strong> <a href=\"http:\/\/agora.xtec.cat\/institutmartamata\/secretaria\/convalidacions\/\" target=\"_blank\" rel=\"noreferrer noopener\">M\u00e9s informaci\u00f3<\/a><\/h4>\n","protected":false},"excerpt":{"rendered":"<p>Distribuci\u00f3 de mat\u00e8ries Cliqueu damunt del curs i la mat\u00e8ria per accedir a la seva guia i consultar els criteris d&#8217;avaluaci\u00f3\/qualificaci\u00f3. Avaluaci\u00f3 de les compet\u00e8ncies transversals: en construcci\u00f3 Convalidacions i reconeixements de mat\u00e8ries: M\u00e9s informaci\u00f3<\/p>\n","protected":false},"author":1,"featured_media":0,"parent":195,"menu_order":10,"comment_status":"closed","ping_status":"closed","template":"","meta":{"_bbp_topic_count":0,"_bbp_reply_count":0,"_bbp_total_topic_count":0,"_bbp_total_reply_count":0,"_bbp_voice_count":0,"_bbp_anonymous_reply_count":0,"_bbp_topic_count_hidden":0,"_bbp_reply_count_hidden":0,"_bbp_forum_subforum_count":0,"site-sidebar-layout":"default","site-content-layout":"","ast-site-content-layout":"default","site-content-style":"default","site-sidebar-style":"default","ast-global-header-display":"","ast-banner-title-visibility":"","ast-main-header-display":"","ast-hfb-above-header-display":"","ast-hfb-below-header-display":"","ast-hfb-mobile-header-display":"","site-post-title":"","ast-breadcrumbs-content":"","ast-featured-img":"","footer-sml-layout":"","theme-transparent-header-meta":"default","adv-header-id-meta":"","stick-header-meta":"","header-above-stick-meta":"","header-main-stick-meta":"","header-below-stick-meta":"","astra-migrate-meta-layouts":"set","ast-page-background-enabled":"default","ast-page-background-meta":{"desktop":{"background-color":"var(--ast-global-color-4)","background-image":"","background-repeat":"repeat","background-position":"center center","background-size":"auto","background-attachment":"scroll","background-type":"","background-media":"","overlay-type":"","overlay-color":"","overlay-opacity":"","overlay-gradient":""},"tablet":{"background-color":"","background-image":"","background-repeat":"repeat","background-position":"center center","background-size":"auto","background-attachment":"scroll","background-type":"","background-media":"","overlay-type":"","overlay-color":"","overlay-opacity":"","overlay-gradient":""},"mobile":{"background-color":"","background-image":"","background-repeat":"repeat","background-position":"center center","background-size":"auto","background-attachment":"scroll","background-type":"","background-media":"","overlay-type":"","overlay-color":"","overlay-opacity":"","overlay-gradient":""}},"ast-content-background-meta":{"desktop":{"background-color":"var(--ast-global-color-5)","background-image":"","background-repeat":"repeat","background-position":"center center","background-size":"auto","background-attachment":"scroll","background-type":"","background-media":"","overlay-type":"","overlay-color":"","overlay-opacity":"","overlay-gradient":""},"tablet":{"background-color":"var(--ast-global-color-5)","background-image":"","background-repeat":"repeat","background-position":"center center","background-size":"auto","background-attachment":"scroll","background-type":"","background-media":"","overlay-type":"","overlay-color":"","overlay-opacity":"","overlay-gradient":""},"mobile":{"background-color":"var(--ast-global-color-5)","background-image":"","background-repeat":"repeat","background-position":"center center","background-size":"auto","background-attachment":"scroll","background-type":"","background-media":"","overlay-type":"","overlay-color":"","overlay-opacity":"","overlay-gradient":""}},"footnotes":""},"class_list":["post-341","page","type-page","status-publish","hentry"],"post_mailing_queue_ids":[],"_links":{"self":[{"href":"https:\/\/agora.xtec.cat\/institutmartamata\/wp-json\/wp\/v2\/pages\/341","targetHints":{"allow":["GET"]}}],"collection":[{"href":"https:\/\/agora.xtec.cat\/institutmartamata\/wp-json\/wp\/v2\/pages"}],"about":[{"href":"https:\/\/agora.xtec.cat\/institutmartamata\/wp-json\/wp\/v2\/types\/page"}],"author":[{"embeddable":true,"href":"https:\/\/agora.xtec.cat\/institutmartamata\/wp-json\/wp\/v2\/users\/1"}],"replies":[{"embeddable":true,"href":"https:\/\/agora.xtec.cat\/institutmartamata\/wp-json\/wp\/v2\/comments?post=341"}],"version-history":[{"count":7,"href":"https:\/\/agora.xtec.cat\/institutmartamata\/wp-json\/wp\/v2\/pages\/341\/revisions"}],"predecessor-version":[{"id":20272,"href":"https:\/\/agora.xtec.cat\/institutmartamata\/wp-json\/wp\/v2\/pages\/341\/revisions\/20272"}],"up":[{"embeddable":true,"href":"https:\/\/agora.xtec.cat\/institutmartamata\/wp-json\/wp\/v2\/pages\/195"}],"wp:attachment":[{"href":"https:\/\/agora.xtec.cat\/institutmartamata\/wp-json\/wp\/v2\/media?parent=341"}],"curies":[{"name":"wp","href":"https:\/\/api.w.org\/{rel}","templated":true}]}}