{"id":328,"date":"2015-03-12T18:18:04","date_gmt":"2015-03-12T17:18:04","guid":{"rendered":"http:\/\/agora.xtec.cat\/institutmartamata\/?page_id=328"},"modified":"2025-02-16T21:13:55","modified_gmt":"2025-02-16T20:13:55","slug":"plurilinguisme","status":"publish","type":"page","link":"https:\/\/agora.xtec.cat\/institutmartamata\/projecte-educatiu\/plurilinguisme\/","title":{"rendered":"Pluriling\u00fcisme"},"content":{"rendered":"<p>Per tal de millorar la compet\u00e8ncia ling\u00fc\u00edstica i comunicativa en llengua anglesa, el nostre institut duu a terme un projecte de pluriling\u00fcisme amb impartici\u00f3 de part d&#8217;algunes mat\u00e8ries en angl\u00e8s.<br \/>\nEl projecte va comen\u00e7ar el curs 2013-2014. L&#8217;institut va ser un dels sis centres de la demarcaci\u00f3 de Tarragona que va formar part del Grup experimental del Pluriling\u00fcisme (GEP).<\/p>\n<p>En l&#8217;actualitat moltes de les activitats en lleng\u00fces estrangeres formen part dels diferents projectes internacionals del centre: <a href=\"https:\/\/agora.xtec.cat\/institutmartamata\/projecte-educatiu\/erasmus\/\" target=\"_blank\" rel=\"noopener\">Erasmus<\/a> i <a href=\"https:\/\/agora.xtec.cat\/institutmartamata\/categoria\/etwinning\/\" target=\"_blank\" rel=\"noopener\">eTwinning<\/a>.<\/p>\n<h5 style=\"text-align: center;\"><span style=\"color: #38761d;\">\u00a0\u00a0<\/span>\u00a0<u><\/u><\/h5>\n<p style=\"text-align: center;\"><span style=\"color: #38761d;\"><a href=\"http:\/\/agora.xtec.cat\/institutmartamata\/wp-content\/uploads\/usu281\/2015\/03\/london4-e1486676547993.jpg\"><img loading=\"lazy\" decoding=\"async\" class=\"alignnone size-large wp-image-1297\" src=\"http:\/\/agora.xtec.cat\/institutmartamata\/wp-content\/uploads\/usu281\/2015\/03\/london4-1024x768.jpg\" alt=\"london4\" width=\"1024\" height=\"768\" \/><\/a><\/span><\/p>\n<p style=\"text-align: left;\">L&#8217;institut ha participat al\u00a0 programa\u00a0 <a href=\"http:\/\/xtec.gencat.cat\/ca\/projectes\/plurilinguisme\/programes\/institucionals\/avancem\/\"><strong>Avancem<\/strong><\/a> amb l&#8217;objectiu\u00a0 de treballar l&#8217;expresi\u00f3 escrita de manera unit\u00e0ria des de totes les \u00e0rees i lleng\u00fces (catal\u00e0, castell\u00e0, angl\u00e8s i alemany).<\/p>\n","protected":false},"excerpt":{"rendered":"<p>Per tal de millorar la compet\u00e8ncia ling\u00fc\u00edstica i comunicativa en llengua anglesa, el nostre institut duu a terme un projecte de pluriling\u00fcisme amb impartici\u00f3 de part d&#8217;algunes mat\u00e8ries en angl\u00e8s. El projecte va comen\u00e7ar el curs 2013-2014. L&#8217;institut va ser un dels sis centres de la demarcaci\u00f3 de Tarragona que va formar part del Grup [&hellip;]<\/p>\n","protected":false},"author":1,"featured_media":0,"parent":57,"menu_order":10,"comment_status":"closed","ping_status":"closed","template":"page-templates\/side-menu.php","meta":{"_bbp_topic_count":0,"_bbp_reply_count":0,"_bbp_total_topic_count":0,"_bbp_total_reply_count":0,"_bbp_voice_count":0,"_bbp_anonymous_reply_count":0,"_bbp_topic_count_hidden":0,"_bbp_reply_count_hidden":0,"_bbp_forum_subforum_count":0,"site-sidebar-layout":"default","site-content-layout":"","ast-site-content-layout":"","site-content-style":"default","site-sidebar-style":"default","ast-global-header-display":"","ast-banner-title-visibility":"","ast-main-header-display":"","ast-hfb-above-header-display":"","ast-hfb-below-header-display":"","ast-hfb-mobile-header-display":"","site-post-title":"","ast-breadcrumbs-content":"","ast-featured-img":"","footer-sml-layout":"","theme-transparent-header-meta":"","adv-header-id-meta":"","stick-header-meta":"","header-above-stick-meta":"","header-main-stick-meta":"","header-below-stick-meta":"","astra-migrate-meta-layouts":"default","ast-page-background-enabled":"default","ast-page-background-meta":{"desktop":{"background-color":"var(--ast-global-color-4)","background-image":"","background-repeat":"repeat","background-position":"center center","background-size":"auto","background-attachment":"scroll","background-type":"","background-media":"","overlay-type":"","overlay-color":"","overlay-opacity":"","overlay-gradient":""},"tablet":{"background-color":"","background-image":"","background-repeat":"repeat","background-position":"center center","background-size":"auto","background-attachment":"scroll","background-type":"","background-media":"","overlay-type":"","overlay-color":"","overlay-opacity":"","overlay-gradient":""},"mobile":{"background-color":"","background-image":"","background-repeat":"repeat","background-position":"center center","background-size":"auto","background-attachment":"scroll","background-type":"","background-media":"","overlay-type":"","overlay-color":"","overlay-opacity":"","overlay-gradient":""}},"ast-content-background-meta":{"desktop":{"background-color":"var(--ast-global-color-5)","background-image":"","background-repeat":"repeat","background-position":"center center","background-size":"auto","background-attachment":"scroll","background-type":"","background-media":"","overlay-type":"","overlay-color":"","overlay-opacity":"","overlay-gradient":""},"tablet":{"background-color":"var(--ast-global-color-5)","background-image":"","background-repeat":"repeat","background-position":"center center","background-size":"auto","background-attachment":"scroll","background-type":"","background-media":"","overlay-type":"","overlay-color":"","overlay-opacity":"","overlay-gradient":""},"mobile":{"background-color":"var(--ast-global-color-5)","background-image":"","background-repeat":"repeat","background-position":"center center","background-size":"auto","background-attachment":"scroll","background-type":"","background-media":"","overlay-type":"","overlay-color":"","overlay-opacity":"","overlay-gradient":""}},"footnotes":""},"class_list":["post-328","page","type-page","status-publish","hentry"],"post_mailing_queue_ids":[],"_links":{"self":[{"href":"https:\/\/agora.xtec.cat\/institutmartamata\/wp-json\/wp\/v2\/pages\/328","targetHints":{"allow":["GET"]}}],"collection":[{"href":"https:\/\/agora.xtec.cat\/institutmartamata\/wp-json\/wp\/v2\/pages"}],"about":[{"href":"https:\/\/agora.xtec.cat\/institutmartamata\/wp-json\/wp\/v2\/types\/page"}],"author":[{"embeddable":true,"href":"https:\/\/agora.xtec.cat\/institutmartamata\/wp-json\/wp\/v2\/users\/1"}],"replies":[{"embeddable":true,"href":"https:\/\/agora.xtec.cat\/institutmartamata\/wp-json\/wp\/v2\/comments?post=328"}],"version-history":[{"count":7,"href":"https:\/\/agora.xtec.cat\/institutmartamata\/wp-json\/wp\/v2\/pages\/328\/revisions"}],"predecessor-version":[{"id":17959,"href":"https:\/\/agora.xtec.cat\/institutmartamata\/wp-json\/wp\/v2\/pages\/328\/revisions\/17959"}],"up":[{"embeddable":true,"href":"https:\/\/agora.xtec.cat\/institutmartamata\/wp-json\/wp\/v2\/pages\/57"}],"wp:attachment":[{"href":"https:\/\/agora.xtec.cat\/institutmartamata\/wp-json\/wp\/v2\/media?parent=328"}],"curies":[{"name":"wp","href":"https:\/\/api.w.org\/{rel}","templated":true}]}}