{"id":3274,"date":"2020-03-09T22:31:35","date_gmt":"2020-03-09T21:31:35","guid":{"rendered":"http:\/\/agora.xtec.cat\/institutmartamata\/?page_id=3274"},"modified":"2020-03-09T22:40:58","modified_gmt":"2020-03-09T21:40:58","slug":"meteorologia-a-laula","status":"publish","type":"page","link":"https:\/\/agora.xtec.cat\/institutmartamata\/projecte-educatiu\/meteorologia-a-laula\/","title":{"rendered":"Meteorologia a l&#8217;aula"},"content":{"rendered":"<p>Un dels principals reptes de la humanitat al segle XXI \u00e9s la lluita contra el canvi clim\u00e0tic.<\/p>\n<p>Entenem com a canvi clim\u00e0tic l\u2019alteraci\u00f3 del clima i les temperatures actuals. Aquests canvis que estem experimentant a tot el planeta s\u00f3n deguts a l\u2019exc\u00e9s de gasos d\u2019efecte hivernacle (di\u00f2xid de carboni, met\u00e0, \u00f2xids de nitrogen, etc.) en la nostra atmosfera, la crema dels combustibles f\u00f2ssils (carb\u00f3, petroli o gas) en l\u2019\u00fas en industries, vehicles de transport o per la producci\u00f3 energ\u00e8tica.<\/p>\n<p>Aquest impacte mediambiental repercuteix en gran mesura a la sequera dels rius, la falta d&#8217;aigua potable, canvis en les condicions de la producci\u00f3 d&#8217;aliments i l&#8217;augment de desastres naturals com sequeres, onades de calor i inundacions.<\/p>\n<p>En els \u00faltims 100 anys l\u2019augment de la temperatura global ha estat d\u2019un grau i es preveu que al 2050 arribarem fins als 2\u00baC, una temperatura gaireb\u00e9 irreversible per frenar el canvi del clima sobre la Terra.<\/p>\n<p>Degut aquesta greu situaci\u00f3 tots els pa\u00efsos del m\u00f3n van ser convocats per les Nacions Unides a una cimera a Paris, l\u2019any 2015 amb l\u2019objectiu de frenar la imminent cat\u00e0strofe. All\u00ed es sign\u00e0 un acord hist\u00f2ric que involucrar\u00e0 m\u00e9s de 195 pa\u00efsos. En aquest acord aquests pa\u00efsos es comprometeren a reduir les emissions d\u2019aquests gasos i fer pol\u00edtiques eficaces per portar-ho a terme.<\/p>\n<p>Derivats d\u2019aquells compromisos i reafirmant antics acords, com l\u2019agenda 21, derivada dels acords de Rio de 1992, \u00e9s dona un impuls a programes locals d\u2019educaci\u00f3 i sensibilitzaci\u00f3 ambiental a les aules, com els programes d\u2019escoles verdes. \u00c9s aqu\u00ed on les escoles i instituts ens veiem amb la responsabilitat d\u2019educar les futures generacions amb els valors de la sostenibilitat i la protecci\u00f3 del medi ambient.<\/p>\n<p><strong>OBJECTIUS:<\/strong><\/p>\n<ul>\n<li>Dotar el nostre centre amb tecnologia d\u2019 avantguarda en estudis clim\u00e0tics.<\/li>\n<li>Potenciar el treball de camp, la recollida de dades in situ i la presa de conclusions.<\/li>\n<li>Fomentar l\u2019autonomia personal, la capacitat d\u2019observaci\u00f3, d\u2019an\u00e0lisi i s\u00edntesi dels nostre alumnat.<\/li>\n<li>Educar el nostre alumnat en un model sostenible i que aprenguin la import\u00e0ncia que t\u00e9 per al nostre planeta l\u2019alteraci\u00f3 del clima.<\/li>\n<li>Divulgar informaci\u00f3 instant\u00e0nia de la nostra estaci\u00f3 a diferents xarxes clim\u00e0tiques a nivell nacional i mundial.<\/li>\n<li>Realitzar una sortida mediambiental per visitar un ecosistema essencial i amena\u00e7at pel canvi clim\u00e0tic.<\/li>\n<\/ul>\n<p><a href=\"https:\/\/agora.xtec.cat\/institutmartamata\/wp-content\/uploads\/usu281\/2019\/07\/estac4.jpg\"><img loading=\"lazy\" decoding=\"async\" class=\"wp-image-9401 aligncenter\" src=\"https:\/\/agora.xtec.cat\/institutmartamata\/wp-content\/uploads\/usu281\/2019\/07\/estac4-1024x768.jpg\" alt=\"\" width=\"736\" height=\"552\" srcset=\"https:\/\/agora.xtec.cat\/institutmartamata\/wp-content\/uploads\/usu281\/2019\/07\/estac4-1024x768.jpg 1024w, https:\/\/agora.xtec.cat\/institutmartamata\/wp-content\/uploads\/usu281\/2019\/07\/estac4-300x225.jpg 300w, https:\/\/agora.xtec.cat\/institutmartamata\/wp-content\/uploads\/usu281\/2019\/07\/estac4-768x576.jpg 768w, https:\/\/agora.xtec.cat\/institutmartamata\/wp-content\/uploads\/usu281\/2019\/07\/estac4-200x150.jpg 200w, https:\/\/agora.xtec.cat\/institutmartamata\/wp-content\/uploads\/usu281\/2019\/07\/estac4.jpg 1632w\" sizes=\"auto, (max-width: 736px) 100vw, 736px\" \/><\/a><\/p>\n<p style=\"text-align: center;\">Estaci\u00f3 meteorol\u00f3gica de l&#8217;institut<\/p>\n<p style=\"text-align: center;\">Acc\u00e9s a les dades que proporciona l&#8217;estaci\u00f3:\u00a0<a href=\"https:\/\/www.meteoclimatic.net\/perfil\/ESCAT4300000043840D\">https:\/\/www.meteoclimatic.net\/perfil\/ESCAT4300000043840D<\/a><\/p>\n<p>&nbsp;<\/p>\n<p><strong>ACTIVITATS PROGRAMADES:<\/strong><\/p>\n<p>Treball per projectes a 1r d&#8217;ESO sobre el canvi clim\u00e0tic des de diverses \u00e0rees.<\/p>\n<p><u>Departament de ci\u00e8ncies socials<\/u><\/p>\n<p>Temps atmosf\u00e8rics i els climes del m\u00f3n. Amb l\u2019estaci\u00f3 meteorol\u00f2gica podrem veure com s\u00f3n els aparells de mesura que s\u2019utilitzen per recollir les dades relacionades amb el temps atmosf\u00e8ric. Tamb\u00e9 podrem recollir dades relacionades amb els elements atmosf\u00e8rics tals com temperatura, humitat, precipitacions, pressi\u00f3 atmosf\u00e8rica i el vent. A partir de les dades recollides es podran realitzar diverses activitats com per exemple climogrames, resums setmanals&#8230;<\/p>\n<p><u>Departament de ci\u00e8ncies experimentals<\/u><\/p>\n<p>L&#8217;alumnat aprendr\u00e0 els noms dels aparells i per a qu\u00e8 s\u2019utilitzen (en catal\u00e0 i angl\u00e8s). Tamb\u00e9 portaran el registre de dades i les apuntaran a la llibreta de notes. Aprendrem qu\u00e8 \u00e9s un mapa del temps i com s\u2019interpreta, i tot en angl\u00e8s.<\/p>\n<p>S&#8217;estudiar\u00e0 el canvi clim\u00e0tic, Qu\u00e8 \u00e9s? A que \u00e9s degut? Com podem evitar-ho?. Tot l&#8217;alumnat ealitzar\u00e0 una sortida al delta del Ebre on faran el seu treball de s\u00edntesi centrat en aquest tema i veuran la problem\u00e0tica de ben a prop.<\/p>\n<p>En cursos posteriors es profunditzar\u00e0 sobre el tema. Per exemple a f\u00edsica de segon d\u2019ESO aprendran les unitats i les magnituds per les diferents variables clim\u00e0tiques que mesuren els aparells de l\u2019estaci\u00f3. Aprendran a fer factors de conversi\u00f3 i a canviar d\u2019unitats tot fent activitats centrades en aquest tema.<\/p>\n<p>A Ci\u00e8ncies de la Terra (batxillerat) els estudis seran ampliats, inclouran descriure i representar la composici\u00f3, estructura i din\u00e0mica atmosf\u00e8riques. Elaborar i interpretar mapes del temps i climogrames. Investigar sobre els riscos atmosf\u00e8rics locals i globals. Elaborar previsions i prediccions senzilles relacionades amb l&#8217;estat de l&#8217;atmosfera i els riscos que se&#8217;n poden derivar. Valorar els principals recursos energ\u00e8tics associats a l&#8217;atmosfera.<\/p>\n<p><u>Departament de matem\u00e0tiques<\/u><\/p>\n<p>Activitats d\u2019estad\u00edstica relacionades amb les dades obtingudes, treballar la representaci\u00f3 de dades mitjan\u00e7ant gr\u00e0fiques (gr\u00e0fics de barres, histograma, gr\u00e0fics de sectors, etc).<\/p>\n<p><u>Departament de tecnologia <\/u><\/p>\n<p>Treballar la informatitzaci\u00f3 de dades, la transmissi\u00f3 d\u2019aquestes a la p\u00e0gina web i l\u2019emmagatzematge d\u2019aquestes en un hist\u00f2ric compartit que pugui ser consultats pels altres departaments i estudiants del centre.<\/p>\n<p><a href=\"https:\/\/agora.xtec.cat\/institutmartamata\/wp-content\/uploads\/usu281\/2019\/10\/Meteocat.jpg\"><img loading=\"lazy\" decoding=\"async\" class=\"wp-image-9556 aligncenter\" src=\"https:\/\/agora.xtec.cat\/institutmartamata\/wp-content\/uploads\/usu281\/2019\/10\/Meteocat.jpg\" alt=\"\" width=\"750\" height=\"562\" srcset=\"https:\/\/agora.xtec.cat\/institutmartamata\/wp-content\/uploads\/usu281\/2019\/10\/Meteocat.jpg 960w, https:\/\/agora.xtec.cat\/institutmartamata\/wp-content\/uploads\/usu281\/2019\/10\/Meteocat-300x225.jpg 300w, https:\/\/agora.xtec.cat\/institutmartamata\/wp-content\/uploads\/usu281\/2019\/10\/Meteocat-768x576.jpg 768w, https:\/\/agora.xtec.cat\/institutmartamata\/wp-content\/uploads\/usu281\/2019\/10\/Meteocat-200x150.jpg 200w\" sizes=\"auto, (max-width: 750px) 100vw, 750px\" \/><\/a><\/p>\n<p style=\"text-align: center;\">Masterclass d&#8217;un expert del Meteocat a 1r d&#8217;ESO<\/p>\n<p><a href=\"https:\/\/agora.xtec.cat\/institutmartamata\/wp-content\/uploads\/usu281\/2020\/03\/Treball-de-s\u00edntesi-1r.png\"><img loading=\"lazy\" decoding=\"async\" class=\"wp-image-10153 aligncenter\" src=\"https:\/\/agora.xtec.cat\/institutmartamata\/wp-content\/uploads\/usu281\/2020\/03\/Treball-de-s\u00edntesi-1r.png\" alt=\"\" width=\"751\" height=\"422\" srcset=\"https:\/\/agora.xtec.cat\/institutmartamata\/wp-content\/uploads\/usu281\/2020\/03\/Treball-de-s\u00edntesi-1r.png 884w, https:\/\/agora.xtec.cat\/institutmartamata\/wp-content\/uploads\/usu281\/2020\/03\/Treball-de-s\u00edntesi-1r-300x169.png 300w, https:\/\/agora.xtec.cat\/institutmartamata\/wp-content\/uploads\/usu281\/2020\/03\/Treball-de-s\u00edntesi-1r-768x432.png 768w\" sizes=\"auto, (max-width: 751px) 100vw, 751px\" \/><\/a><\/p>\n<p style=\"text-align: center;\">Sortida al Delta de l&#8217;Ebre<\/p>\n<p>&nbsp;<\/p>\n<h5 style=\"text-align: center;\">Projecte subvencionat pel Fons Educatiu de Salou<\/h5>\n","protected":false},"excerpt":{"rendered":"<p>Un dels principals reptes de la humanitat al segle XXI \u00e9s la lluita contra el canvi clim\u00e0tic. Entenem com a canvi clim\u00e0tic l\u2019alteraci\u00f3 del clima i les temperatures actuals. Aquests canvis que estem experimentant a tot el planeta s\u00f3n deguts a l\u2019exc\u00e9s de gasos d\u2019efecte hivernacle (di\u00f2xid de carboni, met\u00e0, \u00f2xids de nitrogen, etc.) en [&hellip;]<\/p>\n","protected":false},"author":10,"featured_media":0,"parent":57,"menu_order":0,"comment_status":"closed","ping_status":"closed","template":"page-templates\/side-menu.php","meta":{"_bbp_topic_count":0,"_bbp_reply_count":0,"_bbp_total_topic_count":0,"_bbp_total_reply_count":0,"_bbp_voice_count":0,"_bbp_anonymous_reply_count":0,"_bbp_topic_count_hidden":0,"_bbp_reply_count_hidden":0,"_bbp_forum_subforum_count":0,"site-sidebar-layout":"default","site-content-layout":"","ast-site-content-layout":"","site-content-style":"default","site-sidebar-style":"default","ast-global-header-display":"","ast-banner-title-visibility":"","ast-main-header-display":"","ast-hfb-above-header-display":"","ast-hfb-below-header-display":"","ast-hfb-mobile-header-display":"","site-post-title":"","ast-breadcrumbs-content":"","ast-featured-img":"","footer-sml-layout":"","theme-transparent-header-meta":"","adv-header-id-meta":"","stick-header-meta":"","header-above-stick-meta":"","header-main-stick-meta":"","header-below-stick-meta":"","astra-migrate-meta-layouts":"default","ast-page-background-enabled":"default","ast-page-background-meta":{"desktop":{"background-color":"var(--ast-global-color-4)","background-image":"","background-repeat":"repeat","background-position":"center center","background-size":"auto","background-attachment":"scroll","background-type":"","background-media":"","overlay-type":"","overlay-color":"","overlay-opacity":"","overlay-gradient":""},"tablet":{"background-color":"","background-image":"","background-repeat":"repeat","background-position":"center center","background-size":"auto","background-attachment":"scroll","background-type":"","background-media":"","overlay-type":"","overlay-color":"","overlay-opacity":"","overlay-gradient":""},"mobile":{"background-color":"","background-image":"","background-repeat":"repeat","background-position":"center center","background-size":"auto","background-attachment":"scroll","background-type":"","background-media":"","overlay-type":"","overlay-color":"","overlay-opacity":"","overlay-gradient":""}},"ast-content-background-meta":{"desktop":{"background-color":"var(--ast-global-color-5)","background-image":"","background-repeat":"repeat","background-position":"center center","background-size":"auto","background-attachment":"scroll","background-type":"","background-media":"","overlay-type":"","overlay-color":"","overlay-opacity":"","overlay-gradient":""},"tablet":{"background-color":"var(--ast-global-color-5)","background-image":"","background-repeat":"repeat","background-position":"center center","background-size":"auto","background-attachment":"scroll","background-type":"","background-media":"","overlay-type":"","overlay-color":"","overlay-opacity":"","overlay-gradient":""},"mobile":{"background-color":"var(--ast-global-color-5)","background-image":"","background-repeat":"repeat","background-position":"center center","background-size":"auto","background-attachment":"scroll","background-type":"","background-media":"","overlay-type":"","overlay-color":"","overlay-opacity":"","overlay-gradient":""}},"footnotes":""},"class_list":["post-3274","page","type-page","status-publish","hentry"],"post_mailing_queue_ids":[],"_links":{"self":[{"href":"https:\/\/agora.xtec.cat\/institutmartamata\/wp-json\/wp\/v2\/pages\/3274","targetHints":{"allow":["GET"]}}],"collection":[{"href":"https:\/\/agora.xtec.cat\/institutmartamata\/wp-json\/wp\/v2\/pages"}],"about":[{"href":"https:\/\/agora.xtec.cat\/institutmartamata\/wp-json\/wp\/v2\/types\/page"}],"author":[{"embeddable":true,"href":"https:\/\/agora.xtec.cat\/institutmartamata\/wp-json\/wp\/v2\/users\/10"}],"replies":[{"embeddable":true,"href":"https:\/\/agora.xtec.cat\/institutmartamata\/wp-json\/wp\/v2\/comments?post=3274"}],"version-history":[{"count":4,"href":"https:\/\/agora.xtec.cat\/institutmartamata\/wp-json\/wp\/v2\/pages\/3274\/revisions"}],"predecessor-version":[{"id":10158,"href":"https:\/\/agora.xtec.cat\/institutmartamata\/wp-json\/wp\/v2\/pages\/3274\/revisions\/10158"}],"up":[{"embeddable":true,"href":"https:\/\/agora.xtec.cat\/institutmartamata\/wp-json\/wp\/v2\/pages\/57"}],"wp:attachment":[{"href":"https:\/\/agora.xtec.cat\/institutmartamata\/wp-json\/wp\/v2\/media?parent=3274"}],"curies":[{"name":"wp","href":"https:\/\/api.w.org\/{rel}","templated":true}]}}