{"id":3246,"date":"2018-10-05T17:46:36","date_gmt":"2018-10-05T15:46:36","guid":{"rendered":"http:\/\/agora.xtec.cat\/institutmartamata\/?page_id=3246"},"modified":"2026-03-30T22:21:24","modified_gmt":"2026-03-30T20:21:24","slug":"erasmus","status":"publish","type":"page","link":"https:\/\/agora.xtec.cat\/institutmartamata\/projecte-educatiu\/erasmus\/","title":{"rendered":"Erasmus"},"content":{"rendered":"<h1 style=\"text-align: center;\"><a href=\"https:\/\/sites.google.com\/institutmartamata.cat\/letsgoforsteam\/erasmus-accreditation-project?pli=1\" target=\"_blank\" rel=\"noopener\"><img loading=\"lazy\" decoding=\"async\" class=\"aligncenter wp-image-14092 size-large\" src=\"https:\/\/agora.xtec.cat\/institutmartamata\/wp-content\/uploads\/usu281\/2022\/07\/Captura-de-pantalla-598-1024x101.png\" alt=\"\" width=\"1024\" height=\"101\" srcset=\"https:\/\/agora.xtec.cat\/institutmartamata\/wp-content\/uploads\/usu281\/2022\/07\/Captura-de-pantalla-598-1024x101.png 1024w, https:\/\/agora.xtec.cat\/institutmartamata\/wp-content\/uploads\/usu281\/2022\/07\/Captura-de-pantalla-598-300x30.png 300w, https:\/\/agora.xtec.cat\/institutmartamata\/wp-content\/uploads\/usu281\/2022\/07\/Captura-de-pantalla-598-768x76.png 768w, https:\/\/agora.xtec.cat\/institutmartamata\/wp-content\/uploads\/usu281\/2022\/07\/Captura-de-pantalla-598-1536x152.png 1536w, https:\/\/agora.xtec.cat\/institutmartamata\/wp-content\/uploads\/usu281\/2022\/07\/Captura-de-pantalla-598.png 1706w\" sizes=\"auto, (max-width: 1024px) 100vw, 1024px\" \/><\/a><\/h1>\n<p>&nbsp;<\/p>\n<h2 style=\"text-align: center;\"><span style=\"color: #0000ff;\">\u00a0Cliqueu els enlla\u00e7os per con\u00e8ixer els nostres projectes Erasmus<\/span><\/h2>\n<p>&nbsp;<\/p>\n<table class=\" alignleft\" style=\"height: 658px; width: 98.3524%; border-color: #000000; border-style: solid;\">\n<tbody>\n<tr>\n<td style=\"width: 24.4028%; text-align: center; vertical-align: middle; border-style: solid; border-color: #000000;\" rowspan=\"7\"><a href=\"https:\/\/agora.xtec.cat\/institutmartamata\/wp-content\/uploads\/usu281\/2022\/01\/Acreditacio-Erasmus.png\"><img loading=\"lazy\" decoding=\"async\" class=\"alignnone wp-image-13097\" src=\"https:\/\/agora.xtec.cat\/institutmartamata\/wp-content\/uploads\/usu281\/2022\/01\/Acreditacio-Erasmus-1024x727.png\" alt=\"\" width=\"479\" height=\"341\" srcset=\"https:\/\/agora.xtec.cat\/institutmartamata\/wp-content\/uploads\/usu281\/2022\/01\/Acreditacio-Erasmus-1024x727.png 1024w, https:\/\/agora.xtec.cat\/institutmartamata\/wp-content\/uploads\/usu281\/2022\/01\/Acreditacio-Erasmus-300x213.png 300w, https:\/\/agora.xtec.cat\/institutmartamata\/wp-content\/uploads\/usu281\/2022\/01\/Acreditacio-Erasmus-768x545.png 768w, https:\/\/agora.xtec.cat\/institutmartamata\/wp-content\/uploads\/usu281\/2022\/01\/Acreditacio-Erasmus.png 1455w\" sizes=\"auto, (max-width: 479px) 100vw, 479px\" \/><\/a><\/td>\n<td style=\"text-align: left; width: 21.2172%; border-style: solid; border-color: #000000;\">\n<h4><span style=\"text-decoration: underline;\">Youth for a green Europe (2025-2026)<\/span><\/h4>\n<\/td>\n<\/tr>\n<tr>\n<td style=\"text-align: left; width: 21.2172%; border-style: solid; border-color: #000000;\">\n<h4><a href=\"https:\/\/sites.google.com\/institutmartamata.cat\/erasmus2025-k121living-europe?usp=sharing\" target=\"_blank\" rel=\"noopener\"><span style=\"text-decoration: underline;\">Living Europe (2024-2025)<\/span><\/a><\/h4>\n<\/td>\n<\/tr>\n<tr>\n<td style=\"text-align: left; width: 21.2172%; border-style: solid; border-color: #000000;\">\n<h4><span style=\"text-decoration: underline;\"><a href=\"https:\/\/agora.xtec.cat\/institutmartamata\/categoria\/erasmus-projects\/world\/\" target=\"_blank\" rel=\"noopener\">Let&#8217;s be active helping the community (2023-2024)<\/a><br \/>\n<\/span><\/h4>\n<\/td>\n<\/tr>\n<tr style=\"height: 66px;\">\n<td style=\"text-align: left; height: 66px; width: 21.2172%; border-style: solid; border-color: #000000;\">\n<h4><span style=\"text-decoration: underline;\"><a href=\"https:\/\/agora.xtec.cat\/institutmartamata\/categoria\/erasmus-projects\/steam\/\" target=\"_blank\" rel=\"noopener\">It&#8217;s time for STEAM\u00a0 (2021-2023)<\/a><\/span><\/h4>\n<\/td>\n<\/tr>\n<tr style=\"height: 95px;\">\n<td style=\"text-align: left; height: 95px; width: 21.2172%; border-style: solid; border-color: #000000;\">\n<h4><a href=\"https:\/\/agora.xtec.cat\/institutmartamata\/categoria\/exexente\/\" target=\"_blank\" rel=\"noopener\"><span style=\"text-decoration: underline;\">Explore, experience, enhance the<\/span><\/a><a href=\"https:\/\/sites.google.com\/institutmartamata.cat\/exexentec\/inici\"><span style=\"text-decoration: underline;\"> technologies (2019-2022)<\/span><\/a><\/h4>\n<\/td>\n<\/tr>\n<tr style=\"height: 66px;\">\n<td style=\"height: 66px; width: 21.2172%; border-style: solid; border-color: #000000;\">\n<h4><span style=\"text-decoration: underline;\"><a href=\"https:\/\/agora.xtec.cat\/institutmartamata\/projecte-educatiu\/erasmus\/\">Live<\/a><a href=\"https:\/\/agora.xtec.cat\/institutmartamata\/categoria\/erasmus-projects\/live-life\/\" target=\"_blank\" rel=\"noopener\"> life, give life\u00a0 (2019-2022)<\/a><\/span><\/h4>\n<\/td>\n<\/tr>\n<tr style=\"height: 95px;\">\n<td style=\"height: 95px; width: 21.2172%; border-style: solid; border-color: #000000;\">\n<h4><a href=\"https:\/\/agora.xtec.cat\/institutmartamata\/categoria\/healthier\/\" target=\"_blank\" rel=\"noopener noreferrer\"><span style=\"text-decoration: underline;\">\u00a0Healthier minds, smarter minds (2018-2021)<\/span><\/a><\/h4>\n<\/td>\n<\/tr>\n<\/tbody>\n<\/table>\n<h4 style=\"text-align: left;\"><\/h4>\n<p>&nbsp;<\/p>\n<h2><\/h2>\n<h2 style=\"text-align: center;\"><span style=\"color: #0000ff;\">i els nostres projectes <a href=\"https:\/\/agora.xtec.cat\/institutmartamata\/categoria\/etwinning\/\">eTwinning<\/a><\/span><\/h2>\n<p>\u200b<\/p>\n<table style=\"height: 149px; width: 100%; border-collapse: collapse; border-color: #000000; border-style: solid;\">\n<tbody>\n<tr style=\"height: 59px;\">\n<td style=\"width: 50%; height: 59px; border-style: solid; border-color: #000000;\">\n<h4 class=\"hP\" tabindex=\"-1\" data-thread-perm-id=\"thread-f:1784986076456733561\" data-legacy-thread-id=\"18c58b611838cb79\"><strong><span style=\"text-decoration: underline;\"><a href=\"https:\/\/school-education.ec.europa.eu\/en\/etwinning\/projects\/my-wellness-schoolbag\/twinspace\" target=\"_blank\" rel=\"noopener\">My wellnes schoolbag<\/a><\/span><\/strong><\/h4>\n<p>Projecte guardonat amb el segell de qualitat 2024<\/td>\n<td style=\"width: 50%; height: 149px; vertical-align: middle; border-style: solid; border-color: #000000;\" rowspan=\"3\"><a href=\"https:\/\/agora.xtec.cat\/institutmartamata\/wp-content\/uploads\/usu281\/2024\/12\/Captura-de-pantalla-2024-12-13-211330.png\"><img loading=\"lazy\" decoding=\"async\" class=\"alignnone size-large wp-image-17703\" src=\"https:\/\/agora.xtec.cat\/institutmartamata\/wp-content\/uploads\/usu281\/2024\/12\/Captura-de-pantalla-2024-12-13-211330-1024x722.png\" alt=\"\" width=\"1024\" height=\"722\" srcset=\"https:\/\/agora.xtec.cat\/institutmartamata\/wp-content\/uploads\/usu281\/2024\/12\/Captura-de-pantalla-2024-12-13-211330-1024x722.png 1024w, https:\/\/agora.xtec.cat\/institutmartamata\/wp-content\/uploads\/usu281\/2024\/12\/Captura-de-pantalla-2024-12-13-211330-300x211.png 300w, https:\/\/agora.xtec.cat\/institutmartamata\/wp-content\/uploads\/usu281\/2024\/12\/Captura-de-pantalla-2024-12-13-211330-768x541.png 768w, https:\/\/agora.xtec.cat\/institutmartamata\/wp-content\/uploads\/usu281\/2024\/12\/Captura-de-pantalla-2024-12-13-211330-1536x1083.png 1536w, https:\/\/agora.xtec.cat\/institutmartamata\/wp-content\/uploads\/usu281\/2024\/12\/Captura-de-pantalla-2024-12-13-211330.png 1592w\" sizes=\"auto, (max-width: 1024px) 100vw, 1024px\" \/><\/a><\/td>\n<\/tr>\n<tr style=\"height: 58px;\">\n<td style=\"width: 50%; height: 58px; border-style: solid; border-color: #000000;\">\n<h4><a href=\"https:\/\/school-education.ec.europa.eu\/es\/etwinning\/projects\/who-are-we-10\/twinspace\" target=\"_blank\" rel=\"noopener\" data-saferedirecturl=\"https:\/\/www.google.com\/url?q=https:\/\/school-education.ec.europa.eu\/es\/etwinning\/projects\/who-are-we-10\/twinspace&amp;source=gmail&amp;ust=1671637880436000&amp;usg=AOvVaw2hK8KNi0WJHKASna12lmDq\"><span style=\"text-decoration: underline;\">Who are we?\u00a0<\/span><\/a><\/h4>\n<\/td>\n<\/tr>\n<tr style=\"height: 32px;\">\n<td style=\"width: 50%; height: 32px; border-style: solid; border-color: #000000;\">\n<h4><span style=\"text-decoration: underline;\"><a href=\"https:\/\/school-education.ec.europa.eu\/es\/etwinning\/projects\/importance-being-eu-and-sustainable-citizens\/twinspace\" target=\"_blank\" rel=\"noopener\" data-saferedirecturl=\"https:\/\/www.google.com\/url?q=https:\/\/school-education.ec.europa.eu\/es\/etwinning\/projects\/importance-being-eu-and-sustainable-citizens\/twinspace&amp;source=gmail&amp;ust=1671637880436000&amp;usg=AOvVaw3FcV9U93Ki45lPIICgXXhF\">The importance of being a EU and sustainable citizens<\/a><\/span><\/h4>\n<\/td>\n<\/tr>\n<\/tbody>\n<\/table>\n<p style=\"text-align: justify;\">Els projectes estan cofinan\u00e7ats pel programa Erasmus+ de la Uni\u00f3 Europea. El contingut d&#8217;aquesta publicaci\u00f3 \u00e9s responsabilitat exclusiva de l&#8217;Institut Marta Mata i ni la Comissi\u00f3 Europea, ni el Servicio Espa\u00f1ol para la Internacionalizaci\u00f3n de la Educaci\u00f3n (SEPIE) s\u00f3n responsables de l&#8217;\u00fas que pugui fer-se de la informaci\u00f3 aqu\u00ed difosa.<\/p>\n<h2 style=\"text-align: center;\">QU\u00c8 OPINEN ELS NOSTRES ALUMNES DELS PROGRAMES ERASMUS+?<\/h2>\n<p>&nbsp;<\/p>\n<p style=\"text-align: center;\"><a href=\"https:\/\/www.canva.com\/design\/DAGRqeuEJJ8\/LbSGmft4zSzYsLFzwynRug\/watch?utm_content=DAGRqeuEJJ8&amp;utm_campaign=designshare&amp;utm_medium=link&amp;utm_source=editor\" target=\"_blank\" rel=\"noopener\"><img loading=\"lazy\" decoding=\"async\" class=\"alignnone wp-image-17385 \" src=\"https:\/\/agora.xtec.cat\/institutmartamata\/wp-content\/uploads\/usu281\/2024\/10\/Captura-de-pantalla-2024-10-15-230240-1024x571.png\" alt=\"\" width=\"565\" height=\"315\" srcset=\"https:\/\/agora.xtec.cat\/institutmartamata\/wp-content\/uploads\/usu281\/2024\/10\/Captura-de-pantalla-2024-10-15-230240-1024x571.png 1024w, https:\/\/agora.xtec.cat\/institutmartamata\/wp-content\/uploads\/usu281\/2024\/10\/Captura-de-pantalla-2024-10-15-230240-300x167.png 300w, https:\/\/agora.xtec.cat\/institutmartamata\/wp-content\/uploads\/usu281\/2024\/10\/Captura-de-pantalla-2024-10-15-230240-768x428.png 768w, https:\/\/agora.xtec.cat\/institutmartamata\/wp-content\/uploads\/usu281\/2024\/10\/Captura-de-pantalla-2024-10-15-230240-1536x856.png 1536w, https:\/\/agora.xtec.cat\/institutmartamata\/wp-content\/uploads\/usu281\/2024\/10\/Captura-de-pantalla-2024-10-15-230240-2048x1141.png 2048w\" sizes=\"auto, (max-width: 565px) 100vw, 565px\" \/><\/a><\/p>\n<p>&nbsp;<\/p>\n<h5 style=\"text-align: center;\"><img loading=\"lazy\" decoding=\"async\" class=\"aligncenter\" src=\"http:\/\/www.upv.es\/upl\/U0749751.jpg\" width=\"344\" height=\"154\" \/><\/h5>\n<h5><\/h5>\n<h5><\/h5>\n","protected":false},"excerpt":{"rendered":"<p>&nbsp; \u00a0Cliqueu els enlla\u00e7os per con\u00e8ixer els nostres projectes Erasmus &nbsp; Youth for a green Europe (2025-2026) Living Europe (2024-2025) Let&#8217;s be active helping the community (2023-2024) It&#8217;s time for STEAM\u00a0 (2021-2023) Explore, experience, enhance the technologies (2019-2022) Live life, give life\u00a0 (2019-2022) \u00a0Healthier minds, smarter minds (2018-2021) &nbsp; i els nostres projectes eTwinning \u200b [&hellip;]<\/p>\n","protected":false},"author":1,"featured_media":0,"parent":57,"menu_order":80,"comment_status":"closed","ping_status":"closed","template":"","meta":{"_bbp_topic_count":0,"_bbp_reply_count":0,"_bbp_total_topic_count":0,"_bbp_total_reply_count":0,"_bbp_voice_count":0,"_bbp_anonymous_reply_count":0,"_bbp_topic_count_hidden":0,"_bbp_reply_count_hidden":0,"_bbp_forum_subforum_count":0,"site-sidebar-layout":"default","site-content-layout":"","ast-site-content-layout":"default","site-content-style":"default","site-sidebar-style":"default","ast-global-header-display":"","ast-banner-title-visibility":"","ast-main-header-display":"","ast-hfb-above-header-display":"","ast-hfb-below-header-display":"","ast-hfb-mobile-header-display":"","site-post-title":"","ast-breadcrumbs-content":"","ast-featured-img":"","footer-sml-layout":"","theme-transparent-header-meta":"default","adv-header-id-meta":"","stick-header-meta":"","header-above-stick-meta":"","header-main-stick-meta":"","header-below-stick-meta":"","astra-migrate-meta-layouts":"set","ast-page-background-enabled":"default","ast-page-background-meta":{"desktop":{"background-color":"var(--ast-global-color-4)","background-image":"","background-repeat":"repeat","background-position":"center center","background-size":"auto","background-attachment":"scroll","background-type":"","background-media":"","overlay-type":"","overlay-color":"","overlay-opacity":"","overlay-gradient":""},"tablet":{"background-color":"","background-image":"","background-repeat":"repeat","background-position":"center center","background-size":"auto","background-attachment":"scroll","background-type":"","background-media":"","overlay-type":"","overlay-color":"","overlay-opacity":"","overlay-gradient":""},"mobile":{"background-color":"","background-image":"","background-repeat":"repeat","background-position":"center center","background-size":"auto","background-attachment":"scroll","background-type":"","background-media":"","overlay-type":"","overlay-color":"","overlay-opacity":"","overlay-gradient":""}},"ast-content-background-meta":{"desktop":{"background-color":"var(--ast-global-color-5)","background-image":"","background-repeat":"repeat","background-position":"center center","background-size":"auto","background-attachment":"scroll","background-type":"","background-media":"","overlay-type":"","overlay-color":"","overlay-opacity":"","overlay-gradient":""},"tablet":{"background-color":"var(--ast-global-color-5)","background-image":"","background-repeat":"repeat","background-position":"center center","background-size":"auto","background-attachment":"scroll","background-type":"","background-media":"","overlay-type":"","overlay-color":"","overlay-opacity":"","overlay-gradient":""},"mobile":{"background-color":"var(--ast-global-color-5)","background-image":"","background-repeat":"repeat","background-position":"center center","background-size":"auto","background-attachment":"scroll","background-type":"","background-media":"","overlay-type":"","overlay-color":"","overlay-opacity":"","overlay-gradient":""}},"footnotes":""},"class_list":["post-3246","page","type-page","status-publish","hentry"],"post_mailing_queue_ids":[],"_links":{"self":[{"href":"https:\/\/agora.xtec.cat\/institutmartamata\/wp-json\/wp\/v2\/pages\/3246","targetHints":{"allow":["GET"]}}],"collection":[{"href":"https:\/\/agora.xtec.cat\/institutmartamata\/wp-json\/wp\/v2\/pages"}],"about":[{"href":"https:\/\/agora.xtec.cat\/institutmartamata\/wp-json\/wp\/v2\/types\/page"}],"author":[{"embeddable":true,"href":"https:\/\/agora.xtec.cat\/institutmartamata\/wp-json\/wp\/v2\/users\/1"}],"replies":[{"embeddable":true,"href":"https:\/\/agora.xtec.cat\/institutmartamata\/wp-json\/wp\/v2\/comments?post=3246"}],"version-history":[{"count":8,"href":"https:\/\/agora.xtec.cat\/institutmartamata\/wp-json\/wp\/v2\/pages\/3246\/revisions"}],"predecessor-version":[{"id":20106,"href":"https:\/\/agora.xtec.cat\/institutmartamata\/wp-json\/wp\/v2\/pages\/3246\/revisions\/20106"}],"up":[{"embeddable":true,"href":"https:\/\/agora.xtec.cat\/institutmartamata\/wp-json\/wp\/v2\/pages\/57"}],"wp:attachment":[{"href":"https:\/\/agora.xtec.cat\/institutmartamata\/wp-json\/wp\/v2\/media?parent=3246"}],"curies":[{"name":"wp","href":"https:\/\/api.w.org\/{rel}","templated":true}]}}