{"id":324,"date":"2015-03-12T18:16:50","date_gmt":"2015-03-12T17:16:50","guid":{"rendered":"http:\/\/agora.xtec.cat\/institutmartamata\/?page_id=324"},"modified":"2025-02-16T21:06:23","modified_gmt":"2025-02-16T20:06:23","slug":"revista","status":"publish","type":"page","link":"https:\/\/agora.xtec.cat\/institutmartamata\/projecte-educatiu\/revista\/","title":{"rendered":"Revista"},"content":{"rendered":"<p>Cliqueu l&#8217;enlla\u00e7 per accedir al contingut\u00a0 de la revista digital de l&#8217;Institut Marta Mata: el Marta Mata Salou Report o en la seva forma abreujada el M&amp;M Salou Report.<\/p>\n<p style=\"text-align: center;\"><a href=\"http:\/\/Martamatasalou.junior-report.media\" target=\"_blank\" rel=\"noopener noreferrer\">M&amp;M Salou Report<\/a><\/p>\n<p>Aquesta nova revista forma part del\u00a0 projecte RED que portem a terme amb el grup Junior Report dins la mat\u00e8ria optativa de 3r d&#8217;ESO La Revista i est\u00e0 assessorada per periodistes professionals. El projecte compta amb el suport del diari La Vanguardia i empreses i institucions educatives com Acer for Education, Microsoft, Cloudalia educaci\u00f3n, URL Blanquerna, LCI Barcelona, Trinity College London i la fundaci\u00f3 Tr@ms. Est\u00e0 subvencionat pel <strong>FONS EDUCATIU DE SALOU.<\/strong><\/p>\n<p>Els mitjans de comunicaci\u00f3\u00a0<a href=\"https:\/\/l.facebook.com\/l.php?u=https%3A%2F%2Fwww.google.es%2Famp%2Fs%2Fwww.lavanguardia.com%2Fvida%2Fjunior-report%2F20200728%2F482570027082%2Ftres-centros-de-tarragona-participaran-en-el-proyecto-red-de-junior-report.html%253ffacet%3Damp%3Ffbclid%3DIwAR3WEHhBt3bfSWaNPqdoSYTQIg5fZehIUE2mxa_pIGax5E08CULMUuolTtY&amp;h=AT1USTtk0brAitK8geByyfpzgpo7ws0RZWu8dUd84Rkoe41XFIHs6HW69dK7h9JVdZCZMNs2M8SYhrGDhGbNU_FOeJXkaIdsRSbH3oou3ZeYb3cbfpM8RvfPuuwFPvUaHeIP&amp;__tn__=-UK-R&amp;c[0]=AT34tpJOS05X60Y4ji89iIqMgAb1LYa-u0xaiGjTM2zDgqI8QgZjCbQkKnl6H84QB6ejzWjylcYxnbnyW2TqUhEf2rp9of8NUSu6joKXHAyKYFi9OMloSCdIglRCjfCK3O8xIoxF-DD3m4IOOra7TzgfPaK8a2w3gelCfvc7r0IkdqsJrHrmOZ-_koew_go\" target=\"_blank\" rel=\"noopener noreferrer\">La Vangu\u00e0rdia<\/a>,\u00a0<a href=\"https:\/\/www.publico.es\/public\/uns-2000-estudiants-participaran-xarxa-revistes-escolars.html\" target=\"_blank\" rel=\"noopener noreferrer\">P\u00fablico<\/a>,\u00a0<a href=\"https:\/\/www.europapress.es\/catalunya\/noticia-2000-estudiantes-participaran-red-revistas-escolares-20200729130601.html\" target=\"_blank\" rel=\"noopener noreferrer\">El Economista<\/a> i\u00a0<a href=\"https:\/\/www.eleconomista.es\/ecoaula\/noticias\/10695113\/07\/20\/Unos-2000-estudiantes-participaran-en-una-red-de-revistas-escolares.html\" target=\"_blank\" rel=\"noopener noreferrer\">Europa Press<\/a> es fan ress\u00f3 de la participaci\u00f3 de l&#8217;Institut en aquest projecte un curs m\u00e9s.<\/p>\n<p>Tota la comunitat educativa de l&#8217;institut podeu col\u00b7laborar-hi mitjan\u00e7ant articles d&#8217;opini\u00f3 i\/o suggeriments que podeu fer arribar\u00a0 a martamatareport@gmail.com o a la b\u00fastia &#8220;La veu del Marta&#8221; que trobareu a la biblioteca.<\/p>\n<p>Esperem\u00a0 que us agradi molt i \u00a0que la seguiu setmana a setmana. Tamb\u00e9 a @martamatareport.<\/p>\n<p><a href=\"https:\/\/agora.xtec.cat\/institutmartamata\/wp-content\/uploads\/usu281\/2025\/02\/IMG_2579-scaled-1.jpg\"><img loading=\"lazy\" decoding=\"async\" class=\"alignnone size-large wp-image-17953\" src=\"https:\/\/agora.xtec.cat\/institutmartamata\/wp-content\/uploads\/usu281\/2025\/02\/IMG_2579-scaled-1-1024x768.jpg\" alt=\"\" width=\"1024\" height=\"768\" srcset=\"https:\/\/agora.xtec.cat\/institutmartamata\/wp-content\/uploads\/usu281\/2025\/02\/IMG_2579-scaled-1-1024x768.jpg 1024w, https:\/\/agora.xtec.cat\/institutmartamata\/wp-content\/uploads\/usu281\/2025\/02\/IMG_2579-scaled-1-300x225.jpg 300w, https:\/\/agora.xtec.cat\/institutmartamata\/wp-content\/uploads\/usu281\/2025\/02\/IMG_2579-scaled-1-768x576.jpg 768w, https:\/\/agora.xtec.cat\/institutmartamata\/wp-content\/uploads\/usu281\/2025\/02\/IMG_2579-scaled-1-1536x1152.jpg 1536w, https:\/\/agora.xtec.cat\/institutmartamata\/wp-content\/uploads\/usu281\/2025\/02\/IMG_2579-scaled-1-2048x1536.jpg 2048w, https:\/\/agora.xtec.cat\/institutmartamata\/wp-content\/uploads\/usu281\/2025\/02\/IMG_2579-scaled-1-200x150.jpg 200w\" sizes=\"auto, (max-width: 1024px) 100vw, 1024px\" \/><\/a><\/p>\n<div><\/div>\n<p style=\"text-align: center;\">L\u2019equip de redacci\u00f3 24-25<\/p>\n","protected":false},"excerpt":{"rendered":"<p>Cliqueu l&#8217;enlla\u00e7 per accedir al contingut\u00a0 de la revista digital de l&#8217;Institut Marta Mata: el Marta Mata Salou Report o en la seva forma abreujada el M&amp;M Salou Report. M&amp;M Salou Report Aquesta nova revista forma part del\u00a0 projecte RED que portem a terme amb el grup Junior Report dins la mat\u00e8ria optativa de 3r [&hellip;]<\/p>\n","protected":false},"author":1,"featured_media":0,"parent":57,"menu_order":40,"comment_status":"closed","ping_status":"closed","template":"page-templates\/side-menu.php","meta":{"_bbp_topic_count":0,"_bbp_reply_count":0,"_bbp_total_topic_count":0,"_bbp_total_reply_count":0,"_bbp_voice_count":0,"_bbp_anonymous_reply_count":0,"_bbp_topic_count_hidden":0,"_bbp_reply_count_hidden":0,"_bbp_forum_subforum_count":0,"site-sidebar-layout":"default","site-content-layout":"","ast-site-content-layout":"","site-content-style":"default","site-sidebar-style":"default","ast-global-header-display":"","ast-banner-title-visibility":"","ast-main-header-display":"","ast-hfb-above-header-display":"","ast-hfb-below-header-display":"","ast-hfb-mobile-header-display":"","site-post-title":"","ast-breadcrumbs-content":"","ast-featured-img":"","footer-sml-layout":"","theme-transparent-header-meta":"","adv-header-id-meta":"","stick-header-meta":"","header-above-stick-meta":"","header-main-stick-meta":"","header-below-stick-meta":"","astra-migrate-meta-layouts":"default","ast-page-background-enabled":"default","ast-page-background-meta":{"desktop":{"background-color":"var(--ast-global-color-4)","background-image":"","background-repeat":"repeat","background-position":"center center","background-size":"auto","background-attachment":"scroll","background-type":"","background-media":"","overlay-type":"","overlay-color":"","overlay-opacity":"","overlay-gradient":""},"tablet":{"background-color":"","background-image":"","background-repeat":"repeat","background-position":"center center","background-size":"auto","background-attachment":"scroll","background-type":"","background-media":"","overlay-type":"","overlay-color":"","overlay-opacity":"","overlay-gradient":""},"mobile":{"background-color":"","background-image":"","background-repeat":"repeat","background-position":"center center","background-size":"auto","background-attachment":"scroll","background-type":"","background-media":"","overlay-type":"","overlay-color":"","overlay-opacity":"","overlay-gradient":""}},"ast-content-background-meta":{"desktop":{"background-color":"var(--ast-global-color-5)","background-image":"","background-repeat":"repeat","background-position":"center center","background-size":"auto","background-attachment":"scroll","background-type":"","background-media":"","overlay-type":"","overlay-color":"","overlay-opacity":"","overlay-gradient":""},"tablet":{"background-color":"var(--ast-global-color-5)","background-image":"","background-repeat":"repeat","background-position":"center center","background-size":"auto","background-attachment":"scroll","background-type":"","background-media":"","overlay-type":"","overlay-color":"","overlay-opacity":"","overlay-gradient":""},"mobile":{"background-color":"var(--ast-global-color-5)","background-image":"","background-repeat":"repeat","background-position":"center center","background-size":"auto","background-attachment":"scroll","background-type":"","background-media":"","overlay-type":"","overlay-color":"","overlay-opacity":"","overlay-gradient":""}},"footnotes":""},"class_list":["post-324","page","type-page","status-publish","hentry"],"post_mailing_queue_ids":[],"_links":{"self":[{"href":"https:\/\/agora.xtec.cat\/institutmartamata\/wp-json\/wp\/v2\/pages\/324","targetHints":{"allow":["GET"]}}],"collection":[{"href":"https:\/\/agora.xtec.cat\/institutmartamata\/wp-json\/wp\/v2\/pages"}],"about":[{"href":"https:\/\/agora.xtec.cat\/institutmartamata\/wp-json\/wp\/v2\/types\/page"}],"author":[{"embeddable":true,"href":"https:\/\/agora.xtec.cat\/institutmartamata\/wp-json\/wp\/v2\/users\/1"}],"replies":[{"embeddable":true,"href":"https:\/\/agora.xtec.cat\/institutmartamata\/wp-json\/wp\/v2\/comments?post=324"}],"version-history":[{"count":5,"href":"https:\/\/agora.xtec.cat\/institutmartamata\/wp-json\/wp\/v2\/pages\/324\/revisions"}],"predecessor-version":[{"id":17954,"href":"https:\/\/agora.xtec.cat\/institutmartamata\/wp-json\/wp\/v2\/pages\/324\/revisions\/17954"}],"up":[{"embeddable":true,"href":"https:\/\/agora.xtec.cat\/institutmartamata\/wp-json\/wp\/v2\/pages\/57"}],"wp:attachment":[{"href":"https:\/\/agora.xtec.cat\/institutmartamata\/wp-json\/wp\/v2\/media?parent=324"}],"curies":[{"name":"wp","href":"https:\/\/api.w.org\/{rel}","templated":true}]}}