{"id":27,"date":"2014-09-17T16:24:03","date_gmt":"2014-09-17T14:24:03","guid":{"rendered":"http:\/\/agora.xtec.cat\/institutmartamata\/\/?page_id=27"},"modified":"2026-04-11T17:27:56","modified_gmt":"2026-04-11T15:27:56","slug":"historia","status":"publish","type":"page","link":"https:\/\/agora.xtec.cat\/institutmartamata\/linstitut\/historia\/","title":{"rendered":"Hist\u00f2ria"},"content":{"rendered":"\n<p><span lang=\"CA\" style=\"margin: 0px; color: #222222; font-family: 'Helvetica',sans-serif; font-size: 12pt;\">L&#8217;Institut Marta Mata&nbsp;de Salou va ser creat per fer front al gran augment d\u2019alumnat a la capital de la Costa Daurada. Va obrir les portes el curs 2007\/08 i va ser inaugurat&nbsp;el 19 de setembre pel Conseller d\u2019Educaci\u00f3, l\u2019honorable Sr. Ernest Maragall.<\/span><\/p>\n\n\n\n<h3 class=\"wp-block-heading\">&nbsp;Qui era Marta Mata?<\/h3>\n\n\n\n<div class=\"wp-block-media-text is-stacked-on-mobile\"><figure class=\"wp-block-media-text__media\"><img loading=\"lazy\" decoding=\"async\" width=\"600\" height=\"386\" src=\"https:\/\/agora.xtec.cat\/institutmartamata\/wp-content\/uploads\/usu281\/2014\/09\/Marta-Mata.jpg\" alt=\"\" class=\"wp-image-1054 size-full\" srcset=\"https:\/\/agora.xtec.cat\/institutmartamata\/wp-content\/uploads\/usu281\/2014\/09\/Marta-Mata.jpg 600w, https:\/\/agora.xtec.cat\/institutmartamata\/wp-content\/uploads\/usu281\/2014\/09\/Marta-Mata-300x193.jpg 300w\" sizes=\"auto, (max-width: 600px) 100vw, 600px\" \/><\/figure><div class=\"wp-block-media-text__content\">\n<p><span lang=\"CA\" style=\"margin: 0px; color: #222222; font-family: 'Helvetica',sans-serif; font-size: 12pt;\">Marta Mata i Garriga\u00a0(Saifores 22 de juny de\u00a01926-Barcelona 27 de juny de\u00a02006) fou una\u00a0pedagoga,\u00a0diputada i\u00a0senadora socialista i presidenta del\u00a0Consell Escolar de l\u2019Estat.<\/span><\/p>\n<\/div><\/div>\n\n\n\n<p><\/p>\n\n\n\n<p><span lang=\"CA\" style=\"margin: 0px; color: #222222; font-family: 'Helvetica',sans-serif; font-size: 12pt;\">Marta Mata era filla d\u2019una altra il\u00b7lustre pedagoga catalana,&nbsp;\u00c0ngels Garriga, que la va influenciar molt en la seva vida professional. Llicenciada en filosofia i lletres, va ser cofundadora de l\u2019<a title=\"Associaci\u00f3 de Mestres Rosa Sensat\" href=\"http:\/\/ca.wikipedia.org\/wiki\/Associaci%C3%B3_de_Mestres_Rosa_Sensat\"><u>Associaci\u00f3 de Mestres Rosa Sensat<\/u><\/a>&nbsp;el&nbsp;1965, que va propiciar la renovaci\u00f3 pedag\u00f2gica amb el restabliment de la democr\u00e0cia a&nbsp;Espanya. M\u00e9s endavant, participa en la creaci\u00f3 de l\u2019Institut de Ci\u00e8ncies de l&#8217;Educaci\u00f3&nbsp;(ICE) de la&nbsp;Universitat Aut\u00f2noma de Barcelona&nbsp;(1971) i, l\u2019any seg\u00fcent, en l\u2019inici de l\u2019Escola de Mestres de la mateixa universitat on imparteix diversos cursos de Did\u00e0ctica de la Llengua i de Pedagogia. A partir d\u2019aquell moment desplega un extens programa d\u2019investigaci\u00f3 sobre l\u2019ensenyament de la llengua catalana.<\/span><\/p>\n\n\n\n<p><span lang=\"CA\" style=\"margin: 0px; color: #222222; font-family: 'Helvetica',sans-serif; font-size: 12pt;\">Les seves publicacions en el camp de la pedagogia s\u00f3n molt nombroses. A banda dels llibres d\u2019exercicis i de did\u00e0ctica de la fon\u00e8tica, la lectura i l\u2019escriptura, crea o adapta contes infantils, i escriu multitud d\u2019articles de pedagogia i de pol\u00edtica educativa en peri\u00f2dics i revistes com&nbsp;<i>Cuadernos de Pedagogia<\/i>,&nbsp;<i>Perspectiva escolar<\/i>\u2014impulsada per ella mateixa el1974\u2014 o <i>Inf\u00e0ncia<\/i>, en qu\u00e8 escriu editorials i guions tem\u00e0tics en els respectius consells de redacci\u00f3. \u00c9s directora pedag\u00f2gica de les col\u00b7leccions \u201cDesplega Vela\u201d,&nbsp; \u201cLa Galera d\u2019Or\u201d, \u201cEls Llibres dels Colors\u201d, \u201cNous Horitzons\u201d, \u201cLa Ruta del Sol\u201d (totes de l\u2019editorial La Galera), \u201cLa Clau de \u201cRosa Sensat\u201d&#8221; (Onda) i \u201cRondalles de&nbsp;Menorca\u201d. A m\u00e9s a m\u00e9s era assessora d\u2019altres editorials com Teide i Vicens-Vives o la revista&nbsp;<i>Cavall Fort<\/i>, aix\u00ed com de diverses col\u00b7leccions o llibres de caire educatiu. Entre les seves publicacions de caire pol\u00edtic cal destacar la declaraci\u00f3 \u201cPer una Nova Escola P\u00fablica\u201d de&nbsp;1975.<\/span><\/p>\n\n\n\n<p><span lang=\"CA\" style=\"margin: 0px; color: #222222; font-family: 'Helvetica',sans-serif; font-size: 12pt;\">Entre les nombroses distincions rebudes, destaquen la medalla d\u2019Alfons X el Savi (1990), la medalla d\u2019Or de Barcelona al M\u00e8rit Cient\u00edfic (1997) i la&nbsp;Creu de Sant Jordi (1997) de la&nbsp;Generalitat de Catalunya. L\u2019any&nbsp;1999 \u00e9s nomenada doctora honoris causa per la&nbsp;UAB, distinci\u00f3 que posa en relleu la seva tasca com a pedagoga, la lluita per la recuperaci\u00f3 de la mem\u00f2ria hist\u00f2rica educativa a Catalunya despr\u00e9s de la guerra civil i la defensa de l\u2019escola p\u00fablica, democr\u00e0tica i catalana. El&nbsp;2000 i en representaci\u00f3 de l\u2019Escola de Mestres Rosa Sensat, recull el XX\u00e8 Premi per la Pau, i el&nbsp;2002, el premi Ramon Fuster.<\/span><\/p>\n\n\n\n<p><span lang=\"CA\" style=\"margin: 0px; color: #222222; font-family: 'Helvetica',sans-serif; font-size: 12pt;\">L&#8217;Institut Marta Mata&nbsp;de Salou va ser creat per fer front al gran augment d\u2019alumnat a la capital de la Costa Daurada. Va obrir les portes el curs 2007\/08 i va ser inaugurat&nbsp;el 19 de setembre pel Conseller d\u2019Educaci\u00f3, l\u2019honorable Sr. Ernest Maragall.<\/span><\/p>\n","protected":false},"excerpt":{"rendered":"<p>L&#8217;Institut Marta Mata&nbsp;de Salou va ser creat per fer front al gran augment d\u2019alumnat a la capital de la Costa Daurada. Va obrir les portes el curs 2007\/08 i va ser inaugurat&nbsp;el 19 de setembre pel Conseller d\u2019Educaci\u00f3, l\u2019honorable Sr. Ernest Maragall. &nbsp;Qui era Marta Mata? Marta Mata i Garriga\u00a0(Saifores 22 de juny de\u00a01926-Barcelona 27 [&hellip;]<\/p>\n","protected":false},"author":1,"featured_media":0,"parent":19,"menu_order":20,"comment_status":"closed","ping_status":"closed","template":"","meta":{"_bbp_topic_count":0,"_bbp_reply_count":0,"_bbp_total_topic_count":0,"_bbp_total_reply_count":0,"_bbp_voice_count":0,"_bbp_anonymous_reply_count":0,"_bbp_topic_count_hidden":0,"_bbp_reply_count_hidden":0,"_bbp_forum_subforum_count":0,"site-sidebar-layout":"default","site-content-layout":"","ast-site-content-layout":"default","site-content-style":"default","site-sidebar-style":"default","ast-global-header-display":"","ast-banner-title-visibility":"","ast-main-header-display":"","ast-hfb-above-header-display":"","ast-hfb-below-header-display":"","ast-hfb-mobile-header-display":"","site-post-title":"","ast-breadcrumbs-content":"","ast-featured-img":"","footer-sml-layout":"","theme-transparent-header-meta":"","adv-header-id-meta":"","stick-header-meta":"","header-above-stick-meta":"","header-main-stick-meta":"","header-below-stick-meta":"","astra-migrate-meta-layouts":"set","ast-page-background-enabled":"default","ast-page-background-meta":{"desktop":{"background-color":"var(--ast-global-color-4)","background-image":"","background-repeat":"repeat","background-position":"center center","background-size":"auto","background-attachment":"scroll","background-type":"","background-media":"","overlay-type":"","overlay-color":"","overlay-opacity":"","overlay-gradient":""},"tablet":{"background-color":"","background-image":"","background-repeat":"repeat","background-position":"center center","background-size":"auto","background-attachment":"scroll","background-type":"","background-media":"","overlay-type":"","overlay-color":"","overlay-opacity":"","overlay-gradient":""},"mobile":{"background-color":"","background-image":"","background-repeat":"repeat","background-position":"center center","background-size":"auto","background-attachment":"scroll","background-type":"","background-media":"","overlay-type":"","overlay-color":"","overlay-opacity":"","overlay-gradient":""}},"ast-content-background-meta":{"desktop":{"background-color":"var(--ast-global-color-5)","background-image":"","background-repeat":"repeat","background-position":"center center","background-size":"auto","background-attachment":"scroll","background-type":"","background-media":"","overlay-type":"","overlay-color":"","overlay-opacity":"","overlay-gradient":""},"tablet":{"background-color":"var(--ast-global-color-5)","background-image":"","background-repeat":"repeat","background-position":"center center","background-size":"auto","background-attachment":"scroll","background-type":"","background-media":"","overlay-type":"","overlay-color":"","overlay-opacity":"","overlay-gradient":""},"mobile":{"background-color":"var(--ast-global-color-5)","background-image":"","background-repeat":"repeat","background-position":"center center","background-size":"auto","background-attachment":"scroll","background-type":"","background-media":"","overlay-type":"","overlay-color":"","overlay-opacity":"","overlay-gradient":""}},"footnotes":""},"class_list":["post-27","page","type-page","status-publish","hentry"],"post_mailing_queue_ids":[],"_links":{"self":[{"href":"https:\/\/agora.xtec.cat\/institutmartamata\/wp-json\/wp\/v2\/pages\/27","targetHints":{"allow":["GET"]}}],"collection":[{"href":"https:\/\/agora.xtec.cat\/institutmartamata\/wp-json\/wp\/v2\/pages"}],"about":[{"href":"https:\/\/agora.xtec.cat\/institutmartamata\/wp-json\/wp\/v2\/types\/page"}],"author":[{"embeddable":true,"href":"https:\/\/agora.xtec.cat\/institutmartamata\/wp-json\/wp\/v2\/users\/1"}],"replies":[{"embeddable":true,"href":"https:\/\/agora.xtec.cat\/institutmartamata\/wp-json\/wp\/v2\/comments?post=27"}],"version-history":[{"count":6,"href":"https:\/\/agora.xtec.cat\/institutmartamata\/wp-json\/wp\/v2\/pages\/27\/revisions"}],"predecessor-version":[{"id":20221,"href":"https:\/\/agora.xtec.cat\/institutmartamata\/wp-json\/wp\/v2\/pages\/27\/revisions\/20221"}],"up":[{"embeddable":true,"href":"https:\/\/agora.xtec.cat\/institutmartamata\/wp-json\/wp\/v2\/pages\/19"}],"wp:attachment":[{"href":"https:\/\/agora.xtec.cat\/institutmartamata\/wp-json\/wp\/v2\/media?parent=27"}],"curies":[{"name":"wp","href":"https:\/\/api.w.org\/{rel}","templated":true}]}}