{"id":2613,"date":"2018-01-14T23:19:14","date_gmt":"2018-01-14T22:19:14","guid":{"rendered":"http:\/\/agora.xtec.cat\/institutmartamata\/?page_id=2613"},"modified":"2020-03-09T22:43:20","modified_gmt":"2020-03-09T21:43:20","slug":"aquiproubullying","status":"publish","type":"page","link":"https:\/\/agora.xtec.cat\/institutmartamata\/projecte-educatiu\/aquiproubullying\/","title":{"rendered":"#aquiproubullying"},"content":{"rendered":"<p><img loading=\"lazy\" decoding=\"async\" class=\"size-full wp-image-2587 alignleft\" src=\"http:\/\/agora.xtec.cat\/institutmartamata\/wp-content\/uploads\/usu281\/2014\/09\/aquiproubullyuing.jpg\" alt=\"\" width=\"374\" height=\"226\" srcset=\"https:\/\/agora.xtec.cat\/institutmartamata\/wp-content\/uploads\/usu281\/2014\/09\/aquiproubullyuing.jpg 374w, https:\/\/agora.xtec.cat\/institutmartamata\/wp-content\/uploads\/usu281\/2014\/09\/aquiproubullyuing-300x181.jpg 300w\" sizes=\"auto, (max-width: 374px) 100vw, 374px\" \/><b>Programa d&#8217;innovaci\u00f3 del Departament d&#8217;Educaci\u00f3 <a href=\"http:\/\/xtec.gencat.cat\/ca\/centres\/projeducatiu\/convivencia\/aquiproubullying\/\">#aquiproubullying<\/a>.<\/b><\/p>\n<p><b><\/b>El programa posa a l&#8217;abast dels centres la formaci\u00f3, estrat\u00e8gies i recursos necessaris per elaborar un projecte de prevenci\u00f3, detecci\u00f3 i intervenci\u00f3 davant l&#8217;assetjament amb la participaci\u00f3 de tota la comunitat escolar, especialment de l&#8217;alumnat qui actuar\u00e0\u00a0 com observador i agent actiu i comprom\u00e8s en la lluita contra l&#8217;assetjament alhora que adquireix les actituds i els valors propis de la compet\u00e8ncia social i ciutadana.<\/p>\n<h3><\/h3>\n<h3><strong>Objectius<\/strong><\/h3>\n<ol>\n<li>Implicar la comunitat escolar davant els casos d&#8217;assetjament.<\/li>\n<li>Potenciar el comprom\u00ed\u00ads actiu de l&#8217;alumnat en la prevenci\u00f3 i detecci\u00f3 dels casos d&#8217;assetjament.<\/li>\n<li>Fomentar la gesti\u00f3 positiva dels conflictes.<\/li>\n<li>Contribuir al desenvolupament personal i social de l&#8217;alumnat.<\/li>\n<\/ol>\n<p>Dins del programa l&#8217;institut forma alumnes mediadors per a la prevenci\u00f3 i resoluci\u00f3 de conflictes entre iguals utilitzant el di\u00e0leg com a eina. La formaci\u00f3 es duu en col\u00b7laboraci\u00f3 amb la polic\u00eda local de Salou durant les hores de tutoria. Aqu\u00ed podeu veure els primers alumnes voluntaris en acabar una de les sessions i el reportatge que TAC12 va fer al respecte.<\/p>\n<h2 style=\"text-align: center;\">L&#8217;institut Marta Mata amb la conviv\u00e8ncia, el di\u00e0leg i la mediaci\u00f3<\/h2>\n<p><a href=\"http:\/\/agora.xtec.cat\/institutmartamata\/wp-content\/uploads\/usu281\/2018\/01\/IMG_3495.jpg\"><img loading=\"lazy\" decoding=\"async\" class=\"alignnone size-large wp-image-2578\" src=\"http:\/\/agora.xtec.cat\/institutmartamata\/wp-content\/uploads\/usu281\/2018\/01\/IMG_3495-1024x768.jpg\" alt=\"\" width=\"1024\" height=\"768\" srcset=\"https:\/\/agora.xtec.cat\/institutmartamata\/wp-content\/uploads\/usu281\/2018\/01\/IMG_3495-1024x768.jpg 1024w, https:\/\/agora.xtec.cat\/institutmartamata\/wp-content\/uploads\/usu281\/2018\/01\/IMG_3495-300x225.jpg 300w, https:\/\/agora.xtec.cat\/institutmartamata\/wp-content\/uploads\/usu281\/2018\/01\/IMG_3495-768x576.jpg 768w, https:\/\/agora.xtec.cat\/institutmartamata\/wp-content\/uploads\/usu281\/2018\/01\/IMG_3495-200x150.jpg 200w\" sizes=\"auto, (max-width: 1024px) 100vw, 1024px\" \/><\/a><\/p>\n<p>&nbsp;<\/p>\n<div class=\"ast-oembed-container \" style=\"height: 100%;\"><iframe loading=\"lazy\" title=\"L&#039;Institut Marta Mata forma alumnes com a mediadors per solucionar problemes com el bullying\" width=\"500\" height=\"281\" src=\"https:\/\/www.youtube.com\/embed\/QDeJ5p9XQy8?feature=oembed\" frameborder=\"0\" allow=\"accelerometer; autoplay; clipboard-write; encrypted-media; gyroscope; picture-in-picture; web-share\" referrerpolicy=\"strict-origin-when-cross-origin\" allowfullscreen><\/iframe><\/div>\n<p>&nbsp;<\/p>\n","protected":false},"excerpt":{"rendered":"<p>Programa d&#8217;innovaci\u00f3 del Departament d&#8217;Educaci\u00f3 #aquiproubullying. El programa posa a l&#8217;abast dels centres la formaci\u00f3, estrat\u00e8gies i recursos necessaris per elaborar un projecte de prevenci\u00f3, detecci\u00f3 i intervenci\u00f3 davant l&#8217;assetjament amb la participaci\u00f3 de tota la comunitat escolar, especialment de l&#8217;alumnat qui actuar\u00e0\u00a0 com observador i agent actiu i comprom\u00e8s en la lluita contra l&#8217;assetjament [&hellip;]<\/p>\n","protected":false},"author":4,"featured_media":0,"parent":57,"menu_order":1,"comment_status":"closed","ping_status":"closed","template":"page-templates\/side-menu.php","meta":{"_bbp_topic_count":0,"_bbp_reply_count":0,"_bbp_total_topic_count":0,"_bbp_total_reply_count":0,"_bbp_voice_count":0,"_bbp_anonymous_reply_count":0,"_bbp_topic_count_hidden":0,"_bbp_reply_count_hidden":0,"_bbp_forum_subforum_count":0,"site-sidebar-layout":"default","site-content-layout":"","ast-site-content-layout":"","site-content-style":"default","site-sidebar-style":"default","ast-global-header-display":"","ast-banner-title-visibility":"","ast-main-header-display":"","ast-hfb-above-header-display":"","ast-hfb-below-header-display":"","ast-hfb-mobile-header-display":"","site-post-title":"","ast-breadcrumbs-content":"","ast-featured-img":"","footer-sml-layout":"","theme-transparent-header-meta":"","adv-header-id-meta":"","stick-header-meta":"","header-above-stick-meta":"","header-main-stick-meta":"","header-below-stick-meta":"","astra-migrate-meta-layouts":"default","ast-page-background-enabled":"default","ast-page-background-meta":{"desktop":{"background-color":"var(--ast-global-color-4)","background-image":"","background-repeat":"repeat","background-position":"center center","background-size":"auto","background-attachment":"scroll","background-type":"","background-media":"","overlay-type":"","overlay-color":"","overlay-opacity":"","overlay-gradient":""},"tablet":{"background-color":"","background-image":"","background-repeat":"repeat","background-position":"center center","background-size":"auto","background-attachment":"scroll","background-type":"","background-media":"","overlay-type":"","overlay-color":"","overlay-opacity":"","overlay-gradient":""},"mobile":{"background-color":"","background-image":"","background-repeat":"repeat","background-position":"center center","background-size":"auto","background-attachment":"scroll","background-type":"","background-media":"","overlay-type":"","overlay-color":"","overlay-opacity":"","overlay-gradient":""}},"ast-content-background-meta":{"desktop":{"background-color":"var(--ast-global-color-5)","background-image":"","background-repeat":"repeat","background-position":"center center","background-size":"auto","background-attachment":"scroll","background-type":"","background-media":"","overlay-type":"","overlay-color":"","overlay-opacity":"","overlay-gradient":""},"tablet":{"background-color":"var(--ast-global-color-5)","background-image":"","background-repeat":"repeat","background-position":"center center","background-size":"auto","background-attachment":"scroll","background-type":"","background-media":"","overlay-type":"","overlay-color":"","overlay-opacity":"","overlay-gradient":""},"mobile":{"background-color":"var(--ast-global-color-5)","background-image":"","background-repeat":"repeat","background-position":"center center","background-size":"auto","background-attachment":"scroll","background-type":"","background-media":"","overlay-type":"","overlay-color":"","overlay-opacity":"","overlay-gradient":""}},"footnotes":""},"class_list":["post-2613","page","type-page","status-publish","hentry"],"post_mailing_queue_ids":[],"_links":{"self":[{"href":"https:\/\/agora.xtec.cat\/institutmartamata\/wp-json\/wp\/v2\/pages\/2613","targetHints":{"allow":["GET"]}}],"collection":[{"href":"https:\/\/agora.xtec.cat\/institutmartamata\/wp-json\/wp\/v2\/pages"}],"about":[{"href":"https:\/\/agora.xtec.cat\/institutmartamata\/wp-json\/wp\/v2\/types\/page"}],"author":[{"embeddable":true,"href":"https:\/\/agora.xtec.cat\/institutmartamata\/wp-json\/wp\/v2\/users\/4"}],"replies":[{"embeddable":true,"href":"https:\/\/agora.xtec.cat\/institutmartamata\/wp-json\/wp\/v2\/comments?post=2613"}],"version-history":[{"count":3,"href":"https:\/\/agora.xtec.cat\/institutmartamata\/wp-json\/wp\/v2\/pages\/2613\/revisions"}],"predecessor-version":[{"id":10157,"href":"https:\/\/agora.xtec.cat\/institutmartamata\/wp-json\/wp\/v2\/pages\/2613\/revisions\/10157"}],"up":[{"embeddable":true,"href":"https:\/\/agora.xtec.cat\/institutmartamata\/wp-json\/wp\/v2\/pages\/57"}],"wp:attachment":[{"href":"https:\/\/agora.xtec.cat\/institutmartamata\/wp-json\/wp\/v2\/media?parent=2613"}],"curies":[{"name":"wp","href":"https:\/\/api.w.org\/{rel}","templated":true}]}}