{"id":19,"date":"2014-09-17T14:56:56","date_gmt":"2014-09-17T12:56:56","guid":{"rendered":"http:\/\/agora.xtec.cat\/institutmartamata\/\/?page_id=19"},"modified":"2019-06-28T20:24:41","modified_gmt":"2019-06-28T18:24:41","slug":"linstitut","status":"publish","type":"page","link":"https:\/\/agora.xtec.cat\/institutmartamata\/linstitut\/","title":{"rendered":"1. L&#8217;INSTITUT"},"content":{"rendered":"<p><span lang=\"CA\" style=\"margin: 0px; color: #222222; font-family: 'Helvetica',sans-serif; font-size: 13.5pt;\">Benvinguts i benvingudes a la web del nostre centre<\/span><\/p>\n<p><span lang=\"CA\" style=\"margin: 0px; color: #222222; font-family: 'Helvetica',sans-serif; font-size: 13.5pt;\">L&#8217;Institut\u00a0Marta Mata\u00a0\u00e9s un centre p\u00fablic de secund\u00e0ria la titularitat del qual correspon al Departament d\u2019Ensenyament de la Generalitat de Catalunya. Acull uns 370 alumnes repartits en estudis d\u2019ESO, Batxillerat (Modalitats de ci\u00e8ncies i tecnologia i ci\u00e8ncies socials i humanitats) i un programa de formaci\u00f3 inicial (PFI) de cuina.<\/span><\/p>\n<p><span lang=\"CA\"><a href=\"http:\/\/agora.xtec.cat\/institutmartamata\/wp-content\/uploads\/usu281\/2016\/11\/foto-carme-moreno-1.jpg\"><img loading=\"lazy\" decoding=\"async\" class=\"wp-image-833 alignleft\" src=\"http:\/\/agora.xtec.cat\/institutmartamata\/wp-content\/uploads\/usu281\/2016\/11\/foto-carme-moreno-1.jpg\" alt=\"foto-carme-moreno\" width=\"149\" height=\"149\" srcset=\"https:\/\/agora.xtec.cat\/institutmartamata\/wp-content\/uploads\/usu281\/2016\/11\/foto-carme-moreno-1.jpg 263w, https:\/\/agora.xtec.cat\/institutmartamata\/wp-content\/uploads\/usu281\/2016\/11\/foto-carme-moreno-1-150x150.jpg 150w\" sizes=\"auto, (max-width: 149px) 100vw, 149px\" \/><\/a><\/span><span lang=\"CA\" style=\"margin: 0px; color: #222222; font-family: 'Helvetica',sans-serif; font-size: 13.5pt;\">\u00a0\u00a0\u00a0\u00a0\u00a0\u00a0\u00a0\u00a0\u00a0\u00a0\u00a0\u00a0\u00a0\u00a0\u00a0 L&#8217;equip directiu est\u00e0 integrat per :<\/span><\/p>\n<p><span lang=\"CA\" style=\"margin: 0px; color: #222222; font-family: 'Helvetica',sans-serif; font-size: 13.5pt;\">\u00a0 \u00a0 \u00a0 \u00a0 \u00a0 \u00a0 \u00a0 \u00a0 DIRECTORA: Carme Moreno Ari\u00f1o.<\/span><\/p>\n<p><span lang=\"CA\" style=\"margin: 0px; color: #222222; font-family: 'Helvetica',sans-serif; font-size: 13.5pt;\">\u00a0 \u00a0 \u00a0 \u00a0 \u00a0 \u00a0 \u00a0 \u00a0 CAP D&#8217;ESTUDIS: N\u00faria Grau Quiroga.<\/span><\/p>\n<p><span lang=\"CA\" style=\"margin: 0px; color: #222222; font-family: 'Helvetica',sans-serif; font-size: 13.5pt;\">\u00a0 \u00a0 \u00a0 \u00a0 \u00a0 \u00a0 \u00a0 \u00a0 SECRETARI: Jordi Ximeno Galeote.<\/span><\/p>\n<p><span lang=\"CA\" style=\"margin: 0px; color: #222222; font-family: 'Helvetica',sans-serif; font-size: 13.5pt;\">\u00a0 \u00a0 \u00a0 \u00a0 \u00a0 \u00a0 \u00a0 \u00a0 \u00a0 \u00a0 \u00a0 \u00a0 \u00a0 \u00a0 \u00a0 \u00a0 \u00a0 \u00a0 \u00a0 \u00a0 \u00a0\u00a0\u00a0\u00a0\u00a0\u00a0\u00a0 \u00a0COORDINADORA PEDAG\u00d2GICA: Belen Velasco Ataz.<\/span><\/p>\n<p><span lang=\"CA\" style=\"margin: 0px; color: #222222; font-family: 'Helvetica',sans-serif; font-size: 13.5pt;\">El nostre institut ent\u00e9n l\u2019educaci\u00f3\u00a0com un proc\u00e9s\u00a0integral\u00a0(no exclusivament instructiu) que es desenvolupa tenint en compte la dimensi\u00f3 individual i social de l\u2019alumnat en \u00e0mbits diversos: intel\u00b7lectual, f\u00edsic, moral, hum\u00e0&#8230;a fi de formar persones competents acad\u00e8micament i social. Ben preparades per afrontar amb \u00e8xit estudis posteriors i la incorporaci\u00f3 al m\u00f3n laboral per\u00f2 tamb\u00e9 educades en valors com la pluralitat, la toler\u00e0ncia, la responsabilitat i l&#8217;esfor\u00e7, valors imprescindibles per viure en comunitat.<\/span><\/p>\n<p><span lang=\"CA\" style=\"margin: 0px; color: #222222; font-family: 'Helvetica',sans-serif; font-size: 13.5pt;\">Som conscients dels canvis que la societat experimenta dels quals el nostre institut no est\u00e0 al marge i volem un centre que ofereixi una educaci\u00f3 de\u00a0qualitat\u00a0adaptada a les necessitats actuals i que respecti els ritmes d&#8217;aprenentatge de cadasc\u00fa. La potenciaci\u00f3 de les lleng\u00fces estrangeres mitjan\u00e7ant la impartici\u00f3 d&#8217;una part d&#8217;algunes mat\u00e8ries en angl\u00e8s, l&#8217;estudi de l&#8217;alemany com a segona llengua estrangera, el foment de l&#8217;\u00fas de les noves tecnologies, el respecte al medi ambient (som escola verda) i el pla d&#8217;atenci\u00f3 a la diversitat en s\u00f3n una mostra.<\/span><\/p>\n<p><span lang=\"CA\" style=\"margin: 0px; color: #222222; font-family: 'Helvetica',sans-serif; font-size: 13.5pt;\">Per aconseguir aquests objectius necessitem la implicaci\u00f3 i la participaci\u00f3 de tots els membres de la comunitat educativa: alumnat, professorat, fam\u00edlies i entitats de l&#8217;entorn\u00a0perqu\u00e8 sovint aprendre exigeix un esfor\u00e7 personal important i implica superar una s\u00e8rie de dificultats que formen part de la formaci\u00f3 integral que pretenem donar a tot el nostre alumnat\u00a0.<\/span><\/p>\n<p><span lang=\"CA\" style=\"margin: 0px; color: #222222; font-family: 'Helvetica',sans-serif; font-size: 13.5pt;\">Aquesta web pret\u00e9n ser un canal de comunicaci\u00f3 que afavoreixi aquesta participaci\u00f3 i una finestra oberta que projecti a l&#8217;exterior la bona feina que es fa portes endins. En ella trobareu informaci\u00f3 sobre el centre, els nostres projectes i serveis, podreu visitar de manera virtual les seves instal\u00b7lacions, saber qui som veient les fotografies de la galeria o con\u00e8ixer les activitats que fem al llarg del curs llegint les not\u00edcies de la p\u00e0gina principal.<\/span><\/p>\n<p><span lang=\"CA\" style=\"margin: 0px; color: #222222; font-family: 'Helvetica',sans-serif; font-size: 13.5pt;\">Per \u00faltim, us animem a contactar amb nosaltres per si teniu alguna consulta o voleu fer-nos arribar algun suggeriment que ens ajudi en el nostre prop\u00f2sit de millora cont\u00ednua. Tenim present que som un equip perqu\u00e8 tal com diu el proverbi afric\u00e0: Per educar cal tota la tribu.<\/span><\/p>\n<p><span lang=\"CA\" style=\"margin: 0px; color: #222222; font-family: 'Helvetica',sans-serif; font-size: 13.5pt;\">Moltes gr\u00e0cies per \u00a0la vostra visita que esperem sigui la primera de moltes altres.<\/span><\/p>\n<p><span lang=\"CA\" style=\"margin: 0px; color: #222222; font-family: 'Helvetica',sans-serif; font-size: 13.5pt;\">Cordialment<\/span><\/p>\n<h5 style=\"text-align: justify;\">Carme Moreno Ari\u00f1o<\/h5>\n<h5 style=\"text-align: justify;\">Directora de l&#8217;INS Marta Mata<\/h5>\n<h5><\/h5>\n<p>&nbsp;<\/p>\n","protected":false},"excerpt":{"rendered":"<p>Benvinguts i benvingudes a la web del nostre centre L&#8217;Institut\u00a0Marta Mata\u00a0\u00e9s un centre p\u00fablic de secund\u00e0ria la titularitat del qual correspon al Departament d\u2019Ensenyament de la Generalitat de Catalunya. Acull uns 370 alumnes repartits en estudis d\u2019ESO, Batxillerat (Modalitats de ci\u00e8ncies i tecnologia i ci\u00e8ncies socials i humanitats) i un programa de formaci\u00f3 inicial (PFI) [&hellip;]<\/p>\n","protected":false},"author":1,"featured_media":0,"parent":0,"menu_order":0,"comment_status":"closed","ping_status":"closed","template":"page-templates\/side-menu.php","meta":{"_bbp_topic_count":0,"_bbp_reply_count":0,"_bbp_total_topic_count":0,"_bbp_total_reply_count":0,"_bbp_voice_count":0,"_bbp_anonymous_reply_count":0,"_bbp_topic_count_hidden":0,"_bbp_reply_count_hidden":0,"_bbp_forum_subforum_count":0,"site-sidebar-layout":"default","site-content-layout":"","ast-site-content-layout":"","site-content-style":"default","site-sidebar-style":"default","ast-global-header-display":"","ast-banner-title-visibility":"","ast-main-header-display":"","ast-hfb-above-header-display":"","ast-hfb-below-header-display":"","ast-hfb-mobile-header-display":"","site-post-title":"","ast-breadcrumbs-content":"","ast-featured-img":"","footer-sml-layout":"","theme-transparent-header-meta":"","adv-header-id-meta":"","stick-header-meta":"","header-above-stick-meta":"","header-main-stick-meta":"","header-below-stick-meta":"","astra-migrate-meta-layouts":"default","ast-page-background-enabled":"default","ast-page-background-meta":{"desktop":{"background-color":"var(--ast-global-color-4)","background-image":"","background-repeat":"repeat","background-position":"center center","background-size":"auto","background-attachment":"scroll","background-type":"","background-media":"","overlay-type":"","overlay-color":"","overlay-opacity":"","overlay-gradient":""},"tablet":{"background-color":"","background-image":"","background-repeat":"repeat","background-position":"center center","background-size":"auto","background-attachment":"scroll","background-type":"","background-media":"","overlay-type":"","overlay-color":"","overlay-opacity":"","overlay-gradient":""},"mobile":{"background-color":"","background-image":"","background-repeat":"repeat","background-position":"center center","background-size":"auto","background-attachment":"scroll","background-type":"","background-media":"","overlay-type":"","overlay-color":"","overlay-opacity":"","overlay-gradient":""}},"ast-content-background-meta":{"desktop":{"background-color":"var(--ast-global-color-5)","background-image":"","background-repeat":"repeat","background-position":"center center","background-size":"auto","background-attachment":"scroll","background-type":"","background-media":"","overlay-type":"","overlay-color":"","overlay-opacity":"","overlay-gradient":""},"tablet":{"background-color":"var(--ast-global-color-5)","background-image":"","background-repeat":"repeat","background-position":"center center","background-size":"auto","background-attachment":"scroll","background-type":"","background-media":"","overlay-type":"","overlay-color":"","overlay-opacity":"","overlay-gradient":""},"mobile":{"background-color":"var(--ast-global-color-5)","background-image":"","background-repeat":"repeat","background-position":"center center","background-size":"auto","background-attachment":"scroll","background-type":"","background-media":"","overlay-type":"","overlay-color":"","overlay-opacity":"","overlay-gradient":""}},"footnotes":""},"class_list":["post-19","page","type-page","status-publish","hentry"],"post_mailing_queue_ids":[],"_links":{"self":[{"href":"https:\/\/agora.xtec.cat\/institutmartamata\/wp-json\/wp\/v2\/pages\/19","targetHints":{"allow":["GET"]}}],"collection":[{"href":"https:\/\/agora.xtec.cat\/institutmartamata\/wp-json\/wp\/v2\/pages"}],"about":[{"href":"https:\/\/agora.xtec.cat\/institutmartamata\/wp-json\/wp\/v2\/types\/page"}],"author":[{"embeddable":true,"href":"https:\/\/agora.xtec.cat\/institutmartamata\/wp-json\/wp\/v2\/users\/1"}],"replies":[{"embeddable":true,"href":"https:\/\/agora.xtec.cat\/institutmartamata\/wp-json\/wp\/v2\/comments?post=19"}],"version-history":[{"count":3,"href":"https:\/\/agora.xtec.cat\/institutmartamata\/wp-json\/wp\/v2\/pages\/19\/revisions"}],"predecessor-version":[{"id":9379,"href":"https:\/\/agora.xtec.cat\/institutmartamata\/wp-json\/wp\/v2\/pages\/19\/revisions\/9379"}],"wp:attachment":[{"href":"https:\/\/agora.xtec.cat\/institutmartamata\/wp-json\/wp\/v2\/media?parent=19"}],"curies":[{"name":"wp","href":"https:\/\/api.w.org\/{rel}","templated":true}]}}