{"id":18821,"date":"2025-06-25T23:59:11","date_gmt":"2025-06-25T21:59:11","guid":{"rendered":"https:\/\/agora.xtec.cat\/institutmartamata\/?page_id=18821"},"modified":"2026-04-09T23:08:09","modified_gmt":"2026-04-09T21:08:09","slug":"preinscripcio-i-matricula-pfi","status":"publish","type":"page","link":"https:\/\/agora.xtec.cat\/institutmartamata\/secretaria\/b-preinscripcio-i-matricula\/preinscripcio-i-matricula-pfi\/","title":{"rendered":"Preinscripcio i matr\u00edcula PFI"},"content":{"rendered":"\n<h4 class=\"wp-block-heading\"><strong><span style=\"color: #ff6600;\">PREINSCRIPCI\u00d3:<br><\/span><\/strong><\/h4>\n\n\n\n<p><span style=\"text-decoration: underline; color: #ff6600;\"><a style=\"color: #ff6600; text-decoration: underline;\" href=\"https:\/\/preinscripcio.gencat.cat\/ca\/estudis\/pfi\/informat\/calendari\/\" target=\"_blank\" rel=\"noopener\">Informaci\u00f3 i pas a pas del proc\u00e9s (cliqueu aqu\u00ed)<\/a><\/span><\/p>\n\n\n\n<p class=\"has-text-align-left\">CALENDARI<\/p>\n\n\n\n<div class=\"wp-block-columns is-layout-flex wp-container-core-columns-is-layout-1 wp-block-columns-is-layout-flex\">\n<div class=\"wp-block-column is-layout-flow wp-block-column-is-layout-flow\" style=\"flex-basis:100%\">\n<figure class=\"wp-block-table  aligncenter\"><table class=\"has-fixed-layout\"><tbody><tr><td><span style=\"text-decoration: underline;\"><strong>Oferta inicial de places (cliqueu aqu\u00ed)<\/strong><\/span><\/td><td>30 d&#8217;abril de 2026<\/td><\/tr><tr><td>Presentaci\u00f3 de sol\u00b7licituds<\/td><td>Del 4 al 13 de maig de 2026<\/td><\/tr><tr><td>Presentaci\u00f3 de documentaci\u00f3<\/td><td>Del 4 al 14 de maig de 2026<\/td><\/tr><tr><td>Entrevistes d&#8217;orientaci\u00f3 i valoraci\u00f3<\/td><td>Del 4 al 26 de maig de 2026<\/td><\/tr><tr><td><strong><span style=\"text-decoration: underline;\">Llistat de sol\u00b7licituds amb puntuaci\u00f3 provisional<\/span> <\/strong><\/td><td>28 de maig de 2026<\/td><\/tr><tr><td>Presentaci\u00f3 de reclamacions<strong><br><\/strong><\/td><td>Del 28 de maig al 3 de juny de 2026<\/td><\/tr><tr><td>Llistat de sol\u00b7licituds un cop resoltes les reclamacions<\/td><td>8 de juny de 2026<\/td><\/tr><tr><td>Sorteig per resoldre les sol\u00b7licituds de preinscripci\u00f3 empatades en punts<\/td><td>8 de juny de 2026<\/td><\/tr><tr><td><strong><span style=\"text-decoration: underline;\">Llistat de sol\u00b7licituds ordenades amb puntuaci\u00f3 definitiva<\/span><\/strong><\/td><td>11 de juny de 2026<\/td><\/tr><tr><td>Ampliaci\u00f3 de peticions de preinscripci\u00f3 per a l&#8217;alumnat sense pla\u00e7a<\/td><td>Del 25 al 29 de juny de 2026<\/td><\/tr><tr><td>Oferta final de places escolars<\/td><td>3 de juliol de 2026<\/td><\/tr><tr><td><strong><span style=\"text-decoration: underline;\">Llistat d&#8217;admesos<\/span><\/strong> i en <span style=\"text-decoration: underline;\"><strong>Llistat d&#8217;espera<\/strong><\/span><\/td><td>3 de juliol de 2026<\/td><\/tr><tr><td>MATR\u00cdCULA AL CENTRE<\/td><td>Del 6 al 10 de juliol de 2026<\/td><\/tr><\/tbody><\/table><\/figure>\n<\/div>\n<\/div>\n\n\n\n<div><hr \/><\/div>\n\n\n\n<div style=\"text-align: left;\"><strong><span style=\"font-size: large;\"><span style=\"text-decoration: underline;\">1. Preinscripci\u00f3 telem\u00e0tica del 4 al 13 de maig de 2026<\/span>.<\/span><\/strong><\/div>\n\n\n\n<div style=\"text-align: center;\">\u00a0<\/div>\n\n\n\n<ul class=\"wp-block-list\">\n<li>Presenta la teva sol\u00b7licitud:\u00a0<span style=\"text-decoration: underline;\"><strong><a data-saferedirecturl=\"https:\/\/www.google.com\/url?q=https:\/\/preinscripcio.gencat.cat\/ca\/estudis\/pfi\/preinscriute\/sollicitud\/&amp;source=gmail&amp;ust=1712731453934000&amp;usg=AOvVaw1rhbo_97RGSSiFv3QIObY7\" href=\"https:\/\/preinscripcio.gencat.cat\/ca\/estudis\/pfi\/preinscriute\/sollicitud\/\" target=\"_blank\" rel=\"noopener\">https:\/\/preinscripcio.gencat.cat\/ca\/estudis\/pfi\/preinscriute\/sollicitud\/<\/a>\u00a0<\/strong><\/span> amb IdCAT m\u00f2bil, clave o certificat digital.<\/li>\n\n\n\n<li>Caldr\u00e0 que tinguis preparat el n\u00famero de RALC.<\/li>\n<\/ul>\n\n\n\n<div>\u00a0<\/div>\n\n\n\n<div><strong><span style=\"text-decoration: underline;\"><span style=\"font-size: large;\">2. Un cop inscrit,\u00a0 et trucarem per a fer una entrevista de selecci\u00f3, haur\u00e0s de portar la documentaci\u00f3:<\/span><\/span><\/strong><\/div>\n\n\n\n<div>\u00a0<\/div>\n\n\n\n<ul class=\"wp-block-list\">\n<li>Entrevista a l&#8217;edifici\u00a0Atena, escola d&#8217;adults de Salou.<\/li>\n\n\n\n<li>La documentaci\u00f3:\n<ul class=\"wp-block-list\">\n<li>Certificat RALC C\u00f2pia sol\u00b7licitud d&#8217;inscripci\u00f3.<\/li>\n\n\n\n<li>Documentaci\u00f3 d&#8217;identitat i targeta sanit\u00e0ria.<\/li>\n\n\n\n<li>Padr\u00f3 i llibre de fam\u00edlia.<\/li>\n<\/ul>\n<\/li>\n<\/ul>\n\n\n\n<div><strong><span style=\"font-size: large;\"><span style=\"text-decoration: underline;\">3. El dia 28 de maig, visita la web de l&#8217;institut Marta Mata,\u00a0 publicarem la llista provisional de sol\u00b7licituds.<\/span><\/span><\/strong><\/div>\n\n\n\n<hr class=\"wp-block-separator has-alpha-channel-opacity\"\/>\n\n\n\n<div>\n<h4><strong><span style=\"font-size: large;\"><span style=\"text-decoration: underline;\"><span style=\"color: #ff6600; text-decoration: underline;\">Seguiment sol\u00b7licitud: <\/span><\/span>\u00a0 <span style=\"text-decoration: underline;\"><a href=\"https:\/\/preinscripcio.gencat.cat\/ca\/estudis\/pfi\/preinscriute\/seguiment-sollicitud\/\" target=\"_blank\" rel=\"noopener\" data-saferedirecturl=\"https:\/\/www.google.com\/url?q=https:\/\/preinscripcio.gencat.cat\/ca\/estudis\/pfi\/preinscriute\/seguiment-sollicitud\/&amp;source=gmail&amp;ust=1751013597520000&amp;usg=AOvVaw3_XEcE3wGt-yRol2yiTjT7\">Fes el seguiment de la teva sol\u00b7licitud.<\/a><br \/><\/span><\/span><\/strong><\/h4>\n<hr \/>\n<div dir=\"ltr\">\u00a0<\/div>\n<h4><strong><span style=\"color: #ff6600;\">MATR\u00cdCULA: Del 6 al 10 de juliol.<\/span><br \/><\/strong><\/h4>\n<p dir=\"ltr\">Un cop s\u2019ha publicat la llista d\u2019alumnes admesos en cada centre, comen\u00e7a el per\u00edode de matriculaci\u00f3 dels alumnes preinscrits amb pla\u00e7a assignada.<\/p>\n<p dir=\"ltr\">Per formalitzar la matr\u00edcula us enviarem un mail i us avisarem al tel\u00e8fon <strong>que h\u00e0giu posat a la sol\u00b7licitud de preinscripci\u00f3<\/strong> per concretar dia, hora i lloc.<\/p>\n<p dir=\"ltr\">Documentaci\u00f3 que cal portar:<\/p>\n<ul>\n<li dir=\"ltr\">\n<p dir=\"ltr\" role=\"presentation\">\u00a0DNI\/NIE\/Passaport.<\/p>\n<\/li>\n<li dir=\"ltr\">\n<p dir=\"ltr\" role=\"presentation\">\u00a0Llibre de fam\u00edlia.<\/p>\n<\/li>\n<li dir=\"ltr\">\n<p dir=\"ltr\" role=\"presentation\">\u00a0Targeta sanit\u00e0ria.<\/p>\n<\/li>\n<\/ul>\n<p dir=\"ltr\">\u00daltim dia per formalitzar la matr\u00edcula el dia 10 de juliol de 2026.<\/p>\n<p dir=\"ltr\"><strong>Molt important: si la matr\u00edcula no es fa en el per\u00edode establert, es considera que es renuncia a la pla\u00e7a adjudicada, llevat que sigui per causes justificades.<\/strong><\/p>\n<h3 style=\"text-align: center;\">\u00a0<strong>CONTACTE I CONSULTES<\/strong><\/h3>\n<h4 style=\"text-align: center;\">Centre de Formaci\u00f3 Permanent Atenea, Avinguda Pau Casals 14, Salou<\/h4>\n<h3 style=\"text-align: center;\">TF: 977352985 ext.3<\/h3>\n<h3 style=\"text-align: center;\"><strong><a href=\"mailto:pfipttsalou@institutmartamata.cat\" target=\"_blank\" rel=\"noopener\">pfipttsalou@institutmartamata.<wbr \/>cat<\/a><\/strong><\/h3>\n<div>\u00a0<\/div>\n<div>\u00a0<\/div>\n<div>\u00a0<\/div>\n<\/div>\n","protected":false},"excerpt":{"rendered":"<p>PREINSCRIPCI\u00d3: Informaci\u00f3 i pas a pas del proc\u00e9s (cliqueu aqu\u00ed) CALENDARI Oferta inicial de places (cliqueu aqu\u00ed) 30 d&#8217;abril de 2026 Presentaci\u00f3 de sol\u00b7licituds Del 4 al 13 de maig de 2026 Presentaci\u00f3 de documentaci\u00f3 Del 4 al 14 de maig de 2026 Entrevistes d&#8217;orientaci\u00f3 i valoraci\u00f3 Del 4 al 26 de maig de 2026 [&hellip;]<\/p>\n","protected":false},"author":4,"featured_media":0,"parent":650,"menu_order":7,"comment_status":"closed","ping_status":"closed","template":"","meta":{"_bbp_topic_count":0,"_bbp_reply_count":0,"_bbp_total_topic_count":0,"_bbp_total_reply_count":0,"_bbp_voice_count":0,"_bbp_anonymous_reply_count":0,"_bbp_topic_count_hidden":0,"_bbp_reply_count_hidden":0,"_bbp_forum_subforum_count":0,"site-sidebar-layout":"default","site-content-layout":"","ast-site-content-layout":"default","site-content-style":"default","site-sidebar-style":"default","ast-global-header-display":"","ast-banner-title-visibility":"","ast-main-header-display":"","ast-hfb-above-header-display":"","ast-hfb-below-header-display":"","ast-hfb-mobile-header-display":"","site-post-title":"","ast-breadcrumbs-content":"","ast-featured-img":"","footer-sml-layout":"","theme-transparent-header-meta":"default","adv-header-id-meta":"","stick-header-meta":"","header-above-stick-meta":"","header-main-stick-meta":"","header-below-stick-meta":"","astra-migrate-meta-layouts":"set","ast-page-background-enabled":"default","ast-page-background-meta":{"desktop":{"background-color":"var(--ast-global-color-4)","background-image":"","background-repeat":"repeat","background-position":"center center","background-size":"auto","background-attachment":"scroll","background-type":"","background-media":"","overlay-type":"","overlay-color":"","overlay-opacity":"","overlay-gradient":""},"tablet":{"background-color":"","background-image":"","background-repeat":"repeat","background-position":"center center","background-size":"auto","background-attachment":"scroll","background-type":"","background-media":"","overlay-type":"","overlay-color":"","overlay-opacity":"","overlay-gradient":""},"mobile":{"background-color":"","background-image":"","background-repeat":"repeat","background-position":"center center","background-size":"auto","background-attachment":"scroll","background-type":"","background-media":"","overlay-type":"","overlay-color":"","overlay-opacity":"","overlay-gradient":""}},"ast-content-background-meta":{"desktop":{"background-color":"var(--ast-global-color-5)","background-image":"","background-repeat":"repeat","background-position":"center center","background-size":"auto","background-attachment":"scroll","background-type":"","background-media":"","overlay-type":"","overlay-color":"","overlay-opacity":"","overlay-gradient":""},"tablet":{"background-color":"var(--ast-global-color-5)","background-image":"","background-repeat":"repeat","background-position":"center center","background-size":"auto","background-attachment":"scroll","background-type":"","background-media":"","overlay-type":"","overlay-color":"","overlay-opacity":"","overlay-gradient":""},"mobile":{"background-color":"var(--ast-global-color-5)","background-image":"","background-repeat":"repeat","background-position":"center center","background-size":"auto","background-attachment":"scroll","background-type":"","background-media":"","overlay-type":"","overlay-color":"","overlay-opacity":"","overlay-gradient":""}},"footnotes":""},"class_list":["post-18821","page","type-page","status-publish","hentry"],"post_mailing_queue_ids":[],"_links":{"self":[{"href":"https:\/\/agora.xtec.cat\/institutmartamata\/wp-json\/wp\/v2\/pages\/18821","targetHints":{"allow":["GET"]}}],"collection":[{"href":"https:\/\/agora.xtec.cat\/institutmartamata\/wp-json\/wp\/v2\/pages"}],"about":[{"href":"https:\/\/agora.xtec.cat\/institutmartamata\/wp-json\/wp\/v2\/types\/page"}],"author":[{"embeddable":true,"href":"https:\/\/agora.xtec.cat\/institutmartamata\/wp-json\/wp\/v2\/users\/4"}],"replies":[{"embeddable":true,"href":"https:\/\/agora.xtec.cat\/institutmartamata\/wp-json\/wp\/v2\/comments?post=18821"}],"version-history":[{"count":6,"href":"https:\/\/agora.xtec.cat\/institutmartamata\/wp-json\/wp\/v2\/pages\/18821\/revisions"}],"predecessor-version":[{"id":20208,"href":"https:\/\/agora.xtec.cat\/institutmartamata\/wp-json\/wp\/v2\/pages\/18821\/revisions\/20208"}],"up":[{"embeddable":true,"href":"https:\/\/agora.xtec.cat\/institutmartamata\/wp-json\/wp\/v2\/pages\/650"}],"wp:attachment":[{"href":"https:\/\/agora.xtec.cat\/institutmartamata\/wp-json\/wp\/v2\/media?parent=18821"}],"curies":[{"name":"wp","href":"https:\/\/api.w.org\/{rel}","templated":true}]}}