{"id":18808,"date":"2025-06-25T22:41:56","date_gmt":"2025-06-25T20:41:56","guid":{"rendered":"https:\/\/agora.xtec.cat\/institutmartamata\/?page_id=18808"},"modified":"2025-07-09T12:10:26","modified_gmt":"2025-07-09T10:10:26","slug":"matricula-cfgm-guia-en-el-medi-natural","status":"publish","type":"page","link":"https:\/\/agora.xtec.cat\/institutmartamata\/secretaria\/b-preinscripcio-i-matricula\/matricula-cfgm-guia-en-el-medi-natural\/","title":{"rendered":"Matr\u00edcula CFGM Guia en el medi natural"},"content":{"rendered":"<div class=\"FW_sPregunta FW_sImpacte\">\n<h4><\/h4>\n<h4 id=\"FW_bloc_4ed92f47-55e7-11e4-aafa-000c29f68999_2\" class=\"FW_ancora\"><strong>Calendari de matr\u00edcula<\/strong><\/h4>\n<p>Alumnes preinscrits pr\u00e8via <strong>confirmaci\u00f3 en l\u00ednia<\/strong> de la pla\u00e7a assignada.<\/p>\n<div class=\"FW_sArticleFoto\">\n<div class=\"FW_sEditPro\">\n<p>1a tanda: de l\u201911 al 23 de juliol de 2025<\/p>\n<p>2a tanda:\u00a0 del 21 al 23 de juliol de 2025<\/p>\n<p>3a tanda: 30 i 31 de juliol\u00a0 i de\u00a0 l\u20191 al 4 de setembre de 2025<\/p>\n<hr \/>\n<h4 id=\"FW_bloc_4ed92f47-55e7-11e4-aafa-000c29f68999_2\" class=\"FW_ancora\"><strong>Procediment presencial: Qu\u00e8 he de fer?<\/strong><\/h4>\n<ul>\n<li style=\"list-style-type: none;\">\n<ul>\n<li>Sol\u00b7licita cita pr\u00e8via amb l\u2019eina de\u00a0<span style=\"text-decoration: underline;\"><strong><a href=\"https:\/\/aplicacions.gestioeducativa.gencat.cat\/ords\/pls\/apex\/f?p=CITA_PREVIA:4::::4:P4_TIPUS_CALENDARI,P4_DOMINI:03_CGM,43010347\" target=\"_blank\" rel=\"noopener noreferrer\">cita pr\u00e8via<\/a><\/strong><\/span> o trucant al 977 35 32 42 en horari de 9 a 13\u202fh.<\/li>\n<\/ul>\n<ul>\n<li>Vine al centre el dia acordat a l\u2019hora donada per fer la matr\u00edcula amb la documentaci\u00f3 demanada per a poder-la escanejar o fotocopiar i, els documents, si pot ser,\u00a0 emplenats des de casa.<\/li>\n<\/ul>\n<\/li>\n<\/ul>\n<hr \/>\n<\/div>\n<\/div>\n<\/div>\n<h4 id=\"FW_bloc_4ed92f47-55e7-11e4-aafa-000c29f68999_2\" class=\"FW_ancora\"><strong>Documentaci\u00f3 que cal presentar per formalitzar la matr\u00edcula<br \/>\n<\/strong><\/h4>\n<ul>\n<li>Una fotografia mida carnet amb el nom escrit al darrere.<\/li>\n<li><strong><span style=\"text-decoration: underline;\"><a href=\"https:\/\/drive.google.com\/file\/d\/19Kk-Wp9KZUsICKpT_GFrPF3NPfKThpbO\/view?usp=sharing\" target=\"_blank\" rel=\"noopener\">Impr\u00e8s de matr\u00edcula.<\/a><\/span><\/strong><\/li>\n<li><strong><span style=\"text-decoration: underline;\"><a href=\"https:\/\/drive.google.com\/file\/d\/1Eu4CblG5S-LI2RvyglBCGtfoRD3usyLc\/view?usp=sharing\" target=\"_blank\" rel=\"noopener\">Autoritzacio drets imatge majors de 14 anys<\/a><\/span><\/strong><\/li>\n<li><strong><span style=\"text-decoration: underline;\"><a href=\"https:\/\/drive.google.com\/file\/d\/1bC7guMxOkoSKY-PnoAooeQQAzcf2-AoK\/view?usp=sharing\" target=\"_blank\" rel=\"noopener\">Comunicaci\u00f3 \u00fas de recursos digitals majors 14 anys<\/a> (nom\u00e9s alumnat menor de 18 anys)<\/span><\/strong><\/li>\n<li>Cal portar un \u201c<strong>CERTIFICAT M\u00c8DIC OFICIAL<\/strong>\u201d (impr\u00e8s disponible a estancs). Haur\u00e0 de constar el text: \u201cl\u2019alumne\/a &#8230;&#8230;&#8230;&#8230;&#8230;&#8230;&#8230;&#8230;. est\u00e0 capacitat per a fer les activitats f\u00edsiques i esportives, del cicle de grau mitj\u00e0 de Guia en el medi natural i de temps de lleure\u201d.<br \/>\n<span style=\"color: #ff0000;\"><strong>Aquest certificat es pot lliurar al tutor\/a al setembre, al comen\u00e7ament de curs. \u00c9s requisit indispensable per a incorporar-se a les classes.<\/strong><\/span><\/li>\n<li>Resguard del pagament\u00a0 del curs\u00a0 mitjan\u00e7ant transfer\u00e8ncia banc\u00e0ria al n\u00famero de compte corrent <strong><strong>ES11 2100 9046 9102 0009 5097.<\/strong><\/strong> Es pot enviar el justificant del pagament per mail a <a style=\"font-family: inherit; font-size: 1em;\" href=\"mailto:gestiosecretaria@institutmartamata.cat\">gestiosecretaria@institutmartamata.cat<\/a> . Al mail escriviu com a assumpte CFGM + NOM ALUMNE.<\/li>\n<\/ul>\n<h4><\/h4>\n<h4 id=\"FW_bloc_4ed92f47-55e7-11e4-aafa-000c29f68999_2\" class=\"FW_ancora\"><strong>En cas d&#8217;alumnat nou al centre tamb\u00e9 cal presentar<\/strong><\/h4>\n<ul>\n<li>DNI de l&#8217;alumne.<\/li>\n<li>DNI del tutor\/a (nom\u00e9s alumnat menor de 18 anys)<\/li>\n<li>Fotoc\u00f2pia Targeta sanit\u00e0ria de l\u2019alumne\/a<\/li>\n<li>Documentaci\u00f3 acreditativa del requisit d\u2019acc\u00e9s (resguard t\u00edtol ESO \/ certificat ESO \/ prova d\u2019acc\u00e9s grau mitj\u00e0 \/ t\u00edtol de t\u00e8cnic auxiliar&#8230;)<\/li>\n<li>Certificaci\u00f3 electr\u00f2nica de la inscripci\u00f3 de naixement o llibre de fam\u00edlia o altres documents relatius a la filiaci\u00f3 (nom\u00e9s els menors de 18 anys).<\/li>\n<\/ul>\n<hr \/>\n<h4 id=\"FW_bloc_4ed92f47-55e7-11e4-aafa-000c29f68999_2\" class=\"FW_ancora\"><strong>Preu de la matr\u00edcula<\/strong><\/h4>\n<table style=\"border-collapse: collapse; width: 100%;\">\n<tbody>\n<tr>\n<td style=\"width: 50%; background-color: #aee0f2;\">\n<h6><strong>AE10 GUIA EN EL MEDI NATURAL I DE TEMPS DE LLEURE<\/strong><\/h6>\n<\/td>\n<td style=\"width: 50%; background-color: #aee0f2;\">\n<h6><strong>CURS COMPLET: 900 \u20ac<\/strong><\/h6>\n<h6><strong>Es pot fer pagament fraccionat:<\/strong><\/h6>\n<h6><strong>1r. pagament (moment de la matr\u00edcula):500\u20ac<\/strong><\/h6>\n<h6><strong> 2n. pagament (15\/9\/2025): 400\u20ac\u00a0<\/strong><\/h6>\n<\/td>\n<\/tr>\n<\/tbody>\n<\/table>\n<h4 id=\"FW_bloc_4ed92f47-55e7-11e4-aafa-000c29f68999_2\" class=\"FW_ancora\"><strong>Llistat de material: <span style=\"text-decoration: underline;\"><a href=\"https:\/\/drive.google.com\/file\/d\/198Rs-5Ak7yB-MfPwN58njfoN3nSXnFcp\/view?usp=sharing\" target=\"_blank\" rel=\"noopener\">Aqu\u00ed.<\/a><\/span><br \/>\n<\/strong><\/h4>\n<p>&nbsp;<\/p>\n<h4>Consultes per mail a<em>\u00a0gestiosecretaria@institutmartamata.cat<\/em>\u00a0o trucant al 977 35 32 42 en horari de 9 a 13 h.<\/h4>\n","protected":false},"excerpt":{"rendered":"<p>Calendari de matr\u00edcula Alumnes preinscrits pr\u00e8via confirmaci\u00f3 en l\u00ednia de la pla\u00e7a assignada. 1a tanda: de l\u201911 al 23 de juliol de 2025 2a tanda:\u00a0 del 21 al 23 de juliol de 2025 3a tanda: 30 i 31 de juliol\u00a0 i de\u00a0 l\u20191 al 4 de setembre de 2025 Procediment presencial: Qu\u00e8 he de fer? [&hellip;]<\/p>\n","protected":false},"author":4,"featured_media":0,"parent":650,"menu_order":6,"comment_status":"closed","ping_status":"closed","template":"page-templates\/side-menu.php","meta":{"_bbp_topic_count":0,"_bbp_reply_count":0,"_bbp_total_topic_count":0,"_bbp_total_reply_count":0,"_bbp_voice_count":0,"_bbp_anonymous_reply_count":0,"_bbp_topic_count_hidden":0,"_bbp_reply_count_hidden":0,"_bbp_forum_subforum_count":0,"site-sidebar-layout":"default","site-content-layout":"","ast-site-content-layout":"","site-content-style":"default","site-sidebar-style":"default","ast-global-header-display":"","ast-banner-title-visibility":"","ast-main-header-display":"","ast-hfb-above-header-display":"","ast-hfb-below-header-display":"","ast-hfb-mobile-header-display":"","site-post-title":"","ast-breadcrumbs-content":"","ast-featured-img":"","footer-sml-layout":"","theme-transparent-header-meta":"","adv-header-id-meta":"","stick-header-meta":"","header-above-stick-meta":"","header-main-stick-meta":"","header-below-stick-meta":"","astra-migrate-meta-layouts":"default","ast-page-background-enabled":"default","ast-page-background-meta":{"desktop":{"background-color":"var(--ast-global-color-4)","background-image":"","background-repeat":"repeat","background-position":"center center","background-size":"auto","background-attachment":"scroll","background-type":"","background-media":"","overlay-type":"","overlay-color":"","overlay-opacity":"","overlay-gradient":""},"tablet":{"background-color":"","background-image":"","background-repeat":"repeat","background-position":"center center","background-size":"auto","background-attachment":"scroll","background-type":"","background-media":"","overlay-type":"","overlay-color":"","overlay-opacity":"","overlay-gradient":""},"mobile":{"background-color":"","background-image":"","background-repeat":"repeat","background-position":"center center","background-size":"auto","background-attachment":"scroll","background-type":"","background-media":"","overlay-type":"","overlay-color":"","overlay-opacity":"","overlay-gradient":""}},"ast-content-background-meta":{"desktop":{"background-color":"var(--ast-global-color-5)","background-image":"","background-repeat":"repeat","background-position":"center center","background-size":"auto","background-attachment":"scroll","background-type":"","background-media":"","overlay-type":"","overlay-color":"","overlay-opacity":"","overlay-gradient":""},"tablet":{"background-color":"var(--ast-global-color-5)","background-image":"","background-repeat":"repeat","background-position":"center center","background-size":"auto","background-attachment":"scroll","background-type":"","background-media":"","overlay-type":"","overlay-color":"","overlay-opacity":"","overlay-gradient":""},"mobile":{"background-color":"var(--ast-global-color-5)","background-image":"","background-repeat":"repeat","background-position":"center center","background-size":"auto","background-attachment":"scroll","background-type":"","background-media":"","overlay-type":"","overlay-color":"","overlay-opacity":"","overlay-gradient":""}},"footnotes":""},"class_list":["post-18808","page","type-page","status-publish","hentry"],"post_mailing_queue_ids":[],"_links":{"self":[{"href":"https:\/\/agora.xtec.cat\/institutmartamata\/wp-json\/wp\/v2\/pages\/18808","targetHints":{"allow":["GET"]}}],"collection":[{"href":"https:\/\/agora.xtec.cat\/institutmartamata\/wp-json\/wp\/v2\/pages"}],"about":[{"href":"https:\/\/agora.xtec.cat\/institutmartamata\/wp-json\/wp\/v2\/types\/page"}],"author":[{"embeddable":true,"href":"https:\/\/agora.xtec.cat\/institutmartamata\/wp-json\/wp\/v2\/users\/4"}],"replies":[{"embeddable":true,"href":"https:\/\/agora.xtec.cat\/institutmartamata\/wp-json\/wp\/v2\/comments?post=18808"}],"version-history":[{"count":6,"href":"https:\/\/agora.xtec.cat\/institutmartamata\/wp-json\/wp\/v2\/pages\/18808\/revisions"}],"predecessor-version":[{"id":18961,"href":"https:\/\/agora.xtec.cat\/institutmartamata\/wp-json\/wp\/v2\/pages\/18808\/revisions\/18961"}],"up":[{"embeddable":true,"href":"https:\/\/agora.xtec.cat\/institutmartamata\/wp-json\/wp\/v2\/pages\/650"}],"wp:attachment":[{"href":"https:\/\/agora.xtec.cat\/institutmartamata\/wp-json\/wp\/v2\/media?parent=18808"}],"curies":[{"name":"wp","href":"https:\/\/api.w.org\/{rel}","templated":true}]}}