{"id":1820,"date":"2017-05-08T19:02:20","date_gmt":"2017-05-08T17:02:20","guid":{"rendered":"http:\/\/agora.xtec.cat\/institutmartamata\/?page_id=1820"},"modified":"2026-04-11T17:35:01","modified_gmt":"2026-04-11T15:35:01","slug":"pla-linguistic","status":"publish","type":"page","link":"https:\/\/agora.xtec.cat\/institutmartamata\/linstitut\/c-projecte-educatiu\/pla-linguistic\/","title":{"rendered":"PLC"},"content":{"rendered":"\n<p>El Projecte Ling\u00fc\u00edstic de centre (PLC) concreta a partir de la realitat socioling\u00fc\u00edstica del nostre entorn el tractament i l&#8217;\u00fas de les lleng\u00fces al centre. Dona criteri sobre l&#8217;\u00fas del catal\u00e0 com a llengua vehicular, l&#8217;aprenentatge de les dues lleng\u00fces oficials i de les lleng\u00fces estrangeres, angl\u00e8s i alemany. Aix\u00ed mateix determina els continguts curriculars impartits en llengua estrangera com a centre pluriling\u00fce.<\/p>\n\n\n\n<h5 class=\"wp-block-heading\"><a href=\"https:\/\/agora.xtec.cat\/institutmartamata\/wp-content\/uploads\/usu281\/2019\/06\/PROJECTE-LING\u00dc\u00cdSTIC-2019.pdf\">Feu clic en aquest enlla\u00e7 per obrir el document del PLC<\/a><\/h5>\n","protected":false},"excerpt":{"rendered":"<p>El Projecte Ling\u00fc\u00edstic de centre (PLC) concreta a partir de la realitat socioling\u00fc\u00edstica del nostre entorn el tractament i l&#8217;\u00fas de les lleng\u00fces al centre. Dona criteri sobre l&#8217;\u00fas del catal\u00e0 com a llengua vehicular, l&#8217;aprenentatge de les dues lleng\u00fces oficials i de les lleng\u00fces estrangeres, angl\u00e8s i alemany. Aix\u00ed mateix determina els continguts curriculars [&hellip;]<\/p>\n","protected":false},"author":4,"featured_media":0,"parent":517,"menu_order":0,"comment_status":"closed","ping_status":"closed","template":"","meta":{"_bbp_topic_count":0,"_bbp_reply_count":0,"_bbp_total_topic_count":0,"_bbp_total_reply_count":0,"_bbp_voice_count":0,"_bbp_anonymous_reply_count":0,"_bbp_topic_count_hidden":0,"_bbp_reply_count_hidden":0,"_bbp_forum_subforum_count":0,"site-sidebar-layout":"default","site-content-layout":"","ast-site-content-layout":"default","site-content-style":"default","site-sidebar-style":"default","ast-global-header-display":"","ast-banner-title-visibility":"","ast-main-header-display":"","ast-hfb-above-header-display":"","ast-hfb-below-header-display":"","ast-hfb-mobile-header-display":"","site-post-title":"","ast-breadcrumbs-content":"","ast-featured-img":"","footer-sml-layout":"","theme-transparent-header-meta":"","adv-header-id-meta":"","stick-header-meta":"","header-above-stick-meta":"","header-main-stick-meta":"","header-below-stick-meta":"","astra-migrate-meta-layouts":"set","ast-page-background-enabled":"default","ast-page-background-meta":{"desktop":{"background-color":"var(--ast-global-color-4)","background-image":"","background-repeat":"repeat","background-position":"center center","background-size":"auto","background-attachment":"scroll","background-type":"","background-media":"","overlay-type":"","overlay-color":"","overlay-opacity":"","overlay-gradient":""},"tablet":{"background-color":"","background-image":"","background-repeat":"repeat","background-position":"center center","background-size":"auto","background-attachment":"scroll","background-type":"","background-media":"","overlay-type":"","overlay-color":"","overlay-opacity":"","overlay-gradient":""},"mobile":{"background-color":"","background-image":"","background-repeat":"repeat","background-position":"center center","background-size":"auto","background-attachment":"scroll","background-type":"","background-media":"","overlay-type":"","overlay-color":"","overlay-opacity":"","overlay-gradient":""}},"ast-content-background-meta":{"desktop":{"background-color":"var(--ast-global-color-5)","background-image":"","background-repeat":"repeat","background-position":"center center","background-size":"auto","background-attachment":"scroll","background-type":"","background-media":"","overlay-type":"","overlay-color":"","overlay-opacity":"","overlay-gradient":""},"tablet":{"background-color":"var(--ast-global-color-5)","background-image":"","background-repeat":"repeat","background-position":"center center","background-size":"auto","background-attachment":"scroll","background-type":"","background-media":"","overlay-type":"","overlay-color":"","overlay-opacity":"","overlay-gradient":""},"mobile":{"background-color":"var(--ast-global-color-5)","background-image":"","background-repeat":"repeat","background-position":"center center","background-size":"auto","background-attachment":"scroll","background-type":"","background-media":"","overlay-type":"","overlay-color":"","overlay-opacity":"","overlay-gradient":""}},"footnotes":""},"class_list":["post-1820","page","type-page","status-publish","hentry"],"post_mailing_queue_ids":[],"_links":{"self":[{"href":"https:\/\/agora.xtec.cat\/institutmartamata\/wp-json\/wp\/v2\/pages\/1820","targetHints":{"allow":["GET"]}}],"collection":[{"href":"https:\/\/agora.xtec.cat\/institutmartamata\/wp-json\/wp\/v2\/pages"}],"about":[{"href":"https:\/\/agora.xtec.cat\/institutmartamata\/wp-json\/wp\/v2\/types\/page"}],"author":[{"embeddable":true,"href":"https:\/\/agora.xtec.cat\/institutmartamata\/wp-json\/wp\/v2\/users\/4"}],"replies":[{"embeddable":true,"href":"https:\/\/agora.xtec.cat\/institutmartamata\/wp-json\/wp\/v2\/comments?post=1820"}],"version-history":[{"count":4,"href":"https:\/\/agora.xtec.cat\/institutmartamata\/wp-json\/wp\/v2\/pages\/1820\/revisions"}],"predecessor-version":[{"id":20226,"href":"https:\/\/agora.xtec.cat\/institutmartamata\/wp-json\/wp\/v2\/pages\/1820\/revisions\/20226"}],"up":[{"embeddable":true,"href":"https:\/\/agora.xtec.cat\/institutmartamata\/wp-json\/wp\/v2\/pages\/517"}],"wp:attachment":[{"href":"https:\/\/agora.xtec.cat\/institutmartamata\/wp-json\/wp\/v2\/media?parent=1820"}],"curies":[{"name":"wp","href":"https:\/\/api.w.org\/{rel}","templated":true}]}}