{"id":18088,"date":"2025-03-17T09:41:28","date_gmt":"2025-03-17T08:41:28","guid":{"rendered":"https:\/\/agora.xtec.cat\/institutmartamata\/?page_id=18088"},"modified":"2025-07-02T23:32:43","modified_gmt":"2025-07-02T21:32:43","slug":"cfgm","status":"publish","type":"page","link":"https:\/\/agora.xtec.cat\/institutmartamata\/estudis\/cfgm\/","title":{"rendered":"CICLE FORMATIU"},"content":{"rendered":"<h1>GUIA EN EL MEDI NATURAL I DE TEMPS DE LLEURE (CFGM)<\/h1>\n<p style=\"text-align: justify;\"><span style=\"text-decoration: underline;\"><strong><span style=\"color: #ff6600; text-decoration: underline;\">Descripci\u00f3<\/span><\/strong><\/span><\/p>\n<p style=\"text-align: justify;\">Aquests estudis postobligatoris capaciten per organitzar itineraris i guiar grups per entorns naturals de muntanya baixa i mitjana,\u00a0 cavitats de dificultat baixa, barrancs de risc baix, medi aqu\u00e0tic i instal\u00b7lacions d&#8217;oci i aventura (progressant a peu, amb cordes, en bicicleta, en embarcacions i a cavall), aix\u00ed com dinamitzar activitats de temps de lleure, adaptant les activitats a la tipologia dels participants, i respectant el medi ambient i garantint-ne la qualitat i la seguretat.<br \/>\nLa durada \u00e9s de 2.000 hores distribu\u00efdes en dos cursos acad\u00e8mics (1.485 en un centre educatiu i 515 hores d&#8217;estada a l&#8217;empresa en un centre de treball). Horari de mat\u00ed.<\/p>\n<p>&nbsp;<\/p>\n<table style=\"border-collapse: collapse; width: 100%;\">\n<tbody>\n<tr>\n<td style=\"width: 50%;\">\n<h5><strong><span style=\"color: #ff6600;\"><u>Requisits d\u2019acc\u00e9s<\/u><\/span><\/strong><\/h5>\n<p>Tenen\u00a0<strong>acc\u00e9s\u00a0<\/strong> al cicle les persones que compleixen algun dels requisits seg\u00fcents:<\/p>\n<ul>\n<li>tenir el t\u00edtol de graduat en educaci\u00f3 secund\u00e0ria obligat\u00f2ria,<\/li>\n<li>tenir el t\u00edtol de t\u00e8cnic o de t\u00e8cnic auxiliar,<\/li>\n<li>haver superat una prova d&#8217;acc\u00e9s<\/li>\n<li>tenir altres estudis equivalents a efectes acad\u00e8mics,<\/li>\n<\/ul>\n<p>Consulta\u00a0 tots els requisits d&#8217;acc\u00e9s a la <a href=\"https:\/\/www.gencat.cat\/ensenyament\/eac\/pdf\/CFPM____AE10_CA.pdf\" target=\"_blank\" rel=\"noopener\">guia del cicle formatiu<\/a>.<\/p>\n<p><span style=\"color: #ff6600;\"><strong>\u00a0<\/strong><\/span><\/td>\n<td style=\"width: 50%;\"><a href=\"https:\/\/agora.xtec.cat\/institutmartamata\/wp-content\/uploads\/usu281\/2024\/10\/Acostat-2.jpg\"><img loading=\"lazy\" decoding=\"async\" class=\"alignnone size-large wp-image-17449\" src=\"https:\/\/agora.xtec.cat\/institutmartamata\/wp-content\/uploads\/usu281\/2024\/10\/Acostat-2-1024x768.jpg\" alt=\"\" width=\"1024\" height=\"768\" srcset=\"https:\/\/agora.xtec.cat\/institutmartamata\/wp-content\/uploads\/usu281\/2024\/10\/Acostat-2-1024x768.jpg 1024w, https:\/\/agora.xtec.cat\/institutmartamata\/wp-content\/uploads\/usu281\/2024\/10\/Acostat-2-300x225.jpg 300w, https:\/\/agora.xtec.cat\/institutmartamata\/wp-content\/uploads\/usu281\/2024\/10\/Acostat-2-768x576.jpg 768w, https:\/\/agora.xtec.cat\/institutmartamata\/wp-content\/uploads\/usu281\/2024\/10\/Acostat-2-1536x1152.jpg 1536w, https:\/\/agora.xtec.cat\/institutmartamata\/wp-content\/uploads\/usu281\/2024\/10\/Acostat-2-200x150.jpg 200w, https:\/\/agora.xtec.cat\/institutmartamata\/wp-content\/uploads\/usu281\/2024\/10\/Acostat-2.jpg 2048w\" sizes=\"auto, (max-width: 1024px) 100vw, 1024px\" \/><\/a><\/td>\n<\/tr>\n<tr>\n<td style=\"width: 50%;\">\n<h5><span style=\"color: #ff6600;\"><strong><u>Continguts<\/u><\/strong><\/span><\/h5>\n<p>El curr\u00edculum d\u2019aquests estudis est\u00e0 format pels seg\u00fcents continguts:<\/p>\n<ul>\n<li>T\u00e8cniques d&#8217;equitaci\u00f3<\/li>\n<li>Guia eq\u00fcestre<\/li>\n<li>Atenci\u00f3 a grups<\/li>\n<li>Organitzaci\u00f3 d&#8217;itineraris<\/li>\n<li>Guia de muntanya baixa i mitjana<\/li>\n<li>Guia en bicicleta<\/li>\n<li>T\u00e8cniques de temps lliure<\/li>\n<li>T\u00e8cniques de nataci\u00f3<\/li>\n<li>Socorrisme en el medi natural<\/li>\n<li>Guia en el medi natural aqu\u00e0tic<\/li>\n<li>Maniobres amb cordes<\/li>\n<li>Angl\u00e8s professional<\/li>\n<li>Digitalitzaci\u00f3 aplicada als sectors productius<\/li>\n<li>Sostenibilitat aplicada al sistema productiu<\/li>\n<li>Itinerari personal per a l&#8217;ocupabilitat I<\/li>\n<li>Itinerari personal per a l&#8217;ocupabilitat II<\/li>\n<li>Projecte intermodular<\/li>\n<li>M\u00f2dul professional optatiu<\/li>\n<\/ul>\n<p><a href=\"https:\/\/agora.xtec.cat\/institutmartamata\/wp-content\/uploads\/usu281\/2023\/05\/IMG-20230426-WA0009.jpg\"><img loading=\"lazy\" decoding=\"async\" class=\"wp-image-15186 aligncenter\" src=\"https:\/\/agora.xtec.cat\/institutmartamata\/wp-content\/uploads\/usu281\/2023\/05\/IMG-20230426-WA0009-768x1024.jpg\" alt=\"\" width=\"436\" height=\"581\" srcset=\"https:\/\/agora.xtec.cat\/institutmartamata\/wp-content\/uploads\/usu281\/2023\/05\/IMG-20230426-WA0009-768x1024.jpg 768w, https:\/\/agora.xtec.cat\/institutmartamata\/wp-content\/uploads\/usu281\/2023\/05\/IMG-20230426-WA0009-225x300.jpg 225w, https:\/\/agora.xtec.cat\/institutmartamata\/wp-content\/uploads\/usu281\/2023\/05\/IMG-20230426-WA0009-1152x1536.jpg 1152w, https:\/\/agora.xtec.cat\/institutmartamata\/wp-content\/uploads\/usu281\/2023\/05\/IMG-20230426-WA0009.jpg 1536w\" sizes=\"auto, (max-width: 436px) 100vw, 436px\" \/><\/a><\/p>\n<p>&nbsp;<\/td>\n<td style=\"width: 50%; vertical-align: top;\">\n<h5><span style=\"text-decoration: underline; color: #ff6600;\"><strong>Capacitaci\u00f3 laboral<\/strong><\/span><\/h5>\n<p>La superaci\u00f3 d\u2019aquest cicle formatiu permet accedir al\u00a0<strong>m\u00f3n laboral<\/strong>\u00a0com a:<\/p>\n<ul>\n<li>Dissenyador o dissenyadora d\u2019itineraris terrestres fins a muntanya mitjana;<\/li>\n<li>Dissenyador o dissenyadora d\u2019itineraris eq\u00fcestres fins a muntanya mitjana;<\/li>\n<li>Dissenyador o dissenyadora d\u2019itineraris amb bicicleta per terrenys de fins a muntanya mitjana;<\/li>\n<li>Dissenyador o dissenyadora d\u2019itineraris pel mitj\u00e0 aqu\u00e0tic en embarcacions d\u2019esbarjo exemptes de despatx;<\/li>\n<li>Dissenyador o dissenyadora i organitzador o organitzadora d\u2019activitats fisicoesportives recreatives guiades pel medi natural;<\/li>\n<li>Encarregat o encarregada de prevenci\u00f3 i seguretat en rutes i esdeveniments amb bicicleta;<\/li>\n<li>Encarregat o encarregada de prevenci\u00f3 i seguretat en rutes i esdeveniments eq\u00fcestres;<\/li>\n<li>Guia en activitats de senderisme, muntanyisme per muntanya baixa i mitjana, travessia per muntanya baixa i mitjana, i rutes nevades tipus n\u00f2rdic amb raquetes.<\/li>\n<li>Guia de barrancs de dificultat baixa;<\/li>\n<li>Guia d\u2019espeleologia de dificultat baixa;<\/li>\n<li>Guia d\u2019itineraris amb bicicleta de muntanya;<\/li>\n<li>Guia d\u2019itineraris de cicloturisme;<\/li>\n<li>Guia d\u2019itineraris a cavall;<\/li>\n<li>Guia d\u2019itineraris pel mitj\u00e0 aqu\u00e0tic en embarcacions d\u2019esbarjo exemptes de despatx;<\/li>\n<li>Monitor o monitora de temps lliure educatiu infantil i juvenil;<\/li>\n<li>Monitor o monitora de campaments, d\u2019albergs de joventut, de cases de col\u00f2nies, de granges escoles, i d\u2019aules i escoles de natura;<\/li>\n<li>Monitor o monitora d\u2019activitats en el marc escolar;<\/li>\n<li>Monitor o monitora d\u2019instal\u00b7lacions d\u2019oci i aventura;<\/li>\n<li>Socorrista en llacs i embassaments;<\/li>\n<li>Socorrista de suport en unitats d\u2019intervenci\u00f3 aqu\u00e0tica;<\/li>\n<li>Socorrista en activitats aqu\u00e0tiques en l\u2019entorn natural;<\/li>\n<li>Socorrista en activitats n\u00e0utiques i esportives;<\/li>\n<li>Socorrista en platges fluvials.<\/li>\n<\/ul>\n<h5><\/h5>\n<h5><strong><span style=\"text-decoration: underline; color: #ff6600;\">Continu\u00eftat d&#8217;estudis<\/span><\/strong><\/h5>\n<p><strong>Amb aquests estudis s&#8217;obt\u00e9 el t\u00edtol de t\u00e8cnic o t\u00e8cnica, que permet accedir:<\/strong><\/p>\n<ul>\n<li>Al batxillerat.<\/li>\n<li>A un cicle de grau superior de formaci\u00f3 professional.<\/li>\n<\/ul>\n<\/td>\n<\/tr>\n<\/tbody>\n<\/table>\n<p>&nbsp;<\/p>\n<h2 style=\"text-align: center;\"><span style=\"text-decoration: underline;\"><strong><a href=\"https:\/\/agora.xtec.cat\/institutmartamata\/secretaria\/b-preinscripcio-i-matricula\/preinscripcio-cicle-formatiu\/\" target=\"_blank\" rel=\"noopener\">INFORMACI\u00d3 SOBRE LA PREINSCRIPCI\u00d3: AQU\u00cd.<\/a><\/strong><\/span><\/h2>\n<p>&nbsp;<\/p>\n<p>&nbsp;<\/p>\n<p>&nbsp;<\/p>\n<p>&nbsp;<\/p>\n","protected":false},"excerpt":{"rendered":"<p>GUIA EN EL MEDI NATURAL I DE TEMPS DE LLEURE (CFGM) Descripci\u00f3 Aquests estudis postobligatoris capaciten per organitzar itineraris i guiar grups per entorns naturals de muntanya baixa i mitjana,\u00a0 cavitats de dificultat baixa, barrancs de risc baix, medi aqu\u00e0tic i instal\u00b7lacions d&#8217;oci i aventura (progressant a peu, amb cordes, en bicicleta, en embarcacions i [&hellip;]<\/p>\n","protected":false},"author":4,"featured_media":0,"parent":195,"menu_order":0,"comment_status":"closed","ping_status":"closed","template":"page-templates\/side-menu.php","meta":{"_bbp_topic_count":0,"_bbp_reply_count":0,"_bbp_total_topic_count":0,"_bbp_total_reply_count":0,"_bbp_voice_count":0,"_bbp_anonymous_reply_count":0,"_bbp_topic_count_hidden":0,"_bbp_reply_count_hidden":0,"_bbp_forum_subforum_count":0,"site-sidebar-layout":"default","site-content-layout":"","ast-site-content-layout":"","site-content-style":"default","site-sidebar-style":"default","ast-global-header-display":"","ast-banner-title-visibility":"","ast-main-header-display":"","ast-hfb-above-header-display":"","ast-hfb-below-header-display":"","ast-hfb-mobile-header-display":"","site-post-title":"","ast-breadcrumbs-content":"","ast-featured-img":"","footer-sml-layout":"","theme-transparent-header-meta":"","adv-header-id-meta":"","stick-header-meta":"","header-above-stick-meta":"","header-main-stick-meta":"","header-below-stick-meta":"","astra-migrate-meta-layouts":"default","ast-page-background-enabled":"default","ast-page-background-meta":{"desktop":{"background-color":"var(--ast-global-color-4)","background-image":"","background-repeat":"repeat","background-position":"center center","background-size":"auto","background-attachment":"scroll","background-type":"","background-media":"","overlay-type":"","overlay-color":"","overlay-opacity":"","overlay-gradient":""},"tablet":{"background-color":"","background-image":"","background-repeat":"repeat","background-position":"center center","background-size":"auto","background-attachment":"scroll","background-type":"","background-media":"","overlay-type":"","overlay-color":"","overlay-opacity":"","overlay-gradient":""},"mobile":{"background-color":"","background-image":"","background-repeat":"repeat","background-position":"center center","background-size":"auto","background-attachment":"scroll","background-type":"","background-media":"","overlay-type":"","overlay-color":"","overlay-opacity":"","overlay-gradient":""}},"ast-content-background-meta":{"desktop":{"background-color":"var(--ast-global-color-5)","background-image":"","background-repeat":"repeat","background-position":"center center","background-size":"auto","background-attachment":"scroll","background-type":"","background-media":"","overlay-type":"","overlay-color":"","overlay-opacity":"","overlay-gradient":""},"tablet":{"background-color":"var(--ast-global-color-5)","background-image":"","background-repeat":"repeat","background-position":"center center","background-size":"auto","background-attachment":"scroll","background-type":"","background-media":"","overlay-type":"","overlay-color":"","overlay-opacity":"","overlay-gradient":""},"mobile":{"background-color":"var(--ast-global-color-5)","background-image":"","background-repeat":"repeat","background-position":"center center","background-size":"auto","background-attachment":"scroll","background-type":"","background-media":"","overlay-type":"","overlay-color":"","overlay-opacity":"","overlay-gradient":""}},"footnotes":""},"class_list":["post-18088","page","type-page","status-publish","hentry"],"post_mailing_queue_ids":[],"_links":{"self":[{"href":"https:\/\/agora.xtec.cat\/institutmartamata\/wp-json\/wp\/v2\/pages\/18088","targetHints":{"allow":["GET"]}}],"collection":[{"href":"https:\/\/agora.xtec.cat\/institutmartamata\/wp-json\/wp\/v2\/pages"}],"about":[{"href":"https:\/\/agora.xtec.cat\/institutmartamata\/wp-json\/wp\/v2\/types\/page"}],"author":[{"embeddable":true,"href":"https:\/\/agora.xtec.cat\/institutmartamata\/wp-json\/wp\/v2\/users\/4"}],"replies":[{"embeddable":true,"href":"https:\/\/agora.xtec.cat\/institutmartamata\/wp-json\/wp\/v2\/comments?post=18088"}],"version-history":[{"count":6,"href":"https:\/\/agora.xtec.cat\/institutmartamata\/wp-json\/wp\/v2\/pages\/18088\/revisions"}],"predecessor-version":[{"id":18893,"href":"https:\/\/agora.xtec.cat\/institutmartamata\/wp-json\/wp\/v2\/pages\/18088\/revisions\/18893"}],"up":[{"embeddable":true,"href":"https:\/\/agora.xtec.cat\/institutmartamata\/wp-json\/wp\/v2\/pages\/195"}],"wp:attachment":[{"href":"https:\/\/agora.xtec.cat\/institutmartamata\/wp-json\/wp\/v2\/media?parent=18088"}],"curies":[{"name":"wp","href":"https:\/\/api.w.org\/{rel}","templated":true}]}}