{"id":1426,"date":"2017-02-19T01:48:00","date_gmt":"2017-02-19T00:48:00","guid":{"rendered":"http:\/\/agora.xtec.cat\/institutmartamata\/?page_id=1426"},"modified":"2026-03-28T14:12:47","modified_gmt":"2026-03-28T13:12:47","slug":"tramits-i-serveis","status":"publish","type":"page","link":"https:\/\/agora.xtec.cat\/institutmartamata\/secretaria\/tramits-i-serveis\/","title":{"rendered":"Altres tr\u00e0mits"},"content":{"rendered":"<table class=\" aligncenter\" style=\"height: 3855px; width: 100%;\">\n<tbody>\n<tr>\n<td style=\"width: 17.099%;\">\n<h5>Proves GESO<\/h5>\n<\/td>\n<td style=\"width: 106.527%;\">Convocat\u00f2ria anual\u00a0 de les proves per a l\u2019obtenci\u00f3 del t\u00edtol de graduat en educaci\u00f3 secund\u00e0ria obligat\u00f2ria (GESO) per a l\u2019alumnat que no l\u2019hagi obtingut en finalitzar l\u2019etapa esmentada.<\/p>\n<p style=\"text-align: center;\"><a href=\"http:\/\/ensenyament.gencat.cat\/ca\/serveis-tramits\/proves\/proves-lliures-obtencio-titols\/obtencio-titol-eso\/\" target=\"_blank\" rel=\"noopener\"><span style=\"text-decoration: underline;\">Informaci\u00f3 sobre requisits, sol\u00b7licituds, terminis i normativa\u00a0\u00a0<\/span><\/a><\/p>\n<p style=\"text-align: center;\"><span style=\"text-decoration: underline;\"><a href=\"http:\/\/agora.xtec.cat\/institutmartamata\/wp-content\/uploads\/usu281\/2016\/10\/Sol\u00b7licitud-proves-GESO.pdf\" target=\"_blank\" rel=\"noopener\">Sol\u00b7licitud d&#8217;inscripci\u00f3 a les proves GESO<\/a><\/span><\/p>\n<p>&nbsp;<\/td>\n<\/tr>\n<tr>\n<td style=\"width: 17.099%;\">\n<h5 style=\"text-align: center;\">Anul\u00b7laci\u00f3 de matr\u00edcula a Batxillerat<\/h5>\n<\/td>\n<td style=\"width: 106.527%;\">Per poder tenir dret a l&#8217;anul\u00b7laci\u00f3 de matr\u00edcula, l&#8217;alumne\/a ha d&#8217;acreditar documentalment que es troba en alguna de les circumst\u00e0ncies seg\u00fcents:<\/p>\n<p>&#8211; malaltia prolongada o accident de l&#8217;alumne o d&#8217;un familiar;<br \/>\n&#8211; incorporaci\u00f3 a un lloc de treball;<br \/>\n&#8211; maternitat;<br \/>\n&#8211; qualsevol altra circumst\u00e0ncia de car\u00e0cter excepcional que, a parer del director\/a del centre, justifiqui la concessi\u00f3 de l&#8217;anul\u00b7laci\u00f3 de matr\u00edcula.<\/p>\n<p>L&#8217;anul\u00b7laci\u00f3 de matr\u00edcula l&#8217;ha de sol\u00b7licitar l&#8217;alumne\/a, amb el consentiment dels pares, mares o tutors legals en cas que siguin menors d&#8217;edat, al director\/a del centre abans de finalitzar el mes d&#8217;abril del curs acad\u00e8mic corresponent.<\/p>\n<p style=\"text-align: center;\"><a href=\"https:\/\/agora.xtec.cat\/institutmartamata\/wp-content\/uploads\/usu281\/2021\/03\/Sol\u00b7licitud-anul\u00b7laci\u00f3-de-matr\u00edcula.pdf\" target=\"_blank\" rel=\"noopener\"><span style=\"text-decoration: underline;\">Sol\u00b7licitud anul\u00b7laci\u00f3 de matr\u00edcula<\/span><\/a><\/p>\n<p>&nbsp;<\/td>\n<\/tr>\n<tr>\n<td style=\"width: 17.099%; text-align: justify;\">\n<h5 style=\"text-align: center;\">Sol\u00b7licitud t\u00edtol de Batxillerat<\/h5>\n<h5 style=\"text-align: center;\"><\/h5>\n<\/td>\n<td style=\"width: 106.527%;\">Tr\u00e0mits per a l&#8217;obtenci\u00f3 del t\u00edtol una vegada aprovat el batxillerat.<\/p>\n<p style=\"text-align: center;\"><span style=\"text-decoration: underline;\"><a href=\"https:\/\/agora.xtec.cat\/institutmartamata\/wp-content\/uploads\/usu281\/2020\/06\/Instruccions-sol\u00b7licitud-t\u00edtol-BAT.pdf\" target=\"_blank\" rel=\"noopener\">Instruccions sol\u00b7licitud t\u00edtol BATXILLERAT<\/a><\/span><\/p>\n<p style=\"text-align: center;\"><span style=\"text-decoration: underline;\"><a href=\"https:\/\/agora.xtec.cat\/institutmartamata\/wp-content\/uploads\/usu281\/2020\/06\/Sol\u00b7licitud-de-t\u00edtol-batxillerat.pdf\" target=\"_blank\" rel=\"noopener\">Sol\u00b7licitud de t\u00edtol BATXILLERAT<\/a><\/span><\/p>\n<p>&nbsp;<\/td>\n<\/tr>\n<tr>\n<td style=\"width: 17.099%; text-align: left;\">\n<h5 style=\"text-align: center;\">Premis extraordinaris de Batxillerat<\/h5>\n<\/td>\n<td style=\"width: 106.527%;\">S\u00f3n un est\u00edmul m\u00e9s per als alumnes i un reconeixement oficial dels seus m\u00e8rits que demostra una preparaci\u00f3 d&#8217;excel\u00b7l\u00e8ncia en els estudis de batxillerat.<\/p>\n<p style=\"text-align: center;\"><span style=\"text-decoration: underline;\"><a href=\"http:\/\/xtec.gencat.cat\/ca\/curriculum\/batxillerat\/premiextra\/\" target=\"_blank\" rel=\"noopener\">Informaci\u00f3, inscripci\u00f3 i model de proves<\/a><\/span><\/p>\n<p>&nbsp;<\/td>\n<\/tr>\n<tr>\n<td style=\"width: 17.099%; text-align: left;\">\n<h5 style=\"text-align: center;\">Reconeixement nivell de catal\u00e0 B2\/C1<\/h5>\n<p>&nbsp;<\/td>\n<td style=\"width: 106.527%;\">Reconeixement de l&#8217;equival\u00e8ncia dels nivells educatius no universitaris amb els certificats de coneixements de catal\u00e0 de la Direcci\u00f3 General de Pol\u00edtica Ling\u00fc\u00edstica.<\/p>\n<p style=\"text-align: center;\"><span style=\"text-decoration: underline;\"><a href=\"http:\/\/ensenyament.gencat.cat\/ca\/tramits\/tramits-temes\/22046-reconeixement-b2-c1-catala?category=742b7874-a82c-11e3-a972-000c29052e2c\" target=\"_blank\" rel=\"noopener noreferrer\">Informaci\u00f3 sobre requisits, documentaci\u00f3 i procediment<\/a><\/span><\/p>\n<p style=\"text-align: center;\"><span style=\"text-decoration: underline;\"><a href=\"https:\/\/agora.xtec.cat\/institutmartamata\/wp-content\/uploads\/usu281\/2020\/10\/A816.pdf\" target=\"_blank\" rel=\"noopener\">Sol\u00b7licitud de reconeixement del nivell de catal\u00e0<\/a><\/span><\/p>\n<p>&nbsp;<\/td>\n<\/tr>\n<\/tbody>\n<\/table>\n<p>&nbsp;<\/p>\n","protected":false},"excerpt":{"rendered":"<p>Proves GESO Convocat\u00f2ria anual\u00a0 de les proves per a l\u2019obtenci\u00f3 del t\u00edtol de graduat en educaci\u00f3 secund\u00e0ria obligat\u00f2ria (GESO) per a l\u2019alumnat que no l\u2019hagi obtingut en finalitzar l\u2019etapa esmentada. Informaci\u00f3 sobre requisits, sol\u00b7licituds, terminis i normativa\u00a0\u00a0 Sol\u00b7licitud d&#8217;inscripci\u00f3 a les proves GESO &nbsp; Anul\u00b7laci\u00f3 de matr\u00edcula a Batxillerat Per poder tenir dret a l&#8217;anul\u00b7laci\u00f3 [&hellip;]<\/p>\n","protected":false},"author":4,"featured_media":0,"parent":81,"menu_order":50,"comment_status":"closed","ping_status":"closed","template":"","meta":{"_bbp_topic_count":0,"_bbp_reply_count":0,"_bbp_total_topic_count":0,"_bbp_total_reply_count":0,"_bbp_voice_count":0,"_bbp_anonymous_reply_count":0,"_bbp_topic_count_hidden":0,"_bbp_reply_count_hidden":0,"_bbp_forum_subforum_count":0,"site-sidebar-layout":"default","site-content-layout":"","ast-site-content-layout":"default","site-content-style":"default","site-sidebar-style":"default","ast-global-header-display":"","ast-banner-title-visibility":"","ast-main-header-display":"","ast-hfb-above-header-display":"","ast-hfb-below-header-display":"","ast-hfb-mobile-header-display":"","site-post-title":"","ast-breadcrumbs-content":"","ast-featured-img":"","footer-sml-layout":"","theme-transparent-header-meta":"default","adv-header-id-meta":"","stick-header-meta":"","header-above-stick-meta":"","header-main-stick-meta":"","header-below-stick-meta":"","astra-migrate-meta-layouts":"set","ast-page-background-enabled":"default","ast-page-background-meta":{"desktop":{"background-color":"var(--ast-global-color-4)","background-image":"","background-repeat":"repeat","background-position":"center center","background-size":"auto","background-attachment":"scroll","background-type":"","background-media":"","overlay-type":"","overlay-color":"","overlay-opacity":"","overlay-gradient":""},"tablet":{"background-color":"","background-image":"","background-repeat":"repeat","background-position":"center center","background-size":"auto","background-attachment":"scroll","background-type":"","background-media":"","overlay-type":"","overlay-color":"","overlay-opacity":"","overlay-gradient":""},"mobile":{"background-color":"","background-image":"","background-repeat":"repeat","background-position":"center center","background-size":"auto","background-attachment":"scroll","background-type":"","background-media":"","overlay-type":"","overlay-color":"","overlay-opacity":"","overlay-gradient":""}},"ast-content-background-meta":{"desktop":{"background-color":"var(--ast-global-color-5)","background-image":"","background-repeat":"repeat","background-position":"center center","background-size":"auto","background-attachment":"scroll","background-type":"","background-media":"","overlay-type":"","overlay-color":"","overlay-opacity":"","overlay-gradient":""},"tablet":{"background-color":"var(--ast-global-color-5)","background-image":"","background-repeat":"repeat","background-position":"center center","background-size":"auto","background-attachment":"scroll","background-type":"","background-media":"","overlay-type":"","overlay-color":"","overlay-opacity":"","overlay-gradient":""},"mobile":{"background-color":"var(--ast-global-color-5)","background-image":"","background-repeat":"repeat","background-position":"center center","background-size":"auto","background-attachment":"scroll","background-type":"","background-media":"","overlay-type":"","overlay-color":"","overlay-opacity":"","overlay-gradient":""}},"footnotes":""},"class_list":["post-1426","page","type-page","status-publish","hentry"],"post_mailing_queue_ids":[],"_links":{"self":[{"href":"https:\/\/agora.xtec.cat\/institutmartamata\/wp-json\/wp\/v2\/pages\/1426","targetHints":{"allow":["GET"]}}],"collection":[{"href":"https:\/\/agora.xtec.cat\/institutmartamata\/wp-json\/wp\/v2\/pages"}],"about":[{"href":"https:\/\/agora.xtec.cat\/institutmartamata\/wp-json\/wp\/v2\/types\/page"}],"author":[{"embeddable":true,"href":"https:\/\/agora.xtec.cat\/institutmartamata\/wp-json\/wp\/v2\/users\/4"}],"replies":[{"embeddable":true,"href":"https:\/\/agora.xtec.cat\/institutmartamata\/wp-json\/wp\/v2\/comments?post=1426"}],"version-history":[{"count":7,"href":"https:\/\/agora.xtec.cat\/institutmartamata\/wp-json\/wp\/v2\/pages\/1426\/revisions"}],"predecessor-version":[{"id":20081,"href":"https:\/\/agora.xtec.cat\/institutmartamata\/wp-json\/wp\/v2\/pages\/1426\/revisions\/20081"}],"up":[{"embeddable":true,"href":"https:\/\/agora.xtec.cat\/institutmartamata\/wp-json\/wp\/v2\/pages\/81"}],"wp:attachment":[{"href":"https:\/\/agora.xtec.cat\/institutmartamata\/wp-json\/wp\/v2\/media?parent=1426"}],"curies":[{"name":"wp","href":"https:\/\/api.w.org\/{rel}","templated":true}]}}