{"id":12124,"date":"2021-06-08T23:35:58","date_gmt":"2021-06-08T21:35:58","guid":{"rendered":"http:\/\/agora.xtec.cat\/institutmartamata\/?page_id=12124"},"modified":"2026-04-25T23:16:19","modified_gmt":"2026-04-25T21:16:19","slug":"matricula-eso-alumnes-del-centre","status":"publish","type":"page","link":"https:\/\/agora.xtec.cat\/institutmartamata\/secretaria\/b-preinscripcio-i-matricula\/matricula-eso-alumnes-del-centre\/","title":{"rendered":"Confirmaci\u00f3 de matr\u00edcula ESO (alumnes del centre)"},"content":{"rendered":"<h4 id=\"FW_bloc_4ed92f47-55e7-11e4-aafa-000c29f68999_2\" class=\"FW_ancora\"><span style=\"color: #ff6600;\"><strong>Calendari de matr\u00edcula<\/strong><\/span><\/h4>\n<p>El per\u00edode de confirmaci\u00f3 de matr\u00edcula de l&#8217;alumnat que ja est\u00e0 cursant ESO a l&#8217;institut \u00e9s:<\/p>\n<table style=\"border-collapse: collapse; width: 96.337%; height: 276px;\">\n<tbody>\n<tr>\n<td style=\"width: 23.0426%;\">Alumnat que cursar\u00e0 4t d&#8217;ESO<\/td>\n<td style=\"width: 29.7809%;\">\n<h6><span style=\"color: #000000;\"><strong>del 16 al 24 d&#8217;abril de 2026<\/strong><\/span><\/h6>\n<\/td>\n<td style=\"width: 23.9874%;\"><a href=\"https:\/\/agora.xtec.cat\/institutmartamata\/categoria\/confirmacio-4t-eso\/\" target=\"_blank\" rel=\"noopener\"><span style=\"text-decoration: underline;\"><strong>Enlla\u00e7 a la confirmaci\u00f3 4t<\/strong><\/span><\/a><strong><br \/>\n<\/strong><\/td>\n<\/tr>\n<tr>\n<td style=\"width: 23.0426%;\">Alumnat que cursar\u00e0 3r d&#8217;ESO<\/td>\n<td style=\"width: 29.7809%;\">\n<h6><span style=\"color: #000000;\"><strong>del 27 d&#8217;abril al 8 de maig de 2026<\/strong><\/span><\/h6>\n<\/td>\n<td style=\"width: 23.9874%;\"><strong><span style=\"text-decoration: underline;\">\u00a0<a href=\"https:\/\/agora.xtec.cat\/institutmartamata\/categoria\/confirmacio-3-eso\/\" target=\"_blank\" rel=\"noopener\">Enlla\u00e7 a la confirmaci\u00f3 3r<\/a><\/span><br \/>\n<\/strong><\/td>\n<\/tr>\n<tr>\n<td style=\"width: 23.0426%;\">Alumnat que cursar\u00e0 2n ESO<\/td>\n<td style=\"width: 29.7809%;\">\n<h6><span style=\"color: #000000;\"><strong>de l&#8217;11 al 18 de maig de 2026<\/strong><\/span><\/h6>\n<\/td>\n<td style=\"width: 23.9874%;\"><strong><span style=\"text-decoration: underline;\">Enlla\u00e7 a la confirmaci\u00f3 2n<\/span><br \/>\n<\/strong><\/td>\n<\/tr>\n<\/tbody>\n<\/table>\n<div class=\"FW_sArticleFoto\">\n<div class=\"FW_sEditPro\">\n<hr \/>\n<h4 id=\"FW_bloc_4ed92f47-55e7-11e4-aafa-000c29f68999_2\" class=\"FW_ancora\"><span style=\"color: #ff6600;\"><strong>Procediment telem\u00e0tic: Qu\u00e8 he de fer?<\/strong><\/span><\/h4>\n<p><strong>Seguir les instruccions que trobareu clicant l&#8217;enlla\u00e7 que correspon al curs que el vostre fill\/a far\u00e0 el 26-27.<\/strong><\/p>\n<hr \/>\n<\/div>\n<div class=\"FW_sEditPro\">\n<hr \/>\n<p style=\"text-align: center;\">\n<\/div>\n<\/div>\n","protected":false},"excerpt":{"rendered":"<p>Calendari de matr\u00edcula El per\u00edode de confirmaci\u00f3 de matr\u00edcula de l&#8217;alumnat que ja est\u00e0 cursant ESO a l&#8217;institut \u00e9s: Alumnat que cursar\u00e0 4t d&#8217;ESO del 16 al 24 d&#8217;abril de 2026 Enlla\u00e7 a la confirmaci\u00f3 4t Alumnat que cursar\u00e0 3r d&#8217;ESO del 27 d&#8217;abril al 8 de maig de 2026 \u00a0Enlla\u00e7 a la confirmaci\u00f3 3r [&hellip;]<\/p>\n","protected":false},"author":4,"featured_media":0,"parent":650,"menu_order":4,"comment_status":"closed","ping_status":"closed","template":"","meta":{"_bbp_topic_count":0,"_bbp_reply_count":0,"_bbp_total_topic_count":0,"_bbp_total_reply_count":0,"_bbp_voice_count":0,"_bbp_anonymous_reply_count":0,"_bbp_topic_count_hidden":0,"_bbp_reply_count_hidden":0,"_bbp_forum_subforum_count":0,"site-sidebar-layout":"default","site-content-layout":"","ast-site-content-layout":"default","site-content-style":"default","site-sidebar-style":"default","ast-global-header-display":"","ast-banner-title-visibility":"","ast-main-header-display":"","ast-hfb-above-header-display":"","ast-hfb-below-header-display":"","ast-hfb-mobile-header-display":"","site-post-title":"","ast-breadcrumbs-content":"","ast-featured-img":"","footer-sml-layout":"","theme-transparent-header-meta":"default","adv-header-id-meta":"","stick-header-meta":"","header-above-stick-meta":"","header-main-stick-meta":"","header-below-stick-meta":"","astra-migrate-meta-layouts":"set","ast-page-background-enabled":"default","ast-page-background-meta":{"desktop":{"background-color":"var(--ast-global-color-4)","background-image":"","background-repeat":"repeat","background-position":"center center","background-size":"auto","background-attachment":"scroll","background-type":"","background-media":"","overlay-type":"","overlay-color":"","overlay-opacity":"","overlay-gradient":""},"tablet":{"background-color":"","background-image":"","background-repeat":"repeat","background-position":"center center","background-size":"auto","background-attachment":"scroll","background-type":"","background-media":"","overlay-type":"","overlay-color":"","overlay-opacity":"","overlay-gradient":""},"mobile":{"background-color":"","background-image":"","background-repeat":"repeat","background-position":"center center","background-size":"auto","background-attachment":"scroll","background-type":"","background-media":"","overlay-type":"","overlay-color":"","overlay-opacity":"","overlay-gradient":""}},"ast-content-background-meta":{"desktop":{"background-color":"var(--ast-global-color-5)","background-image":"","background-repeat":"repeat","background-position":"center center","background-size":"auto","background-attachment":"scroll","background-type":"","background-media":"","overlay-type":"","overlay-color":"","overlay-opacity":"","overlay-gradient":""},"tablet":{"background-color":"var(--ast-global-color-5)","background-image":"","background-repeat":"repeat","background-position":"center center","background-size":"auto","background-attachment":"scroll","background-type":"","background-media":"","overlay-type":"","overlay-color":"","overlay-opacity":"","overlay-gradient":""},"mobile":{"background-color":"var(--ast-global-color-5)","background-image":"","background-repeat":"repeat","background-position":"center center","background-size":"auto","background-attachment":"scroll","background-type":"","background-media":"","overlay-type":"","overlay-color":"","overlay-opacity":"","overlay-gradient":""}},"footnotes":""},"class_list":["post-12124","page","type-page","status-publish","hentry"],"post_mailing_queue_ids":[],"_links":{"self":[{"href":"https:\/\/agora.xtec.cat\/institutmartamata\/wp-json\/wp\/v2\/pages\/12124","targetHints":{"allow":["GET"]}}],"collection":[{"href":"https:\/\/agora.xtec.cat\/institutmartamata\/wp-json\/wp\/v2\/pages"}],"about":[{"href":"https:\/\/agora.xtec.cat\/institutmartamata\/wp-json\/wp\/v2\/types\/page"}],"author":[{"embeddable":true,"href":"https:\/\/agora.xtec.cat\/institutmartamata\/wp-json\/wp\/v2\/users\/4"}],"replies":[{"embeddable":true,"href":"https:\/\/agora.xtec.cat\/institutmartamata\/wp-json\/wp\/v2\/comments?post=12124"}],"version-history":[{"count":6,"href":"https:\/\/agora.xtec.cat\/institutmartamata\/wp-json\/wp\/v2\/pages\/12124\/revisions"}],"predecessor-version":[{"id":20396,"href":"https:\/\/agora.xtec.cat\/institutmartamata\/wp-json\/wp\/v2\/pages\/12124\/revisions\/20396"}],"up":[{"embeddable":true,"href":"https:\/\/agora.xtec.cat\/institutmartamata\/wp-json\/wp\/v2\/pages\/650"}],"wp:attachment":[{"href":"https:\/\/agora.xtec.cat\/institutmartamata\/wp-json\/wp\/v2\/media?parent=12124"}],"curies":[{"name":"wp","href":"https:\/\/api.w.org\/{rel}","templated":true}]}}