{"id":11166,"date":"2020-09-19T20:26:52","date_gmt":"2020-09-19T18:26:52","guid":{"rendered":"http:\/\/agora.xtec.cat\/institutmartamata\/?page_id=11166"},"modified":"2020-09-24T18:45:04","modified_gmt":"2020-09-24T16:45:04","slug":"convalidacions","status":"publish","type":"page","link":"https:\/\/agora.xtec.cat\/institutmartamata\/secretaria\/convalidacions\/","title":{"rendered":"Convalidacions"},"content":{"rendered":"<ul>\n<li>\n<h6><strong><span style=\"color: #000000;\">Simultane\u00eftat d&#8217;estudis d&#8217;ESO i Batxillerat amb m\u00fasica i dansa<\/span><\/strong><\/h6>\n<\/li>\n<li>\n<h6><strong><span style=\"color: #000000;\">Simultane\u00eftat d&#8217;estudis d&#8217;ESO amb la pr\u00e0ctica intensiva de l&#8217;esport<\/span><\/strong><\/h6>\n<\/li>\n<\/ul>\n<p>&nbsp;<\/p>\n<hr \/>\n<h4><strong><u>SIMULTANE\u00cfTAT D\u2019 ESTUDIS D\u2019ESO\u00a0 I BATXILLERAT AMB M\u00daSICA O DANSA<\/u><\/strong><\/h4>\n<p style=\"text-align: justify;\">L\u2019alumnat que estigui cursant ESO o BATXILLERAT i estudis de m\u00fasica i\/o dansa en conservatoris, centres autoritzats per impartir ensenyaments art\u00edstics professionals i escoles de m\u00fasica o dansa autoritzades, pot sol\u00b7licitar la convalidaci\u00f3 o el reconeixement d\u2019algunes mat\u00e8ries.<\/p>\n<p style=\"text-align: justify;\">At\u00e8s que totes aquestes possibilitats es fonamenten en el fet de simultaniejar estudis ordinaris amb els estudis de dansa, la sol\u00b7licitud s\u2019ha de renovar cada curs. Els alumnes que ho vulguin poden sol\u00b7licitar la convalidaci\u00f3 o el reconeixement d\u2019un nombre d\u2019hores inferior a aquell a qu\u00e8 tenen dret.<\/p>\n<p><span style=\"color: #ff6600;\"><strong>NORMATIVA:<\/strong><\/span><\/p>\n<p><strong><span style=\"text-decoration: underline;\"><a href=\"https:\/\/documents.espai.educacio.gencat.cat\/IPCNormativa\/DOIGC\/CUR_Simultaneitat_musica.pdf\" target=\"_blank\" rel=\"noopener noreferrer\">M\u00fasica<\/a><\/span><\/strong><\/p>\n<p><a href=\"https:\/\/documents.espai.educacio.gencat.cat\/IPCNormativa\/DOIGC\/CUR_Simultaneitat_dansa.pdf\" target=\"_blank\" rel=\"noopener noreferrer\"><strong><span style=\"text-decoration: underline;\">Dansa<\/span><\/strong><\/a><\/p>\n<p><span style=\"color: #ff6600;\"><strong>DOCUMENTS QUE CAL PRESENTAR A LA SECRETARIA DE L\u2019INSTITUT:<\/strong><\/span><\/p>\n<p>1.Impr\u00e8s de <strong>sol\u00b7licitud\u00a0<\/strong>de reducci\u00f3 de mat\u00e8ries de l\u2019educaci\u00f3 secund\u00e0ria obligat\u00f2ria\/batxillerat:<\/p>\n<ol>\n<li style=\"list-style-type: none;\">\n<ul>\n<li><a href=\"https:\/\/documents.espai.educacio.gencat.cat\/FormularisModels\/CentresGestioAdministrativa\/SimultaneitatMusicaDansa\/APU154.pdf\" target=\"_blank\" rel=\"noopener noreferrer\"><strong><span style=\"text-decoration: underline;\">ESO; Sol\u00b7licitud m\u00fasica <\/span><\/strong><\/a><\/li>\n<li><strong><span style=\"text-decoration: underline;\"><a href=\"https:\/\/documents.espai.educacio.gencat.cat\/FormularisModels\/CentresGestioAdministrativa\/SimultaneitatMusicaDansa\/A504.pdf\" target=\"_blank\" rel=\"noopener noreferrer\">ESO: Sol\u00b7licitud dansa<\/a><\/span><\/strong><\/li>\n<li><strong><span style=\"text-decoration: underline;\"><a href=\"https:\/\/documents.espai.educacio.gencat.cat\/FormularisModels\/CentresGestioAdministrativa\/SimultaneitatMusicaDansa\/APU138.pdf\" target=\"_blank\" rel=\"noopener noreferrer\">BAT; Sol\u00b7licitud estudis m\u00fasica en conservatori<\/a><\/span><\/strong><\/li>\n<li><strong><span style=\"text-decoration: underline;\"><a href=\"https:\/\/documents.espai.educacio.gencat.cat\/FormularisModels\/CentresGestioAdministrativa\/SimultaneitatMusicaDansa\/APU140.pdf\" target=\"_blank\" rel=\"noopener noreferrer\">BAT: Sol.licitud estudis m\u00fasica en escola autoritzada<\/a><\/span><\/strong><\/li>\n<li><strong><span style=\"text-decoration: underline;\"><a href=\"https:\/\/documents.espai.educacio.gencat.cat\/FormularisModels\/CentresGestioAdministrativa\/SimultaneitatMusicaDansa\/APU145.pdf\">BAT: Sol\u00b7licitud estudis dansa en conservatori<\/a><\/span><\/strong><\/li>\n<li><strong><span style=\"text-decoration: underline;\"><a href=\"https:\/\/documents.espai.educacio.gencat.cat\/FormularisModels\/CentresGestioAdministrativa\/SimultaneitatMusicaDansa\/APU147.pdf\">BAT: Sol\u00b7licitud estudis dansa en escola autoritzada<\/a><\/span><\/strong><\/li>\n<\/ul>\n<\/li>\n<\/ol>\n<p><strong>2. Certificaci\u00f3 <\/strong>expedida per l\u2019escola de m\u00fasica on s\u2019acrediti el nombre d\u2019hores de dedicaci\u00f3 setmanal.<\/p>\n<p><span style=\"color: #ff6600;\"><strong>PROCEDIMENT<\/strong><\/span><\/p>\n<ol>\n<li>L&#8217;interessat presenta a la secretaria la documentaci\u00f3\u00a0 durant els dos primers mesos de classe.<\/li>\n<li>A la secretaria es donar\u00e0 <strong>registre\u00a0<\/strong>d\u2019entrada i es donar\u00e0 una c\u00f2pia a l\u2019alumne\/a.<\/li>\n<li>L\u2019alumne\/a haur\u00e0 de continuar assistint a classe fins que se li faci arribar la\u00a0<strong>resoluci\u00f3\u00a0<\/strong>per part de la direcci\u00f3 del centre.<\/li>\n<li>La nota no computa a efectes de c\u00e0lcul de la nota mitjana.<\/li>\n<\/ol>\n<p>L\u2019alumne que repeteix estudis de m\u00fasica no pot tornar a sol\u00b7licitar la convalidaci\u00f3 o el reconeixement de la reducci\u00f3 del nombre de mat\u00e8ries d\u2019ESO de qu\u00e8 hagi gaudit en cursos acad\u00e8mics anteriors.<\/p>\n<p>&nbsp;<\/p>\n<hr \/>\n<h4><\/h4>\n<h4><strong><u>SIMULTANE\u00cfTAT D\u2019 ESTUDIS\u00a0 AMB LA PR\u00c0CTICA INTENSIVA DE L\u2019ESPORT<\/u><\/strong><\/h4>\n<p style=\"text-align: justify;\">Pot sol\u00b7licitar el reconeixement de la mat\u00e8ria d&#8217;educaci\u00f3 f\u00edsica:<\/p>\n<p style=\"text-align: justify;\">L&#8217;alumnat d\u2019ESO i Batxillerat amb dedicaci\u00f3 significativa a l\u2019esport avalada pel Consell Catal\u00e0 de l\u2019Esport.<\/p>\n<p style=\"text-align: justify;\">L&#8217;alumnat d&#8217;ESO amb\u00a0 <strong>una dedicaci\u00f3 hor\u00e0ria de m\u00e9s de 9 hores setmanals d\u2019entrenament en la pr\u00e0ctica esportiva certificat per un club o federaci\u00f3.\u00a0<\/strong>L&#8217;alumnat de batxillerat no pot sol\u00b7licitar aquest pla individual.<\/p>\n<p>&nbsp;<\/p>\n<p><span style=\"color: #ff6600;\"><strong>DOCUMENTS QUE CAL PRESENTAR A LA SECRETARIA DE L\u2019INSTITUT:<\/strong><\/span><\/p>\n<ol>\n<li>Impr\u00e8s de\u00a0<strong>sol\u00b7licitud\u00a0<\/strong>de Pla Individualitzat per al reconeixement de l\u2019Educaci\u00f3 f\u00edsica: <strong><span style=\"text-decoration: underline;\"><a href=\"https:\/\/documents.espai.educacio.gencat.cat\/FormularisModels\/CentresDocumentacioAcademica\/APU545.pdf\" target=\"_blank\" rel=\"noopener noreferrer\">Sol\u00b7licitud EF<\/a>.<\/span><\/strong><\/li>\n<li><strong>Certificat del Consell Catal\u00e0 de l\u2019Esport<\/strong>\u00a0(els alumnes poden obtenir aquest certificat quan siguin esportistes que figuren en el programa de tecnificaci\u00f3 ARC de la federaci\u00f3 catalana corresponent), o b\u00e9\u00a0<strong>certificat del Club o Federaci\u00f3 en el qual hi consti el nombre d\u2019hores setmanals d\u2019entrenament (nom\u00e9s ESO)<\/strong><\/li>\n<li>Quan es presenti la documentaci\u00f3 a la secretaria del centre es far\u00e0\u00a0<strong>registre\u00a0<\/strong>d\u2019entrada i se\u2019n lliurar\u00e0 una c\u00f2pia a l\u2019alumne\/a.<\/li>\n<li>L\u2019alumne\/a haur\u00e0 de continuar assistint a classe fins que se li faci arribar la\u00a0<strong>resoluci\u00f3\u00a0<\/strong>per part de la direcci\u00f3 del centre.<\/li>\n<li>La nota no computa a efectes de c\u00e0lcul de la nota mitjana.<\/li>\n<\/ol>\n<p>&nbsp;<\/p>\n<p>&nbsp;<\/p>\n","protected":false},"excerpt":{"rendered":"<p>Simultane\u00eftat d&#8217;estudis d&#8217;ESO i Batxillerat amb m\u00fasica i dansa Simultane\u00eftat d&#8217;estudis d&#8217;ESO amb la pr\u00e0ctica intensiva de l&#8217;esport &nbsp; SIMULTANE\u00cfTAT D\u2019 ESTUDIS D\u2019ESO\u00a0 I BATXILLERAT AMB M\u00daSICA O DANSA L\u2019alumnat que estigui cursant ESO o BATXILLERAT i estudis de m\u00fasica i\/o dansa en conservatoris, centres autoritzats per impartir ensenyaments art\u00edstics professionals i escoles de m\u00fasica [&hellip;]<\/p>\n","protected":false},"author":4,"featured_media":0,"parent":81,"menu_order":4,"comment_status":"closed","ping_status":"closed","template":"page-templates\/side-menu.php","meta":{"_bbp_topic_count":0,"_bbp_reply_count":0,"_bbp_total_topic_count":0,"_bbp_total_reply_count":0,"_bbp_voice_count":0,"_bbp_anonymous_reply_count":0,"_bbp_topic_count_hidden":0,"_bbp_reply_count_hidden":0,"_bbp_forum_subforum_count":0,"site-sidebar-layout":"default","site-content-layout":"","ast-site-content-layout":"","site-content-style":"default","site-sidebar-style":"default","ast-global-header-display":"","ast-banner-title-visibility":"","ast-main-header-display":"","ast-hfb-above-header-display":"","ast-hfb-below-header-display":"","ast-hfb-mobile-header-display":"","site-post-title":"","ast-breadcrumbs-content":"","ast-featured-img":"","footer-sml-layout":"","theme-transparent-header-meta":"","adv-header-id-meta":"","stick-header-meta":"","header-above-stick-meta":"","header-main-stick-meta":"","header-below-stick-meta":"","astra-migrate-meta-layouts":"default","ast-page-background-enabled":"default","ast-page-background-meta":{"desktop":{"background-color":"var(--ast-global-color-4)","background-image":"","background-repeat":"repeat","background-position":"center center","background-size":"auto","background-attachment":"scroll","background-type":"","background-media":"","overlay-type":"","overlay-color":"","overlay-opacity":"","overlay-gradient":""},"tablet":{"background-color":"","background-image":"","background-repeat":"repeat","background-position":"center center","background-size":"auto","background-attachment":"scroll","background-type":"","background-media":"","overlay-type":"","overlay-color":"","overlay-opacity":"","overlay-gradient":""},"mobile":{"background-color":"","background-image":"","background-repeat":"repeat","background-position":"center center","background-size":"auto","background-attachment":"scroll","background-type":"","background-media":"","overlay-type":"","overlay-color":"","overlay-opacity":"","overlay-gradient":""}},"ast-content-background-meta":{"desktop":{"background-color":"var(--ast-global-color-5)","background-image":"","background-repeat":"repeat","background-position":"center center","background-size":"auto","background-attachment":"scroll","background-type":"","background-media":"","overlay-type":"","overlay-color":"","overlay-opacity":"","overlay-gradient":""},"tablet":{"background-color":"var(--ast-global-color-5)","background-image":"","background-repeat":"repeat","background-position":"center center","background-size":"auto","background-attachment":"scroll","background-type":"","background-media":"","overlay-type":"","overlay-color":"","overlay-opacity":"","overlay-gradient":""},"mobile":{"background-color":"var(--ast-global-color-5)","background-image":"","background-repeat":"repeat","background-position":"center center","background-size":"auto","background-attachment":"scroll","background-type":"","background-media":"","overlay-type":"","overlay-color":"","overlay-opacity":"","overlay-gradient":""}},"footnotes":""},"class_list":["post-11166","page","type-page","status-publish","hentry"],"post_mailing_queue_ids":[],"_links":{"self":[{"href":"https:\/\/agora.xtec.cat\/institutmartamata\/wp-json\/wp\/v2\/pages\/11166","targetHints":{"allow":["GET"]}}],"collection":[{"href":"https:\/\/agora.xtec.cat\/institutmartamata\/wp-json\/wp\/v2\/pages"}],"about":[{"href":"https:\/\/agora.xtec.cat\/institutmartamata\/wp-json\/wp\/v2\/types\/page"}],"author":[{"embeddable":true,"href":"https:\/\/agora.xtec.cat\/institutmartamata\/wp-json\/wp\/v2\/users\/4"}],"replies":[{"embeddable":true,"href":"https:\/\/agora.xtec.cat\/institutmartamata\/wp-json\/wp\/v2\/comments?post=11166"}],"version-history":[{"count":4,"href":"https:\/\/agora.xtec.cat\/institutmartamata\/wp-json\/wp\/v2\/pages\/11166\/revisions"}],"predecessor-version":[{"id":11191,"href":"https:\/\/agora.xtec.cat\/institutmartamata\/wp-json\/wp\/v2\/pages\/11166\/revisions\/11191"}],"up":[{"embeddable":true,"href":"https:\/\/agora.xtec.cat\/institutmartamata\/wp-json\/wp\/v2\/pages\/81"}],"wp:attachment":[{"href":"https:\/\/agora.xtec.cat\/institutmartamata\/wp-json\/wp\/v2\/media?parent=11166"}],"curies":[{"name":"wp","href":"https:\/\/api.w.org\/{rel}","templated":true}]}}